{"id":1403,"date":"2025-07-22T18:58:07","date_gmt":"2025-07-22T21:58:07","guid":{"rendered":"https:\/\/sites.usp.br\/mic\/?page_id=1403"},"modified":"2025-12-12T16:05:20","modified_gmt":"2025-12-12T19:05:20","slug":"contato","status":"publish","type":"page","link":"https:\/\/sites.usp.br\/mic\/contato\/","title":{"rendered":"Contato"},"content":{"rendered":"\t\t<div data-elementor-type=\"wp-page\" data-elementor-id=\"1403\" class=\"elementor elementor-1403\" data-elementor-post-type=\"page\">\n\t\t\t\t\t\t<section class=\"elementor-section elementor-top-section elementor-element elementor-element-ba1ac5e elementor-section-boxed elementor-section-height-default elementor-section-height-default\" data-id=\"ba1ac5e\" data-element_type=\"section\">\n\t\t\t\t\t\t<div class=\"elementor-container elementor-column-gap-default\">\n\t\t\t\t\t<div class=\"elementor-column elementor-col-20 elementor-top-column elementor-element elementor-element-76c4252\" data-id=\"76c4252\" data-element_type=\"column\">\n\t\t\t<div class=\"elementor-widget-wrap\">\n\t\t\t\t\t\t\t<\/div>\n\t\t<\/div>\n\t\t\t\t<div class=\"elementor-column elementor-col-20 elementor-top-column elementor-element elementor-element-1c32804\" data-id=\"1c32804\" data-element_type=\"column\">\n\t\t\t<div class=\"elementor-widget-wrap\">\n\t\t\t\t\t\t\t<\/div>\n\t\t<\/div>\n\t\t\t\t<div class=\"elementor-column elementor-col-20 elementor-top-column elementor-element elementor-element-32d1fd1\" data-id=\"32d1fd1\" data-element_type=\"column\">\n\t\t\t<div class=\"elementor-widget-wrap\">\n\t\t\t\t\t\t\t<\/div>\n\t\t<\/div>\n\t\t\t\t<div class=\"elementor-column elementor-col-20 elementor-top-column elementor-element elementor-element-480e68d\" data-id=\"480e68d\" data-element_type=\"column\">\n\t\t\t<div class=\"elementor-widget-wrap elementor-element-populated\">\n\t\t\t\t\t\t<div class=\"elementor-element elementor-element-748dd4a elementor-button-warning elementor-widget elementor-widget-button\" data-id=\"748dd4a\" data-element_type=\"widget\" data-widget_type=\"button.default\">\n\t\t\t\t<div class=\"elementor-widget-container\">\n\t\t\t\t\t\t\t<div class=\"elementor-button-wrapper\">\n\t\t\t\t\t<a class=\"elementor-button elementor-button-link elementor-size-sm\" href=\"https:\/\/multibmc01.grafana.net\/public-dashboards\/51e014377efd49ff87eadbe89c1dcd84?from=now-24h&#038;to=now&#038;timezone=browser\" target=\"_blank\">\n\t\t\t\t\t\t<span class=\"elementor-button-content-wrapper\">\n\t\t\t\t\t\t<span class=\"elementor-button-icon\">\n\t\t\t\t<i aria-hidden=\"true\" class=\"fas fa-chart-line\"><\/i>\t\t\t<\/span>\n\t\t\t\t\t\t\t\t\t<span class=\"elementor-button-text\">Monitoramento online MultiSens<\/span>\n\t\t\t\t\t<\/span>\n\t\t\t\t\t<\/a>\n\t\t\t\t<\/div>\n\t\t\t\t\t\t<\/div>\n\t\t\t\t<\/div>\n\t\t\t\t\t<\/div>\n\t\t<\/div>\n\t\t\t\t<div class=\"elementor-column elementor-col-20 elementor-top-column elementor-element elementor-element-ac32aa8\" data-id=\"ac32aa8\" data-element_type=\"column\">\n\t\t\t<div class=\"elementor-widget-wrap elementor-element-populated\">\n\t\t\t\t\t\t<div class=\"elementor-element elementor-element-b8c7936 elementor-widget elementor-widget-button\" data-id=\"b8c7936\" data-element_type=\"widget\" data-widget_type=\"button.default\">\n\t\t\t\t<div class=\"elementor-widget-container\">\n\t\t\t\t\t\t\t<div class=\"elementor-button-wrapper\">\n\t\t\t\t\t<a class=\"elementor-button elementor-button-link elementor-size-sm\" href=\"https:\/\/multibmc.atlassian.net\/servicedesk\/customer\/portals\" target=\"_blank\">\n\t\t\t\t\t\t<span class=\"elementor-button-content-wrapper\">\n\t\t\t\t\t\t<span class=\"elementor-button-icon\">\n\t\t\t\t<i aria-hidden=\"true\" class=\"fas fa-code-branch\"><\/i>\t\t\t<\/span>\n\t\t\t\t\t\t\t\t\t<span class=\"elementor-button-text\">Portal de Servi\u00e7os MIC<\/span>\n\t\t\t\t\t<\/span>\n\t\t\t\t\t<\/a>\n\t\t\t\t<\/div>\n\t\t\t\t\t\t<\/div>\n\t\t\t\t<\/div>\n\t\t\t\t\t<\/div>\n\t\t<\/div>\n\t\t\t\t\t<\/div>\n\t\t<\/section>\n\t\t\t\t<section class=\"elementor-section elementor-top-section elementor-element elementor-element-242a923 elementor-section-boxed elementor-section-height-default elementor-section-height-default\" data-id=\"242a923\" data-element_type=\"section\">\n\t\t\t\t\t\t<div class=\"elementor-container elementor-column-gap-default\">\n\t\t\t\t\t<div class=\"elementor-column elementor-col-50 elementor-top-column elementor-element elementor-element-f3b3c10\" data-id=\"f3b3c10\" data-element_type=\"column\">\n\t\t\t<div class=\"elementor-widget-wrap elementor-element-populated\">\n\t\t\t\t\t\t<div class=\"elementor-element elementor-element-8d2eedc elementor-widget elementor-widget-image\" data-id=\"8d2eedc\" data-element_type=\"widget\" data-widget_type=\"image.default\">\n\t\t\t\t<div class=\"elementor-widget-container\">\n\t\t\t\t\t\t\t\t\t\t\t\t\t<img fetchpriority=\"high\" decoding=\"async\" width=\"800\" height=\"531\" src=\"https:\/\/sites.usp.br\/mic\/wp-content\/uploads\/sites\/1693\/2025\/07\/62cd832fa2515df3a588216a_terceirizacao-atendimento-cliente-1024x680.jpg\" class=\"attachment-large size-large wp-image-1408\" alt=\"\" srcset=\"https:\/\/sites.usp.br\/mic\/wp-content\/uploads\/sites\/1693\/2025\/07\/62cd832fa2515df3a588216a_terceirizacao-atendimento-cliente-1024x680.jpg 1024w, https:\/\/sites.usp.br\/mic\/wp-content\/uploads\/sites\/1693\/2025\/07\/62cd832fa2515df3a588216a_terceirizacao-atendimento-cliente-300x199.jpg 300w, https:\/\/sites.usp.br\/mic\/wp-content\/uploads\/sites\/1693\/2025\/07\/62cd832fa2515df3a588216a_terceirizacao-atendimento-cliente-768x510.jpg 768w, https:\/\/sites.usp.br\/mic\/wp-content\/uploads\/sites\/1693\/2025\/07\/62cd832fa2515df3a588216a_terceirizacao-atendimento-cliente.jpg 1280w\" sizes=\"(max-width: 800px) 100vw, 800px\" \/>\t\t\t\t\t\t\t\t\t\t\t\t\t<\/div>\n\t\t\t\t<\/div>\n\t\t\t\t\t<\/div>\n\t\t<\/div>\n\t\t\t\t<div class=\"elementor-column elementor-col-50 elementor-top-column elementor-element elementor-element-b6a6b5d\" data-id=\"b6a6b5d\" data-element_type=\"column\">\n\t\t\t<div class=\"elementor-widget-wrap elementor-element-populated\">\n\t\t\t\t\t\t<div class=\"elementor-element elementor-element-235172d elementor-button-align-stretch elementor-widget elementor-widget-form\" data-id=\"235172d\" data-element_type=\"widget\" data-settings=\"{&quot;step_next_label&quot;:&quot;Pr\\u00f3ximo&quot;,&quot;step_previous_label&quot;:&quot;Anterior&quot;,&quot;button_width&quot;:&quot;100&quot;,&quot;step_type&quot;:&quot;number_text&quot;,&quot;step_icon_shape&quot;:&quot;circle&quot;}\" data-widget_type=\"form.default\">\n\t\t\t\t<div class=\"elementor-widget-container\">\n\t\t\t\t\t<form class=\"elementor-form\" method=\"post\" name=\"Novo formul\u00e1rio\">\n\t\t\t<input type=\"hidden\" name=\"post_id\" value=\"1403\"\/>\n\t\t\t<input type=\"hidden\" name=\"form_id\" value=\"235172d\"\/>\n\t\t\t<input type=\"hidden\" name=\"referer_title\" value=\"\" \/>\n\n\t\t\t\n\t\t\t<div class=\"elementor-form-fields-wrapper elementor-labels-above\">\n\t\t\t\t\t\t\t\t<div class=\"elementor-field-type-text elementor-field-group elementor-column elementor-field-group-name elementor-col-100\">\n\t\t\t\t\t\t\t\t\t\t\t\t<label for=\"form-field-name\" class=\"elementor-field-label\">\n\t\t\t\t\t\t\t\tNome\t\t\t\t\t\t\t<\/label>\n\t\t\t\t\t\t\t\t\t\t\t\t\t\t<input size=\"1\" type=\"text\" name=\"form_fields[name]\" id=\"form-field-name\" class=\"elementor-field elementor-size-sm  elementor-field-textual\">\n\t\t\t\t\t\t\t\t\t\t\t<\/div>\n\t\t\t\t\t\t\t\t<div class=\"elementor-field-type-email elementor-field-group elementor-column elementor-field-group-email elementor-col-100 elementor-field-required\">\n\t\t\t\t\t\t\t\t\t\t\t\t<label for=\"form-field-email\" class=\"elementor-field-label\">\n\t\t\t\t\t\t\t\tE-mail\t\t\t\t\t\t\t<\/label>\n\t\t\t\t\t\t\t\t\t\t\t\t\t\t<input size=\"1\" type=\"email\" name=\"form_fields[email]\" id=\"form-field-email\" class=\"elementor-field elementor-size-sm  elementor-field-textual\" required=\"required\" aria-required=\"true\">\n\t\t\t\t\t\t\t\t\t\t\t<\/div>\n\t\t\t\t\t\t\t\t<div class=\"elementor-field-type-textarea elementor-field-group elementor-column elementor-field-group-message elementor-col-100\">\n\t\t\t\t\t\t\t\t\t\t\t\t<label for=\"form-field-message\" class=\"elementor-field-label\">\n\t\t\t\t\t\t\t\tMensagem\t\t\t\t\t\t\t<\/label>\n\t\t\t\t\t\t<textarea class=\"elementor-field-textual elementor-field  elementor-size-sm\" name=\"form_fields[message]\" id=\"form-field-message\" rows=\"4\"><\/textarea>\t\t\t\t<\/div>\n\t\t\t\t\t\t\t\t<div class=\"elementor-field-group elementor-column elementor-field-type-submit elementor-col-100 e-form__buttons\">\n\t\t\t\t\t<button class=\"elementor-button elementor-size-sm\" type=\"submit\">\n\t\t\t\t\t\t<span class=\"elementor-button-content-wrapper\">\n\t\t\t\t\t\t\t\t\t\t\t\t\t\t\t<span class=\"elementor-button-icon\">\n\t\t\t\t\t\t\t\t\t<i aria-hidden=\"true\" class=\"far fa-envelope\"><\/i>\t\t\t\t\t\t\t\t\t\t\t\t\t\t\t\t\t<\/span>\n\t\t\t\t\t\t\t\t\t\t\t\t\t\t\t\t\t\t\t\t\t\t<span class=\"elementor-button-text\">Enviar<\/span>\n\t\t\t\t\t\t\t\t\t\t\t\t\t<\/span>\n\t\t\t\t\t<\/button>\n\t\t\t\t<\/div>\n\t\t\t<\/div>\n\t\t<\/form>\n\t\t\t\t<\/div>\n\t\t\t\t<\/div>\n\t\t\t\t\t<\/div>\n\t\t<\/div>\n\t\t\t\t\t<\/div>\n\t\t<\/section>\n\t\t\t\t<section class=\"elementor-section elementor-top-section elementor-element elementor-element-7c6c7a9 elementor-section-boxed elementor-section-height-default elementor-section-height-default\" data-id=\"7c6c7a9\" data-element_type=\"section\">\n\t\t\t\t\t\t<div class=\"elementor-container elementor-column-gap-default\">\n\t\t\t\t\t<div class=\"elementor-column elementor-col-100 elementor-top-column elementor-element elementor-element-9705b32\" data-id=\"9705b32\" data-element_type=\"column\">\n\t\t\t<div class=\"elementor-widget-wrap elementor-element-populated\">\n\t\t\t\t\t\t<div class=\"elementor-element elementor-element-40f9ea3 elementor-widget-divider--view-line elementor-widget elementor-widget-divider\" data-id=\"40f9ea3\" data-element_type=\"widget\" data-widget_type=\"divider.default\">\n\t\t\t\t<div class=\"elementor-widget-container\">\n\t\t\t\t\t<div class=\"elementor-divider\">\n\t\t\t<span class=\"elementor-divider-separator\">\n\t\t\t\t\t\t<\/span>\n\t\t<\/div>\n\t\t\t\t<\/div>\n\t\t\t\t<\/div>\n\t\t\t\t\t<\/div>\n\t\t<\/div>\n\t\t\t\t\t<\/div>\n\t\t<\/section>\n\t\t\t\t<section class=\"elementor-section elementor-top-section elementor-element elementor-element-b0e2207 elementor-section-boxed elementor-section-height-default elementor-section-height-default\" data-id=\"b0e2207\" data-element_type=\"section\">\n\t\t\t\t\t\t<div class=\"elementor-container elementor-column-gap-default\">\n\t\t\t\t\t<div class=\"elementor-column elementor-col-33 elementor-top-column elementor-element elementor-element-b223928\" data-id=\"b223928\" data-element_type=\"column\">\n\t\t\t<div class=\"elementor-widget-wrap elementor-element-populated\">\n\t\t\t\t\t\t<div class=\"elementor-element elementor-element-5fba492 elementor-widget__width-initial elementor-widget elementor-widget-text-editor\" data-id=\"5fba492\" data-element_type=\"widget\" data-widget_type=\"text-editor.default\">\n\t\t\t\t<div class=\"elementor-widget-container\">\n\t\t\t\t\t\t\t<p><a href=\"https:\/\/sites.usp.br\/mic\/wp-content\/uploads\/sites\/1693\/2025\/06\/cropped-cropped-viewavatar_512-1-e1752544961794-1-e1753152598537.png\"><img decoding=\"async\" class=\"wp-image-1182 alignleft\" src=\"https:\/\/sites.usp.br\/mic\/wp-content\/uploads\/sites\/1693\/2025\/06\/cropped-cropped-viewavatar_512-1-e1752544961794-1-150x150.png\" alt=\"MIC - Setor de Manuten\u00e7\u00e3o e Instrumenta\u00e7\u00e3o Cient\u00edfica\" width=\"52\" height=\"52\" srcset=\"https:\/\/sites.usp.br\/mic\/wp-content\/uploads\/sites\/1693\/2025\/06\/cropped-cropped-viewavatar_512-1-e1752544961794-1-150x150.png 150w, https:\/\/sites.usp.br\/mic\/wp-content\/uploads\/sites\/1693\/2025\/06\/cropped-cropped-viewavatar_512-1-e1752544961794-1-300x300.png 300w, https:\/\/sites.usp.br\/mic\/wp-content\/uploads\/sites\/1693\/2025\/06\/cropped-cropped-viewavatar_512-1-e1752544961794-1-45x45.png 45w, https:\/\/sites.usp.br\/mic\/wp-content\/uploads\/sites\/1693\/2025\/06\/cropped-cropped-viewavatar_512-1-e1752544961794-1-270x270.png 270w, https:\/\/sites.usp.br\/mic\/wp-content\/uploads\/sites\/1693\/2025\/06\/cropped-cropped-viewavatar_512-1-e1752544961794-1-192x192.png 192w, https:\/\/sites.usp.br\/mic\/wp-content\/uploads\/sites\/1693\/2025\/06\/cropped-cropped-viewavatar_512-1-e1752544961794-1-180x180.png 180w, https:\/\/sites.usp.br\/mic\/wp-content\/uploads\/sites\/1693\/2025\/06\/cropped-cropped-viewavatar_512-1-e1752544961794-1-32x32.png 32w, https:\/\/sites.usp.br\/mic\/wp-content\/uploads\/sites\/1693\/2025\/06\/cropped-cropped-viewavatar_512-1-e1752544961794-1-e1753152598537.png 50w\" sizes=\"(max-width: 52px) 100vw, 52px\" \/><\/a><\/p>\n<p><em><strong>&nbsp; &nbsp; &nbsp; &nbsp; &nbsp; &nbsp; &nbsp; &nbsp; &nbsp; &nbsp; &nbsp; &nbsp; &nbsp; &nbsp; &nbsp; &nbsp; &nbsp; &nbsp; &nbsp; &nbsp; &nbsp; &nbsp; &nbsp; MIC &#8211; Setor de Manuten\u00e7\u00e3o e Instrumenta\u00e7\u00e3o Cient\u00edfica&nbsp;<\/strong><\/em><\/p>\t\t\t\t\t\t<\/div>\n\t\t\t\t<\/div>\n\t\t\t\t<div class=\"elementor-element elementor-element-6872fcb elementor-widget__width-initial elementor-widget elementor-widget-text-editor\" data-id=\"6872fcb\" data-element_type=\"widget\" data-widget_type=\"text-editor.default\">\n\t\t\t\t<div class=\"elementor-widget-container\">\n\t\t\t\t\t\t\t<p>Av. Prof. Lineu Prestes, 1524, 3\u00b0 andar, sala 301 Butant\u00e3, S\u00e3o Paulo &#8211; SP, 05508-000\u00a0 \u00a0 \u00a0 \u00a0 \u00a0 \u00a0 \u00a0 \u00a0 \u00a0 \u00a0 \u00a0 Tel: (11) 3091-7301<\/p>\t\t\t\t\t\t<\/div>\n\t\t\t\t<\/div>\n\t\t\t\t\t<\/div>\n\t\t<\/div>\n\t\t\t\t<div class=\"elementor-column elementor-col-33 elementor-top-column elementor-element elementor-element-751c255\" data-id=\"751c255\" data-element_type=\"column\">\n\t\t\t<div class=\"elementor-widget-wrap\">\n\t\t\t\t\t\t\t<\/div>\n\t\t<\/div>\n\t\t\t\t<div class=\"elementor-column elementor-col-33 elementor-top-column elementor-element elementor-element-d302ce4\" data-id=\"d302ce4\" data-element_type=\"column\">\n\t\t\t<div class=\"elementor-widget-wrap elementor-element-populated\">\n\t\t\t\t\t\t<div class=\"elementor-element elementor-element-e975e4b elementor-widget__width-initial elementor-widget elementor-widget-text-editor\" data-id=\"e975e4b\" data-element_type=\"widget\" data-widget_type=\"text-editor.default\">\n\t\t\t\t<div class=\"elementor-widget-container\">\n\t\t\t\t\t\t\t<p><em><strong><a href=\"https:\/\/sites.usp.br\/mic\/wp-content\/uploads\/sites\/1693\/2022\/04\/024-brain-process.png\"><img decoding=\"async\" class=\"alignleft wp-image-538\" src=\"https:\/\/sites.usp.br\/mic\/wp-content\/uploads\/sites\/1693\/2022\/04\/024-brain-process-150x150.png\" alt=\"\" width=\"44\" height=\"44\" srcset=\"https:\/\/sites.usp.br\/mic\/wp-content\/uploads\/sites\/1693\/2022\/04\/024-brain-process-150x150.png 150w, https:\/\/sites.usp.br\/mic\/wp-content\/uploads\/sites\/1693\/2022\/04\/024-brain-process-300x300.png 300w, https:\/\/sites.usp.br\/mic\/wp-content\/uploads\/sites\/1693\/2022\/04\/024-brain-process-45x45.png 45w, https:\/\/sites.usp.br\/mic\/wp-content\/uploads\/sites\/1693\/2022\/04\/024-brain-process.png 512w\" sizes=\"(max-width: 44px) 100vw, 44px\" \/><\/a><\/strong><\/em><\/p><p><em><strong>\u00a0 \u00a0 \u00a0 \u00a0 \u00a0 \u00a0 \u00a0 \u00a0 \u00a0 \u00a0 \u00a0 \u00a0 \u00a0 \u00a0 \u00a0 \u00a0 \u00a0 \u00a0 \u00a0 \u00a0 \u00a0 \u00a0 \u00a0 \u00a0 \u00a0 \u00a0 \u00a0 \u00a0 \u00a0 \u00a0 \u00a0 \u00a0 Links:<\/strong><\/em>\u00a0 \u00a0 \u00a0 \u00a0 \u00a0 \u00a0 \u00a0 \u00a0 \u00a0 \u00a0 \u00a0 \u00a0 \u00a0 \u00a0 \u00a0 \u00a0 \u00a0 \u00a0 \u00a0 \u00a0 \u00a0 \u00a0 \u00a0 \u00a0 \u00a0 \u00a0 \u00a0 \u00a0 \u00a0 \u00a0 \u00a0 \u00a0 \u00a0 \u00a0 \u00a0 \u00a0 \u00a0 \u00a0 \u00a0 \u00a0 \u00a0 \u00a0\u00a0<\/p>\t\t\t\t\t\t<\/div>\n\t\t\t\t<\/div>\n\t\t\t\t<div class=\"elementor-element elementor-element-1d5a106 elementor-widget elementor-widget-text-editor\" data-id=\"1d5a106\" data-element_type=\"widget\" data-widget_type=\"text-editor.default\">\n\t\t\t\t<div class=\"elementor-widget-container\">\n\t\t\t\t\t\t\t<ul><li><a href=\"https:\/\/sites.usp.br\/biocel\/\">Departamento de Biologia Celular e do Desenvolimento<\/a><\/li><li><a href=\"https:\/\/sites.usp.br\/multibmc\/\">Laborat\u00f3rio Multiusu\u00e1rios<\/a><\/li><li><a href=\"https:\/\/ww3.icb.usp.br\/comissao-de-seguranca-quimica\/\">Comiss\u00e3o de Seguran\u00e7a Qu\u00edmica<\/a><\/li><li><a href=\"https:\/\/ww3.icb.usp.br\/biosseguranca-cibio\/\">Comiss\u00e3o Interna de Biosseguran\u00e7a<\/a><\/li><\/ul>\t\t\t\t\t\t<\/div>\n\t\t\t\t<\/div>\n\t\t\t\t\t<\/div>\n\t\t<\/div>\n\t\t\t\t\t<\/div>\n\t\t<\/section>\n\t\t\t\t<section class=\"elementor-section elementor-top-section elementor-element elementor-element-7a79426 elementor-section-boxed elementor-section-height-default elementor-section-height-default\" data-id=\"7a79426\" data-element_type=\"section\">\n\t\t\t\t\t\t<div class=\"elementor-container elementor-column-gap-default\">\n\t\t\t\t\t<div class=\"elementor-column elementor-col-100 elementor-top-column elementor-element elementor-element-74be447\" data-id=\"74be447\" data-element_type=\"column\">\n\t\t\t<div class=\"elementor-widget-wrap elementor-element-populated\">\n\t\t\t\t\t\t<div class=\"elementor-element elementor-element-9478cb9 elementor-widget-divider--view-line elementor-widget elementor-widget-divider\" data-id=\"9478cb9\" data-element_type=\"widget\" data-widget_type=\"divider.default\">\n\t\t\t\t<div class=\"elementor-widget-container\">\n\t\t\t\t\t<div class=\"elementor-divider\">\n\t\t\t<span class=\"elementor-divider-separator\">\n\t\t\t\t\t\t<\/span>\n\t\t<\/div>\n\t\t\t\t<\/div>\n\t\t\t\t<\/div>\n\t\t\t\t\t<\/div>\n\t\t<\/div>\n\t\t\t\t\t<\/div>\n\t\t<\/section>\n\t\t\t\t<\/div>\n\t\t","protected":false},"excerpt":{"rendered":"<p>Monitoramento online MultiSens Portal de Servi\u00e7os MIC &nbsp; &nbsp; &nbsp; &nbsp; &nbsp; &nbsp; &nbsp; &nbsp; &nbsp; &nbsp; &nbsp; &nbsp; &nbsp; &nbsp; &nbsp; &nbsp; &nbsp; &nbsp; &nbsp; &nbsp; &nbsp; &nbsp; &nbsp; MIC &#8211; Setor de Manuten\u00e7\u00e3o e Instrumenta\u00e7\u00e3o Cient\u00edfica&nbsp; Av. Prof. Lineu Prestes, 1524, 3\u00b0 andar, sala 301 Butant\u00e3, S\u00e3o Paulo &#8211; SP, 05508-000\u00a0 \u00a0 \u00a0 [&hellip;]<\/p>\n","protected":false},"author":22667,"featured_media":0,"parent":0,"menu_order":0,"comment_status":"closed","ping_status":"closed","template":"","meta":{"footnotes":"","_links_to":"","_links_to_target":""},"class_list":["post-1403","page","type-page","status-publish","hentry"],"_links":{"self":[{"href":"https:\/\/sites.usp.br\/mic\/wp-json\/wp\/v2\/pages\/1403","targetHints":{"allow":["GET"]}}],"collection":[{"href":"https:\/\/sites.usp.br\/mic\/wp-json\/wp\/v2\/pages"}],"about":[{"href":"https:\/\/sites.usp.br\/mic\/wp-json\/wp\/v2\/types\/page"}],"author":[{"embeddable":true,"href":"https:\/\/sites.usp.br\/mic\/wp-json\/wp\/v2\/users\/22667"}],"replies":[{"embeddable":true,"href":"https:\/\/sites.usp.br\/mic\/wp-json\/wp\/v2\/comments?post=1403"}],"version-history":[{"count":4,"href":"https:\/\/sites.usp.br\/mic\/wp-json\/wp\/v2\/pages\/1403\/revisions"}],"predecessor-version":[{"id":1673,"href":"https:\/\/sites.usp.br\/mic\/wp-json\/wp\/v2\/pages\/1403\/revisions\/1673"}],"wp:attachment":[{"href":"https:\/\/sites.usp.br\/mic\/wp-json\/wp\/v2\/media?parent=1403"}],"curies":[{"name":"wp","href":"https:\/\/api.w.org\/{rel}","templated":true}]}}