{"id":1504,"date":"2025-12-10T13:03:15","date_gmt":"2025-12-10T16:03:15","guid":{"rendered":"https:\/\/sites.usp.br\/mic\/?page_id=1504"},"modified":"2025-12-12T16:04:54","modified_gmt":"2025-12-12T19:04:54","slug":"quem-somos","status":"publish","type":"page","link":"https:\/\/sites.usp.br\/mic\/quem-somos\/","title":{"rendered":"Quem somos"},"content":{"rendered":"\t\t<div data-elementor-type=\"wp-page\" data-elementor-id=\"1504\" class=\"elementor elementor-1504\" data-elementor-post-type=\"page\">\n\t\t\t\t\t\t<section class=\"elementor-section elementor-top-section elementor-element elementor-element-ba1ac5e elementor-section-boxed elementor-section-height-default elementor-section-height-default\" data-id=\"ba1ac5e\" data-element_type=\"section\">\n\t\t\t\t\t\t<div class=\"elementor-container elementor-column-gap-default\">\n\t\t\t\t\t<div class=\"elementor-column elementor-col-20 elementor-top-column elementor-element elementor-element-76c4252\" data-id=\"76c4252\" data-element_type=\"column\">\n\t\t\t<div class=\"elementor-widget-wrap\">\n\t\t\t\t\t\t\t<\/div>\n\t\t<\/div>\n\t\t\t\t<div class=\"elementor-column elementor-col-20 elementor-top-column elementor-element elementor-element-1c32804\" data-id=\"1c32804\" data-element_type=\"column\">\n\t\t\t<div class=\"elementor-widget-wrap\">\n\t\t\t\t\t\t\t<\/div>\n\t\t<\/div>\n\t\t\t\t<div class=\"elementor-column elementor-col-20 elementor-top-column elementor-element elementor-element-32d1fd1\" data-id=\"32d1fd1\" data-element_type=\"column\">\n\t\t\t<div class=\"elementor-widget-wrap\">\n\t\t\t\t\t\t\t<\/div>\n\t\t<\/div>\n\t\t\t\t<div class=\"elementor-column elementor-col-20 elementor-top-column elementor-element elementor-element-480e68d\" data-id=\"480e68d\" data-element_type=\"column\">\n\t\t\t<div class=\"elementor-widget-wrap elementor-element-populated\">\n\t\t\t\t\t\t<div class=\"elementor-element elementor-element-748dd4a elementor-button-warning elementor-widget elementor-widget-button\" data-id=\"748dd4a\" data-element_type=\"widget\" data-widget_type=\"button.default\">\n\t\t\t\t<div class=\"elementor-widget-container\">\n\t\t\t\t\t\t\t<div class=\"elementor-button-wrapper\">\n\t\t\t\t\t<a class=\"elementor-button elementor-button-link elementor-size-sm\" href=\"https:\/\/multibmc01.grafana.net\/public-dashboards\/51e014377efd49ff87eadbe89c1dcd84?from=now-24h&#038;to=now&#038;timezone=browser\" target=\"_blank\">\n\t\t\t\t\t\t<span class=\"elementor-button-content-wrapper\">\n\t\t\t\t\t\t<span class=\"elementor-button-icon\">\n\t\t\t\t<i aria-hidden=\"true\" class=\"fas fa-chart-line\"><\/i>\t\t\t<\/span>\n\t\t\t\t\t\t\t\t\t<span class=\"elementor-button-text\">Monitoramento online MultiSens<\/span>\n\t\t\t\t\t<\/span>\n\t\t\t\t\t<\/a>\n\t\t\t\t<\/div>\n\t\t\t\t\t\t<\/div>\n\t\t\t\t<\/div>\n\t\t\t\t\t<\/div>\n\t\t<\/div>\n\t\t\t\t<div class=\"elementor-column elementor-col-20 elementor-top-column elementor-element elementor-element-ac32aa8\" data-id=\"ac32aa8\" data-element_type=\"column\">\n\t\t\t<div class=\"elementor-widget-wrap elementor-element-populated\">\n\t\t\t\t\t\t<div class=\"elementor-element elementor-element-b8c7936 elementor-widget elementor-widget-button\" data-id=\"b8c7936\" data-element_type=\"widget\" data-widget_type=\"button.default\">\n\t\t\t\t<div class=\"elementor-widget-container\">\n\t\t\t\t\t\t\t<div class=\"elementor-button-wrapper\">\n\t\t\t\t\t<a class=\"elementor-button elementor-button-link elementor-size-sm\" href=\"https:\/\/multibmc.atlassian.net\/servicedesk\/customer\/portals\" target=\"_blank\">\n\t\t\t\t\t\t<span class=\"elementor-button-content-wrapper\">\n\t\t\t\t\t\t<span class=\"elementor-button-icon\">\n\t\t\t\t<i aria-hidden=\"true\" class=\"fas fa-code-branch\"><\/i>\t\t\t<\/span>\n\t\t\t\t\t\t\t\t\t<span class=\"elementor-button-text\">Portal de Servi\u00e7os MIC<\/span>\n\t\t\t\t\t<\/span>\n\t\t\t\t\t<\/a>\n\t\t\t\t<\/div>\n\t\t\t\t\t\t<\/div>\n\t\t\t\t<\/div>\n\t\t\t\t\t<\/div>\n\t\t<\/div>\n\t\t\t\t\t<\/div>\n\t\t<\/section>\n\t\t\t\t<section class=\"elementor-section elementor-top-section elementor-element elementor-element-52ce6ef elementor-section-boxed elementor-section-height-default elementor-section-height-default\" data-id=\"52ce6ef\" data-element_type=\"section\">\n\t\t\t\t\t\t<div class=\"elementor-container elementor-column-gap-default\">\n\t\t\t\t\t<div class=\"elementor-column elementor-col-100 elementor-top-column elementor-element elementor-element-426b6b8\" data-id=\"426b6b8\" data-element_type=\"column\">\n\t\t\t<div class=\"elementor-widget-wrap elementor-element-populated\">\n\t\t\t\t\t\t<div class=\"elementor-element elementor-element-853547c elementor-widget elementor-widget-heading\" data-id=\"853547c\" data-element_type=\"widget\" data-widget_type=\"heading.default\">\n\t\t\t\t<div class=\"elementor-widget-container\">\n\t\t\t<h2 class=\"elementor-heading-title elementor-size-default\">Somos o MIC<br><\/h2>\t\t<\/div>\n\t\t\t\t<\/div>\n\t\t\t\t\t<\/div>\n\t\t<\/div>\n\t\t\t\t\t<\/div>\n\t\t<\/section>\n\t\t\t\t<section class=\"elementor-section elementor-top-section elementor-element elementor-element-242a923 elementor-section-boxed elementor-section-height-default elementor-section-height-default\" data-id=\"242a923\" data-element_type=\"section\">\n\t\t\t\t\t\t<div class=\"elementor-container elementor-column-gap-default\">\n\t\t\t\t\t<div class=\"elementor-column elementor-col-50 elementor-top-column elementor-element elementor-element-f3b3c10\" data-id=\"f3b3c10\" data-element_type=\"column\">\n\t\t\t<div class=\"elementor-widget-wrap elementor-element-populated\">\n\t\t\t\t\t\t<div class=\"elementor-element elementor-element-ddc38ed elementor-widget elementor-widget-text-editor\" data-id=\"ddc38ed\" data-element_type=\"widget\" data-widget_type=\"text-editor.default\">\n\t\t\t\t<div class=\"elementor-widget-container\">\n\t\t\t\t\t\t\t<p style=\"text-align: center;\">Somos um setor concebido em agosto de 2025 \u00e0 partir da evolu\u00e7\u00e3o de um servi\u00e7o interno do Laborat\u00f3rio Multiusu\u00e1rios do Departamento.<\/p><p style=\"text-align: center;\">O MIC tem como objetivo contribuir para a mitiga\u00e7\u00e3o de problemas t\u00e9cnicos relacionados \u00e0 manuten\u00e7\u00e3o de instrumentos de laborat\u00f3rio, assim como o desenvolvimento de instrumenta\u00e7\u00e3o cient\u00edfica, segundo as necessidades dos projetos desenvolvidos no Departamento.<\/p><p style=\"text-align: center;\">Nossa infraestrutura conta oficina de eletr\u00f4nica, instrumentos de prototipagem r\u00e1pida (impressora 3D), softwares para desenho t\u00e9cnico e outros. Estamos aptos a desenvolver solu\u00e7\u00f5es anal\u00f3gicas ou digitais microcontroladas, interfaces de aquisi\u00e7\u00e3o de dados compat\u00edveis com diferentes sistemas operacionais, controle de processos e monitoramento de dados remotos ou locais.<\/p><p style=\"text-align: center;\"><em><strong>Venhas nos conhecer!<\/strong><\/em><\/p><p style=\"text-align: center;\"><em>N\u00e3o faltar\u00e1 uma x\u00edcara de caf\u00e9 para acompanhar uma boa conversa!<\/em><\/p>\t\t\t\t\t\t<\/div>\n\t\t\t\t<\/div>\n\t\t\t\t\t<\/div>\n\t\t<\/div>\n\t\t\t\t<div class=\"elementor-column elementor-col-50 elementor-top-column elementor-element elementor-element-b6a6b5d\" data-id=\"b6a6b5d\" data-element_type=\"column\">\n\t\t\t<div class=\"elementor-widget-wrap elementor-element-populated\">\n\t\t\t\t\t\t<div class=\"elementor-element elementor-element-009b19c elementor-widget elementor-widget-text-editor\" data-id=\"009b19c\" data-element_type=\"widget\" data-widget_type=\"text-editor.default\">\n\t\t\t\t<div class=\"elementor-widget-container\">\n\t\t\t\t\t\t\t<p style=\"text-align: center;\"><span style=\"text-decoration: underline;\"><em><b>MISS\u00c3O:<\/b><\/em><\/span><\/p><p style=\"text-align: center;\">Contribuir ativamente para que os grupos de pesquisa que comp\u00f5e o Departamento de Biologia Celular e do Desenvolvimento tenham acesso r\u00e1pido e acertivo \u00e0s solu\u00e7\u00f5es de problemas instrumentais de baixa complexidade bem como o desenvolvimento de instrumenta\u00e7\u00e3o cient\u00edfica dedicada.<\/p><div style=\"text-align: center;\">\u00a0<\/div><div style=\"text-align: center;\"><span style=\"text-decoration: underline;\"><em><strong>VIS\u00c3O:<\/strong><\/em><\/span><\/div><div>\u00a0<\/div><div style=\"padding-left: 40px; text-align: center;\">Ser um Setor de refer\u00eancia no uso conciente e sustent\u00e1vel dos recursos tecnol\u00f3gicos em prol da excel\u00eancia acad\u00eamica do Departamento.<\/div><div style=\"text-align: center;\">\u00a0<\/div><div style=\"text-align: center;\"><span style=\"text-decoration: underline;\"><em><strong>VALORES:<\/strong><\/em><\/span><\/div><div>\u00a0<\/div><div style=\"padding-left: 40px; text-align: center;\">Foco no coletivo, trabalho em equipe, inova\u00e7\u00e3o, sustentabilidade, \u00e9tica, transpar\u00eancia e responsabilidade.<\/div><div style=\"text-align: center;\">\u00a0<\/div><div style=\"text-align: center;\">\u00a0<\/div>\t\t\t\t\t\t<\/div>\n\t\t\t\t<\/div>\n\t\t\t\t\t<\/div>\n\t\t<\/div>\n\t\t\t\t\t<\/div>\n\t\t<\/section>\n\t\t\t\t<section class=\"elementor-section elementor-top-section elementor-element elementor-element-7f407b4 elementor-section-boxed elementor-section-height-default elementor-section-height-default\" data-id=\"7f407b4\" data-element_type=\"section\">\n\t\t\t\t\t\t<div class=\"elementor-container elementor-column-gap-default\">\n\t\t\t\t\t<div class=\"elementor-column elementor-col-100 elementor-top-column elementor-element elementor-element-bda42e8\" data-id=\"bda42e8\" data-element_type=\"column\">\n\t\t\t<div class=\"elementor-widget-wrap elementor-element-populated\">\n\t\t\t\t\t\t<div class=\"elementor-element elementor-element-dfe6c11 elementor-widget-divider--view-line elementor-widget elementor-widget-divider\" data-id=\"dfe6c11\" data-element_type=\"widget\" data-widget_type=\"divider.default\">\n\t\t\t\t<div class=\"elementor-widget-container\">\n\t\t\t\t\t<div class=\"elementor-divider\">\n\t\t\t<span class=\"elementor-divider-separator\">\n\t\t\t\t\t\t<\/span>\n\t\t<\/div>\n\t\t\t\t<\/div>\n\t\t\t\t<\/div>\n\t\t\t\t\t<\/div>\n\t\t<\/div>\n\t\t\t\t\t<\/div>\n\t\t<\/section>\n\t\t\t\t<section class=\"elementor-section elementor-top-section elementor-element elementor-element-b0e2207 elementor-section-boxed elementor-section-height-default elementor-section-height-default\" data-id=\"b0e2207\" data-element_type=\"section\">\n\t\t\t\t\t\t<div class=\"elementor-container elementor-column-gap-default\">\n\t\t\t\t\t<div class=\"elementor-column elementor-col-33 elementor-top-column elementor-element elementor-element-b223928\" data-id=\"b223928\" data-element_type=\"column\">\n\t\t\t<div class=\"elementor-widget-wrap elementor-element-populated\">\n\t\t\t\t\t\t<div class=\"elementor-element elementor-element-5fba492 elementor-widget__width-initial elementor-widget elementor-widget-text-editor\" data-id=\"5fba492\" data-element_type=\"widget\" data-widget_type=\"text-editor.default\">\n\t\t\t\t<div class=\"elementor-widget-container\">\n\t\t\t\t\t\t\t<p><a href=\"https:\/\/sites.usp.br\/mic\/wp-content\/uploads\/sites\/1693\/2025\/06\/cropped-cropped-viewavatar_512-1-e1752544961794-1-e1753152598537.png\"><img decoding=\"async\" class=\"wp-image-1182 alignleft\" src=\"https:\/\/sites.usp.br\/mic\/wp-content\/uploads\/sites\/1693\/2025\/06\/cropped-cropped-viewavatar_512-1-e1752544961794-1-150x150.png\" alt=\"MIC - Setor de Manuten\u00e7\u00e3o e Instrumenta\u00e7\u00e3o Cient\u00edfica\" width=\"52\" height=\"52\" srcset=\"https:\/\/sites.usp.br\/mic\/wp-content\/uploads\/sites\/1693\/2025\/06\/cropped-cropped-viewavatar_512-1-e1752544961794-1-150x150.png 150w, https:\/\/sites.usp.br\/mic\/wp-content\/uploads\/sites\/1693\/2025\/06\/cropped-cropped-viewavatar_512-1-e1752544961794-1-300x300.png 300w, https:\/\/sites.usp.br\/mic\/wp-content\/uploads\/sites\/1693\/2025\/06\/cropped-cropped-viewavatar_512-1-e1752544961794-1-45x45.png 45w, https:\/\/sites.usp.br\/mic\/wp-content\/uploads\/sites\/1693\/2025\/06\/cropped-cropped-viewavatar_512-1-e1752544961794-1-270x270.png 270w, https:\/\/sites.usp.br\/mic\/wp-content\/uploads\/sites\/1693\/2025\/06\/cropped-cropped-viewavatar_512-1-e1752544961794-1-192x192.png 192w, https:\/\/sites.usp.br\/mic\/wp-content\/uploads\/sites\/1693\/2025\/06\/cropped-cropped-viewavatar_512-1-e1752544961794-1-180x180.png 180w, https:\/\/sites.usp.br\/mic\/wp-content\/uploads\/sites\/1693\/2025\/06\/cropped-cropped-viewavatar_512-1-e1752544961794-1-32x32.png 32w, https:\/\/sites.usp.br\/mic\/wp-content\/uploads\/sites\/1693\/2025\/06\/cropped-cropped-viewavatar_512-1-e1752544961794-1-e1753152598537.png 50w\" sizes=\"(max-width: 52px) 100vw, 52px\" \/><\/a><\/p>\n<p><em><strong>&nbsp; &nbsp; &nbsp; &nbsp; &nbsp; &nbsp; &nbsp; &nbsp; &nbsp; &nbsp; &nbsp; &nbsp; &nbsp; &nbsp; &nbsp; &nbsp; &nbsp; &nbsp; &nbsp; &nbsp; &nbsp; &nbsp; &nbsp; MIC &#8211; Setor de Manuten\u00e7\u00e3o e Instrumenta\u00e7\u00e3o Cient\u00edfica&nbsp;<\/strong><\/em><\/p>\t\t\t\t\t\t<\/div>\n\t\t\t\t<\/div>\n\t\t\t\t<div class=\"elementor-element elementor-element-6872fcb elementor-widget__width-initial elementor-widget elementor-widget-text-editor\" data-id=\"6872fcb\" data-element_type=\"widget\" data-widget_type=\"text-editor.default\">\n\t\t\t\t<div class=\"elementor-widget-container\">\n\t\t\t\t\t\t\t<p>Av. Prof. Lineu Prestes, 1524, 3\u00b0 andar, sala 301 Butant\u00e3, S\u00e3o Paulo &#8211; SP, 05508-000\u00a0 \u00a0 \u00a0 \u00a0 \u00a0 \u00a0 \u00a0 \u00a0 \u00a0 \u00a0 \u00a0 Tel: (11) 3091-7301<\/p>\t\t\t\t\t\t<\/div>\n\t\t\t\t<\/div>\n\t\t\t\t\t<\/div>\n\t\t<\/div>\n\t\t\t\t<div class=\"elementor-column elementor-col-33 elementor-top-column elementor-element elementor-element-751c255\" data-id=\"751c255\" data-element_type=\"column\">\n\t\t\t<div class=\"elementor-widget-wrap\">\n\t\t\t\t\t\t\t<\/div>\n\t\t<\/div>\n\t\t\t\t<div class=\"elementor-column elementor-col-33 elementor-top-column elementor-element elementor-element-d302ce4\" data-id=\"d302ce4\" data-element_type=\"column\">\n\t\t\t<div class=\"elementor-widget-wrap elementor-element-populated\">\n\t\t\t\t\t\t<div class=\"elementor-element elementor-element-e975e4b elementor-widget__width-initial elementor-widget elementor-widget-text-editor\" data-id=\"e975e4b\" data-element_type=\"widget\" data-widget_type=\"text-editor.default\">\n\t\t\t\t<div class=\"elementor-widget-container\">\n\t\t\t\t\t\t\t<p><em><strong><a href=\"https:\/\/sites.usp.br\/mic\/wp-content\/uploads\/sites\/1693\/2022\/04\/024-brain-process.png\"><img decoding=\"async\" class=\"alignleft wp-image-538\" src=\"https:\/\/sites.usp.br\/mic\/wp-content\/uploads\/sites\/1693\/2022\/04\/024-brain-process-150x150.png\" alt=\"\" width=\"44\" height=\"44\" srcset=\"https:\/\/sites.usp.br\/mic\/wp-content\/uploads\/sites\/1693\/2022\/04\/024-brain-process-150x150.png 150w, https:\/\/sites.usp.br\/mic\/wp-content\/uploads\/sites\/1693\/2022\/04\/024-brain-process-300x300.png 300w, https:\/\/sites.usp.br\/mic\/wp-content\/uploads\/sites\/1693\/2022\/04\/024-brain-process-45x45.png 45w, https:\/\/sites.usp.br\/mic\/wp-content\/uploads\/sites\/1693\/2022\/04\/024-brain-process.png 512w\" sizes=\"(max-width: 44px) 100vw, 44px\" \/><\/a><\/strong><\/em><\/p><p><em><strong>\u00a0 \u00a0 \u00a0 \u00a0 \u00a0 \u00a0 \u00a0 \u00a0 \u00a0 \u00a0 \u00a0 \u00a0 \u00a0 \u00a0 \u00a0 \u00a0 \u00a0 \u00a0 \u00a0 \u00a0 \u00a0 \u00a0 \u00a0 \u00a0 \u00a0 \u00a0 \u00a0 \u00a0 \u00a0 \u00a0 \u00a0 \u00a0 Links:<\/strong><\/em>\u00a0 \u00a0 \u00a0 \u00a0 \u00a0 \u00a0 \u00a0 \u00a0 \u00a0 \u00a0 \u00a0 \u00a0 \u00a0 \u00a0 \u00a0 \u00a0 \u00a0 \u00a0 \u00a0 \u00a0 \u00a0 \u00a0 \u00a0 \u00a0 \u00a0 \u00a0 \u00a0 \u00a0 \u00a0 \u00a0 \u00a0 \u00a0 \u00a0 \u00a0 \u00a0 \u00a0 \u00a0 \u00a0 \u00a0 \u00a0 \u00a0 \u00a0\u00a0<\/p>\t\t\t\t\t\t<\/div>\n\t\t\t\t<\/div>\n\t\t\t\t<div class=\"elementor-element elementor-element-1d5a106 elementor-widget elementor-widget-text-editor\" data-id=\"1d5a106\" data-element_type=\"widget\" data-widget_type=\"text-editor.default\">\n\t\t\t\t<div class=\"elementor-widget-container\">\n\t\t\t\t\t\t\t<ul><li><a href=\"https:\/\/sites.usp.br\/biocel\/\">Departamento de Biologia Celular e do Desenvolimento<\/a><\/li><li><a href=\"https:\/\/sites.usp.br\/multibmc\/\">Laborat\u00f3rio Multiusu\u00e1rios<\/a><\/li><li><a href=\"https:\/\/ww3.icb.usp.br\/comissao-de-seguranca-quimica\/\">Comiss\u00e3o de Seguran\u00e7a Qu\u00edmica<\/a><\/li><li><a href=\"https:\/\/ww3.icb.usp.br\/biosseguranca-cibio\/\">Comiss\u00e3o Interna de Biosseguran\u00e7a<\/a><\/li><\/ul>\t\t\t\t\t\t<\/div>\n\t\t\t\t<\/div>\n\t\t\t\t\t<\/div>\n\t\t<\/div>\n\t\t\t\t\t<\/div>\n\t\t<\/section>\n\t\t\t\t<section class=\"elementor-section elementor-top-section elementor-element elementor-element-e6ccbbe elementor-section-boxed elementor-section-height-default elementor-section-height-default\" data-id=\"e6ccbbe\" data-element_type=\"section\">\n\t\t\t\t\t\t<div class=\"elementor-container elementor-column-gap-default\">\n\t\t\t\t\t<div class=\"elementor-column elementor-col-100 elementor-top-column elementor-element elementor-element-79772ee\" data-id=\"79772ee\" data-element_type=\"column\">\n\t\t\t<div class=\"elementor-widget-wrap elementor-element-populated\">\n\t\t\t\t\t\t<div class=\"elementor-element elementor-element-9640c99 elementor-widget-divider--view-line elementor-widget elementor-widget-divider\" data-id=\"9640c99\" data-element_type=\"widget\" data-widget_type=\"divider.default\">\n\t\t\t\t<div class=\"elementor-widget-container\">\n\t\t\t\t\t<div class=\"elementor-divider\">\n\t\t\t<span class=\"elementor-divider-separator\">\n\t\t\t\t\t\t<\/span>\n\t\t<\/div>\n\t\t\t\t<\/div>\n\t\t\t\t<\/div>\n\t\t\t\t\t<\/div>\n\t\t<\/div>\n\t\t\t\t\t<\/div>\n\t\t<\/section>\n\t\t\t\t<\/div>\n\t\t","protected":false},"excerpt":{"rendered":"<p>Monitoramento online MultiSens Portal de Servi\u00e7os MIC Somos o MIC Somos um setor concebido em agosto de 2025 \u00e0 partir da evolu\u00e7\u00e3o de um servi\u00e7o interno do Laborat\u00f3rio Multiusu\u00e1rios do Departamento. O MIC tem como objetivo contribuir para a mitiga\u00e7\u00e3o de problemas t\u00e9cnicos relacionados \u00e0 manuten\u00e7\u00e3o de instrumentos de laborat\u00f3rio, assim como o desenvolvimento de [&hellip;]<\/p>\n","protected":false},"author":22667,"featured_media":0,"parent":0,"menu_order":0,"comment_status":"closed","ping_status":"closed","template":"","meta":{"footnotes":"","_links_to":"","_links_to_target":""},"class_list":["post-1504","page","type-page","status-publish","hentry"],"_links":{"self":[{"href":"https:\/\/sites.usp.br\/mic\/wp-json\/wp\/v2\/pages\/1504","targetHints":{"allow":["GET"]}}],"collection":[{"href":"https:\/\/sites.usp.br\/mic\/wp-json\/wp\/v2\/pages"}],"about":[{"href":"https:\/\/sites.usp.br\/mic\/wp-json\/wp\/v2\/types\/page"}],"author":[{"embeddable":true,"href":"https:\/\/sites.usp.br\/mic\/wp-json\/wp\/v2\/users\/22667"}],"replies":[{"embeddable":true,"href":"https:\/\/sites.usp.br\/mic\/wp-json\/wp\/v2\/comments?post=1504"}],"version-history":[{"count":4,"href":"https:\/\/sites.usp.br\/mic\/wp-json\/wp\/v2\/pages\/1504\/revisions"}],"predecessor-version":[{"id":1670,"href":"https:\/\/sites.usp.br\/mic\/wp-json\/wp\/v2\/pages\/1504\/revisions\/1670"}],"wp:attachment":[{"href":"https:\/\/sites.usp.br\/mic\/wp-json\/wp\/v2\/media?parent=1504"}],"curies":[{"name":"wp","href":"https:\/\/api.w.org\/{rel}","templated":true}]}}