{"id":1546,"date":"2025-12-10T16:01:09","date_gmt":"2025-12-10T19:01:09","guid":{"rendered":"https:\/\/sites.usp.br\/mic\/?page_id=1546"},"modified":"2025-12-12T16:03:42","modified_gmt":"2025-12-12T19:03:42","slug":"manutencoes","status":"publish","type":"page","link":"https:\/\/sites.usp.br\/mic\/manutencoes\/","title":{"rendered":"Manuten\u00e7\u00f5es"},"content":{"rendered":"\t\t<div data-elementor-type=\"wp-page\" data-elementor-id=\"1546\" class=\"elementor elementor-1546\" data-elementor-post-type=\"page\">\n\t\t\t\t\t\t<section class=\"elementor-section elementor-top-section elementor-element elementor-element-ba1ac5e elementor-section-boxed elementor-section-height-default elementor-section-height-default\" data-id=\"ba1ac5e\" data-element_type=\"section\">\n\t\t\t\t\t\t<div class=\"elementor-container elementor-column-gap-default\">\n\t\t\t\t\t<div class=\"elementor-column elementor-col-20 elementor-top-column elementor-element elementor-element-76c4252\" data-id=\"76c4252\" data-element_type=\"column\">\n\t\t\t<div class=\"elementor-widget-wrap\">\n\t\t\t\t\t\t\t<\/div>\n\t\t<\/div>\n\t\t\t\t<div class=\"elementor-column elementor-col-20 elementor-top-column elementor-element elementor-element-1c32804\" data-id=\"1c32804\" data-element_type=\"column\">\n\t\t\t<div class=\"elementor-widget-wrap\">\n\t\t\t\t\t\t\t<\/div>\n\t\t<\/div>\n\t\t\t\t<div class=\"elementor-column elementor-col-20 elementor-top-column elementor-element elementor-element-32d1fd1\" data-id=\"32d1fd1\" data-element_type=\"column\">\n\t\t\t<div class=\"elementor-widget-wrap\">\n\t\t\t\t\t\t\t<\/div>\n\t\t<\/div>\n\t\t\t\t<div class=\"elementor-column elementor-col-20 elementor-top-column elementor-element elementor-element-480e68d\" data-id=\"480e68d\" data-element_type=\"column\">\n\t\t\t<div class=\"elementor-widget-wrap elementor-element-populated\">\n\t\t\t\t\t\t<div class=\"elementor-element elementor-element-748dd4a elementor-button-warning elementor-widget elementor-widget-button\" data-id=\"748dd4a\" data-element_type=\"widget\" data-widget_type=\"button.default\">\n\t\t\t\t<div class=\"elementor-widget-container\">\n\t\t\t\t\t\t\t<div class=\"elementor-button-wrapper\">\n\t\t\t\t\t<a class=\"elementor-button elementor-button-link elementor-size-sm\" href=\"https:\/\/multibmc01.grafana.net\/public-dashboards\/51e014377efd49ff87eadbe89c1dcd84?from=now-24h&#038;to=now&#038;timezone=browser\" target=\"_blank\">\n\t\t\t\t\t\t<span class=\"elementor-button-content-wrapper\">\n\t\t\t\t\t\t<span class=\"elementor-button-icon\">\n\t\t\t\t<i aria-hidden=\"true\" class=\"fas fa-chart-line\"><\/i>\t\t\t<\/span>\n\t\t\t\t\t\t\t\t\t<span class=\"elementor-button-text\">Monitoramento online MultiSens<\/span>\n\t\t\t\t\t<\/span>\n\t\t\t\t\t<\/a>\n\t\t\t\t<\/div>\n\t\t\t\t\t\t<\/div>\n\t\t\t\t<\/div>\n\t\t\t\t\t<\/div>\n\t\t<\/div>\n\t\t\t\t<div class=\"elementor-column elementor-col-20 elementor-top-column elementor-element elementor-element-ac32aa8\" data-id=\"ac32aa8\" data-element_type=\"column\">\n\t\t\t<div class=\"elementor-widget-wrap elementor-element-populated\">\n\t\t\t\t\t\t<div class=\"elementor-element elementor-element-b8c7936 elementor-widget elementor-widget-button\" data-id=\"b8c7936\" data-element_type=\"widget\" data-widget_type=\"button.default\">\n\t\t\t\t<div class=\"elementor-widget-container\">\n\t\t\t\t\t\t\t<div class=\"elementor-button-wrapper\">\n\t\t\t\t\t<a class=\"elementor-button elementor-button-link elementor-size-sm\" href=\"https:\/\/multibmc.atlassian.net\/servicedesk\/customer\/portals\" target=\"_blank\">\n\t\t\t\t\t\t<span class=\"elementor-button-content-wrapper\">\n\t\t\t\t\t\t<span class=\"elementor-button-icon\">\n\t\t\t\t<i aria-hidden=\"true\" class=\"fas fa-code-branch\"><\/i>\t\t\t<\/span>\n\t\t\t\t\t\t\t\t\t<span class=\"elementor-button-text\">Portal de Servi\u00e7os MIC<\/span>\n\t\t\t\t\t<\/span>\n\t\t\t\t\t<\/a>\n\t\t\t\t<\/div>\n\t\t\t\t\t\t<\/div>\n\t\t\t\t<\/div>\n\t\t\t\t\t<\/div>\n\t\t<\/div>\n\t\t\t\t\t<\/div>\n\t\t<\/section>\n\t\t\t\t<section class=\"elementor-section elementor-top-section elementor-element elementor-element-68f34b5 elementor-section-boxed elementor-section-height-default elementor-section-height-default\" data-id=\"68f34b5\" data-element_type=\"section\">\n\t\t\t\t\t\t<div class=\"elementor-container elementor-column-gap-default\">\n\t\t\t\t\t<div class=\"elementor-column elementor-col-100 elementor-top-column elementor-element elementor-element-c29cd10\" data-id=\"c29cd10\" data-element_type=\"column\">\n\t\t\t<div class=\"elementor-widget-wrap elementor-element-populated\">\n\t\t\t\t\t\t<div class=\"elementor-element elementor-element-2baceb8 elementor-widget elementor-widget-heading\" data-id=\"2baceb8\" data-element_type=\"widget\" data-widget_type=\"heading.default\">\n\t\t\t\t<div class=\"elementor-widget-container\">\n\t\t\t<h2 class=\"elementor-heading-title elementor-size-default\">Manuten\u00e7\u00f5es de Instrumentos<br><\/h2>\t\t<\/div>\n\t\t\t\t<\/div>\n\t\t\t\t\t<\/div>\n\t\t<\/div>\n\t\t\t\t\t<\/div>\n\t\t<\/section>\n\t\t\t\t<section class=\"elementor-section elementor-top-section elementor-element elementor-element-242a923 elementor-section-boxed elementor-section-height-default elementor-section-height-default\" data-id=\"242a923\" data-element_type=\"section\">\n\t\t\t\t\t\t<div class=\"elementor-container elementor-column-gap-default\">\n\t\t\t\t\t<div class=\"elementor-column elementor-col-50 elementor-top-column elementor-element elementor-element-f3b3c10\" data-id=\"f3b3c10\" data-element_type=\"column\">\n\t\t\t<div class=\"elementor-widget-wrap elementor-element-populated\">\n\t\t\t\t\t\t<div class=\"elementor-element elementor-element-fb4c299 elementor-widget elementor-widget-text-editor\" data-id=\"fb4c299\" data-element_type=\"widget\" data-widget_type=\"text-editor.default\">\n\t\t\t\t<div class=\"elementor-widget-container\">\n\t\t\t\t\t\t\t<p style=\"text-align: center;\">Os chamados t\u00e9cnicos ser\u00e3o realizados sempre atrav\u00e9s de nosso <a href=\"https:\/\/multibmc.atlassian.net\/servicedesk\/customer\/portals\"><span style=\"text-decoration: underline;\">Portal de Servi\u00e7os.<\/span><\/a><\/p><p style=\"text-align: center;\">Considerando o n\u00famero de usu\u00e1rios impactados por eventuais falhas de equipamentos, as demandas coletivas de setores t\u00e9cnicos ser\u00e3o priorizadas.<\/p><p style=\"text-align: center;\">Havendo riscos imediatos ao experimento, o usu\u00e1rio deve entrar em contato direto conosco. Em paralelo o usu\u00e1rio dever\u00e1 formalizar o chamado\u00a0 para gera\u00e7\u00e3o do relat\u00f3rio.<\/p><p style=\"text-align: center;\">As manuten\u00e7\u00f5es s\u00e3o sempre realizadas no laborat\u00f3rio do solicitante, portanto reserve um espa\u00e7o de bancada para nos receber, ok?!<\/p><p style=\"text-align: center;\">Sempre que poss\u00edvel, trabalhamos com o conceito de reutiliza\u00e7\u00e3o de pe\u00e7as para garantir a sustentabilidade de recursos, mas caso precise adquirir, o laborat\u00f3rio solicitante \u00e9 o respons\u00e1vel pelo or\u00e7amento e a compra.<\/p><p style=\"text-align: center;\">Outras informa\u00e7\u00f5es sobre o nosso atendimento podem ser obtidas <span style=\"text-decoration: underline;\"><a href=\"https:\/\/drive.google.com\/file\/d\/1OZ39AjM6q4e-2aURNYb0au9hxxtbKr9D\/view?usp=drive_link\">aqui<\/a>.<\/span><\/p>\t\t\t\t\t\t<\/div>\n\t\t\t\t<\/div>\n\t\t\t\t\t<\/div>\n\t\t<\/div>\n\t\t\t\t<div class=\"elementor-column elementor-col-50 elementor-top-column elementor-element elementor-element-b6a6b5d\" data-id=\"b6a6b5d\" data-element_type=\"column\">\n\t\t\t<div class=\"elementor-widget-wrap elementor-element-populated\">\n\t\t\t\t\t\t<div class=\"elementor-element elementor-element-7c17270 elementor-widget elementor-widget-image\" data-id=\"7c17270\" data-element_type=\"widget\" data-widget_type=\"image.default\">\n\t\t\t\t<div class=\"elementor-widget-container\">\n\t\t\t\t\t\t\t\t\t\t<figure class=\"wp-caption\">\n\t\t\t\t\t\t\t\t\t\t<img fetchpriority=\"high\" decoding=\"async\" width=\"791\" height=\"1024\" src=\"https:\/\/sites.usp.br\/mic\/wp-content\/uploads\/sites\/1693\/2025\/12\/Fluxograma-MultiService-791x1024.jpg\" class=\"attachment-large size-large wp-image-1548\" alt=\"\" srcset=\"https:\/\/sites.usp.br\/mic\/wp-content\/uploads\/sites\/1693\/2025\/12\/Fluxograma-MultiService-791x1024.jpg 791w, https:\/\/sites.usp.br\/mic\/wp-content\/uploads\/sites\/1693\/2025\/12\/Fluxograma-MultiService-232x300.jpg 232w, https:\/\/sites.usp.br\/mic\/wp-content\/uploads\/sites\/1693\/2025\/12\/Fluxograma-MultiService-768x994.jpg 768w, https:\/\/sites.usp.br\/mic\/wp-content\/uploads\/sites\/1693\/2025\/12\/Fluxograma-MultiService.jpg 816w\" sizes=\"(max-width: 791px) 100vw, 791px\" \/>\t\t\t\t\t\t\t\t\t\t\t<figcaption class=\"widget-image-caption wp-caption-text\">Etapas de manuten\u00e7\u00e3o<\/figcaption>\n\t\t\t\t\t\t\t\t\t\t<\/figure>\n\t\t\t\t\t\t\t<\/div>\n\t\t\t\t<\/div>\n\t\t\t\t\t<\/div>\n\t\t<\/div>\n\t\t\t\t\t<\/div>\n\t\t<\/section>\n\t\t\t\t<section class=\"elementor-section elementor-top-section elementor-element elementor-element-7f407b4 elementor-section-boxed elementor-section-height-default elementor-section-height-default\" data-id=\"7f407b4\" data-element_type=\"section\">\n\t\t\t\t\t\t<div class=\"elementor-container elementor-column-gap-default\">\n\t\t\t\t\t<div class=\"elementor-column elementor-col-100 elementor-top-column elementor-element elementor-element-bda42e8\" data-id=\"bda42e8\" data-element_type=\"column\">\n\t\t\t<div class=\"elementor-widget-wrap elementor-element-populated\">\n\t\t\t\t\t\t<div class=\"elementor-element elementor-element-dfe6c11 elementor-widget-divider--view-line elementor-widget elementor-widget-divider\" data-id=\"dfe6c11\" data-element_type=\"widget\" data-widget_type=\"divider.default\">\n\t\t\t\t<div class=\"elementor-widget-container\">\n\t\t\t\t\t<div class=\"elementor-divider\">\n\t\t\t<span class=\"elementor-divider-separator\">\n\t\t\t\t\t\t<\/span>\n\t\t<\/div>\n\t\t\t\t<\/div>\n\t\t\t\t<\/div>\n\t\t\t\t\t<\/div>\n\t\t<\/div>\n\t\t\t\t\t<\/div>\n\t\t<\/section>\n\t\t\t\t<section class=\"elementor-section elementor-top-section elementor-element elementor-element-b0e2207 elementor-section-boxed elementor-section-height-default elementor-section-height-default\" data-id=\"b0e2207\" data-element_type=\"section\">\n\t\t\t\t\t\t<div class=\"elementor-container elementor-column-gap-default\">\n\t\t\t\t\t<div class=\"elementor-column elementor-col-33 elementor-top-column elementor-element elementor-element-b223928\" data-id=\"b223928\" data-element_type=\"column\">\n\t\t\t<div class=\"elementor-widget-wrap elementor-element-populated\">\n\t\t\t\t\t\t<div class=\"elementor-element elementor-element-5fba492 elementor-widget__width-initial elementor-widget elementor-widget-text-editor\" data-id=\"5fba492\" data-element_type=\"widget\" data-widget_type=\"text-editor.default\">\n\t\t\t\t<div class=\"elementor-widget-container\">\n\t\t\t\t\t\t\t<p><a href=\"https:\/\/sites.usp.br\/mic\/wp-content\/uploads\/sites\/1693\/2025\/06\/cropped-cropped-viewavatar_512-1-e1752544961794-1-e1753152598537.png\"><img decoding=\"async\" class=\"wp-image-1182 alignleft\" src=\"https:\/\/sites.usp.br\/mic\/wp-content\/uploads\/sites\/1693\/2025\/06\/cropped-cropped-viewavatar_512-1-e1752544961794-1-150x150.png\" alt=\"MIC - Setor de Manuten\u00e7\u00e3o e Instrumenta\u00e7\u00e3o Cient\u00edfica\" width=\"52\" height=\"52\" srcset=\"https:\/\/sites.usp.br\/mic\/wp-content\/uploads\/sites\/1693\/2025\/06\/cropped-cropped-viewavatar_512-1-e1752544961794-1-150x150.png 150w, https:\/\/sites.usp.br\/mic\/wp-content\/uploads\/sites\/1693\/2025\/06\/cropped-cropped-viewavatar_512-1-e1752544961794-1-300x300.png 300w, https:\/\/sites.usp.br\/mic\/wp-content\/uploads\/sites\/1693\/2025\/06\/cropped-cropped-viewavatar_512-1-e1752544961794-1-45x45.png 45w, https:\/\/sites.usp.br\/mic\/wp-content\/uploads\/sites\/1693\/2025\/06\/cropped-cropped-viewavatar_512-1-e1752544961794-1-270x270.png 270w, https:\/\/sites.usp.br\/mic\/wp-content\/uploads\/sites\/1693\/2025\/06\/cropped-cropped-viewavatar_512-1-e1752544961794-1-192x192.png 192w, https:\/\/sites.usp.br\/mic\/wp-content\/uploads\/sites\/1693\/2025\/06\/cropped-cropped-viewavatar_512-1-e1752544961794-1-180x180.png 180w, https:\/\/sites.usp.br\/mic\/wp-content\/uploads\/sites\/1693\/2025\/06\/cropped-cropped-viewavatar_512-1-e1752544961794-1-32x32.png 32w, https:\/\/sites.usp.br\/mic\/wp-content\/uploads\/sites\/1693\/2025\/06\/cropped-cropped-viewavatar_512-1-e1752544961794-1-e1753152598537.png 50w\" sizes=\"(max-width: 52px) 100vw, 52px\" \/><\/a><\/p>\n<p><em><strong>&nbsp; &nbsp; &nbsp; &nbsp; &nbsp; &nbsp; &nbsp; &nbsp; &nbsp; &nbsp; &nbsp; &nbsp; &nbsp; &nbsp; &nbsp; &nbsp; &nbsp; &nbsp; &nbsp; &nbsp; &nbsp; &nbsp; &nbsp; MIC &#8211; Setor de Manuten\u00e7\u00e3o e Instrumenta\u00e7\u00e3o Cient\u00edfica&nbsp;<\/strong><\/em><\/p>\t\t\t\t\t\t<\/div>\n\t\t\t\t<\/div>\n\t\t\t\t<div class=\"elementor-element elementor-element-6872fcb elementor-widget__width-initial elementor-widget elementor-widget-text-editor\" data-id=\"6872fcb\" data-element_type=\"widget\" data-widget_type=\"text-editor.default\">\n\t\t\t\t<div class=\"elementor-widget-container\">\n\t\t\t\t\t\t\t<p>Av. Prof. Lineu Prestes, 1524, 3\u00b0 andar, sala 301 Butant\u00e3, S\u00e3o Paulo &#8211; SP, 05508-000\u00a0 \u00a0 \u00a0 \u00a0 \u00a0 \u00a0 \u00a0 \u00a0 \u00a0 \u00a0 \u00a0 Tel: (11) 3091-7301<\/p>\t\t\t\t\t\t<\/div>\n\t\t\t\t<\/div>\n\t\t\t\t\t<\/div>\n\t\t<\/div>\n\t\t\t\t<div class=\"elementor-column elementor-col-33 elementor-top-column elementor-element elementor-element-751c255\" data-id=\"751c255\" data-element_type=\"column\">\n\t\t\t<div class=\"elementor-widget-wrap\">\n\t\t\t\t\t\t\t<\/div>\n\t\t<\/div>\n\t\t\t\t<div class=\"elementor-column elementor-col-33 elementor-top-column elementor-element elementor-element-d302ce4\" data-id=\"d302ce4\" data-element_type=\"column\">\n\t\t\t<div class=\"elementor-widget-wrap elementor-element-populated\">\n\t\t\t\t\t\t<div class=\"elementor-element elementor-element-e975e4b elementor-widget__width-initial elementor-widget elementor-widget-text-editor\" data-id=\"e975e4b\" data-element_type=\"widget\" data-widget_type=\"text-editor.default\">\n\t\t\t\t<div class=\"elementor-widget-container\">\n\t\t\t\t\t\t\t<p><em><strong><a href=\"https:\/\/sites.usp.br\/mic\/wp-content\/uploads\/sites\/1693\/2022\/04\/024-brain-process.png\"><img decoding=\"async\" class=\"alignleft wp-image-538\" src=\"https:\/\/sites.usp.br\/mic\/wp-content\/uploads\/sites\/1693\/2022\/04\/024-brain-process-150x150.png\" alt=\"\" width=\"44\" height=\"44\" srcset=\"https:\/\/sites.usp.br\/mic\/wp-content\/uploads\/sites\/1693\/2022\/04\/024-brain-process-150x150.png 150w, https:\/\/sites.usp.br\/mic\/wp-content\/uploads\/sites\/1693\/2022\/04\/024-brain-process-300x300.png 300w, https:\/\/sites.usp.br\/mic\/wp-content\/uploads\/sites\/1693\/2022\/04\/024-brain-process-45x45.png 45w, https:\/\/sites.usp.br\/mic\/wp-content\/uploads\/sites\/1693\/2022\/04\/024-brain-process.png 512w\" sizes=\"(max-width: 44px) 100vw, 44px\" \/><\/a><\/strong><\/em><\/p><p><em><strong>\u00a0 \u00a0 \u00a0 \u00a0 \u00a0 \u00a0 \u00a0 \u00a0 \u00a0 \u00a0 \u00a0 \u00a0 \u00a0 \u00a0 \u00a0 \u00a0 \u00a0 \u00a0 \u00a0 \u00a0 \u00a0 \u00a0 \u00a0 \u00a0 \u00a0 \u00a0 \u00a0 \u00a0 \u00a0 \u00a0 \u00a0 \u00a0 Links:<\/strong><\/em>\u00a0 \u00a0 \u00a0 \u00a0 \u00a0 \u00a0 \u00a0 \u00a0 \u00a0 \u00a0 \u00a0 \u00a0 \u00a0 \u00a0 \u00a0 \u00a0 \u00a0 \u00a0 \u00a0 \u00a0 \u00a0 \u00a0 \u00a0 \u00a0 \u00a0 \u00a0 \u00a0 \u00a0 \u00a0 \u00a0 \u00a0 \u00a0 \u00a0 \u00a0 \u00a0 \u00a0 \u00a0 \u00a0 \u00a0 \u00a0 \u00a0 \u00a0\u00a0<\/p>\t\t\t\t\t\t<\/div>\n\t\t\t\t<\/div>\n\t\t\t\t<div class=\"elementor-element elementor-element-1d5a106 elementor-widget elementor-widget-text-editor\" data-id=\"1d5a106\" data-element_type=\"widget\" data-widget_type=\"text-editor.default\">\n\t\t\t\t<div class=\"elementor-widget-container\">\n\t\t\t\t\t\t\t<ul><li><a href=\"https:\/\/sites.usp.br\/biocel\/\">Departamento de Biologia Celular e do Desenvolimento<\/a><\/li><li><a href=\"https:\/\/sites.usp.br\/multibmc\/\">Laborat\u00f3rio Multiusu\u00e1rios<\/a><\/li><li><a href=\"https:\/\/ww3.icb.usp.br\/comissao-de-seguranca-quimica\/\">Comiss\u00e3o de Seguran\u00e7a Qu\u00edmica<\/a><\/li><li><a href=\"https:\/\/ww3.icb.usp.br\/biosseguranca-cibio\/\">Comiss\u00e3o Interna de Biosseguran\u00e7a<\/a><\/li><\/ul>\t\t\t\t\t\t<\/div>\n\t\t\t\t<\/div>\n\t\t\t\t\t<\/div>\n\t\t<\/div>\n\t\t\t\t\t<\/div>\n\t\t<\/section>\n\t\t\t\t<section class=\"elementor-section elementor-top-section elementor-element elementor-element-e6ccbbe elementor-section-boxed elementor-section-height-default elementor-section-height-default\" data-id=\"e6ccbbe\" data-element_type=\"section\">\n\t\t\t\t\t\t<div class=\"elementor-container elementor-column-gap-default\">\n\t\t\t\t\t<div class=\"elementor-column elementor-col-100 elementor-top-column elementor-element elementor-element-79772ee\" data-id=\"79772ee\" data-element_type=\"column\">\n\t\t\t<div class=\"elementor-widget-wrap elementor-element-populated\">\n\t\t\t\t\t\t<div class=\"elementor-element elementor-element-9640c99 elementor-widget-divider--view-line elementor-widget elementor-widget-divider\" data-id=\"9640c99\" data-element_type=\"widget\" data-widget_type=\"divider.default\">\n\t\t\t\t<div class=\"elementor-widget-container\">\n\t\t\t\t\t<div class=\"elementor-divider\">\n\t\t\t<span class=\"elementor-divider-separator\">\n\t\t\t\t\t\t<\/span>\n\t\t<\/div>\n\t\t\t\t<\/div>\n\t\t\t\t<\/div>\n\t\t\t\t\t<\/div>\n\t\t<\/div>\n\t\t\t\t\t<\/div>\n\t\t<\/section>\n\t\t\t\t<\/div>\n\t\t","protected":false},"excerpt":{"rendered":"<p>Monitoramento online MultiSens Portal de Servi\u00e7os MIC Manuten\u00e7\u00f5es de Instrumentos Os chamados t\u00e9cnicos ser\u00e3o realizados sempre atrav\u00e9s de nosso Portal de Servi\u00e7os. Considerando o n\u00famero de usu\u00e1rios impactados por eventuais falhas de equipamentos, as demandas coletivas de setores t\u00e9cnicos ser\u00e3o priorizadas. Havendo riscos imediatos ao experimento, o usu\u00e1rio deve entrar em contato direto conosco. Em [&hellip;]<\/p>\n","protected":false},"author":22667,"featured_media":0,"parent":0,"menu_order":0,"comment_status":"closed","ping_status":"closed","template":"","meta":{"footnotes":"","_links_to":"","_links_to_target":""},"class_list":["post-1546","page","type-page","status-publish","hentry"],"_links":{"self":[{"href":"https:\/\/sites.usp.br\/mic\/wp-json\/wp\/v2\/pages\/1546","targetHints":{"allow":["GET"]}}],"collection":[{"href":"https:\/\/sites.usp.br\/mic\/wp-json\/wp\/v2\/pages"}],"about":[{"href":"https:\/\/sites.usp.br\/mic\/wp-json\/wp\/v2\/types\/page"}],"author":[{"embeddable":true,"href":"https:\/\/sites.usp.br\/mic\/wp-json\/wp\/v2\/users\/22667"}],"replies":[{"embeddable":true,"href":"https:\/\/sites.usp.br\/mic\/wp-json\/wp\/v2\/comments?post=1546"}],"version-history":[{"count":4,"href":"https:\/\/sites.usp.br\/mic\/wp-json\/wp\/v2\/pages\/1546\/revisions"}],"predecessor-version":[{"id":1667,"href":"https:\/\/sites.usp.br\/mic\/wp-json\/wp\/v2\/pages\/1546\/revisions\/1667"}],"wp:attachment":[{"href":"https:\/\/sites.usp.br\/mic\/wp-json\/wp\/v2\/media?parent=1546"}],"curies":[{"name":"wp","href":"https:\/\/api.w.org\/{rel}","templated":true}]}}