{"id":1593,"date":"2025-12-11T10:01:00","date_gmt":"2025-12-11T13:01:00","guid":{"rendered":"https:\/\/sites.usp.br\/mic\/?page_id=1593"},"modified":"2025-12-12T15:57:04","modified_gmt":"2025-12-12T18:57:04","slug":"instrumentacao","status":"publish","type":"page","link":"https:\/\/sites.usp.br\/mic\/instrumentacao\/","title":{"rendered":"Instrumenta\u00e7\u00e3o"},"content":{"rendered":"\t\t<div data-elementor-type=\"wp-page\" data-elementor-id=\"1593\" class=\"elementor elementor-1593\" data-elementor-post-type=\"page\">\n\t\t\t\t\t\t<section class=\"elementor-section elementor-top-section elementor-element elementor-element-ba1ac5e elementor-section-boxed elementor-section-height-default elementor-section-height-default\" data-id=\"ba1ac5e\" data-element_type=\"section\">\n\t\t\t\t\t\t<div class=\"elementor-container elementor-column-gap-default\">\n\t\t\t\t\t<div class=\"elementor-column elementor-col-20 elementor-top-column elementor-element elementor-element-76c4252\" data-id=\"76c4252\" data-element_type=\"column\">\n\t\t\t<div class=\"elementor-widget-wrap\">\n\t\t\t\t\t\t\t<\/div>\n\t\t<\/div>\n\t\t\t\t<div class=\"elementor-column elementor-col-20 elementor-top-column elementor-element elementor-element-1c32804\" data-id=\"1c32804\" data-element_type=\"column\">\n\t\t\t<div class=\"elementor-widget-wrap\">\n\t\t\t\t\t\t\t<\/div>\n\t\t<\/div>\n\t\t\t\t<div class=\"elementor-column elementor-col-20 elementor-top-column elementor-element elementor-element-32d1fd1\" data-id=\"32d1fd1\" data-element_type=\"column\">\n\t\t\t<div class=\"elementor-widget-wrap\">\n\t\t\t\t\t\t\t<\/div>\n\t\t<\/div>\n\t\t\t\t<div class=\"elementor-column elementor-col-20 elementor-top-column elementor-element elementor-element-480e68d\" data-id=\"480e68d\" data-element_type=\"column\">\n\t\t\t<div class=\"elementor-widget-wrap elementor-element-populated\">\n\t\t\t\t\t\t<div class=\"elementor-element elementor-element-748dd4a elementor-button-warning elementor-widget elementor-widget-button\" data-id=\"748dd4a\" data-element_type=\"widget\" data-widget_type=\"button.default\">\n\t\t\t\t<div class=\"elementor-widget-container\">\n\t\t\t\t\t\t\t<div class=\"elementor-button-wrapper\">\n\t\t\t\t\t<a class=\"elementor-button elementor-button-link elementor-size-sm\" href=\"https:\/\/multibmc01.grafana.net\/public-dashboards\/51e014377efd49ff87eadbe89c1dcd84?from=now-24h&#038;to=now&#038;timezone=browser\" target=\"_blank\">\n\t\t\t\t\t\t<span class=\"elementor-button-content-wrapper\">\n\t\t\t\t\t\t<span class=\"elementor-button-icon\">\n\t\t\t\t<i aria-hidden=\"true\" class=\"fas fa-chart-line\"><\/i>\t\t\t<\/span>\n\t\t\t\t\t\t\t\t\t<span class=\"elementor-button-text\">Monitoramento online MultiSens<\/span>\n\t\t\t\t\t<\/span>\n\t\t\t\t\t<\/a>\n\t\t\t\t<\/div>\n\t\t\t\t\t\t<\/div>\n\t\t\t\t<\/div>\n\t\t\t\t\t<\/div>\n\t\t<\/div>\n\t\t\t\t<div class=\"elementor-column elementor-col-20 elementor-top-column elementor-element elementor-element-ac32aa8\" data-id=\"ac32aa8\" data-element_type=\"column\">\n\t\t\t<div class=\"elementor-widget-wrap elementor-element-populated\">\n\t\t\t\t\t\t<div class=\"elementor-element elementor-element-b8c7936 elementor-widget elementor-widget-button\" data-id=\"b8c7936\" data-element_type=\"widget\" data-widget_type=\"button.default\">\n\t\t\t\t<div class=\"elementor-widget-container\">\n\t\t\t\t\t\t\t<div class=\"elementor-button-wrapper\">\n\t\t\t\t\t<a class=\"elementor-button elementor-button-link elementor-size-sm\" href=\"https:\/\/multibmc.atlassian.net\/servicedesk\/customer\/portals\" target=\"_blank\">\n\t\t\t\t\t\t<span class=\"elementor-button-content-wrapper\">\n\t\t\t\t\t\t<span class=\"elementor-button-icon\">\n\t\t\t\t<i aria-hidden=\"true\" class=\"fas fa-code-branch\"><\/i>\t\t\t<\/span>\n\t\t\t\t\t\t\t\t\t<span class=\"elementor-button-text\">Portal de Servi\u00e7os MIC<\/span>\n\t\t\t\t\t<\/span>\n\t\t\t\t\t<\/a>\n\t\t\t\t<\/div>\n\t\t\t\t\t\t<\/div>\n\t\t\t\t<\/div>\n\t\t\t\t\t<\/div>\n\t\t<\/div>\n\t\t\t\t\t<\/div>\n\t\t<\/section>\n\t\t\t\t<section class=\"elementor-section elementor-top-section elementor-element elementor-element-68f34b5 elementor-section-boxed elementor-section-height-default elementor-section-height-default\" data-id=\"68f34b5\" data-element_type=\"section\">\n\t\t\t\t\t\t<div class=\"elementor-container elementor-column-gap-default\">\n\t\t\t\t\t<div class=\"elementor-column elementor-col-100 elementor-top-column elementor-element elementor-element-c29cd10\" data-id=\"c29cd10\" data-element_type=\"column\">\n\t\t\t<div class=\"elementor-widget-wrap elementor-element-populated\">\n\t\t\t\t\t\t<div class=\"elementor-element elementor-element-2baceb8 elementor-widget elementor-widget-heading\" data-id=\"2baceb8\" data-element_type=\"widget\" data-widget_type=\"heading.default\">\n\t\t\t\t<div class=\"elementor-widget-container\">\n\t\t\t<h2 class=\"elementor-heading-title elementor-size-default\">Instrumenta\u00e7\u00e3o Cient\u00edfica<br><\/h2>\t\t<\/div>\n\t\t\t\t<\/div>\n\t\t\t\t\t<\/div>\n\t\t<\/div>\n\t\t\t\t\t<\/div>\n\t\t<\/section>\n\t\t\t\t<section class=\"elementor-section elementor-top-section elementor-element elementor-element-242a923 elementor-section-boxed elementor-section-height-default elementor-section-height-default\" data-id=\"242a923\" data-element_type=\"section\">\n\t\t\t\t\t\t<div class=\"elementor-container elementor-column-gap-default\">\n\t\t\t\t\t<div class=\"elementor-column elementor-col-50 elementor-top-column elementor-element elementor-element-f3b3c10\" data-id=\"f3b3c10\" data-element_type=\"column\">\n\t\t\t<div class=\"elementor-widget-wrap elementor-element-populated\">\n\t\t\t\t\t\t<div class=\"elementor-element elementor-element-fb4c299 elementor-widget elementor-widget-text-editor\" data-id=\"fb4c299\" data-element_type=\"widget\" data-widget_type=\"text-editor.default\">\n\t\t\t\t<div class=\"elementor-widget-container\">\n\t\t\t\t\t\t\t<p>\u00a0 \u00a0 \u00a0 \u00a0A Instrumenta\u00e7\u00e3o Cient\u00edfica \u00e9 uma \u00e1rea onde um dos principais objetivos se relaciona com o desenvolvimento de solu\u00e7\u00f5es instrumentais que atendam \u00e0s necessidades do pesquisador e de seu projeto.<\/p><p>\u00a0 \u00a0 \u00a0 \u00a0 O conhecimento em \u00e1reas consideradas de apoio, tais como qu\u00edmica de materiais, eletr\u00f4nica, mec\u00e2nica e programa\u00e7\u00e3o torna-se extremamente relevante na proposi\u00e7\u00e3o de solu\u00e7\u00f5es para as mais diversas finalidades.<\/p><p>\u00a0 \u00a0 \u00a0O Setor conta com diversos instrumentos, tais como esta\u00e7\u00e3o de retrabalho, oscilosc\u00f3pio,mult\u00edmetro e fonte de tens\u00e3o cont\u00ednua. Embora simplificada, a insfraestrutura do MIC permite a confec\u00e7\u00e3o de placas de circuito impresso com componentes eletr\u00f4nicos convencionais e miniaturizados (SMD &#8211; Surface Mounted Device).<\/p><p>\u00a0 \u00a0 \u00a0 \u00a0 O MIC tamb\u00e9m disp\u00f5e de m\u00e9todos de manufatura aditiva, tais como a impress\u00e3o 3D, que poder\u00e3o ser realizados no local mediante a aquisi\u00e7\u00e3o de filamento pelo laborat\u00f3rio solicitante. Quando houver necessidade de outras formas de manufatura, o pr\u00f3prio MIC poder\u00e1 auxiliar o pesquisador na identifica\u00e7\u00e3o de potenciais prestadores de servi\u00e7o.<\/p><p>\u00a0 \u00a0 \u00a0 \u00a0Ressalta-se que, como um Setor de presta\u00e7\u00e3o de servi\u00e7os, toda e qualquer documenta\u00e7\u00e3o gerada no desenvolvimento instrumental pertencer\u00e1 ao laborat\u00f3rio solicitante e seu respons\u00e1vel.<\/p><p>\u00a0 \u00a0 \u00a0 \u00a0 \u00a0Outras informa\u00e7\u00f5es sobre o nosso atendimento podem ser obtidas <a href=\"https:\/\/drive.google.com\/file\/d\/1OZ39AjM6q4e-2aURNYb0au9hxxtbKr9D\/view?usp=drive_link\">aqui<\/a>.<\/p>\t\t\t\t\t\t<\/div>\n\t\t\t\t<\/div>\n\t\t\t\t\t<\/div>\n\t\t<\/div>\n\t\t\t\t<div class=\"elementor-column elementor-col-50 elementor-top-column elementor-element elementor-element-b6a6b5d\" data-id=\"b6a6b5d\" data-element_type=\"column\">\n\t\t\t<div class=\"elementor-widget-wrap elementor-element-populated\">\n\t\t\t\t\t\t<section class=\"elementor-section elementor-inner-section elementor-element elementor-element-7291809 elementor-section-boxed elementor-section-height-default elementor-section-height-default\" data-id=\"7291809\" data-element_type=\"section\">\n\t\t\t\t\t\t<div class=\"elementor-container elementor-column-gap-default\">\n\t\t\t\t\t<div class=\"elementor-column elementor-col-100 elementor-inner-column elementor-element elementor-element-75fdac4\" data-id=\"75fdac4\" data-element_type=\"column\">\n\t\t\t<div class=\"elementor-widget-wrap elementor-element-populated\">\n\t\t\t\t\t\t<div class=\"elementor-element elementor-element-be31445 elementor--h-position-center elementor--v-position-middle elementor-arrows-position-inside elementor-pagination-position-inside elementor-widget elementor-widget-slides\" data-id=\"be31445\" data-element_type=\"widget\" data-settings=\"{&quot;navigation&quot;:&quot;both&quot;,&quot;autoplay&quot;:&quot;yes&quot;,&quot;pause_on_hover&quot;:&quot;yes&quot;,&quot;pause_on_interaction&quot;:&quot;yes&quot;,&quot;autoplay_speed&quot;:5000,&quot;infinite&quot;:&quot;yes&quot;,&quot;transition&quot;:&quot;slide&quot;,&quot;transition_speed&quot;:500}\" data-widget_type=\"slides.default\">\n\t\t\t\t<div class=\"elementor-widget-container\">\n\t\t\t\t\t<div class=\"elementor-swiper\">\n\t\t\t<div class=\"elementor-slides-wrapper elementor-main-swiper swiper\" dir=\"ltr\" data-animation=\"fadeInUp\">\n\t\t\t\t<div class=\"swiper-wrapper elementor-slides\">\n\t\t\t\t\t\t\t\t\t\t<div class=\"elementor-repeater-item-7f8b4f7 swiper-slide\"><div class=\"swiper-slide-bg\" role=\"img\"><\/div><div class=\"swiper-slide-inner\" ><div class=\"swiper-slide-contents\"><div class=\"elementor-slide-heading\">ELETR\u00d4NICA ANAL\u00d3GICA E DIGITAL<\/div><\/div><\/div><\/div><div class=\"elementor-repeater-item-8ef9d31 swiper-slide\"><div class=\"swiper-slide-bg\" role=\"img\"><\/div><a class=\"swiper-slide-inner\" href=\"https:\/\/doi.org\/10.11606\/D.42.2024.tde-22042025-114136\"><div class=\"swiper-slide-contents\"><div class=\"elementor-slide-heading\">PROJETOS PERSONALIZADOS<\/div><\/div><\/a><\/div><div class=\"elementor-repeater-item-174d559 swiper-slide\"><div class=\"swiper-slide-bg\" role=\"img\"><\/div><div class=\"elementor-background-overlay\"><\/div><div class=\"swiper-slide-inner\" ><div class=\"swiper-slide-contents\"><div class=\"elementor-slide-heading\">INSTRUMENTA\u00c7\u00c3O CIENT\u00cdFICA SOB MEDIDA<\/div><\/div><\/div><\/div><div class=\"elementor-repeater-item-74bdfeb swiper-slide\"><div class=\"swiper-slide-bg\" role=\"img\"><\/div><div class=\"swiper-slide-inner\" ><div class=\"swiper-slide-contents\"><div class=\"elementor-slide-heading\">PE\u00c7AS E ACESS\u00d3RIOS IMPRESSOS<\/div><\/div><\/div><\/div><div class=\"elementor-repeater-item-339bc67 swiper-slide\"><div class=\"swiper-slide-bg\" role=\"img\"><\/div><div class=\"swiper-slide-inner\" ><div class=\"swiper-slide-contents\"><div class=\"elementor-slide-heading\">MONITORAMENTO E AQUISI\u00c7\u00c3O DE DADOS<\/div><\/div><\/div><\/div>\t\t\t\t<\/div>\n\t\t\t\t\t\t\t\t\t\t\t\t\t\t\t<div class=\"swiper-pagination\"><\/div>\n\t\t\t\t\t\t\t\t\t\t\t\t\t\t\t\t<div class=\"elementor-swiper-button elementor-swiper-button-prev\" role=\"button\" tabindex=\"0\">\n\t\t\t\t\t\t\t<i aria-hidden=\"true\" class=\"eicon-chevron-left\"><\/i>\t\t\t\t\t\t\t<span class=\"elementor-screen-only\">Previous slide<\/span>\n\t\t\t\t\t\t<\/div>\n\t\t\t\t\t\t<div class=\"elementor-swiper-button elementor-swiper-button-next\" role=\"button\" tabindex=\"0\">\n\t\t\t\t\t\t\t<i aria-hidden=\"true\" class=\"eicon-chevron-right\"><\/i>\t\t\t\t\t\t\t<span class=\"elementor-screen-only\">Next slide<\/span>\n\t\t\t\t\t\t<\/div>\n\t\t\t\t\t\t\t\t\t\t\t\t<\/div>\n\t\t<\/div>\n\t\t\t\t<\/div>\n\t\t\t\t<\/div>\n\t\t\t\t\t<\/div>\n\t\t<\/div>\n\t\t\t\t\t<\/div>\n\t\t<\/section>\n\t\t\t\t\t<\/div>\n\t\t<\/div>\n\t\t\t\t\t<\/div>\n\t\t<\/section>\n\t\t\t\t<section class=\"elementor-section elementor-top-section elementor-element elementor-element-7f407b4 elementor-section-boxed elementor-section-height-default elementor-section-height-default\" data-id=\"7f407b4\" data-element_type=\"section\">\n\t\t\t\t\t\t<div class=\"elementor-container elementor-column-gap-default\">\n\t\t\t\t\t<div class=\"elementor-column elementor-col-100 elementor-top-column elementor-element elementor-element-bda42e8\" data-id=\"bda42e8\" data-element_type=\"column\">\n\t\t\t<div class=\"elementor-widget-wrap elementor-element-populated\">\n\t\t\t\t\t\t<div class=\"elementor-element elementor-element-dfe6c11 elementor-widget-divider--view-line elementor-widget elementor-widget-divider\" data-id=\"dfe6c11\" data-element_type=\"widget\" data-widget_type=\"divider.default\">\n\t\t\t\t<div class=\"elementor-widget-container\">\n\t\t\t\t\t<div class=\"elementor-divider\">\n\t\t\t<span class=\"elementor-divider-separator\">\n\t\t\t\t\t\t<\/span>\n\t\t<\/div>\n\t\t\t\t<\/div>\n\t\t\t\t<\/div>\n\t\t\t\t\t<\/div>\n\t\t<\/div>\n\t\t\t\t\t<\/div>\n\t\t<\/section>\n\t\t\t\t<section class=\"elementor-section elementor-top-section elementor-element elementor-element-b0e2207 elementor-section-boxed elementor-section-height-default elementor-section-height-default\" data-id=\"b0e2207\" data-element_type=\"section\">\n\t\t\t\t\t\t<div class=\"elementor-container elementor-column-gap-default\">\n\t\t\t\t\t<div class=\"elementor-column elementor-col-33 elementor-top-column elementor-element elementor-element-b223928\" data-id=\"b223928\" data-element_type=\"column\">\n\t\t\t<div class=\"elementor-widget-wrap elementor-element-populated\">\n\t\t\t\t\t\t<div class=\"elementor-element elementor-element-5fba492 elementor-widget__width-initial elementor-widget elementor-widget-text-editor\" data-id=\"5fba492\" data-element_type=\"widget\" data-widget_type=\"text-editor.default\">\n\t\t\t\t<div class=\"elementor-widget-container\">\n\t\t\t\t\t\t\t<p><a href=\"https:\/\/sites.usp.br\/mic\/wp-content\/uploads\/sites\/1693\/2025\/06\/cropped-cropped-viewavatar_512-1-e1752544961794-1-e1753152598537.png\"><img decoding=\"async\" class=\"wp-image-1182 alignleft\" src=\"https:\/\/sites.usp.br\/mic\/wp-content\/uploads\/sites\/1693\/2025\/06\/cropped-cropped-viewavatar_512-1-e1752544961794-1-150x150.png\" alt=\"MIC - Setor de Manuten\u00e7\u00e3o e Instrumenta\u00e7\u00e3o Cient\u00edfica\" width=\"52\" height=\"52\" srcset=\"https:\/\/sites.usp.br\/mic\/wp-content\/uploads\/sites\/1693\/2025\/06\/cropped-cropped-viewavatar_512-1-e1752544961794-1-150x150.png 150w, https:\/\/sites.usp.br\/mic\/wp-content\/uploads\/sites\/1693\/2025\/06\/cropped-cropped-viewavatar_512-1-e1752544961794-1-300x300.png 300w, https:\/\/sites.usp.br\/mic\/wp-content\/uploads\/sites\/1693\/2025\/06\/cropped-cropped-viewavatar_512-1-e1752544961794-1-45x45.png 45w, https:\/\/sites.usp.br\/mic\/wp-content\/uploads\/sites\/1693\/2025\/06\/cropped-cropped-viewavatar_512-1-e1752544961794-1-270x270.png 270w, https:\/\/sites.usp.br\/mic\/wp-content\/uploads\/sites\/1693\/2025\/06\/cropped-cropped-viewavatar_512-1-e1752544961794-1-192x192.png 192w, https:\/\/sites.usp.br\/mic\/wp-content\/uploads\/sites\/1693\/2025\/06\/cropped-cropped-viewavatar_512-1-e1752544961794-1-180x180.png 180w, https:\/\/sites.usp.br\/mic\/wp-content\/uploads\/sites\/1693\/2025\/06\/cropped-cropped-viewavatar_512-1-e1752544961794-1-32x32.png 32w, https:\/\/sites.usp.br\/mic\/wp-content\/uploads\/sites\/1693\/2025\/06\/cropped-cropped-viewavatar_512-1-e1752544961794-1-e1753152598537.png 50w\" sizes=\"(max-width: 52px) 100vw, 52px\" \/><\/a><\/p>\n<p><em><strong>&nbsp; &nbsp; &nbsp; &nbsp; &nbsp; &nbsp; &nbsp; &nbsp; &nbsp; &nbsp; &nbsp; &nbsp; &nbsp; &nbsp; &nbsp; &nbsp; &nbsp; &nbsp; &nbsp; &nbsp; &nbsp; &nbsp; &nbsp; MIC &#8211; Setor de Manuten\u00e7\u00e3o e Instrumenta\u00e7\u00e3o Cient\u00edfica&nbsp;<\/strong><\/em><\/p>\t\t\t\t\t\t<\/div>\n\t\t\t\t<\/div>\n\t\t\t\t<div class=\"elementor-element elementor-element-6872fcb elementor-widget__width-initial elementor-widget elementor-widget-text-editor\" data-id=\"6872fcb\" data-element_type=\"widget\" data-widget_type=\"text-editor.default\">\n\t\t\t\t<div class=\"elementor-widget-container\">\n\t\t\t\t\t\t\t<p>Av. Prof. Lineu Prestes, 1524, 3\u00b0 andar, sala 301 Butant\u00e3, S\u00e3o Paulo &#8211; SP, 05508-000\u00a0 \u00a0 \u00a0 \u00a0 \u00a0 \u00a0 \u00a0 \u00a0 \u00a0 \u00a0 \u00a0 Tel: (11) 3091-7301<\/p>\t\t\t\t\t\t<\/div>\n\t\t\t\t<\/div>\n\t\t\t\t\t<\/div>\n\t\t<\/div>\n\t\t\t\t<div class=\"elementor-column elementor-col-33 elementor-top-column elementor-element elementor-element-751c255\" data-id=\"751c255\" data-element_type=\"column\">\n\t\t\t<div class=\"elementor-widget-wrap\">\n\t\t\t\t\t\t\t<\/div>\n\t\t<\/div>\n\t\t\t\t<div class=\"elementor-column elementor-col-33 elementor-top-column elementor-element elementor-element-d302ce4\" data-id=\"d302ce4\" data-element_type=\"column\">\n\t\t\t<div class=\"elementor-widget-wrap elementor-element-populated\">\n\t\t\t\t\t\t<div class=\"elementor-element elementor-element-e975e4b elementor-widget__width-initial elementor-widget elementor-widget-text-editor\" data-id=\"e975e4b\" data-element_type=\"widget\" data-widget_type=\"text-editor.default\">\n\t\t\t\t<div class=\"elementor-widget-container\">\n\t\t\t\t\t\t\t<p><em><strong><a href=\"https:\/\/sites.usp.br\/mic\/wp-content\/uploads\/sites\/1693\/2022\/04\/024-brain-process.png\"><img decoding=\"async\" class=\"alignleft wp-image-538\" src=\"https:\/\/sites.usp.br\/mic\/wp-content\/uploads\/sites\/1693\/2022\/04\/024-brain-process-150x150.png\" alt=\"\" width=\"44\" height=\"44\" srcset=\"https:\/\/sites.usp.br\/mic\/wp-content\/uploads\/sites\/1693\/2022\/04\/024-brain-process-150x150.png 150w, https:\/\/sites.usp.br\/mic\/wp-content\/uploads\/sites\/1693\/2022\/04\/024-brain-process-300x300.png 300w, https:\/\/sites.usp.br\/mic\/wp-content\/uploads\/sites\/1693\/2022\/04\/024-brain-process-45x45.png 45w, https:\/\/sites.usp.br\/mic\/wp-content\/uploads\/sites\/1693\/2022\/04\/024-brain-process.png 512w\" sizes=\"(max-width: 44px) 100vw, 44px\" \/><\/a><\/strong><\/em><\/p><p><em><strong>\u00a0 \u00a0 \u00a0 \u00a0 \u00a0 \u00a0 \u00a0 \u00a0 \u00a0 \u00a0 \u00a0 \u00a0 \u00a0 \u00a0 \u00a0 \u00a0 \u00a0 \u00a0 \u00a0 \u00a0 \u00a0 \u00a0 \u00a0 \u00a0 \u00a0 \u00a0 \u00a0 \u00a0 \u00a0 \u00a0 \u00a0 \u00a0 Links:<\/strong><\/em>\u00a0 \u00a0 \u00a0 \u00a0 \u00a0 \u00a0 \u00a0 \u00a0 \u00a0 \u00a0 \u00a0 \u00a0 \u00a0 \u00a0 \u00a0 \u00a0 \u00a0 \u00a0 \u00a0 \u00a0 \u00a0 \u00a0 \u00a0 \u00a0 \u00a0 \u00a0 \u00a0 \u00a0 \u00a0 \u00a0 \u00a0 \u00a0 \u00a0 \u00a0 \u00a0 \u00a0 \u00a0 \u00a0 \u00a0 \u00a0 \u00a0 \u00a0\u00a0<\/p>\t\t\t\t\t\t<\/div>\n\t\t\t\t<\/div>\n\t\t\t\t<div class=\"elementor-element elementor-element-1d5a106 elementor-widget elementor-widget-text-editor\" data-id=\"1d5a106\" data-element_type=\"widget\" data-widget_type=\"text-editor.default\">\n\t\t\t\t<div class=\"elementor-widget-container\">\n\t\t\t\t\t\t\t<ul><li><a href=\"https:\/\/sites.usp.br\/biocel\/\">Departamento de Biologia Celular e do Desenvolimento<\/a><\/li><li><a href=\"https:\/\/sites.usp.br\/multibmc\/\">Laborat\u00f3rio Multiusu\u00e1rios<\/a><\/li><li><a href=\"https:\/\/ww3.icb.usp.br\/comissao-de-seguranca-quimica\/\">Comiss\u00e3o de Seguran\u00e7a Qu\u00edmica<\/a><\/li><li><a href=\"https:\/\/ww3.icb.usp.br\/biosseguranca-cibio\/\">Comiss\u00e3o Interna de Biosseguran\u00e7a<\/a><\/li><\/ul>\t\t\t\t\t\t<\/div>\n\t\t\t\t<\/div>\n\t\t\t\t\t<\/div>\n\t\t<\/div>\n\t\t\t\t\t<\/div>\n\t\t<\/section>\n\t\t\t\t<section class=\"elementor-section elementor-top-section elementor-element elementor-element-e6ccbbe elementor-section-boxed elementor-section-height-default elementor-section-height-default\" data-id=\"e6ccbbe\" data-element_type=\"section\">\n\t\t\t\t\t\t<div class=\"elementor-container elementor-column-gap-default\">\n\t\t\t\t\t<div class=\"elementor-column elementor-col-100 elementor-top-column elementor-element elementor-element-79772ee\" data-id=\"79772ee\" data-element_type=\"column\">\n\t\t\t<div class=\"elementor-widget-wrap elementor-element-populated\">\n\t\t\t\t\t\t<div class=\"elementor-element elementor-element-9640c99 elementor-widget-divider--view-line elementor-widget elementor-widget-divider\" data-id=\"9640c99\" data-element_type=\"widget\" data-widget_type=\"divider.default\">\n\t\t\t\t<div class=\"elementor-widget-container\">\n\t\t\t\t\t<div class=\"elementor-divider\">\n\t\t\t<span class=\"elementor-divider-separator\">\n\t\t\t\t\t\t<\/span>\n\t\t<\/div>\n\t\t\t\t<\/div>\n\t\t\t\t<\/div>\n\t\t\t\t\t<\/div>\n\t\t<\/div>\n\t\t\t\t\t<\/div>\n\t\t<\/section>\n\t\t\t\t<\/div>\n\t\t","protected":false},"excerpt":{"rendered":"<p>Monitoramento online MultiSens Portal de Servi\u00e7os MIC Instrumenta\u00e7\u00e3o Cient\u00edfica \u00a0 \u00a0 \u00a0 \u00a0A Instrumenta\u00e7\u00e3o Cient\u00edfica \u00e9 uma \u00e1rea onde um dos principais objetivos se relaciona com o desenvolvimento de solu\u00e7\u00f5es instrumentais que atendam \u00e0s necessidades do pesquisador e de seu projeto. \u00a0 \u00a0 \u00a0 \u00a0 O conhecimento em \u00e1reas consideradas de apoio, tais como qu\u00edmica [&hellip;]<\/p>\n","protected":false},"author":22667,"featured_media":0,"parent":0,"menu_order":0,"comment_status":"closed","ping_status":"closed","template":"","meta":{"footnotes":"","_links_to":"","_links_to_target":""},"class_list":["post-1593","page","type-page","status-publish","hentry"],"_links":{"self":[{"href":"https:\/\/sites.usp.br\/mic\/wp-json\/wp\/v2\/pages\/1593","targetHints":{"allow":["GET"]}}],"collection":[{"href":"https:\/\/sites.usp.br\/mic\/wp-json\/wp\/v2\/pages"}],"about":[{"href":"https:\/\/sites.usp.br\/mic\/wp-json\/wp\/v2\/types\/page"}],"author":[{"embeddable":true,"href":"https:\/\/sites.usp.br\/mic\/wp-json\/wp\/v2\/users\/22667"}],"replies":[{"embeddable":true,"href":"https:\/\/sites.usp.br\/mic\/wp-json\/wp\/v2\/comments?post=1593"}],"version-history":[{"count":4,"href":"https:\/\/sites.usp.br\/mic\/wp-json\/wp\/v2\/pages\/1593\/revisions"}],"predecessor-version":[{"id":1661,"href":"https:\/\/sites.usp.br\/mic\/wp-json\/wp\/v2\/pages\/1593\/revisions\/1661"}],"wp:attachment":[{"href":"https:\/\/sites.usp.br\/mic\/wp-json\/wp\/v2\/media?parent=1593"}],"curies":[{"name":"wp","href":"https:\/\/api.w.org\/{rel}","templated":true}]}}