{"id":64,"date":"2014-02-12T11:28:54","date_gmt":"2014-02-12T13:28:54","guid":{"rendered":"http:\/\/sites.usp.br\/micromat\/?page_id=64"},"modified":"2024-05-26T19:54:46","modified_gmt":"2024-05-26T21:54:46","slug":"medir","status":"publish","type":"page","link":"https:\/\/sites.usp.br\/micromat\/medir\/","title":{"rendered":"Medir col\u00f4nias"},"content":{"rendered":"<p>Atualmente, com a tecnologia, h\u00e1 muitas maneiras de medir um objeto em uma foto, desde que haja uma escala. Para estabelecer esta escala, \u00e9 necess\u00e1rio que saibamos o comprimento de algum objeto presente naquela foto. Por\u00e9m os itens precisam estar a mesma dist\u00e2ncia da c\u00e2mera que vai tirar a imagem, por exemplo: de nada adiantaria se uma pessoa tirasse foto de um pr\u00e9dio e usasse o polegar como objeto conhecido.<\/p>\n<p>Com isso em mente, consideraremos duas maneiras de calcular essa dist\u00e2ncia.<\/p>\n<h3>1) Regra de tr\u00eas<\/h3>\n<p>\u00c9 poss\u00edvel calcular um comprimento em uma foto, desde que haja um objeto dentro da foto, ao lado do que queremos medir, tal que sua medida seja conhecida. Por exemplo: se voc\u00ea encontrasse uma tampa de bueiro na rua e quisesse saber o di\u00e2metro desse tampa, poderia colocar uma nota de R$2,00 reais ao lado do bueiro e tirar uma foto.\u00a0 Quando voc\u00ea tivesse acesso a uma r\u00e9gua, fita m\u00e9trica ou qualquer outra ferramenta de medir, poderia usar a nota para descobrir o di\u00e2metro da tampa do bueiro.<\/p>\n<p>Vamos utilizar este mesmo racioc\u00ednio para medir o di\u00e2metro de uma col\u00f4nia contida numa placa de Petri qualquer. No entanto, usaremos a pr\u00f3pria r\u00e9gua como objeto conhecido. Coloque uma r\u00e9gua pr\u00f3xima da placa e fotografe. A foto n\u00e3o precisa enquadrar toda a r\u00e9gua, basta enquadrar totalmente a placa. Com a foto aberta em seu celular,\u00a0 d\u00ea o m\u00e1ximo de zoom poss\u00edvel. Usando a mesma r\u00e9gua que foi fotografada, me\u00e7a o comprimento de um cent\u00edmetro na r\u00e9gua da foto e o di\u00e2metro da col\u00f4nia. Assim, estabeleceremos a seguinte rela\u00e7\u00e3o:<\/p>\n<p><a href=\"https:\/\/sites.usp.br\/micromat\/wp-content\/uploads\/sites\/1447\/2024\/03\/medircolonia-1.png\"><img loading=\"lazy\" decoding=\"async\" class=\"aligncenter wp-image-171\" src=\"https:\/\/sites.usp.br\/micromat\/wp-content\/uploads\/sites\/1447\/2024\/03\/medircolonia-1-300x36.png\" alt=\"\" width=\"818\" height=\"97\" srcset=\"https:\/\/sites.usp.br\/micromat\/wp-content\/uploads\/sites\/1447\/2024\/03\/medircolonia-1-300x36.png 300w, https:\/\/sites.usp.br\/micromat\/wp-content\/uploads\/sites\/1447\/2024\/03\/medircolonia-1-1024x121.png 1024w, https:\/\/sites.usp.br\/micromat\/wp-content\/uploads\/sites\/1447\/2024\/03\/medircolonia-1-768x91.png 768w, https:\/\/sites.usp.br\/micromat\/wp-content\/uploads\/sites\/1447\/2024\/03\/medircolonia-1-1536x182.png 1536w, https:\/\/sites.usp.br\/micromat\/wp-content\/uploads\/sites\/1447\/2024\/03\/medircolonia-1-400x47.png 400w, https:\/\/sites.usp.br\/micromat\/wp-content\/uploads\/sites\/1447\/2024\/03\/medircolonia-1.png 1704w\" sizes=\"auto, (max-width: 818px) 100vw, 818px\" \/><\/a><\/p>\n<p>Estamos considerando que o di\u00e2metro real \u00e9 a medida desconhecida que pretendemos calcular. <strong>Importante:<\/strong> se atende de usar a mesma unidade de medida para todos os valores expressos na regra de tr\u00eas. Se for calcular em mm, todas as medidas devem estar em mm, e assim por diante.<\/p>\n<p>&nbsp;<\/p>\n<h3>2) ImageJ<\/h3>\n<p>O ImageJ \u00e9 um programa para computador, no qual, al\u00e9m de calcular o di\u00e2metro da col\u00f4nia, voc\u00ea tamb\u00e9m pode calcular a \u00e1rea (<a href=\"https:\/\/imagej.net\/ij\/download.html\">clique aqui para fazer o download<\/a>). Veja o v\u00eddeo abaixo para aprender a usar:<\/p>\n<p><iframe loading=\"lazy\" title=\"Como medir col\u00f4nias usando o ImageJ\" width=\"604\" height=\"340\" src=\"https:\/\/www.youtube.com\/embed\/PuoJqg07Yp4?feature=oembed\" frameborder=\"0\" allow=\"accelerometer; autoplay; clipboard-write; encrypted-media; gyroscope; picture-in-picture; web-share\" referrerpolicy=\"strict-origin-when-cross-origin\" allowfullscreen><\/iframe><\/p>\n","protected":false},"excerpt":{"rendered":"<p>Atualmente, com a tecnologia, h\u00e1 muitas maneiras de medir um objeto em uma foto, desde que haja uma escala. Para estabelecer esta escala, \u00e9 necess\u00e1rio que saibamos o comprimento de algum objeto presente naquela foto. Por\u00e9m os itens precisam estar a mesma dist\u00e2ncia da c\u00e2mera que vai tirar a imagem, por exemplo: de nada adiantaria [&hellip;]<\/p>\n","protected":false},"author":1,"featured_media":0,"parent":0,"menu_order":6,"comment_status":"closed","ping_status":"closed","template":"","meta":{"footnotes":"","_links_to":"","_links_to_target":""},"class_list":["post-64","page","type-page","status-publish","hentry"],"_links":{"self":[{"href":"https:\/\/sites.usp.br\/micromat\/wp-json\/wp\/v2\/pages\/64","targetHints":{"allow":["GET"]}}],"collection":[{"href":"https:\/\/sites.usp.br\/micromat\/wp-json\/wp\/v2\/pages"}],"about":[{"href":"https:\/\/sites.usp.br\/micromat\/wp-json\/wp\/v2\/types\/page"}],"author":[{"embeddable":true,"href":"https:\/\/sites.usp.br\/micromat\/wp-json\/wp\/v2\/users\/1"}],"replies":[{"embeddable":true,"href":"https:\/\/sites.usp.br\/micromat\/wp-json\/wp\/v2\/comments?post=64"}],"version-history":[{"count":4,"href":"https:\/\/sites.usp.br\/micromat\/wp-json\/wp\/v2\/pages\/64\/revisions"}],"predecessor-version":[{"id":173,"href":"https:\/\/sites.usp.br\/micromat\/wp-json\/wp\/v2\/pages\/64\/revisions\/173"}],"wp:attachment":[{"href":"https:\/\/sites.usp.br\/micromat\/wp-json\/wp\/v2\/media?parent=64"}],"curies":[{"name":"wp","href":"https:\/\/api.w.org\/{rel}","templated":true}]}}