{"id":79,"date":"2014-02-24T16:51:20","date_gmt":"2014-02-24T18:51:20","guid":{"rendered":"http:\/\/sites.usp.br\/micromat\/?page_id=79"},"modified":"2024-05-19T19:39:06","modified_gmt":"2024-05-19T21:39:06","slug":"pagina-inicial","status":"publish","type":"page","link":"https:\/\/sites.usp.br\/micromat\/","title":{"rendered":"P\u00e1gina Inicial"},"content":{"rendered":"<p>O projeto Micromat \u00e9 uma iniciativa do\u00a0<a href=\"https:\/\/sites.usp.br\/cepidb3\/\">CEPID B\u00b3<\/a>, patrocinado pela\u00a0<a href=\"https:\/\/fapesp.br\/\">FAPESP<\/a> e associado \u00e0 Universidade de S\u00e3o Paulo. A ideia principal deste projeto \u00e9 a utiliza\u00e7\u00e3o de microrganismos como uma ferramenta, pela qual os alunos aprender\u00e3o a apreciar e lidar com grandezas, n\u00fameros muito pequenos e n\u00fameros muito grandes, que frequentemente encontramos na microbiologia, bem como em muitas outras \u00e1reas da ci\u00eancia. A microbiologia \u00e9 o estudo de microrganismos e compreende 3 grandes ramos: virologia, bacteriologia e micologia. A micologia \u00e9 a especialidade da biologia que estuda os fungos. As leveduras s\u00e3o fungos unicelulares que se reproduzem de forma assexuada por meio de um processo conhecido como brotamento, ou fiss\u00e3o bin\u00e1ria. A levedura mais bem estudada e tamb\u00e9m amplamente utilizada na ind\u00fastria aliment\u00edcia para a fabrica\u00e7\u00e3o de bebidas alco\u00f3licas (vinho e cerveja) e produ\u00e7\u00e3o de p\u00e3es \u00e9 a <em>Saccharomyces cerevisae<\/em> (<em>sacharon<\/em> = a\u00e7\u00facar; <em>myces<\/em> = fungo; <em>cerevisae<\/em> = da cerveja). Obviamente, o fungo <em>S. cereviesae<\/em> \u00e9 um microrganismo n\u00e3o-patog\u00eanico, o que permite a sua utiliza\u00e7\u00e3o como organismo modelo para o aprendizado de microbiologia e outras mat\u00e9rias relacionadas. Sob essa perspectiva, esta s\u00e9rie de experimentos foi desenvolvida para auxiliar na aprendizagem e sedimenta\u00e7\u00e3o de conceitos matem\u00e1ticos como exponenciais, logaritmos, geometria e outros. Al\u00e9m disso, o aluno ser\u00e1 iniciado na pr\u00e1tica de microbiologia em laborat\u00f3rios de pesquisa, abrindo, assim, uma fresta para conhecer o vasto mundo dos microrganismos.<\/p>\n","protected":false},"excerpt":{"rendered":"<p>O projeto Micromat \u00e9 uma iniciativa do\u00a0CEPID B\u00b3, patrocinado pela\u00a0FAPESP e associado \u00e0 Universidade de S\u00e3o Paulo. A ideia principal deste projeto \u00e9 a utiliza\u00e7\u00e3o de microrganismos como uma ferramenta, pela qual os alunos aprender\u00e3o a apreciar e lidar com grandezas, n\u00fameros muito pequenos e n\u00fameros muito grandes, que frequentemente encontramos na microbiologia, bem como [&hellip;]<\/p>\n","protected":false},"author":1,"featured_media":0,"parent":0,"menu_order":0,"comment_status":"closed","ping_status":"closed","template":"","meta":{"footnotes":"","_links_to":"","_links_to_target":""},"class_list":["post-79","page","type-page","status-publish","hentry"],"_links":{"self":[{"href":"https:\/\/sites.usp.br\/micromat\/wp-json\/wp\/v2\/pages\/79","targetHints":{"allow":["GET"]}}],"collection":[{"href":"https:\/\/sites.usp.br\/micromat\/wp-json\/wp\/v2\/pages"}],"about":[{"href":"https:\/\/sites.usp.br\/micromat\/wp-json\/wp\/v2\/types\/page"}],"author":[{"embeddable":true,"href":"https:\/\/sites.usp.br\/micromat\/wp-json\/wp\/v2\/users\/1"}],"replies":[{"embeddable":true,"href":"https:\/\/sites.usp.br\/micromat\/wp-json\/wp\/v2\/comments?post=79"}],"version-history":[{"count":4,"href":"https:\/\/sites.usp.br\/micromat\/wp-json\/wp\/v2\/pages\/79\/revisions"}],"predecessor-version":[{"id":244,"href":"https:\/\/sites.usp.br\/micromat\/wp-json\/wp\/v2\/pages\/79\/revisions\/244"}],"wp:attachment":[{"href":"https:\/\/sites.usp.br\/micromat\/wp-json\/wp\/v2\/media?parent=79"}],"curies":[{"name":"wp","href":"https:\/\/api.w.org\/{rel}","templated":true}]}}