{"id":1599,"date":"2024-08-07T15:27:18","date_gmt":"2024-08-07T18:27:18","guid":{"rendered":"https:\/\/sites.usp.br\/mira\/?page_id=1599"},"modified":"2024-08-09T16:30:38","modified_gmt":"2024-08-09T19:30:38","slug":"contato","status":"publish","type":"page","link":"https:\/\/sites.usp.br\/mira\/contato\/","title":{"rendered":"Contato"},"content":{"rendered":"\t\t<div data-elementor-type=\"wp-page\" data-elementor-id=\"1599\" class=\"elementor elementor-1599\" data-elementor-post-type=\"page\">\n\t\t\t\t<div class=\"elementor-element elementor-element-2cb78636 e-flex e-con-boxed e-con e-parent\" data-id=\"2cb78636\" data-element_type=\"container\">\n\t\t\t\t\t<div class=\"e-con-inner\">\n\t\t\t\t<div class=\"elementor-element elementor-element-2f6f62d5 elementor-widget elementor-widget-text-editor\" data-id=\"2f6f62d5\" data-element_type=\"widget\" data-widget_type=\"text-editor.default\">\n\t\t\t\t<div class=\"elementor-widget-container\">\n\t\t\t\t\t\t\t<h5>Envie suas cr\u00edticas, elogios e sugest\u00f5es para a equipe do projeto MIRA-TB.<\/h5><p>Voc\u00ea pode entrar em contato com via email para:<\/p><p style=\"padding-left: 40px;\"><em><span style=\"text-align: var(--text-align);\">projetomiratb@gmail.com<\/span><\/em><\/p><p>Ou ent\u00e3o:<\/p><p style=\"padding-left: 40px;\"><span style=\"text-align: var(--text-align);\">Avenida dos Bandeirantes, 3900<br \/>Campus Universit\u00e1rio &#8211; Bairro Monte Alegre<br \/>Ribeir\u00e3o Preto &#8211; SP &#8211; Brasil<br \/>CEP: 14040-902<br \/>+55 (16) 3315-4408<\/span><\/p>\t\t\t\t\t\t<\/div>\n\t\t\t\t<\/div>\n\t\t\t\t\t<\/div>\n\t\t\t\t<\/div>\n\t\t\t\t<\/div>\n\t\t","protected":false},"excerpt":{"rendered":"<p>Envie suas cr\u00edticas, elogios e sugest\u00f5es para a equipe do projeto MIRA-TB. Voc\u00ea pode entrar em contato com via email para: projetomiratb@gmail.com Ou ent\u00e3o: Avenida dos Bandeirantes, 3900Campus Universit\u00e1rio &#8211; [&#8230;]<\/p>\n","protected":false},"author":24074,"featured_media":0,"parent":0,"menu_order":0,"comment_status":"closed","ping_status":"closed","template":"elementor_theme","meta":{"_acf_changed":false,"_monsterinsights_skip_tracking":false,"_monsterinsights_sitenote_active":false,"_monsterinsights_sitenote_note":"","_monsterinsights_sitenote_category":0,"_EventAllDay":false,"_EventTimezone":"","_EventStartDate":"","_EventEndDate":"","_EventStartDateUTC":"","_EventEndDateUTC":"","_EventShowMap":false,"_EventShowMapLink":false,"_EventURL":"","_EventCost":"","_EventCostDescription":"","_EventCurrencySymbol":"","_EventCurrencyCode":"","_EventCurrencyPosition":"","_EventDateTimeSeparator":"","_EventTimeRangeSeparator":"","_EventOrganizerID":[],"_EventVenueID":[],"_OrganizerEmail":"","_OrganizerPhone":"","_OrganizerWebsite":"","_VenueAddress":"","_VenueCity":"","_VenueCountry":"","_VenueProvince":"","_VenueState":"","_VenueZip":"","_VenuePhone":"","_VenueURL":"","_VenueStateProvince":"","_VenueLat":"","_VenueLng":"","_VenueShowMap":false,"_VenueShowMapLink":false,"footnotes":"","_links_to":"","_links_to_target":""},"categories":[],"tags":[],"class_list":["post-1599","page","type-page","status-publish","hentry"],"acf":[],"_links":{"self":[{"href":"https:\/\/sites.usp.br\/mira\/wp-json\/wp\/v2\/pages\/1599","targetHints":{"allow":["GET"]}}],"collection":[{"href":"https:\/\/sites.usp.br\/mira\/wp-json\/wp\/v2\/pages"}],"about":[{"href":"https:\/\/sites.usp.br\/mira\/wp-json\/wp\/v2\/types\/page"}],"author":[{"embeddable":true,"href":"https:\/\/sites.usp.br\/mira\/wp-json\/wp\/v2\/users\/24074"}],"replies":[{"embeddable":true,"href":"https:\/\/sites.usp.br\/mira\/wp-json\/wp\/v2\/comments?post=1599"}],"version-history":[{"count":4,"href":"https:\/\/sites.usp.br\/mira\/wp-json\/wp\/v2\/pages\/1599\/revisions"}],"predecessor-version":[{"id":1836,"href":"https:\/\/sites.usp.br\/mira\/wp-json\/wp\/v2\/pages\/1599\/revisions\/1836"}],"wp:attachment":[{"href":"https:\/\/sites.usp.br\/mira\/wp-json\/wp\/v2\/media?parent=1599"}],"wp:term":[{"taxonomy":"category","embeddable":true,"href":"https:\/\/sites.usp.br\/mira\/wp-json\/wp\/v2\/categories?post=1599"},{"taxonomy":"post_tag","embeddable":true,"href":"https:\/\/sites.usp.br\/mira\/wp-json\/wp\/v2\/tags?post=1599"}],"curies":[{"name":"wp","href":"https:\/\/api.w.org\/{rel}","templated":true}]}}