{"id":1172,"date":"2020-12-04T00:38:27","date_gmt":"2020-12-04T02:38:27","guid":{"rendered":"https:\/\/sites.usp.br\/miyamoto\/?page_id=1172"},"modified":"2020-12-18T13:16:33","modified_gmt":"2020-12-18T15:16:33","slug":"equipamentos","status":"publish","type":"page","link":"https:\/\/sites.usp.br\/miyamoto\/en\/oportunidades\/equipamentos\/","title":{"rendered":"Equipments"},"content":{"rendered":"<div id=\"pl-1172\"  class=\"panel-layout\" ><div id=\"pg-1172-0\"  class=\"panel-grid panel-no-style\" ><div id=\"pgc-1172-0-0\"  class=\"panel-grid-cell panel-grid-cell-empty\" ><\/div><\/div><div id=\"pg-1172-1\"  class=\"panel-grid panel-no-style\" ><div id=\"pgc-1172-1-0\"  class=\"panel-grid-cell\" ><div id=\"panel-1172-1-0-0\" class=\"so-panel widget widget_sow-headline panel-first-child\" data-index=\"0\" ><div\n\t\t\t\n\t\t\tclass=\"so-widget-sow-headline so-widget-sow-headline-default-3ed1e1551300-1172\"\n\t\t\t\n\t\t><div class=\"sow-headline-container \">\n\t\t\t\t\t\t\t<h1 class=\"sow-headline\">\n\t\t\t\t\t\tCEPID Multi-User Mass Spectrometer Q-TOF (TripleTOF6600) from CEPID-Redoxoma\t\t\t\t\t\t<\/h1>\n\t\t\t\t\t\t\t\t\t\t\t<div class=\"decoration\">\n\t\t\t\t\t\t<div class=\"decoration-inside\"><\/div>\n\t\t\t\t\t<\/div>\n\t\t\t\t\t<\/div>\n<\/div><\/div><div id=\"panel-1172-1-0-1\" class=\"so-panel widget widget_sow-image\" data-index=\"1\" ><div\n\t\t\t\n\t\t\tclass=\"so-widget-sow-image so-widget-sow-image-default-c67d20f9f743-1172\"\n\t\t\t\n\t\t>\n<div class=\"sow-image-container\">\n\t\t<img \n\tsrc=\"https:\/\/sites.usp.br\/miyamoto\/wp-content\/uploads\/sites\/844\/2020\/12\/equipamento-sayuri.png\" width=\"571\" height=\"427\" srcset=\"https:\/\/sites.usp.br\/miyamoto\/wp-content\/uploads\/sites\/844\/2020\/12\/equipamento-sayuri.png 571w, https:\/\/sites.usp.br\/miyamoto\/wp-content\/uploads\/sites\/844\/2020\/12\/equipamento-sayuri-300x224.png 300w, https:\/\/sites.usp.br\/miyamoto\/wp-content\/uploads\/sites\/844\/2020\/12\/equipamento-sayuri-285x214.png 285w, https:\/\/sites.usp.br\/miyamoto\/wp-content\/uploads\/sites\/844\/2020\/12\/equipamento-sayuri-80x60.png 80w, https:\/\/sites.usp.br\/miyamoto\/wp-content\/uploads\/sites\/844\/2020\/12\/equipamento-sayuri-400x299.png 400w\" sizes=\"(max-width: 571px) 100vw, 571px\" title=\"Espectofotometro de Massas\" alt=\"Foto do Espectr\u00f4metro de Massas multiusu\u00e1rio do CEPID-Redoxoma\" \t\tclass=\"so-widget-image\"\/>\n\t<\/div>\n\n<\/div><\/div><div id=\"panel-1172-1-0-2\" class=\"so-panel widget widget_sow-headline\" data-index=\"2\" ><div\n\t\t\t\n\t\t\tclass=\"so-widget-sow-headline so-widget-sow-headline-default-55d114c08dca-1172\"\n\t\t\t\n\t\t><div class=\"sow-headline-container \">\n\t\t\t\t\t\t<div class=\"decoration\">\n\t\t\t\t\t\t<div class=\"decoration-inside\"><\/div>\n\t\t\t\t\t<\/div>\n\t\t\t\t\t\t\t\t\t\t\t<h2 class=\"sow-headline\">\n\t\t\t\t\t\tDescription of the equipments\t\t\t\t\t\t<\/h2>\n\t\t\t\t\t\t<\/div>\n<\/div><\/div><div id=\"panel-1172-1-0-3\" class=\"so-panel widget widget_text panel-last-child\" data-index=\"3\" ><div class=\"panel-widget-style panel-widget-style-for-1172-1-0-3\" >\t\t\t<div class=\"textwidget\"><p><span style=\"font-weight: 400;\"><\/p>\n<p>The multi-user mass spectrometer Triple-TOF6600 (Sciex) was acquired by the CEPID-Redoxoma project (FAPESP Proc. No. # 13-07937-8) coordinated by Profa. Ohara Augusto. The euipment is part of the Redox Analysis Platform (RAP-Redox Analysis Platform), a facilitiry of the Redoxoma group and is installed at the Instituto de Qu\u00edmica-USP.<\/p>\n<p>The mass spectrometer consists of a Q-TOF analyzer (LC-Q-TOF-MS \/ MS) and Duo-Spray (ESI and APCI) and Nano-Spray ionization sources. This system provides high performance, high acquisition speed (up to 100 spectra \/ s), high resolution (up to 35000 in TOFMS mod and 30000 in MS \/ MS mode) and reproducibility, fundamental characteristics for quantitative studies of biomolecules. The mass spectrometer is coupled to two interchangeable liquid chromatography systems:<\/p>\n<p>-Ultra-High Performance Liquid Chromatography, UHPLC (Nexera, Shimadzu)<\/p>\n<p>-Nano-flow Liquid Chromatography (NanoAcquity-UPLC Waters)<\/p>\n<p>Information on how to use the equipment can be fund at the Redoxoma <a href=\"http:\/\/redoxoma.iq.usp.br\/paginas_view.php?idPagina=745&amp;idTopico=1141#.X3ImtC2gS3I\">website<\/a>.<\/p>\n<\/div>\n\t\t<\/div><\/div><\/div><\/div><div id=\"pg-1172-2\"  class=\"panel-grid panel-no-style\" ><div id=\"pgc-1172-2-0\"  class=\"panel-grid-cell\" ><div id=\"panel-1172-2-0-0\" class=\"so-panel widget widget_sow-headline panel-first-child\" data-index=\"4\" ><div\n\t\t\t\n\t\t\tclass=\"so-widget-sow-headline so-widget-sow-headline-default-55d114c08dca-1172\"\n\t\t\t\n\t\t><div class=\"sow-headline-container \">\n\t\t\t\t\t\t<div class=\"decoration\">\n\t\t\t\t\t\t<div class=\"decoration-inside\"><\/div>\n\t\t\t\t\t<\/div>\n\t\t\t\t\t\t\t\t\t\t\t<h2 class=\"sow-headline\">\n\t\t\t\t\t\tRules for Utilization\t\t\t\t\t\t<\/h2>\n\t\t\t\t\t\t<\/div>\n<\/div><\/div><div id=\"panel-1172-2-0-1\" class=\"so-panel widget widget_text\" data-index=\"5\" ><div class=\"panel-widget-style panel-widget-style-for-1172-2-0-1\" >\t\t\t<div class=\"textwidget\"><p><span style=\"font-weight: 400;\">1. The LC-Q-TOF-MS \/ MS system is avaiable for use by the entire public or private scientific community. Interested parties should contact Professor Sayuri Miyamoto (miyamoto@iq.usp.br).<\/p>\n<p>2. The operation of equipment can only be performed by students and\/or technicians with advanced knowledge about mass spectrometry and who have intensive training in operating the equipment.<\/p>\n<p>3. All equipment users are required to pat an equipment maintenance fee. This fee will be charged per hour of use.<\/p>\n<p>4. The fee does not include costs realted to sample preparation steps (internal standards, vials, lids, septa, filters, solvents and other specific reagents and materials).<\/p>\n<p>5. Funds generated constitute a fund for the maintenance of the equipment and will be managed by FUSP (Funda\u00e7\u00e3o de Apoio \u00e0 Universidade de S\u00e3o Paulo).<\/p>\n<p>-Users should express thanks to FAPESP in any scientific dissemination (congresses, scientific articles and others) in which results obtained using the equipment are listed.<\/p>\n<\/div>\n\t\t<\/div><\/div><div id=\"panel-1172-2-0-2\" class=\"so-panel widget widget_sow-headline\" data-index=\"6\" ><div\n\t\t\t\n\t\t\tclass=\"so-widget-sow-headline so-widget-sow-headline-default-55d114c08dca-1172\"\n\t\t\t\n\t\t><div class=\"sow-headline-container \">\n\t\t\t\t\t\t<div class=\"decoration\">\n\t\t\t\t\t\t<div class=\"decoration-inside\"><\/div>\n\t\t\t\t\t<\/div>\n\t\t\t\t\t\t\t\t\t\t\t<h2 class=\"sow-headline\">\n\t\t\t\t\t\tComposition of amount charged\t\t\t\t\t\t<\/h2>\n\t\t\t\t\t\t<\/div>\n<\/div><\/div><div id=\"panel-1172-2-0-3\" class=\"so-panel widget widget_text panel-last-child\" data-index=\"7\" ><div class=\"panel-widget-style panel-widget-style-for-1172-2-0-3\" >\t\t\t<div class=\"textwidget\"><p><span style=\"font-weight: 400;\"> 1. The following fees will be charged for the use of equipment<\/p>\n<p>-Academic scientific community: <strong>R$100.00\/h<\/strong><\/p>\n<p>-Private scientific community: costs will depend on analysis type to be performed.<\/p>\n<p>2. Payments will be made upon payment of bank slip. The invoice will be issued in name of FUSP.<\/p>\n<p><strong>Funda\u00e7\u00e3o de Apoio \u00e0 Universidade de S\u00e3o Paulo \u2013 FUSP<\/strong>.<br \/>\nAv. Afr\u00e2nio Peixoto, 14 &#8211; Butant\u00e3<br \/>\nCEP 05507-000 &#8211; S\u00e3o Paulo &#8211; SP &#8211; Brasil<br \/>\nCNPJ.: 68.314.830\/0001-27 <\/p>\n<p>&nbsp;<\/p>\n<p>&nbsp;<\/p>\n<\/div>\n\t\t<\/div><\/div><\/div><\/div><\/div>","protected":false},"excerpt":{"rendered":"<p>The multi-user mass spectrometer Triple-TOF6600 (Sciex) was acquired by the CEPID-Redoxoma project (FAPESP Proc. No. # 13-07937-8) coordinated by Profa. Ohara Augusto. The euipment is part of the Redox Analysis Platform (RAP-Redox Analysis Platform), a facilitiry of the Redoxoma group and is installed at the Instituto de Qu\u00edmica-USP. The mass spectrometer consists of a Q-TOF<a href=\"https:\/\/sites.usp.br\/miyamoto\/en\/oportunidades\/equipamentos\/\">[&#8230;]<\/a><\/p>\n","protected":false},"author":1200,"featured_media":0,"parent":1173,"menu_order":0,"comment_status":"closed","ping_status":"closed","template":"template-fullwidth-no-title.php","meta":{"footnotes":"","_links_to":"","_links_to_target":""},"class_list":["post-1172","page","type-page","status-publish","hentry"],"_links":{"self":[{"href":"https:\/\/sites.usp.br\/miyamoto\/en\/wp-json\/wp\/v2\/pages\/1172","targetHints":{"allow":["GET"]}}],"collection":[{"href":"https:\/\/sites.usp.br\/miyamoto\/en\/wp-json\/wp\/v2\/pages"}],"about":[{"href":"https:\/\/sites.usp.br\/miyamoto\/en\/wp-json\/wp\/v2\/types\/page"}],"author":[{"embeddable":true,"href":"https:\/\/sites.usp.br\/miyamoto\/en\/wp-json\/wp\/v2\/users\/1200"}],"replies":[{"embeddable":true,"href":"https:\/\/sites.usp.br\/miyamoto\/en\/wp-json\/wp\/v2\/comments?post=1172"}],"version-history":[{"count":4,"href":"https:\/\/sites.usp.br\/miyamoto\/en\/wp-json\/wp\/v2\/pages\/1172\/revisions"}],"predecessor-version":[{"id":1753,"href":"https:\/\/sites.usp.br\/miyamoto\/en\/wp-json\/wp\/v2\/pages\/1172\/revisions\/1753"}],"up":[{"embeddable":true,"href":"https:\/\/sites.usp.br\/miyamoto\/en\/wp-json\/wp\/v2\/pages\/1173"}],"wp:attachment":[{"href":"https:\/\/sites.usp.br\/miyamoto\/en\/wp-json\/wp\/v2\/media?parent=1172"}],"curies":[{"name":"wp","href":"https:\/\/api.w.org\/{rel}","templated":true}]}}