{"id":79,"date":"2014-02-24T16:51:20","date_gmt":"2014-02-24T18:51:20","guid":{"rendered":"http:\/\/sites.usp.br\/miyamoto\/?page_id=79"},"modified":"2021-04-03T00:00:48","modified_gmt":"2021-04-03T02:00:48","slug":"pagina-inicial","status":"publish","type":"page","link":"https:\/\/sites.usp.br\/miyamoto\/","title":{"rendered":"P\u00e1gina Inicial"},"content":{"rendered":"<div id=\"pl-79\"  class=\"panel-layout\" ><div id=\"pg-79-0\"  class=\"panel-grid panel-no-style\" ><div id=\"pgc-79-0-0\"  class=\"panel-grid-cell\" ><div id=\"panel-79-0-0-0\" class=\"so-panel widget widget_sow-hero panel-first-child panel-last-child\" data-index=\"0\" ><div\n\t\t\t\n\t\t\tclass=\"so-widget-sow-hero so-widget-sow-hero-default-94fc8c09202b-79 so-widget-fittext-wrapper\"\n\t\t\t data-fit-text-compressor=\"0.85\"\n\t\t>\t\t\t\t<div class=\"sow-slider-base\" style=\"display: none\" tabindex=\"0\">\n\t\t\t\t\t<ul\n\t\t\t\t\tclass=\"sow-slider-images\"\n\t\t\t\t\tdata-settings=\"{&quot;pagination&quot;:true,&quot;speed&quot;:800,&quot;timeout&quot;:8000,&quot;paused&quot;:false,&quot;pause_on_hover&quot;:false,&quot;swipe&quot;:true,&quot;nav_always_show_desktop&quot;:&quot;&quot;,&quot;nav_always_show_mobile&quot;:&quot;&quot;,&quot;breakpoint&quot;:&quot;780px&quot;,&quot;unmute&quot;:false,&quot;anchor&quot;:null}\"\n\t\t\t\t\tstyle=\"min-height: 550px\"\t\t\t\t\tdata-anchor-id=\"\"\n\t\t\t\t>\t\t<li class=\"sow-slider-image  sow-slider-image-cover\" style=\"visibility: visible;;background-color: #000000\" >\n\t\t\t\t\t<div class=\"sow-slider-image-container\">\n\t\t\t<div class=\"sow-slider-image-wrapper\">\n\t\t\t\t<h2 style=\"text-align: center\"> LipidBioRedox<\/h2>\n<h2 style=\"text-align: center\">Laborat\u00f3rio de Lip\u00eddeos Modificados e Bioqu\u00edmica Redox<\/h2>\n<h2 style=\"text-align: center\">Universidade de S\u00e3o Paulo<\/h2>\n<h2 style=\"text-align: center\"><\/h2>\t\t\t<\/div>\n\t\t<\/div>\n\t\t<div class=\"sow-slider-image-overlay sow-slider-image-cover\" style=\"opacity: 0.4;background-image: url(https:\/\/sites.usp.br\/miyamoto\/wp-content\/uploads\/sites\/844\/2020\/12\/F2.large_.jpg)\"  ><\/div>\t\t<\/li>\n\t\t<\/ul>\t\t\t\t<ol class=\"sow-slider-pagination\">\n\t\t\t\t\t\t\t\t\t\t\t<li><a href=\"#\" data-goto=\"0\" aria-label=\"Display slide 1\"><\/a><\/li>\n\t\t\t\t\t\t\t\t\t<\/ol>\n\n\t\t\t\t<div class=\"sow-slide-nav sow-slide-nav-next\">\n\t\t\t\t\t<a href=\"#\" data-goto=\"next\" aria-label=\"Next slide\" data-action=\"next\">\n\t\t\t\t\t\t<em class=\"sow-sld-icon-thin-right\"><\/em>\n\t\t\t\t\t<\/a>\n\t\t\t\t<\/div>\n\n\t\t\t\t<div class=\"sow-slide-nav sow-slide-nav-prev\">\n\t\t\t\t\t<a href=\"#\" data-goto=\"previous\" aria-label=\"Previous slide\" data-action=\"prev\">\n\t\t\t\t\t\t<em class=\"sow-sld-icon-thin-left\"><\/em>\n\t\t\t\t\t<\/a>\n\t\t\t\t<\/div>\n\t\t\t\t<\/div><\/div><\/div><\/div><\/div><div id=\"pg-79-1\"  class=\"panel-grid panel-no-style\" ><div id=\"pgc-79-1-0\"  class=\"panel-grid-cell panel-grid-cell-empty\" ><\/div><\/div><div id=\"pg-79-2\"  class=\"panel-grid panel-no-style\" ><div id=\"pgc-79-2-0\"  class=\"panel-grid-cell\" ><div id=\"panel-79-2-0-0\" class=\"so-panel widget widget_sow-headline panel-first-child\" data-index=\"1\" ><div\n\t\t\t\n\t\t\tclass=\"so-widget-sow-headline so-widget-sow-headline-default-48108c9d3bcf-79\"\n\t\t\t\n\t\t><div class=\"sow-headline-container \">\n\t\t\t\t\t\t\t<h1 class=\"sow-headline\">\n\t\t\t\t\t\tSobre o laborat\u00f3rio\t\t\t\t\t\t<\/h1>\n\t\t\t\t\t\t\t\t\t\t\t<div class=\"decoration\">\n\t\t\t\t\t\t<div class=\"decoration-inside\"><\/div>\n\t\t\t\t\t<\/div>\n\t\t\t\t\t\t\t\t\t\t\t<h3 class=\"sow-sub-headline\">\n\t\t\t\t\t\tO grupo investiga a forma\u00e7\u00e3o e os efeitos biol\u00f3gicos de lip\u00eddeos oxidados em doen\u00e7as cr\u00f4nico-degenerativas utilizando metodologias \u00f4micas baseadas em espectrometria de massas. Os projetos atuais t\u00eam como foco entender o papel de lip\u00eddeos oxidados em mecanismos de modifica\u00e7\u00e3o e agrega\u00e7\u00e3o proteica. O laborat\u00f3rio tamb\u00e9m desenvolve metodologias anal\u00edticas para identifica\u00e7\u00e3o de biomarcadores e realiza projetos na \u00e1rea de screening de compostos terap\u00eauticos.\t\t\t\t\t\t<\/h3>\n\t\t\t\t\t\t<\/div>\n<\/div><\/div><div id=\"panel-79-2-0-1\" class=\"so-panel widget widget_sow-button panel-last-child\" data-index=\"2\" ><div\n\t\t\t\n\t\t\tclass=\"so-widget-sow-button so-widget-sow-button-atom-206da12e40d4-79\"\n\t\t\t\n\t\t><div class=\"ow-button-base ow-button-align-center\"\n>\n\t\t\t<a\n\t\t\t\t\thref=\"https:\/\/sites.usp.br\/miyamoto\/linha-de-pesquisa\/\"\n\t\t\t\t\tclass=\"sowb-button ow-icon-placement-left ow-button-hover\" target=\"_blank\" rel=\"noopener noreferrer\" \t>\n\t\t<span>\n\t\t\t\n\t\t\tSaiba mais\t\t<\/span>\n\t\t\t<\/a>\n\t<\/div>\n<\/div><\/div><\/div><\/div><div id=\"pg-79-3\"  class=\"panel-grid panel-no-style\" ><div id=\"pgc-79-3-0\"  class=\"panel-grid-cell\" ><div id=\"panel-79-3-0-0\" class=\"so-panel widget widget_media_image panel-first-child panel-last-child\" data-index=\"3\" ><img loading=\"lazy\" decoding=\"async\" width=\"915\" height=\"324\" src=\"https:\/\/sites.usp.br\/miyamoto\/wp-content\/uploads\/sites\/844\/2020\/12\/Slide1.png\" class=\"image wp-image-1290  attachment-full size-full\" alt=\"\" style=\"max-width: 100%; height: auto;\" srcset=\"https:\/\/sites.usp.br\/miyamoto\/wp-content\/uploads\/sites\/844\/2020\/12\/Slide1.png 915w, https:\/\/sites.usp.br\/miyamoto\/wp-content\/uploads\/sites\/844\/2020\/12\/Slide1-300x106.png 300w, https:\/\/sites.usp.br\/miyamoto\/wp-content\/uploads\/sites\/844\/2020\/12\/Slide1-768x272.png 768w, https:\/\/sites.usp.br\/miyamoto\/wp-content\/uploads\/sites\/844\/2020\/12\/Slide1-400x142.png 400w\" sizes=\"auto, (max-width: 915px) 100vw, 915px\" \/><\/div><\/div><\/div><div id=\"pg-79-4\"  class=\"panel-grid panel-no-style\" ><div id=\"pgc-79-4-0\"  class=\"panel-grid-cell panel-grid-cell-empty\" ><\/div><\/div><div id=\"pg-79-5\"  class=\"panel-grid panel-has-style\" ><div class=\"panel-row-style panel-row-style-for-79-5\" ><div id=\"pgc-79-5-0\"  class=\"panel-grid-cell\" ><div id=\"panel-79-5-0-0\" class=\"so-panel widget widget_sow-headline panel-first-child panel-last-child\" data-index=\"4\" ><div\n\t\t\t\n\t\t\tclass=\"so-widget-sow-headline so-widget-sow-headline-default-1e98d0a29f93-79\"\n\t\t\t\n\t\t><div class=\"sow-headline-container \">\n\t\t\t\t\t\t\t<h1 class=\"sow-headline\">\n\t\t\t\t\t\tLip\u00eddeos podem ajudar no diagn\u00f3stico de doen\u00e7as\t\t\t\t\t\t<\/h1>\n\t\t\t\t\t\t\t\t\t\t\t<div class=\"decoration\">\n\t\t\t\t\t\t<div class=\"decoration-inside\"><\/div>\n\t\t\t\t\t<\/div>\n\t\t\t\t\t\t\t\t\t\t\t<h3 class=\"sow-sub-headline\">\n\t\t\t\t\t\tBiomarcadores lip\u00eddicos podem indicar disfun\u00e7\u00f5es no organismo quando identificados como alterados em determinadas condi\u00e7\u00f5es patol\u00f3gicas. A determina\u00e7\u00e3o da estrutura individual de cada lip\u00eddeo \u00e9 feita a partir da mensura\u00e7\u00e3o de sua massa por espectrometria, e a identifica\u00e7\u00e3o pode ser feita em amostras de sangue ou outros diversos tipos celulares. Em humanos, j\u00e1 foram realizados testes para diagn\u00f3stico de doen\u00e7as como Zika e c\u00e2ncer, al\u00e9m de doen\u00e7as degenerativas como esclerose lateral amiotr\u00f3fica (ELA). A incorpora\u00e7\u00e3o da lipid\u00f4mica em testes pode vir a revolucionar o diagn\u00f3stico de doen\u00e7as.\t\t\t\t\t\t<\/h3>\n\t\t\t\t\t\t<\/div>\n<\/div><\/div><\/div><\/div><\/div><div id=\"pg-79-6\"  class=\"panel-grid panel-no-style\" ><div id=\"pgc-79-6-0\"  class=\"panel-grid-cell\" ><div id=\"panel-79-6-0-0\" class=\"so-panel widget widget_sow-headline panel-first-child panel-last-child\" data-index=\"5\" ><div\n\t\t\t\n\t\t\tclass=\"so-widget-sow-headline so-widget-sow-headline-default-bd017cf5dceb-79\"\n\t\t\t\n\t\t><div class=\"sow-headline-container \">\n\t\t\t\t\t\t<div class=\"decoration\">\n\t\t\t\t\t\t<div class=\"decoration-inside\"><\/div>\n\t\t\t\t\t<\/div>\n\t\t\t\t\t<\/div>\n<\/div><\/div><\/div><\/div><div id=\"pg-79-7\"  class=\"panel-grid panel-no-style\" ><div id=\"pgc-79-7-0\"  class=\"panel-grid-cell\" ><div id=\"panel-79-7-0-0\" class=\"so-panel widget widget_media_image panel-first-child panel-last-child\" data-index=\"6\" ><div style=\"width: 310px\" class=\"wp-caption alignnone\"><img loading=\"lazy\" decoding=\"async\" width=\"300\" height=\"298\" src=\"https:\/\/sites.usp.br\/miyamoto\/wp-content\/uploads\/sites\/844\/2020\/11\/20190819_info_esclerose_lateral_amiotrofica-e1607301680639-300x298.jpg\" class=\"image wp-image-714  attachment-medium size-medium\" alt=\"\" style=\"max-width: 100%; height: auto;\" srcset=\"https:\/\/sites.usp.br\/miyamoto\/wp-content\/uploads\/sites\/844\/2020\/11\/20190819_info_esclerose_lateral_amiotrofica-e1607301680639-300x298.jpg 300w, https:\/\/sites.usp.br\/miyamoto\/wp-content\/uploads\/sites\/844\/2020\/11\/20190819_info_esclerose_lateral_amiotrofica-e1607301680639-150x150.jpg 150w, https:\/\/sites.usp.br\/miyamoto\/wp-content\/uploads\/sites\/844\/2020\/11\/20190819_info_esclerose_lateral_amiotrofica-e1607301680639-174x174.jpg 174w, https:\/\/sites.usp.br\/miyamoto\/wp-content\/uploads\/sites\/844\/2020\/11\/20190819_info_esclerose_lateral_amiotrofica-e1607301680639-45x45.jpg 45w, https:\/\/sites.usp.br\/miyamoto\/wp-content\/uploads\/sites\/844\/2020\/11\/20190819_info_esclerose_lateral_amiotrofica-e1607301680639-200x200.jpg 200w, https:\/\/sites.usp.br\/miyamoto\/wp-content\/uploads\/sites\/844\/2020\/11\/20190819_info_esclerose_lateral_amiotrofica-e1607301680639.jpg 366w\" sizes=\"auto, (max-width: 300px) 100vw, 300px\" \/><p class=\"wp-caption-text\">Imagem retirada do Jornal da USP<\/p><\/div><\/div><\/div><div id=\"pgc-79-7-1\"  class=\"panel-grid-cell\" ><div id=\"panel-79-7-1-0\" class=\"so-panel widget widget_sow-editor panel-first-child panel-last-child\" data-index=\"7\" ><div\n\t\t\t\n\t\t\tclass=\"so-widget-sow-editor so-widget-sow-editor-base\"\n\t\t\t\n\t\t>\n<div class=\"siteorigin-widget-tinymce textwidget\">\n\t<\/p>\n<h3 class=\"sow-sub-headline\" style=\"text-align: center;\"><span style=\"color: #000000;\">Em ratos com Esclerose Lateral Amiotr\u00f3fica, foi identificado que ocorre um ac\u00famulo de \u00e9steres de colesterol - incomuns no sistema nervoso central - assim como uma diminui\u00e7\u00e3o nos n\u00edveis de cardiolipina - um lip\u00eddeo encontrado na mitoc\u00f4ndria - na medula espinhal dos animais. A caracteriza\u00e7\u00e3o e quantifica\u00e7\u00e3o de todos os muitos lip\u00eddeos presentes no sistema nervoso central que permitiu esses achados abre caminho para que novas possibilidades de tratamento sejam estudadas. Mais informa\u00e7\u00f5es podem ser encontradas no<\/span> <span style=\"color: #179b7e;\"><a style=\"color: #179b7e;\" href=\"https:\/\/jornal.usp.br\/ciencias\/ciencias-da-saude\/alteracoes-no-metabolismo-de-gordura-estao-ligados-a-progressao-da-esclerose-lateral-amiotrofica\/\" target=\"_blank\" rel=\"noopener\">Jornal da USP<\/a><\/span>. <\/h3>\n<p><\/span><\/h3>\n<p>&nbsp;<\/p>\n<\/div>\n<\/div><\/div><\/div><\/div><div id=\"pg-79-8\"  class=\"panel-grid panel-no-style\" ><div id=\"pgc-79-8-0\"  class=\"panel-grid-cell\" ><div id=\"panel-79-8-0-0\" class=\"so-panel widget widget_sow-headline panel-first-child panel-last-child\" data-index=\"8\" ><div\n\t\t\t\n\t\t\tclass=\"so-widget-sow-headline so-widget-sow-headline-default-ff95021ea74c-79\"\n\t\t\t\n\t\t><div class=\"sow-headline-container \">\n\t\t\t\t\t\t<div class=\"decoration\">\n\t\t\t\t\t\t<div class=\"decoration-inside\"><\/div>\n\t\t\t\t\t<\/div>\n\t\t\t\t\t\t\t\t\t\t\t<h1 class=\"sow-headline\">\n\t\t\t\t\t\t Contate-nos \t\t\t\t\t\t<\/h1>\n\t\t\t\t\t\t\t\t\t\t\t\t<h3 class=\"sow-sub-headline\">\n\t\t\t\t\t\tLipidBioRedox\t\t\t\t\t\t<\/h3>\n\t\t\t\t\t\t<\/div>\n<\/div><\/div><\/div><\/div><div id=\"pg-79-9\"  class=\"panel-grid panel-no-style\" ><div id=\"pgc-79-9-0\"  class=\"panel-grid-cell\" ><div id=\"panel-79-9-0-0\" class=\"so-panel widget widget_sow-image panel-first-child panel-last-child\" data-index=\"9\" ><div\n\t\t\t\n\t\t\tclass=\"so-widget-sow-image so-widget-sow-image-default-8b5b6f678277-79\"\n\t\t\t\n\t\t>\n<div class=\"sow-image-container\">\n\t\t\t<a href=\"https:\/\/www.google.com\/maps\/place\/Av.+Prof.+Lineu+Prestes+-+Butant%C3%A3,+S%C3%A3o+Paulo+-+SP,+05508-000\/@-23.5663548,-46.7396826,15z\/data=!3m1!4b1!4m5!3m4!1s0x94ce5669ea4efa4d:0x8a653a09594831a5!8m2!3d-23.5677919!4d-46.7295179\"\n\t\t\ttarget=\"_blank\" rel=\"noopener noreferrer\" \t\t>\n\t\t\t<img \n\tsrc=\"https:\/\/sites.usp.br\/miyamoto\/wp-content\/uploads\/sites\/844\/2020\/11\/mapa.png\" width=\"769\" height=\"562\" srcset=\"https:\/\/sites.usp.br\/miyamoto\/wp-content\/uploads\/sites\/844\/2020\/11\/mapa.png 769w, https:\/\/sites.usp.br\/miyamoto\/wp-content\/uploads\/sites\/844\/2020\/11\/mapa-300x219.png 300w, https:\/\/sites.usp.br\/miyamoto\/wp-content\/uploads\/sites\/844\/2020\/11\/mapa-400x292.png 400w\" sizes=\"(max-width: 769px) 100vw, 769px\" alt=\"\" \t\tclass=\"so-widget-image\"\/>\n\t\t\t<\/a><\/div>\n\n<\/div><\/div><\/div><div id=\"pgc-79-9-1\"  class=\"panel-grid-cell\" ><div id=\"panel-79-9-1-0\" class=\"so-panel widget widget_sow-features panel-first-child panel-last-child\" data-index=\"10\" ><div\n\t\t\t\n\t\t\tclass=\"so-widget-sow-features so-widget-sow-features-default-0e0f8d436f18-79\"\n\t\t\t\n\t\t><ul\n\tclass=\"sow-features-list\n\tsow-features-responsive\">\n\n\t\t\t<li\n\t\t\tclass=\"sow-features-feature sow-icon-container-position-top\"\n\t\t\tstyle=\"display: flex; flex-direction: column; width: calc(33.333% - 25px);\"\n\t\t>\n\t\t\t\n\t\t\t\t\t\t<div\t\t\t\tclass=\"sow-icon-container sow-container-round\"\n\t\t\t\tstyle=\"color: #ffffff; \"\n\t\t\t\t\n\t\t\t\t\t\t\t>\n\t\t\t\t<span class=\"sow-icon-fontawesome sow-fas\" data-sow-icon=\"&#xf3c5;\"\n\t\tstyle=\"font-size: 24px; color: #0c0c0c\" \n\t\taria-hidden=\"true\"><\/span>\t\t\t<\/div>\n\n\t\t\t<div class=\"textwidget\">\n\t\t\t\t\n\t\t\t\t\n\t\t\t\t\t\t\t\t\t<div class=\"sow-features-feature-text\">\n\t\t\t\t\t<p style=\"text-align: center\">Instituto de Qu\u00edmica<br \/>\nAv. Prof. Lineu Prestes, 748<br \/>\nCidade Universit\u00e1ria - Butant\u00e3<br \/>\nS\u00e3o Paulo - SP<br \/>\nCEP 05508-000<br \/>\nBrasil<\/p>\n\t\t\t\t\t<\/div>\n\t\t\t\t\t\t\t\t<\/div>\n\t\t\t\t\t\t\t\t<\/li>\n\n\t\t\t<li\n\t\t\tclass=\"sow-features-feature sow-icon-container-position-top\"\n\t\t\tstyle=\"display: flex; flex-direction: column; width: calc(33.333% - 25px);\"\n\t\t>\n\t\t\t\n\t\t\t\t\t\t<div\t\t\t\tclass=\"sow-icon-container sow-container-round\"\n\t\t\t\tstyle=\"color: #ffffff; \"\n\t\t\t\t\n\t\t\t\t\t\t\t>\n\t\t\t\t<span class=\"sow-icon-fontawesome sow-fas\" data-sow-icon=\"&#xf075;\"\n\t\tstyle=\"font-size: 24px; color: #0c0c0c\" \n\t\taria-hidden=\"true\"><\/span>\t\t\t<\/div>\n\n\t\t\t<div class=\"textwidget\">\n\t\t\t\t\n\t\t\t\t\n\t\t\t\t\t\t\t\t\t<div class=\"sow-features-feature-text\">\n\t\t\t\t\t<p>miyamoto@iq.usp.br<\/p>\n\t\t\t\t\t<\/div>\n\t\t\t\t\t\t\t\t<\/div>\n\t\t\t\t\t\t\t\t<\/li>\n\n\t<\/ul>\n<\/div><\/div><\/div><\/div><\/div>","protected":false},"excerpt":{"rendered":"<p>LipidBioRedox Laborat\u00f3rio de Lip\u00eddeos Modificados e Bioqu\u00edmica Redox Universidade de S\u00e3o Paulo Sobre o laborat\u00f3rio O grupo investiga a forma\u00e7\u00e3o e os efeitos biol\u00f3gicos de lip\u00eddeos oxidados em doen\u00e7as cr\u00f4nico-degenerativas utilizando metodologias \u00f4micas baseadas em espectrometria de massas. Os projetos atuais t\u00eam como foco entender o papel de lip\u00eddeos oxidados em mecanismos de modifica\u00e7\u00e3o e<a href=\"https:\/\/sites.usp.br\/miyamoto\/\">[&#8230;]<\/a><\/p>\n","protected":false},"author":1,"featured_media":0,"parent":0,"menu_order":0,"comment_status":"closed","ping_status":"closed","template":"template-fullwidth-no-title.php","meta":{"footnotes":"","_links_to":"","_links_to_target":""},"class_list":["post-79","page","type-page","status-publish","hentry"],"_links":{"self":[{"href":"https:\/\/sites.usp.br\/miyamoto\/wp-json\/wp\/v2\/pages\/79","targetHints":{"allow":["GET"]}}],"collection":[{"href":"https:\/\/sites.usp.br\/miyamoto\/wp-json\/wp\/v2\/pages"}],"about":[{"href":"https:\/\/sites.usp.br\/miyamoto\/wp-json\/wp\/v2\/types\/page"}],"author":[{"embeddable":true,"href":"https:\/\/sites.usp.br\/miyamoto\/wp-json\/wp\/v2\/users\/1"}],"replies":[{"embeddable":true,"href":"https:\/\/sites.usp.br\/miyamoto\/wp-json\/wp\/v2\/comments?post=79"}],"version-history":[{"count":6,"href":"https:\/\/sites.usp.br\/miyamoto\/wp-json\/wp\/v2\/pages\/79\/revisions"}],"predecessor-version":[{"id":1871,"href":"https:\/\/sites.usp.br\/miyamoto\/wp-json\/wp\/v2\/pages\/79\/revisions\/1871"}],"wp:attachment":[{"href":"https:\/\/sites.usp.br\/miyamoto\/wp-json\/wp\/v2\/media?parent=79"}],"curies":[{"name":"wp","href":"https:\/\/api.w.org\/{rel}","templated":true}]}}