{"id":911,"date":"2020-11-20T15:05:04","date_gmt":"2020-11-20T17:05:04","guid":{"rendered":"https:\/\/sites.usp.br\/miyamoto\/?page_id=911"},"modified":"2022-08-16T18:38:28","modified_gmt":"2022-08-16T20:38:28","slug":"publicacoes-recentes","status":"publish","type":"page","link":"https:\/\/sites.usp.br\/miyamoto\/publicacoes-recentes\/","title":{"rendered":"Publica\u00e7\u00f5es selecionadas"},"content":{"rendered":"<div id=\"pl-911\"  class=\"panel-layout\" ><div id=\"pg-911-0\"  class=\"panel-grid panel-no-style\" ><div id=\"pgc-911-0-0\"  class=\"panel-grid-cell\" ><div id=\"panel-911-0-0-0\" class=\"so-panel widget widget_sow-editor panel-first-child\" data-index=\"0\" ><div class=\"panel-widget-style panel-widget-style-for-911-0-0-0\" ><div\n\t\t\t\n\t\t\tclass=\"so-widget-sow-editor so-widget-sow-editor-base\"\n\t\t\t\n\t\t>\n<div class=\"siteorigin-widget-tinymce textwidget\">\n\t<h3 style=\"text-align: center;\"><span style=\"color: #179b7e;\"> Clique em DOI para acessar o artigo completo: <\/span><\/h3>\n<p>&nbsp;<\/p>\n<p>&nbsp;<\/p>\n<\/div>\n<\/div><\/div><\/div><div id=\"panel-911-0-0-1\" class=\"so-panel widget widget_sow-editor panel-last-child\" data-index=\"1\" ><div class=\"panel-widget-style panel-widget-style-for-911-0-0-1\" ><div\n\t\t\t\n\t\t\tclass=\"so-widget-sow-editor so-widget-sow-editor-base\"\n\t\t\t\n\t\t>\n<div class=\"siteorigin-widget-tinymce textwidget\">\n\t<p><!-- 1 --><\/p>\n<div class=\"artigo-completo\">\n<div class=\"layout-cell layout-cell-1\">\n<div class=\"layout-cell-pad-5\">\n<p style=\"text-align: justify;\"><span style=\"color: #179b7e;\"><b>#<\/b> <strong>Thermal plasticity of coral reef symbionts is linked to major alterations in their lipidome composition<\/strong><\/span><\/p>\n<p style=\"text-align: justify; padding-left: 40px;\">T. Botana, Marina&nbsp;; Chaves\u2010Filho, Adriano B.&nbsp;; Inague, Alex&nbsp;; Z. G\u00fcth, Arthur&nbsp;; Saldanha\u2010Corr\u00eaa, Flavia&nbsp;; M\u00fcller, Marius N.&nbsp;; Sumida, Paulo Y. G.&nbsp;; <span style=\"color:salmon;\">Miyamoto, Sayuri<\/span>&nbsp;; Kellermann, Matthias Y.&nbsp;; Valentine, Raymond C.&nbsp;; Yoshinaga, Marcos Y.<\/p>\n<p style=\"text-align: justify; padding-left: 40px;\">Limnology and Oceanography, v. 67, n. 7, p. 1456\u20131469, 2022.<\/p>\n<p style=\"text-align: justify; padding-left: 40px;\"><a href=\"http:\/\/dx.doi.org\/10.1002\/lno.12094\" target=\"_blank\" rel=\"noopener noreferrer\">DOI<\/a>: 10.1002\/lno.12094<\/p>\n<\/p><\/div>\n<\/p><\/div>\n<\/div>\n<hr \/>\n<p><!-- 2 --><\/p>\n<div class=\"artigo-completo\">\n<div class=\"layout-cell layout-cell-1\">\n<div class=\"layout-cell-pad-5\">\n<p style=\"text-align: justify;\"><span style=\"color: #179b7e;\"><b>#<\/b> <strong>Oxidative Modification of Proteins: From Damage to Catalysis, Signaling, and Beyond<\/strong><\/span><\/p>\n<p style=\"text-align: justify; padding-left: 40px;\">Demasi, Marilene&nbsp;; Augusto, Ohara&nbsp;; Bechara, Etelvino J.H.&nbsp;; Bicev, Renata N.&nbsp;; Cerqueira, Fernanda M.&nbsp;; da Cunha, Fernanda M.&nbsp;; Denicola, Ana&nbsp;; Gomes, Fernando&nbsp;; <span style=\"color:salmon;\">Miyamoto, Sayuri<\/span>&nbsp;; Netto, Luis E.S.&nbsp;; Randall, L\u00eda M.&nbsp;; Stevani, Cassius V.&nbsp;; Thomson, Leonor<\/p>\n<p style=\"text-align: justify; padding-left: 40px;\">Antioxidants &amp; Redox Signaling, v. 35, n. 12, p. 1016\u20131080, 2021.<\/p>\n<p style=\"text-align: justify; padding-left: 40px;\"><a href=\"http:\/\/dx.doi.org\/10.1089\/ars.2020.8176\" target=\"_blank\" rel=\"noopener noreferrer\">DOI<\/a>: 10.1089\/ars.2020.8176<\/p>\n<\/p><\/div>\n<\/p><\/div>\n<\/div>\n<hr \/>\n<p><!-- 3 --><\/p>\n<div class=\"artigo-completo\">\n<div class=\"layout-cell layout-cell-1\">\n<div class=\"layout-cell-pad-5\">\n<p style=\"text-align: justify;\"><span style=\"color: #179b7e;\"><b>#<\/b> <strong>Electrophilic oxysterols: generation, measurement and protein modification<\/strong><\/span><\/p>\n<p style=\"text-align: justify; padding-left: 40px;\"><span style=\"color:salmon;\">Miyamoto, Sayuri<\/span>&nbsp;; Lima, Rodrigo S.&nbsp;; Inague, Alex&nbsp;; Viviani, Lucas G.<\/p>\n<p style=\"text-align: justify; padding-left: 40px;\">Free Radical Research, v. 55, n. 4, p. 416\u2013440, 2021.<\/p>\n<p style=\"text-align: justify; padding-left: 40px;\"><a href=\"http:\/\/dx.doi.org\/10.1080\/10715762.2021.1879387\" target=\"_blank\" rel=\"noopener noreferrer\">DOI<\/a>: 10.1080\/10715762.2021.1879387<\/p>\n<\/p><\/div>\n<\/p><\/div>\n<\/div>\n<hr \/>\n<p><!-- 4 --><\/p>\n<div class=\"artigo-completo\">\n<div class=\"layout-cell layout-cell-1\">\n<div class=\"layout-cell-pad-5\">\n<p style=\"text-align: justify;\"><span style=\"color: #179b7e;\"><b>#<\/b> <strong>Cytochrome <em>c<\/em> modification and oligomerization induced by cardiolipin hydroperoxides in a membrane mimetic model<\/strong><\/span><\/p>\n<p style=\"text-align: justify; padding-left: 40px;\">Pinto, Isabella Fernanda Dantas&nbsp;; Chaves-Filho, Adriano de Britto&nbsp;; Cunha, Daniela da&nbsp;; <span style=\"color:salmon;\">Miyamoto, Sayuri<\/span><\/p>\n<p style=\"text-align: justify; padding-left: 40px;\">Archives of Biochemistry and Biophysics, v. 693, p. 108568, 2020.<\/p>\n<p style=\"text-align: justify; padding-left: 40px;\"><a href=\"http:\/\/dx.doi.org\/10.1016\/j.abb.2020.108568\" target=\"_blank\" rel=\"noopener noreferrer\">DOI<\/a>: 10.1016\/j.abb.2020.108568<\/p>\n<\/p><\/div>\n<\/p><\/div>\n<\/div>\n<hr \/>\n<p><!-- 5 --><\/p>\n<div class=\"artigo-completo\">\n<div class=\"layout-cell layout-cell-1\">\n<div class=\"layout-cell-pad-5\">\n<p style=\"text-align: justify;\"><span style=\"color: #179b7e;\"><b>#<\/b> <strong>Lipid aldehyde hydrophobicity affects apo-SOD1 modification and aggregation<\/strong><\/span><\/p>\n<p style=\"text-align: justify; padding-left: 40px;\">Dantas, Lucas S.&nbsp;; Viviani, Lucas G.&nbsp;; Inague, Alex&nbsp;; Piccirillo, Erika&nbsp;; Rezende, Leandro de&nbsp;; Ronsein, Graziella E.&nbsp;; Augusto, Ohara&nbsp;; Medeiros, Marisa H.G.&nbsp;; Amaral, Antonia T. do&nbsp;; <span style=\"color:salmon;\">Miyamoto, Sayuri<\/span><\/p>\n<p style=\"text-align: justify; padding-left: 40px;\">Free Radical Biology and Medicine, v. 156, p. 157\u2013167, 2020.<\/p>\n<p style=\"text-align: justify; padding-left: 40px;\"><a href=\"http:\/\/dx.doi.org\/10.1016\/j.freeradbiomed.2020.05.011\" target=\"_blank\" rel=\"noopener noreferrer\">DOI<\/a>: 10.1016\/j.freeradbiomed.2020.05.011<\/p>\n<\/p><\/div>\n<\/p><\/div>\n<\/div>\n<hr \/>\n<p><!-- 6 --><\/p>\n<div class=\"artigo-completo\">\n<div class=\"layout-cell layout-cell-1\">\n<div class=\"layout-cell-pad-5\">\n<p style=\"text-align: justify;\"><span style=\"color: #179b7e;\"><b>#<\/b> <strong>Distinct photo-oxidation-induced cell death pathways lead to selective killing of human breast cancer cells<\/strong><\/span><\/p>\n<p style=\"text-align: justify; padding-left: 40px;\">Dos Santos, Anc\u00e9ly F.&nbsp;; Inague, Alex&nbsp;; Arini, Gabriel S.&nbsp;; Terra, Let\u00edcia F.&nbsp;; Wailemann, Rosangela A. M.&nbsp;; Pimentel, Andr\u00e9 C.&nbsp;; Yoshinaga, Marcos Y.&nbsp;; Silva, Ricardo R.&nbsp;; Severino, Divinomar&nbsp;; de Almeida, Daria Raquel Q.&nbsp;; Gomes, Vin\u00edcius M.&nbsp;; Bruni-Cardoso, Alexandre&nbsp;; Terra, Walter R.&nbsp;; <span style=\"color:salmon;\">Miyamoto, Sayuri<\/span>&nbsp;; Baptista, Maur\u00edcio S.&nbsp;; Labriola, Leticia<\/p>\n<p style=\"text-align: justify; padding-left: 40px;\">Cell Death &amp; Disease, v. 11, n. 12, 2020.<\/p>\n<p style=\"text-align: justify; padding-left: 40px;\"><a href=\"http:\/\/dx.doi.org\/10.1038\/s41419-020-03275-2\" target=\"_blank\" rel=\"noopener noreferrer\">DOI<\/a>: 10.1038\/s41419-020-03275-2<\/p>\n<\/p><\/div>\n<\/p><\/div>\n<\/div>\n<hr \/>\n<p><!-- 7 --><\/p>\n<div class=\"artigo-completo\">\n<div class=\"layout-cell layout-cell-1\">\n<div class=\"layout-cell-pad-5\">\n<p style=\"text-align: justify;\"><span style=\"color: #179b7e;\"><b>#<\/b> <strong>Ferroptosis: The Greasy Side of Cell Death<\/strong><\/span><\/p>\n<p style=\"text-align: justify; padding-left: 40px;\">Friedmann Angeli, Jos\u00e9 Pedro&nbsp;; <span style=\"color:salmon;\">Miyamoto, Sayuri<\/span>&nbsp;; Schulze, Almut<\/p>\n<p style=\"text-align: justify; padding-left: 40px;\">Chemical Research in Toxicology, v. 32, n. 3, p. 362\u2013369, 2019.<\/p>\n<p style=\"text-align: justify; padding-left: 40px;\"><a href=\"http:\/\/dx.doi.org\/10.1021\/acs.chemrestox.8b00349\" target=\"_blank\" rel=\"noopener noreferrer\">DOI<\/a>: 10.1021\/acs.chemrestox.8b00349<\/p>\n<\/p><\/div>\n<\/p><\/div>\n<\/div>\n<hr \/>\n<\/div>\n<\/div><\/div><\/div><\/div><\/div><div id=\"pg-911-1\"  class=\"panel-grid panel-no-style\" ><div id=\"pgc-911-1-0\"  class=\"panel-grid-cell\" ><div id=\"panel-911-1-0-0\" class=\"so-panel widget widget_sow-editor panel-first-child panel-last-child\" data-index=\"2\" ><div class=\"panel-widget-style panel-widget-style-for-911-1-0-0\" ><div\n\t\t\t\n\t\t\tclass=\"so-widget-sow-editor so-widget-sow-editor-base\"\n\t\t\t\n\t\t>\n<div class=\"siteorigin-widget-tinymce textwidget\">\n\t<p><span style=\"color: #179b7e;\"><strong># Alterations in lipid metabolism of spinal cord linked to amyotrophic lateral sclerosis<\/strong><\/span><\/p>\n<p style=\"padding-left: 40px;\">Chaves-Filho, A. B.; Pinto, I. F. D.; Dantas, L. S.; Xavier, A. M.; Inague, A.; Faria, R. L.; Medeiros, M. H. G.; Glezer, I.; Yoshinaga, M. Y.; Miyamoto, S.<\/p>\n<p style=\"padding-left: 40px;\">Scientific Reports, 9 (1), 11642, 2019.<\/p>\n<p style=\"padding-left: 40px;\"><a href=\"http:\/\/dx.doi.org\/10.1038\/s41598-019-48059-7\" target=\"_blank\" rel=\"noopener noreferrer\">DOI<\/a>: 10.1038\/s41598-019-48059-7<\/p>\n<p style=\"padding-left: 40px;\">\n<\/div>\n<\/div><\/div><\/div><\/div><div id=\"pgc-911-1-1\"  class=\"panel-grid-cell\" ><div id=\"panel-911-1-1-0\" class=\"so-panel widget widget_sow-image panel-first-child panel-last-child\" data-index=\"3\" ><div\n\t\t\t\n\t\t\tclass=\"so-widget-sow-image so-widget-sow-image-default-8b5b6f678277-911\"\n\t\t\t\n\t\t>\n<div class=\"sow-image-container\">\n\t\t\t<a href=\"https:\/\/www.nature.com\/articles\/s41598-019-48059-7\"\n\t\t\ttarget=\"_blank\" rel=\"noopener noreferrer\" \t\t>\n\t\t\t<img \n\tsrc=\"https:\/\/sites.usp.br\/miyamoto\/wp-content\/uploads\/sites\/844\/2020\/12\/41598_2019_48059_Fig8_HTML-300x289.png\" width=\"300\" height=\"289\" srcset=\"https:\/\/sites.usp.br\/miyamoto\/wp-content\/uploads\/sites\/844\/2020\/12\/41598_2019_48059_Fig8_HTML-300x289.png 300w, https:\/\/sites.usp.br\/miyamoto\/wp-content\/uploads\/sites\/844\/2020\/12\/41598_2019_48059_Fig8_HTML-768x740.png 768w, https:\/\/sites.usp.br\/miyamoto\/wp-content\/uploads\/sites\/844\/2020\/12\/41598_2019_48059_Fig8_HTML-400x386.png 400w, https:\/\/sites.usp.br\/miyamoto\/wp-content\/uploads\/sites\/844\/2020\/12\/41598_2019_48059_Fig8_HTML.png 995w\" sizes=\"(max-width: 300px) 100vw, 300px\" alt=\"\" \t\tclass=\"so-widget-image\"\/>\n\t\t\t<\/a><\/div>\n\n<\/div><\/div><\/div><\/div><div id=\"pg-911-2\"  class=\"panel-grid panel-no-style\" ><div id=\"pgc-911-2-0\"  class=\"panel-grid-cell\" ><div id=\"panel-911-2-0-0\" class=\"so-panel widget widget_sow-editor panel-first-child panel-last-child\" data-index=\"4\" ><div class=\"panel-widget-style panel-widget-style-for-911-2-0-0\" ><div\n\t\t\t\n\t\t\tclass=\"so-widget-sow-editor so-widget-sow-editor-base\"\n\t\t\t\n\t\t>\n<div class=\"siteorigin-widget-tinymce textwidget\">\n\t<p><strong><span style=\"color: #179b7e;\"># Mass Spectrometry Characterization of Thiol Conjugates Linked to Polyoxygenated Polyunsaturated Fatty Acid Species<\/span><\/strong><\/p>\n<p style=\"padding-left: 40px;\">Chaves-Filho, A. B.; Yoshinaga, M. Y.; Dantas, L. S.; Diniz, L. R.; Pinto, I. F. D.; Miyamoto, S.<\/p>\n<p style=\"padding-left: 40px;\">Chem Res Toxicol, 32 (10), 2028, 2019.<\/p>\n<p style=\"padding-left: 40px;\"><a href=\"http:\/\/dx.doi.org\/10.1021\/acs.chemrestox.9b00199\" target=\"_blank\" rel=\"noopener noreferrer\">DOI<\/a>: 10.1021\/acs.chemrestox.9b00199<\/p>\n<p><span style=\"color: #179b7e;\"><strong># Cholesterol Secosterol Aldehyde Adduction and Aggregation of Cu,Zn-Superoxide Dismutase: Potential Implications in ALS<\/strong><\/span><\/p>\n<p style=\"padding-left: 40px;\">Dantas, L. S.; Chaves Filho, A. B.; Coelho, F. R.; Genaro-Mattos, T. C.; Tallman, K.A.; Porter, N. A.; Augusto, O.; Miyamoto, S.<\/p>\n<p style=\"padding-left: 40px;\">Redox Biology, p. 105-115, 2018.<\/p>\n<p style=\"padding-left: 40px;\"><a href=\"http:\/\/dx.doi.org\/10.1016\/j.redox.2018.08.007\" target=\"_blank\" rel=\"noopener noreferrer\">DOI<\/a>: 10.1016\/j.redox.2018.08.007<\/p>\n<p><span style=\"color: #179b7e;\"><strong># Ferroptosis: The Greasy Side of Cell Death.\u00a0<\/strong><\/span><\/p>\n<p style=\"padding-left: 40px;\">Friedmann Angeli, JP Miyamoto, S; Schulze, A.<\/p>\n<p style=\"padding-left: 40px;\">Chem Res Toxicol, 32, 362-369, 2019.<\/p>\n<p style=\"padding-left: 40px;\"><a href=\"http:\/\/dx.doi.org\/10.1021\/acs.chemrestox.8b00349\" target=\"_blank\" rel=\"noopener noreferrer\">DOI<\/a>: 10.1021\/acs.chemrestox.8b00349<\/p>\n<p><span style=\"color: #179b7e;\"><strong># Singlet molecular oxygen reactions with nucleic acids, lipids, and proteins.\u00a0<\/strong><\/span><\/p>\n<p style=\"padding-left: 40px;\">Di Mascio, P.; Martinez, G.R.; Miyamoto, S.; Ronsein, G.E.; Medeiros, M.H.G.; Cadet, J.<\/p>\n<p style=\"padding-left: 40px;\">Chemical Reviews 119, 3, 2043-2086, 2019.<\/p>\n<p style=\"padding-left: 40px;\"><a href=\"http:\/\/dx.doi.org\/10.1021\/acs.chemrev.8b00554\" target=\"_blank\" rel=\"noopener noreferrer\">DOI<\/a>: 10.1021\/acs.chemrev.8b00554<\/p>\n<p><span style=\"color: #179b7e;\"><strong># Photosensitized membrane permeabilization requires contact-dependent reactions between photosensitizer and lipids.\u00a0<\/strong><\/span><\/p>\n<p style=\"padding-left: 40px;\">Bacellar, Isabel; Oliveira, Maria Cec\u00edlia; Dantas, Lucas; Costa, Elierge ; Junqueira, Helena Couto ; Martins, Waleska Kerllen ; Durantini, Andr\u00e9s M. ; Cosa, Gonzalo ; Di Mascio, Paolo ; Wainwright, Mark ; Miotto, Ronei ; Cordeiro, Rodrigo Maghdissian; Miyamoto, S.; Baptista, Maur\u00edcio S.<\/p>\n<p style=\"padding-left: 40px;\">J. Am. Chem. Soc., 2018.<\/p>\n<p style=\"padding-left: 40px;\"><a href=\"http:\/\/dx.doi.org\/10.1021\/jacs.8b05014\" target=\"_blank\" rel=\"noopener noreferrer\">DOI<\/a>:\u00a010.1021\/jacs.8b05014<\/p>\n<\/div>\n<\/div><\/div><\/div><\/div><\/div><div id=\"pg-911-3\"  class=\"panel-grid panel-no-style\" ><div id=\"pgc-911-3-0\"  class=\"panel-grid-cell\" ><div id=\"panel-911-3-0-0\" class=\"so-panel widget widget_sow-editor panel-first-child panel-last-child\" data-index=\"5\" ><div class=\"panel-widget-style panel-widget-style-for-911-3-0-0\" ><div\n\t\t\t\n\t\t\tclass=\"so-widget-sow-editor so-widget-sow-editor-base\"\n\t\t\t\n\t\t>\n<div class=\"siteorigin-widget-tinymce textwidget\">\n\t<p><span style=\"color: #179b7e;\"><strong># Selenium Utilization by GPX4 Is Required to Prevent Hydroperoxide-Induced Ferroptosis.\u00a0<\/strong><\/span><\/p>\n<p style=\"padding-left: 40px;\">Ingold, I.; Berndt, C.; Schmitt, S.; Doll, S.; Poschmann, G.; Buday, K.; Roveri, A.; Peng, X.; Porto Freitas, F.; Seibt, T.; Mehr, L.; Aichler, M.; Walch, A.; Lamp, D.; Jastroch, M.; Miyamoto, S.; Wurst, W.; Ursini, F.; Arn\u00e9r, E.S.J.; Fradejas-Villar, N.; Schweizer, U.; Zischka, H.; Friedmann Angeli, J.P.; Conrad, M..<\/p>\n<p style=\"padding-left: 40px;\">Cell, p. 409-422, 2018.<\/p>\n<p style=\"padding-left: 40px;\"><a href=\"https:\/\/www.cell.com\/action\/showPdf?pii=S0092-8674%2817%2931438-1\" target=\"_blank\" rel=\"noopener noreferrer\">DOI<\/a>:\u00a010.1016\/j.cell.2017.11.048<\/p>\n<p style=\"padding-left: 40px;\">\n<\/div>\n<\/div><\/div><\/div><\/div><div id=\"pgc-911-3-1\"  class=\"panel-grid-cell\" ><div id=\"panel-911-3-1-0\" class=\"so-panel widget widget_sow-image panel-first-child panel-last-child\" data-index=\"6\" ><div class=\"panel-widget-style panel-widget-style-for-911-3-1-0\" ><div\n\t\t\t\n\t\t\tclass=\"so-widget-sow-image so-widget-sow-image-default-8b5b6f678277-911\"\n\t\t\t\n\t\t>\n<div class=\"sow-image-container\">\n\t\t\t<a href=\"https:\/\/www.cell.com\/cell\/fulltext\/S0092-8674(17)31438-1?_returnURL=https%3A%2F%2Flinkinghub.elsevier.com%2Fretrieve%2Fpii%2FS0092867417314381%3Fshowall%3Dtrue\"\n\t\t\ttarget=\"_blank\" rel=\"noopener noreferrer\" \t\t>\n\t\t\t<img \n\tsrc=\"https:\/\/sites.usp.br\/miyamoto\/wp-content\/uploads\/sites\/844\/2020\/12\/fx1-2-300x300.jpg\" width=\"300\" height=\"300\" srcset=\"https:\/\/sites.usp.br\/miyamoto\/wp-content\/uploads\/sites\/844\/2020\/12\/fx1-2-300x300.jpg 300w, https:\/\/sites.usp.br\/miyamoto\/wp-content\/uploads\/sites\/844\/2020\/12\/fx1-2-150x150.jpg 150w, https:\/\/sites.usp.br\/miyamoto\/wp-content\/uploads\/sites\/844\/2020\/12\/fx1-2-250x250.jpg 250w, https:\/\/sites.usp.br\/miyamoto\/wp-content\/uploads\/sites\/844\/2020\/12\/fx1-2-174x174.jpg 174w, https:\/\/sites.usp.br\/miyamoto\/wp-content\/uploads\/sites\/844\/2020\/12\/fx1-2-45x45.jpg 45w, https:\/\/sites.usp.br\/miyamoto\/wp-content\/uploads\/sites\/844\/2020\/12\/fx1-2-200x200.jpg 200w, https:\/\/sites.usp.br\/miyamoto\/wp-content\/uploads\/sites\/844\/2020\/12\/fx1-2.jpg 375w\" sizes=\"(max-width: 300px) 100vw, 300px\" alt=\"\" \t\tclass=\"so-widget-image\"\/>\n\t\t\t<\/a><\/div>\n\n<h3 class=\"widget-title\"><\/h3><\/div><\/div><\/div><\/div><\/div><div id=\"pg-911-4\"  class=\"panel-grid panel-no-style\" ><div id=\"pgc-911-4-0\"  class=\"panel-grid-cell\" ><div id=\"panel-911-4-0-0\" class=\"so-panel widget widget_sow-editor panel-first-child panel-last-child\" data-index=\"7\" ><div class=\"panel-widget-style panel-widget-style-for-911-4-0-0\" ><div\n\t\t\t\n\t\t\tclass=\"so-widget-sow-editor so-widget-sow-editor-base\"\n\t\t\t\n\t\t>\n<div class=\"siteorigin-widget-tinymce textwidget\">\n\t<p><span style=\"color: #179b7e;\"><strong># Ohr plays a central role in bacterial responses against fatty acid hydroperoxides and peroxynitrite.\u00a0<\/strong><\/span><\/p>\n<p style=\"padding-left: 40px;\">Alegria, T.G.P.; Meireles, D.A.; Cussiol, J.R.R.; Hugo, M.; Trujillo, M.; De Oliveira, M.A.; Miyamoto, S.; Queiroz, R.F.; Valadares, N. F.; Garratt, R.C.; Radi, R.; Di Mascio, P.; Augusto, O.; Netto, L. E. S.<\/p>\n<p style=\"padding-left: 40px;\">PNAS, 114, 2017.<\/p>\n<p style=\"padding-left: 40px;\"><a href=\"http:\/\/dx.doi.org\/10.1073\/pnas.1619659114\" target=\"_blank\" rel=\"noopener noreferrer\">DOI<\/a>: 10.1073\/pnas.1619659114<\/p>\n<\/div>\n<\/div><\/div><\/div><\/div><\/div><\/div>","protected":false},"excerpt":{"rendered":"<p>Clique em DOI para acessar o artigo completo: &nbsp; &nbsp; # Thermal plasticity of coral reef symbionts is linked to major alterations in their lipidome composition T. Botana, Marina&nbsp;; Chaves\u2010Filho, Adriano B.&nbsp;; Inague, Alex&nbsp;; Z. G\u00fcth, Arthur&nbsp;; Saldanha\u2010Corr\u00eaa, Flavia&nbsp;; M\u00fcller, Marius N.&nbsp;; Sumida, Paulo Y. G.&nbsp;; Miyamoto, Sayuri&nbsp;; Kellermann, Matthias Y.&nbsp;; Valentine, Raymond C.&nbsp;; Yoshinaga,<a href=\"https:\/\/sites.usp.br\/miyamoto\/publicacoes-recentes\/\">[&#8230;]<\/a><\/p>\n","protected":false},"author":1200,"featured_media":0,"parent":0,"menu_order":0,"comment_status":"closed","ping_status":"closed","template":"template-fullwidth-no-title.php","meta":{"footnotes":"","_links_to":"","_links_to_target":""},"class_list":["post-911","page","type-page","status-publish","hentry"],"_links":{"self":[{"href":"https:\/\/sites.usp.br\/miyamoto\/wp-json\/wp\/v2\/pages\/911","targetHints":{"allow":["GET"]}}],"collection":[{"href":"https:\/\/sites.usp.br\/miyamoto\/wp-json\/wp\/v2\/pages"}],"about":[{"href":"https:\/\/sites.usp.br\/miyamoto\/wp-json\/wp\/v2\/types\/page"}],"author":[{"embeddable":true,"href":"https:\/\/sites.usp.br\/miyamoto\/wp-json\/wp\/v2\/users\/1200"}],"replies":[{"embeddable":true,"href":"https:\/\/sites.usp.br\/miyamoto\/wp-json\/wp\/v2\/comments?post=911"}],"version-history":[{"count":5,"href":"https:\/\/sites.usp.br\/miyamoto\/wp-json\/wp\/v2\/pages\/911\/revisions"}],"predecessor-version":[{"id":1915,"href":"https:\/\/sites.usp.br\/miyamoto\/wp-json\/wp\/v2\/pages\/911\/revisions\/1915"}],"wp:attachment":[{"href":"https:\/\/sites.usp.br\/miyamoto\/wp-json\/wp\/v2\/media?parent=911"}],"curies":[{"name":"wp","href":"https:\/\/api.w.org\/{rel}","templated":true}]}}