{"id":978,"date":"2020-11-24T23:30:04","date_gmt":"2020-11-25T01:30:04","guid":{"rendered":"https:\/\/sites.usp.br\/miyamoto\/?page_id=978"},"modified":"2022-01-05T18:30:23","modified_gmt":"2022-01-05T20:30:23","slug":"noticias","status":"publish","type":"page","link":"https:\/\/sites.usp.br\/miyamoto\/noticias\/","title":{"rendered":"Not\u00edcias"},"content":{"rendered":"<div id=\"pl-978\"  class=\"panel-layout\" ><div id=\"pg-978-0\"  class=\"panel-grid panel-no-style\" ><div id=\"pgc-978-0-0\"  class=\"panel-grid-cell panel-grid-cell-empty\" ><\/div><\/div><div id=\"pg-978-1\"  class=\"panel-grid panel-no-style\" ><div id=\"pgc-978-1-0\"  class=\"panel-grid-cell\" ><div id=\"panel-978-1-0-0\" class=\"so-panel widget widget_siteorigin-panels-builder panel-first-child panel-last-child\" data-index=\"0\" ><div id=\"pl-w61d5ffdf05b52\"  class=\"panel-layout\" ><div id=\"pg-w61d5ffdf05b52-0\"  class=\"panel-grid panel-no-style\" ><div id=\"pgc-w61d5ffdf05b52-0-0\"  class=\"panel-grid-cell panel-grid-cell-empty\" ><\/div><\/div><div id=\"pg-w61d5ffdf05b52-1\"  class=\"panel-grid panel-no-style\" ><div id=\"pgc-w61d5ffdf05b52-1-0\"  class=\"panel-grid-cell panel-grid-cell-mobile-last\" ><div id=\"panel-w61d5ffdf05b52-1-0-0\" class=\"so-panel widget widget_sow-editor panel-first-child\" data-index=\"0\" ><div\n\t\t\t\n\t\t\tclass=\"so-widget-sow-editor so-widget-sow-editor-base\"\n\t\t\t\n\t\t>\n<div class=\"siteorigin-widget-tinymce textwidget\">\n\t<h3><span style=\"color: #179b7e;\"> Podcast NOX - Esclerose Lateral Amiotr\u00f3fica (ELA)<\/span><\/h3>\n<h3><span style=\"color: #179b7e;\"><\/span><\/h3>\n<\/div>\n<\/div><\/div><div id=\"panel-w61d5ffdf05b52-1-0-1\" class=\"so-panel widget widget_sow-social-media-buttons panel-last-child\" data-index=\"1\" ><div\n\t\t\t\n\t\t\tclass=\"so-widget-sow-social-media-buttons so-widget-sow-social-media-buttons-atom-2e7986abf276\"\n\t\t\t\n\t\t>\n\n<div class=\"social-media-button-container\">\n\t\n\t\t<a \n\t\tclass=\"ow-button-hover sow-social-media-button-facebook-0 sow-social-media-button\" title=\"Laborat\u00f3rio de Lip\u00eddeos Modificados e Bioqu\u00edmica Redox em Facebook\" aria-label=\"Laborat\u00f3rio de Lip\u00eddeos Modificados e Bioqu\u00edmica Redox em Facebook\" target=\"_blank\" rel=\"noopener noreferrer\" href=\"https:\/\/www.facebook.com\/noxx.podcast\/?ref=py_c\" \t\t>\n\t\t\t<span>\n\t\t\t\t\t\t\t\t<span class=\"sow-icon-fontawesome sow-fab\" data-sow-icon=\"&#xf39e;\"\n\t\t \n\t\taria-hidden=\"true\"><\/span>\t\t\t\t\t\t\t<\/span>\n\t\t<\/a>\n\t\n\t\t<a \n\t\tclass=\"ow-button-hover sow-social-media-button-spotify-0 sow-social-media-button\" title=\"Laborat\u00f3rio de Lip\u00eddeos Modificados e Bioqu\u00edmica Redox em Spotify\" aria-label=\"Laborat\u00f3rio de Lip\u00eddeos Modificados e Bioqu\u00edmica Redox em Spotify\" target=\"_blank\" rel=\"noopener noreferrer\" href=\"https:\/\/open.spotify.com\/episode\/0z4Peenk1djHXzXPbOdoXC?si=I-x7RkgsRzKHuLlJNiWw\" \t\t>\n\t\t\t<span>\n\t\t\t\t\t\t\t\t<span class=\"sow-icon-fontawesome sow-fab\" data-sow-icon=\"&#xf1bc;\"\n\t\t \n\t\taria-hidden=\"true\"><\/span>\t\t\t\t\t\t\t<\/span>\n\t\t<\/a>\n\t<\/div>\n<\/div><\/div><\/div><div id=\"pgc-w61d5ffdf05b52-1-1\"  class=\"panel-grid-cell panel-grid-cell-empty\" ><\/div><\/div><div id=\"pg-w61d5ffdf05b52-2\"  class=\"panel-grid panel-no-style\" ><div id=\"pgc-w61d5ffdf05b52-2-0\"  class=\"panel-grid-cell\" ><div id=\"panel-w61d5ffdf05b52-2-0-0\" class=\"so-panel widget widget_sow-editor panel-first-child\" data-index=\"2\" ><div\n\t\t\t\n\t\t\tclass=\"so-widget-sow-editor so-widget-sow-editor-base\"\n\t\t\t\n\t\t>\n<div class=\"siteorigin-widget-tinymce textwidget\">\n\t<p><img loading=\"lazy\" decoding=\"async\" class=\"wp-image-714 size-thumbnail alignnone\" src=\"https:\/\/sites.usp.br\/miyamoto\/wp-content\/uploads\/sites\/844\/2020\/11\/20190819_info_esclerose_lateral_amiotrofica-e1607301680639-150x150.jpg\" alt=\"\" width=\"150\" height=\"150\" srcset=\"https:\/\/sites.usp.br\/miyamoto\/wp-content\/uploads\/sites\/844\/2020\/11\/20190819_info_esclerose_lateral_amiotrofica-e1607301680639-150x150.jpg 150w, https:\/\/sites.usp.br\/miyamoto\/wp-content\/uploads\/sites\/844\/2020\/11\/20190819_info_esclerose_lateral_amiotrofica-e1607301680639-300x298.jpg 300w, https:\/\/sites.usp.br\/miyamoto\/wp-content\/uploads\/sites\/844\/2020\/11\/20190819_info_esclerose_lateral_amiotrofica-e1607301680639-250x250.jpg 250w, https:\/\/sites.usp.br\/miyamoto\/wp-content\/uploads\/sites\/844\/2020\/11\/20190819_info_esclerose_lateral_amiotrofica-e1607301680639-174x174.jpg 174w, https:\/\/sites.usp.br\/miyamoto\/wp-content\/uploads\/sites\/844\/2020\/11\/20190819_info_esclerose_lateral_amiotrofica-e1607301680639-45x45.jpg 45w, https:\/\/sites.usp.br\/miyamoto\/wp-content\/uploads\/sites\/844\/2020\/11\/20190819_info_esclerose_lateral_amiotrofica-e1607301680639-200x200.jpg 200w, https:\/\/sites.usp.br\/miyamoto\/wp-content\/uploads\/sites\/844\/2020\/11\/20190819_info_esclerose_lateral_amiotrofica-e1607301680639.jpg 366w\" sizes=\"auto, (max-width: 150px) 100vw, 150px\" \/><\/p><\/p>\n<\/div>\n<\/div><\/div><div id=\"panel-w61d5ffdf05b52-2-0-1\" class=\"so-panel widget widget_sow-editor\" data-index=\"3\" ><div\n\t\t\t\n\t\t\tclass=\"so-widget-sow-editor so-widget-sow-editor-base\"\n\t\t\t\n\t\t>\n<div class=\"siteorigin-widget-tinymce textwidget\">\n\t<h4><span style=\"color: #179b7e;\">Altera\u00e7\u00f5es no metabolismo de gordura est\u00e3o ligadas \u00e0 progress\u00e3o da Esclerose Lateral Amiotr\u00f3fica<\/span><\/h4>\n<p><span style=\"font-weight: 400;\"><a href=\"https:\/\/jornal.usp.br\/ciencias\/ciencias-da-saude\/alteracoes-no-metabolismo-de-gordura-estao-ligados-a-progressao-da-esclerose-lateral-amiotrofica\/\" target=\"_blank\" rel=\"noopener noreferrer\">Jornal da USP<\/a> (19\/08\/2019)<\/span><\/p>\n<p><a href=\"https:\/\/www.uol.com.br\/vivabem\/noticias\/redacao\/2019\/08\/20\/alteracoes-no-metabolismo-de-gordura-estao-ligadas-a-progressao-da-ela.htm\" target=\"_blank\" rel=\"noopener noreferrer\"><span style=\"font-weight: 400;\">Site do UOL<\/span><\/a><span style=\"font-weight: 400;\"> (20\/08\/2019)<\/span><\/p>\n<h4><span style=\"color: #179b7e;\"><\/span><\/p>\n<\/div>\n<\/div><\/div><div id=\"panel-w61d5ffdf05b52-2-0-2\" class=\"so-panel widget widget_sow-image\" data-index=\"4\" ><div\n\t\t\t\n\t\t\tclass=\"so-widget-sow-image so-widget-sow-image-default-8b5b6f678277\"\n\t\t\t\n\t\t>\n<div class=\"sow-image-container\">\n\t\t<img \n\tsrc=\"https:\/\/sites.usp.br\/miyamoto\/wp-content\/uploads\/sites\/844\/2020\/12\/lipidomics-150x150.png\" width=\"150\" height=\"150\" srcset=\"https:\/\/sites.usp.br\/miyamoto\/wp-content\/uploads\/sites\/844\/2020\/12\/lipidomics-150x150.png 150w, https:\/\/sites.usp.br\/miyamoto\/wp-content\/uploads\/sites\/844\/2020\/12\/lipidomics-250x250.png 250w, https:\/\/sites.usp.br\/miyamoto\/wp-content\/uploads\/sites\/844\/2020\/12\/lipidomics-174x174.png 174w, https:\/\/sites.usp.br\/miyamoto\/wp-content\/uploads\/sites\/844\/2020\/12\/lipidomics-45x45.png 45w, https:\/\/sites.usp.br\/miyamoto\/wp-content\/uploads\/sites\/844\/2020\/12\/lipidomics-200x200.png 200w\" sizes=\"(max-width: 150px) 100vw, 150px\" alt=\"\" \t\tclass=\"so-widget-image\"\/>\n\t<\/div>\n\n<\/div><\/div><div id=\"panel-w61d5ffdf05b52-2-0-3\" class=\"so-panel widget widget_sow-editor panel-last-child\" data-index=\"5\" ><div\n\t\t\t\n\t\t\tclass=\"so-widget-sow-editor so-widget-sow-editor-base\"\n\t\t\t\n\t\t>\n<div class=\"siteorigin-widget-tinymce textwidget\">\n\t<h4><span style=\"color: #179b7e;\">Promises and Obstacles in Lipidomics Research<\/span><\/h4>\n<p><a href=\"https:\/\/www.technologynetworks.com\/proteomics\/articles\/promises-and-obstacles-in-lipidomics-research-325180\" target=\"_blank\" rel=\"noopener noreferrer\">Technology Networks<\/a> (15\/10\/2019)<\/p>\n<h4><span style=\"color: #179b7e;\"><\/p>\n<\/div>\n<\/div><\/div><\/div><div id=\"pgc-w61d5ffdf05b52-2-1\"  class=\"panel-grid-cell\" ><div id=\"panel-w61d5ffdf05b52-2-1-0\" class=\"so-panel widget widget_sow-image panel-first-child\" data-index=\"6\" ><div\n\t\t\t\n\t\t\tclass=\"so-widget-sow-image so-widget-sow-image-default-8b5b6f678277\"\n\t\t\t\n\t\t>\n<div class=\"sow-image-container\">\n\t\t<img \n\tsrc=\"https:\/\/sites.usp.br\/miyamoto\/wp-content\/uploads\/sites\/844\/2020\/12\/ALS-150x150.png\" width=\"150\" height=\"150\" srcset=\"https:\/\/sites.usp.br\/miyamoto\/wp-content\/uploads\/sites\/844\/2020\/12\/ALS-150x150.png 150w, https:\/\/sites.usp.br\/miyamoto\/wp-content\/uploads\/sites\/844\/2020\/12\/ALS-250x250.png 250w, https:\/\/sites.usp.br\/miyamoto\/wp-content\/uploads\/sites\/844\/2020\/12\/ALS-174x174.png 174w, https:\/\/sites.usp.br\/miyamoto\/wp-content\/uploads\/sites\/844\/2020\/12\/ALS-45x45.png 45w, https:\/\/sites.usp.br\/miyamoto\/wp-content\/uploads\/sites\/844\/2020\/12\/ALS-200x200.png 200w\" sizes=\"(max-width: 150px) 100vw, 150px\" alt=\"\" \t\tclass=\"so-widget-image\"\/>\n\t<\/div>\n\n<\/div><\/div><div id=\"panel-w61d5ffdf05b52-2-1-1\" class=\"so-panel widget widget_sow-editor\" data-index=\"7\" ><div\n\t\t\t\n\t\t\tclass=\"so-widget-sow-editor so-widget-sow-editor-base\"\n\t\t\t\n\t\t>\n<div class=\"siteorigin-widget-tinymce textwidget\">\n\t<h4><span style=\"color: #179b7e;\"> Changes in Lipid Levels and Metabolism in Spinal Cord Mirror ALS Progression, Early Study Suggests<\/span><\/h4>\n<p><a href=\"https:\/\/alsnewstoday.com\/news-posts\/2019\/08\/27\/changes-lipid-levels-metabolism-in-the-spinal-cord-mirror-als-progression-in-rat-model\/\" target=\"_blank\" rel=\"noopener noreferrer\">ALS News Today<\/a> (27\/08\/2019)<\/p>\n<h4><span style=\"color: #179b7e;\"><\/p>\n<\/div>\n<\/div><\/div><div id=\"panel-w61d5ffdf05b52-2-1-2\" class=\"so-panel widget widget_sow-editor\" data-index=\"8\" ><div\n\t\t\t\n\t\t\tclass=\"so-widget-sow-editor so-widget-sow-editor-base\"\n\t\t\t\n\t\t>\n<div class=\"siteorigin-widget-tinymce textwidget\">\n\t<p><img loading=\"lazy\" decoding=\"async\" class=\"alignnone wp-image-1316 size-thumbnail\" src=\"https:\/\/sites.usp.br\/miyamoto\/wp-content\/uploads\/sites\/844\/2020\/12\/mosquito-150x150.jpg\" alt=\"\" width=\"150\" height=\"150\" srcset=\"https:\/\/sites.usp.br\/miyamoto\/wp-content\/uploads\/sites\/844\/2020\/12\/mosquito-150x150.jpg 150w, https:\/\/sites.usp.br\/miyamoto\/wp-content\/uploads\/sites\/844\/2020\/12\/mosquito-250x250.jpg 250w, https:\/\/sites.usp.br\/miyamoto\/wp-content\/uploads\/sites\/844\/2020\/12\/mosquito-174x174.jpg 174w, https:\/\/sites.usp.br\/miyamoto\/wp-content\/uploads\/sites\/844\/2020\/12\/mosquito-45x45.jpg 45w, https:\/\/sites.usp.br\/miyamoto\/wp-content\/uploads\/sites\/844\/2020\/12\/mosquito-200x200.jpg 200w\" sizes=\"auto, (max-width: 150px) 100vw, 150px\" \/><\/p>\n<\/div>\n<\/div><\/div><div id=\"panel-w61d5ffdf05b52-2-1-3\" class=\"so-panel widget widget_sow-editor panel-last-child\" data-index=\"9\" ><div\n\t\t\t\n\t\t\tclass=\"so-widget-sow-editor so-widget-sow-editor-base\"\n\t\t\t\n\t\t>\n<div class=\"siteorigin-widget-tinymce textwidget\">\n\t<h4><span style=\"color: #179b7e;\">Lip\u00eddeos podem ajudar no diagn\u00f3stico de doen\u00e7as<\/span><\/h4>\n<p><a href=\"https:\/\/jornal.usp.br\/atualidades\/lipideos-podem-ajudar-no-diagnostico-de-doencas\/\" target=\"_blank\" rel=\"noopener noreferrer\"><span style=\"font-weight: 400;\">Jornal da USP<\/span><\/a><span style=\"font-weight: 400;\"> (24\/04\/2019)<\/span><\/p>\n<p><a href=\"http:\/\/www.inovacao.usp.br\/lipideos-podem-ajudar-no-diagnostico-de-doencas\/\" target=\"_blank\" rel=\"noopener noreferrer\"><span style=\"font-weight: 400;\">Acontece na USP<\/span><\/a><span style=\"font-weight: 400;\"> (25\/04\/2019)<\/span><\/p>\n<p><span style=\"font-weight: 400;\"><\/span><\/p>\n<\/div>\n<\/div><\/div><\/div><\/div><div id=\"pg-w61d5ffdf05b52-3\"  class=\"panel-grid panel-no-style\" ><div id=\"pgc-w61d5ffdf05b52-3-0\"  class=\"panel-grid-cell\" ><div id=\"panel-w61d5ffdf05b52-3-0-0\" class=\"so-panel widget widget_sow-image panel-first-child\" data-index=\"10\" ><div\n\t\t\t\n\t\t\tclass=\"so-widget-sow-image so-widget-sow-image-default-8b5b6f678277\"\n\t\t\t\n\t\t>\n<div class=\"sow-image-container\">\n\t\t<img \n\tsrc=\"https:\/\/sites.usp.br\/miyamoto\/wp-content\/uploads\/sites\/844\/2020\/12\/07.02-redoxcope-sayuri-150x150.jpg\" width=\"150\" height=\"150\" srcset=\"https:\/\/sites.usp.br\/miyamoto\/wp-content\/uploads\/sites\/844\/2020\/12\/07.02-redoxcope-sayuri-150x150.jpg 150w, https:\/\/sites.usp.br\/miyamoto\/wp-content\/uploads\/sites\/844\/2020\/12\/07.02-redoxcope-sayuri-250x250.jpg 250w, https:\/\/sites.usp.br\/miyamoto\/wp-content\/uploads\/sites\/844\/2020\/12\/07.02-redoxcope-sayuri-174x174.jpg 174w, https:\/\/sites.usp.br\/miyamoto\/wp-content\/uploads\/sites\/844\/2020\/12\/07.02-redoxcope-sayuri-45x45.jpg 45w, https:\/\/sites.usp.br\/miyamoto\/wp-content\/uploads\/sites\/844\/2020\/12\/07.02-redoxcope-sayuri-200x200.jpg 200w\" sizes=\"(max-width: 150px) 100vw, 150px\" alt=\"\" \t\tclass=\"so-widget-image\"\/>\n\t<\/div>\n\n<\/div><\/div><div id=\"panel-w61d5ffdf05b52-3-0-1\" class=\"so-panel widget widget_sow-editor\" data-index=\"11\" ><div\n\t\t\t\n\t\t\tclass=\"so-widget-sow-editor so-widget-sow-editor-base\"\n\t\t\t\n\t\t>\n<div class=\"siteorigin-widget-tinymce textwidget\">\n\t<h4><span style=\"color: #179b7e;\">THE LIPID REDOX CODE: Untangling the redox messages contained in fats<\/span><\/h4>\n<p><a href=\"http:\/\/redoxomanewsletter.iq.usp.br\/node\/82\" target=\"_blank\" rel=\"noopener noreferrer\">Redoxoma Newsletter<\/a> (12\/10\/2018)<\/p>\n<h4><span style=\"color: #179b7e;\"><\/p>\n<\/div>\n<\/div><\/div><div id=\"panel-w61d5ffdf05b52-3-0-2\" class=\"so-panel widget widget_sow-editor\" data-index=\"12\" ><div\n\t\t\t\n\t\t\tclass=\"so-widget-sow-editor so-widget-sow-editor-base\"\n\t\t\t\n\t\t>\n<div class=\"siteorigin-widget-tinymce textwidget\">\n\t<p><img loading=\"lazy\" decoding=\"async\" class=\"alignnone wp-image-1738 size-thumbnail\" src=\"https:\/\/sites.usp.br\/miyamoto\/wp-content\/uploads\/sites\/844\/2020\/12\/selenocisteina-150x150.png\" alt=\"\" width=\"150\" height=\"150\" srcset=\"https:\/\/sites.usp.br\/miyamoto\/wp-content\/uploads\/sites\/844\/2020\/12\/selenocisteina-150x150.png 150w, https:\/\/sites.usp.br\/miyamoto\/wp-content\/uploads\/sites\/844\/2020\/12\/selenocisteina-174x174.png 174w, https:\/\/sites.usp.br\/miyamoto\/wp-content\/uploads\/sites\/844\/2020\/12\/selenocisteina-45x45.png 45w, https:\/\/sites.usp.br\/miyamoto\/wp-content\/uploads\/sites\/844\/2020\/12\/selenocisteina-200x199.png 200w\" sizes=\"auto, (max-width: 150px) 100vw, 150px\" \/><\/p>\n<\/div>\n<\/div><\/div><div id=\"panel-w61d5ffdf05b52-3-0-3\" class=\"so-panel widget widget_sow-editor panel-last-child\" data-index=\"13\" ><div\n\t\t\t\n\t\t\tclass=\"so-widget-sow-editor so-widget-sow-editor-base\"\n\t\t\t\n\t\t>\n<div class=\"siteorigin-widget-tinymce textwidget\">\n\t<h4><span style=\"color: #179b7e;\"><b><\/b><span style=\"font-weight: 400;\">Cientista fala de tipo de morte celular pouco conhecido<\/span><\/span><\/h4>\n<p><a href=\"https:\/\/jornal.usp.br\/ciencias\/ciencias-biologicas\/cientista-fala-de-tipo-de-morte-celular-pouco-conhecida\/\" target=\"_blank\" rel=\"noopener noreferrer\"><span style=\"font-weight: 400;\">Jornal da USP<\/span><\/a><span style=\"font-weight: 400;\"> (08\/05\/2018)<\/span><\/p>\n<p><span style=\"font-weight: 400;\"><\/span><\/p>\n<\/div>\n<\/div><\/div><\/div><div id=\"pgc-w61d5ffdf05b52-3-1\"  class=\"panel-grid-cell\" ><div id=\"panel-w61d5ffdf05b52-3-1-0\" class=\"so-panel widget widget_sow-editor panel-first-child\" data-index=\"14\" ><div\n\t\t\t\n\t\t\tclass=\"so-widget-sow-editor so-widget-sow-editor-base\"\n\t\t\t\n\t\t>\n<div class=\"siteorigin-widget-tinymce textwidget\">\n\t<p><img loading=\"lazy\" decoding=\"async\" class=\"alignnone wp-image-1362 size-thumbnail\" src=\"https:\/\/sites.usp.br\/miyamoto\/wp-content\/uploads\/sites\/844\/2020\/12\/20180912_00_neuronio_alzheimer1-768x403-1-150x150.jpg\" alt=\"\" width=\"150\" height=\"150\" srcset=\"https:\/\/sites.usp.br\/miyamoto\/wp-content\/uploads\/sites\/844\/2020\/12\/20180912_00_neuronio_alzheimer1-768x403-1-150x150.jpg 150w, https:\/\/sites.usp.br\/miyamoto\/wp-content\/uploads\/sites\/844\/2020\/12\/20180912_00_neuronio_alzheimer1-768x403-1-250x250.jpg 250w, https:\/\/sites.usp.br\/miyamoto\/wp-content\/uploads\/sites\/844\/2020\/12\/20180912_00_neuronio_alzheimer1-768x403-1-174x174.jpg 174w, https:\/\/sites.usp.br\/miyamoto\/wp-content\/uploads\/sites\/844\/2020\/12\/20180912_00_neuronio_alzheimer1-768x403-1-45x45.jpg 45w, https:\/\/sites.usp.br\/miyamoto\/wp-content\/uploads\/sites\/844\/2020\/12\/20180912_00_neuronio_alzheimer1-768x403-1-200x200.jpg 200w\" sizes=\"auto, (max-width: 150px) 100vw, 150px\" \/><\/p>\n<\/div>\n<\/div><\/div><div id=\"panel-w61d5ffdf05b52-3-1-1\" class=\"so-panel widget widget_sow-editor panel-last-child\" data-index=\"15\" ><div\n\t\t\t\n\t\t\tclass=\"so-widget-sow-editor so-widget-sow-editor-base\"\n\t\t\t\n\t\t>\n<div class=\"siteorigin-widget-tinymce textwidget\">\n\t<h4><span style=\"font-weight: 400; color: #179b7e;\">Pesquisa liga composto derivado do colesterol a doen\u00e7as neurodegenerativas<\/span><\/h4>\n<p><a href=\"https:\/\/jornal.usp.br\/ciencias\/ciencias-biologicas\/pesquisa-liga-composto-derivado-do-colesterol-a-doencas-neurodegenerativas\/\" target=\"_blank\" rel=\"noopener noreferrer\"><span style=\"font-weight: 400;\">Jornal da USP<\/span><\/a><span style=\"font-weight: 400;\"> (19\/09\/2018)<\/span><\/p>\n<p><span style=\"font-weight: 400;\"><\/span><\/p>\n<\/div>\n<\/div><\/div><\/div><\/div><\/div><\/div><\/div><div id=\"pgc-978-1-1\"  class=\"panel-grid-cell\" ><div id=\"panel-978-1-1-0\" class=\"widget_text so-panel widget widget_custom_html panel-first-child panel-last-child\" data-index=\"1\" ><div class=\"textwidget custom-html-widget\"><a class=\"twitter-timeline\" href=\"https:\/\/twitter.com\/sayuri_miyamoto?ref_src=twsrc%5Etfw\">Tweets by sayuri_miyamoto<\/a> <script async src=\"https:\/\/platform.twitter.com\/widgets.js\" charset=\"utf-8\"><\/script><\/div><\/div><\/div><\/div><\/div>","protected":false},"excerpt":{"rendered":"<p>Podcast NOX &#8211; Esclerose Lateral Amiotr\u00f3fica (ELA) Altera\u00e7\u00f5es no metabolismo de gordura est\u00e3o ligadas \u00e0 progress\u00e3o da Esclerose Lateral Amiotr\u00f3fica Jornal da USP (19\/08\/2019) Site do UOL (20\/08\/2019) Promises and Obstacles in Lipidomics Research Technology Networks (15\/10\/2019) Changes in Lipid Levels and Metabolism in Spinal Cord Mirror ALS Progression, Early Study Suggests ALS News Today<a href=\"https:\/\/sites.usp.br\/miyamoto\/noticias\/\">[&#8230;]<\/a><\/p>\n","protected":false},"author":1200,"featured_media":0,"parent":0,"menu_order":0,"comment_status":"closed","ping_status":"closed","template":"template-fullwidth-no-title.php","meta":{"footnotes":"","_links_to":"","_links_to_target":""},"class_list":["post-978","page","type-page","status-publish","hentry"],"_links":{"self":[{"href":"https:\/\/sites.usp.br\/miyamoto\/wp-json\/wp\/v2\/pages\/978","targetHints":{"allow":["GET"]}}],"collection":[{"href":"https:\/\/sites.usp.br\/miyamoto\/wp-json\/wp\/v2\/pages"}],"about":[{"href":"https:\/\/sites.usp.br\/miyamoto\/wp-json\/wp\/v2\/types\/page"}],"author":[{"embeddable":true,"href":"https:\/\/sites.usp.br\/miyamoto\/wp-json\/wp\/v2\/users\/1200"}],"replies":[{"embeddable":true,"href":"https:\/\/sites.usp.br\/miyamoto\/wp-json\/wp\/v2\/comments?post=978"}],"version-history":[{"count":5,"href":"https:\/\/sites.usp.br\/miyamoto\/wp-json\/wp\/v2\/pages\/978\/revisions"}],"predecessor-version":[{"id":1891,"href":"https:\/\/sites.usp.br\/miyamoto\/wp-json\/wp\/v2\/pages\/978\/revisions\/1891"}],"wp:attachment":[{"href":"https:\/\/sites.usp.br\/miyamoto\/wp-json\/wp\/v2\/media?parent=978"}],"curies":[{"name":"wp","href":"https:\/\/api.w.org\/{rel}","templated":true}]}}