{"id":436,"date":"2019-06-10T17:41:14","date_gmt":"2019-06-10T19:41:14","guid":{"rendered":"http:\/\/sites.usp.br\/moalab\/?page_id=436"},"modified":"2021-08-11T16:27:11","modified_gmt":"2021-08-11T19:27:11","slug":"oportunidades","status":"publish","type":"page","link":"https:\/\/sites.usp.br\/moalab\/oportunidades\/","title":{"rendered":"Oportunidades"},"content":{"rendered":"\t\t<div data-elementor-type=\"wp-post\" data-elementor-id=\"436\" class=\"elementor elementor-436\" data-elementor-post-type=\"page\">\n\t\t\t\t\t\t<section class=\"elementor-section elementor-top-section elementor-element elementor-element-e4ed742 elementor-section-boxed elementor-section-height-default elementor-section-height-default\" data-id=\"e4ed742\" data-element_type=\"section\">\n\t\t\t\t\t\t<div class=\"elementor-container elementor-column-gap-default\">\n\t\t\t\t\t<div class=\"elementor-column elementor-col-100 elementor-top-column elementor-element elementor-element-dde61df\" data-id=\"dde61df\" data-element_type=\"column\">\n\t\t\t<div class=\"elementor-widget-wrap elementor-element-populated\">\n\t\t\t\t\t\t<div class=\"elementor-element elementor-element-e9891ba elementor-widget elementor-widget-text-editor\" data-id=\"e9891ba\" data-element_type=\"widget\" data-widget_type=\"text-editor.default\">\n\t\t\t\t<div class=\"elementor-widget-container\">\n\t\t\t\t\t\t\t<p><a href=\"https:\/\/sites.usp.br\/moalab\/wp-content\/uploads\/sites\/880\/2021\/08\/Foto-Alessandra-Fratus-4.png\"><img fetchpriority=\"high\" decoding=\"async\" class=\"alignnone size-medium wp-image-847\" src=\"https:\/\/sites.usp.br\/moalab\/wp-content\/uploads\/sites\/880\/2021\/08\/Foto-Alessandra-Fratus-4-300x300.png\" alt=\"\" width=\"300\" height=\"300\" srcset=\"https:\/\/sites.usp.br\/moalab\/wp-content\/uploads\/sites\/880\/2021\/08\/Foto-Alessandra-Fratus-4-300x300.png 300w, https:\/\/sites.usp.br\/moalab\/wp-content\/uploads\/sites\/880\/2021\/08\/Foto-Alessandra-Fratus-4-1024x1024.png 1024w, https:\/\/sites.usp.br\/moalab\/wp-content\/uploads\/sites\/880\/2021\/08\/Foto-Alessandra-Fratus-4-150x150.png 150w, https:\/\/sites.usp.br\/moalab\/wp-content\/uploads\/sites\/880\/2021\/08\/Foto-Alessandra-Fratus-4-768x768.png 768w, https:\/\/sites.usp.br\/moalab\/wp-content\/uploads\/sites\/880\/2021\/08\/Foto-Alessandra-Fratus-4-45x45.png 45w, https:\/\/sites.usp.br\/moalab\/wp-content\/uploads\/sites\/880\/2021\/08\/Foto-Alessandra-Fratus-4-200x200.png 200w, https:\/\/sites.usp.br\/moalab\/wp-content\/uploads\/sites\/880\/2021\/08\/Foto-Alessandra-Fratus-4-400x400.png 400w, https:\/\/sites.usp.br\/moalab\/wp-content\/uploads\/sites\/880\/2021\/08\/Foto-Alessandra-Fratus-4.png 1080w\" sizes=\"(max-width: 300px) 100vw, 300px\" \/><\/a><\/p><p><strong>Temos uma oportunidade junto ao grupo para T\u00e9cnico de n\u00edvel superior com experi\u00eancia em diagn\u00f3stico molecular:<\/strong><\/p><p>O Moa Lab (Malaria Immunity, Genomics, and Populations) do Instituto de Ci\u00eancias Biom\u00e9dicas da USP, em S\u00e3o Paulo, procura um t\u00e9cnico para trabalhar no projeto de pesquisa \u201cBases Cient\u00edficas para a Elimina\u00e7\u00e3o da Mal\u00e1ria no Brasil\u201d.<\/p><p>Os interessados devem ter n\u00edvel superior na \u00e1rea biom\u00e9dica e experi\u00eancia pr\u00e1tica<br \/>(preferencialmente mestrado) em biologia molecular, preferencialmente em t\u00e9cnicas de diagn\u00f3stico molecular. Espera-se flu\u00eancia em ingl\u00eas. O valor da bolsa \u00e9 de R$ 2.500,00 mensais, com contrato inicial por 12 meses e possibilidade de renova\u00e7\u00e3o. O in\u00edcio das atividades \u00e9 previsto para setembro de 2021.<\/p><p>Envie CV Lattes, carta de apresenta\u00e7\u00e3o (duas p\u00e1ginas) e dados de contato (nome e e-mail) de duas refer\u00eancias (por exemplo, ex-professores) com a maior brevidade poss\u00edvel para muferrei@gmail.com.<\/p>\t\t\t\t\t\t<\/div>\n\t\t\t\t<\/div>\n\t\t\t\t\t<\/div>\n\t\t<\/div>\n\t\t\t\t\t<\/div>\n\t\t<\/section>\n\t\t\t\t<\/div>\n\t\t","protected":false},"excerpt":{"rendered":"<p>Temos uma oportunidade junto ao grupo para T\u00e9cnico de n\u00edvel superior com experi\u00eancia em diagn\u00f3stico molecular: O Moa Lab (Malaria Immunity, Genomics, and Populations) do Instituto de Ci\u00eancias Biom\u00e9dicas da USP, em S\u00e3o Paulo, procura um t\u00e9cnico para trabalhar no projeto de pesquisa \u201cBases Cient\u00edficas para a Elimina\u00e7\u00e3o da Mal\u00e1ria no Brasil\u201d. Os interessados devem [&hellip;]<\/p>\n","protected":false},"author":1,"featured_media":0,"parent":0,"menu_order":0,"comment_status":"closed","ping_status":"closed","template":"","meta":{"footnotes":"","_links_to":"","_links_to_target":""},"class_list":["post-436","page","type-page","status-publish","hentry","entry"],"_links":{"self":[{"href":"https:\/\/sites.usp.br\/moalab\/wp-json\/wp\/v2\/pages\/436","targetHints":{"allow":["GET"]}}],"collection":[{"href":"https:\/\/sites.usp.br\/moalab\/wp-json\/wp\/v2\/pages"}],"about":[{"href":"https:\/\/sites.usp.br\/moalab\/wp-json\/wp\/v2\/types\/page"}],"author":[{"embeddable":true,"href":"https:\/\/sites.usp.br\/moalab\/wp-json\/wp\/v2\/users\/1"}],"replies":[{"embeddable":true,"href":"https:\/\/sites.usp.br\/moalab\/wp-json\/wp\/v2\/comments?post=436"}],"version-history":[{"count":4,"href":"https:\/\/sites.usp.br\/moalab\/wp-json\/wp\/v2\/pages\/436\/revisions"}],"predecessor-version":[{"id":851,"href":"https:\/\/sites.usp.br\/moalab\/wp-json\/wp\/v2\/pages\/436\/revisions\/851"}],"wp:attachment":[{"href":"https:\/\/sites.usp.br\/moalab\/wp-json\/wp\/v2\/media?parent=436"}],"curies":[{"name":"wp","href":"https:\/\/api.w.org\/{rel}","templated":true}]}}