{"id":155,"date":"2019-11-18T16:49:06","date_gmt":"2019-11-18T18:49:06","guid":{"rendered":"https:\/\/sites.usp.br\/mobilab\/?page_id=155"},"modified":"2019-11-18T16:49:30","modified_gmt":"2019-11-18T18:49:30","slug":"objetivos","status":"publish","type":"page","link":"https:\/\/sites.usp.br\/mobilab\/objetivos\/","title":{"rendered":"Objetivos"},"content":{"rendered":"<header class=\"entry-header\">\n<h1 class=\"entry-title\">Objetivos<\/h1>\n<\/header>\n<div class=\"entry-content\">\n<p>1. Construir um acervo organizado e dispon\u00edvel a comunidade acad\u00eamica da produ\u00e7\u00e3o cient\u00edfica recente sobre o tema em ep\u00edgrafe a partir de extensa pesquisa bibliogr\u00e1fica.<\/p>\n<p>2. Descrever e analisar casos existentes que possam ser considerados de sucesso.<\/p>\n<p>3. Contribui\u00e7\u00e3o ao desenvolvimento de solu\u00e7\u00f5es baseadas em uso integrado de modais de transporte como alternativa ao uso do autom\u00f3vel em grandes centros urbanos no Brasil.<\/p>\n<p>4. Pol\u00edticas p\u00fablicas: sugest\u00e3o de iniciativas de pol\u00edticas p\u00fablicas que sejam capazes de incentivar o desenvolvimento de solu\u00e7\u00f5es integradas de transporte urbano no Brasil.<\/p>\n<p>5. \u00a0Consolidar a atividade realizada por docentes e alunos do PRO nos \u00faltimos 20 anos, refor\u00e7ando e institucionalizando o relacionamento constru\u00eddo com montadoras de ve\u00edculos, fornecedores de pe\u00e7as de todos os n\u00edveis, organismos representativos do setor (Anfavea, Sindipe\u00e7as, SAE Brasil e outros), redes internacionais de pesquisa do setor (dentre as quais se destaca o Gerpisa).<\/p>\n<p>6. \u00a0Consolidar um espa\u00e7o de pesquisa e extens\u00e3o para debater e gerar conhecimentos novos para a produ\u00e7\u00e3o de estrat\u00e9gias, pol\u00edticas p\u00fablicas e neg\u00f3cios para um setor em\u00a0 profunda mudan\u00e7a.<\/p>\n<\/div>\n","protected":false},"excerpt":{"rendered":"<p>Objetivos 1. Construir um acervo organizado e dispon\u00edvel a comunidade acad\u00eamica da produ\u00e7\u00e3o cient\u00edfica recente sobre o tema em ep\u00edgrafe&#46;&#46;&#46;<\/p>\n","protected":false},"author":1228,"featured_media":0,"parent":0,"menu_order":0,"comment_status":"closed","ping_status":"closed","template":"","meta":{"footnotes":"","_links_to":"","_links_to_target":""},"class_list":["post-155","page","type-page","status-publish","hentry"],"_links":{"self":[{"href":"https:\/\/sites.usp.br\/mobilab\/wp-json\/wp\/v2\/pages\/155","targetHints":{"allow":["GET"]}}],"collection":[{"href":"https:\/\/sites.usp.br\/mobilab\/wp-json\/wp\/v2\/pages"}],"about":[{"href":"https:\/\/sites.usp.br\/mobilab\/wp-json\/wp\/v2\/types\/page"}],"author":[{"embeddable":true,"href":"https:\/\/sites.usp.br\/mobilab\/wp-json\/wp\/v2\/users\/1228"}],"replies":[{"embeddable":true,"href":"https:\/\/sites.usp.br\/mobilab\/wp-json\/wp\/v2\/comments?post=155"}],"version-history":[{"count":1,"href":"https:\/\/sites.usp.br\/mobilab\/wp-json\/wp\/v2\/pages\/155\/revisions"}],"predecessor-version":[{"id":156,"href":"https:\/\/sites.usp.br\/mobilab\/wp-json\/wp\/v2\/pages\/155\/revisions\/156"}],"wp:attachment":[{"href":"https:\/\/sites.usp.br\/mobilab\/wp-json\/wp\/v2\/media?parent=155"}],"curies":[{"name":"wp","href":"https:\/\/api.w.org\/{rel}","templated":true}]}}