{"id":173,"date":"2019-11-18T16:57:28","date_gmt":"2019-11-18T18:57:28","guid":{"rendered":"https:\/\/sites.usp.br\/mobilab\/?page_id=173"},"modified":"2024-06-03T19:38:49","modified_gmt":"2024-06-03T21:38:49","slug":"saiu-na-midia","status":"publish","type":"page","link":"https:\/\/sites.usp.br\/mobilab\/saiu-na-midia\/","title":{"rendered":"Saiu na Midia"},"content":{"rendered":"<header class=\"entry-header\">\n<h1 class=\"entry-title\">Saiu na M\u00eddia<\/h1>\n<\/header>\n<div class=\"entry-content\">\n<p><a href=\"https:\/\/jornal.usp.br\/radio-usp\/uso-de-onibus-eletrico-e-alternativa-eficaz-para-a-descarbonizacao-das-cidades\/\">Artigo do Jornal da USP &#8211; Uso de \u00f4nibus el\u00e9trico \u00e9 alternativa eficaz para a descarboniza\u00e7\u00e3o das cidades (17\/04\/2024)<\/a><\/p>\n<p><a href=\"https:\/\/youtu.be\/7Xpv9kZofW8\">Entrevista (Prof. Roberto Marx) para a GloboNews &#8211; SP: Frota \u00d4nibus El\u00e9tricos emitiria 60% menos CO2 (06\/04\/2024)<\/a><\/p>\n<p><a href=\"https:\/\/www.youtube.com\/watch?v=txz-Ql_ehuY\">Entrevista para o Canal USP (s\u00e9rie &#8220;Desafios&#8221; apresentada pelo jornalista Luiz Roberto Serrano) &#8211; A retomada da ind\u00fastria automobil\u00edstica no Brasil (15\/03\/2024)<\/a><\/p>\n<p><a href=\"https:\/\/jornal.usp.br\/radio-usp\/mobilidade-eletrica-deixou-de-ser-tema-de-discussao-e-esta-passando-da-teoria-a-pratica\/\">Artigo do Jornal da USP &#8211;\u00a0Mobilidade el\u00e9trica deixou de ser tema de discuss\u00e3o e est\u00e1 passando da teoria \u00e0 pr\u00e1tica (22\/09\/2023)<\/a><\/p>\n<p><a href=\"https:\/\/valor.globo.com\/opiniao\/coluna\/uma-politica-publica-para-a-eletromobilidade.ghtml\">Artigo do Valor Econ\u00f4mico &#8211; Uma pol\u00edtica p\u00fablica para a eletromobilidade (17\/08\/2023)<\/a><\/p>\n<p><a href=\"https:\/\/noticias.r7.com\/brasilia\/na-rota-da-mobilidade-sustentavel-05082023\">Artigo do R7<\/a> &#8211; <a href=\"https:\/\/noticias.r7.com\/brasilia\/na-rota-da-mobilidade-sustentavel-05082023\">Na rota da mobilidade sustent\u00e1vel (<\/a><a href=\"https:\/\/noticias.r7.com\/brasilia\/na-rota-da-mobilidade-sustentavel-05082023\">07\/08\/2023<\/a><a href=\"https:\/\/noticias.r7.com\/brasilia\/na-rota-da-mobilidade-sustentavel-05082023\">)<\/a><\/p>\n<p><a href=\"https:\/\/jornal.usp.br\/?p=637621\">Artigo do Jornal da USP &#8211;\u00a0O carro el\u00e9trico e o movido a etanol s\u00e3o as melhores op\u00e7\u00f5es para o meio ambiente (<\/a><a href=\"https:\/\/jornal.usp.br\/?p=637621\">10\/05\/2023<\/a><a href=\"https:\/\/jornal.usp.br\/?p=637621\">)<\/a><\/p>\n<p><a href=\"https:\/\/jornal.usp.br\/radio-usp\/tarifa-zero-no-transporte-publico-pode-se-tornar-viavel-segundo-especialista\/\">Entrevista para o Jornal da USP &#8211; Tarifa Zero no transporte p\u00fablico pode se tornar vi\u00e1vel, segundo especialista (2022).<\/a><\/p>\n<p><a href=\"https:\/\/start.youse.com.br\/universo-youse\/carro-autonomo-e-compartilhado-o-futuro-da-mobilidade\">Entrevista para o site Start.Youse &#8211; Com o carro aut\u00f4nomo, haver\u00e1 motorista no futuro? (2021)<\/a><\/p>\n<p><a href=\"https:\/\/jornal.usp.br\/atualidades\/usp-e-instituicoes-se-unem-para-propor-solucoes-para-a-mobilidade-urbana-em-sao-paulo\/\">Entrevista para o Jornal da USP &#8211; USP se une em parceria e prop\u00f5e solu\u00e7\u00f5es para a mobilidade urbana em S\u00e3o Paulo (2021)<\/a><\/p>\n<p><a href=\"https:\/\/jornal.usp.br\/atualidades\/setor-industrial-e-fonte-de-desenvolvimento-e-riqueza-entre-as-nacoes\/\">Entrevista para o Jornal da USP &#8211; Setor industrial \u00e9 fonte de desenvolvimento e riqueza entre as na\u00e7\u00f5es (2021)<\/a><\/p>\n<p><a href=\"https:\/\/jornal.usp.br\/atualidades\/fechamento-de-fabrica-da-ford-tem-motivacoes-internacionais\/\">Entrevista para o Jornal da USP &#8211; Fechamento de f\u00e1brica da Ford tem motiva\u00e7\u00f5es internacionais (2019)<\/a><\/p>\n<p><a href=\"https:\/\/g1.globo.com\/sp\/sao-paulo\/noticia\/2018\/11\/08\/temer-sanciona-mp-que-cria-programa-de-incentivos-ao-setor-automotivo-rota-2030.ghtml\">Entrevista para o Portal G1 &#8211; Temer assina decreto que regulamenta novo programa de incentivos ao setor automotivo Rota 2030 (2018)<\/a><\/p>\n<p><a href=\"http:\/\/www.diariodenoticias.com.br\/GERAL\/32059\/LICITACAO-DE-HADDAD-PREMIA-QUEM-CONSEGUIR-ENCHER-MAIS-OS-ONIBUS-DE-SP\">Entrevista para O Di\u00e1rio de Not\u00edcias em Novembro de 2015 &#8211;\u00a0Licita\u00e7\u00e3o de Haddad premia quem conseguir encher mais os \u00f4nibus de SP<\/a><\/p>\n<p><a href=\"http:\/\/oglobo.globo.com\/economia\/brasil-tera-us-25-bi-em-investimentos-de-montadoras-7163179\">Entrevista para O Globo Economia em Dezembro de 2012 \u2013 Brasil ter\u00e1 US$ 25 bi em investimentos de montadoras<\/a><\/p>\n<p><a href=\"http:\/\/oglobo.globo.com\/economia\/automovel-no-brasil-custa-ate-106-mais-que-la-fora-5928923\">Entrevista para O Globo Economia em Agosto de 2012 \u2013 Autom\u00f3vel no Brasil custa at\u00e9 106% mais que l\u00e1 fora<\/a><\/p>\n<p>&nbsp;<\/p>\n<p>Ensaios<\/p>\n<p><a href=\"http:\/\/www1.folha.uol.com.br\/opiniao\/2015\/08\/1674980-novo-edital-para-onibus-em-sao-paulo.shtml\">Ensaio para a Folha de S\u00e3o Paulo em Agosto de 2015 &#8211;\u00a0Novo edital para \u00f4nibus em S\u00e3o Paulo<\/a><\/p>\n<p><strong><a href=\"http:\/\/www.estadao.com.br\/noticias\/geral,o-brasil-e-a-nova-industria-automotiva,657881,0.htm\">Ensaio para o Estado de S\u00e3o Paulo em Dezembro de 2010 &#8211;\u00a0O Brasil e a nova ind\u00fastria automotiva<\/a><\/strong><\/p>\n<p>Ensaio para Valor Econ\u00f4mico em Dezembro de 2010 &#8211;\u00a0Qual ser\u00e1 o papel do Brasil na nova ind\u00fastria\u00a0automotiva?\u00a0<a href=\"https:\/\/sites.usp.br\/mobilab\/wp-content\/uploads\/sites\/638\/2019\/12\/ARTIGO-Marx-e-Zilbovicius-Valor-03DEZEMBRO2010.pdf\">ARTIGO Marx e Zilbovicius \u2013 Valor 03DEZEMBRO2010<\/a><\/p>\n<p>&nbsp;<\/p>\n<p>Palestras e Semin\u00e1rios<\/p>\n<p>Semin\u00e1rio &#8220;Circular Business Models in Automotive Industry &#8211; The case of &#8220;Renova Ecope\u00e7as&#8221; in Brazil&#8221;. <a href=\"https:\/\/gerpisa.org\/node\/7710\">&#8220;The Auto Industry and the Circular Economy: a Global South perspective&#8221;<\/a>. 18 November 2022. Gerpisa 2022\/2023. Brussels. Professora Adriana Marotti de Mello.<\/p>\n<\/div>\n","protected":false},"excerpt":{"rendered":"<p>Saiu na M\u00eddia Artigo do Jornal da USP &#8211; Uso de \u00f4nibus el\u00e9trico \u00e9 alternativa eficaz para a descarboniza\u00e7\u00e3o das&#46;&#46;&#46;<\/p>\n","protected":false},"author":1228,"featured_media":0,"parent":0,"menu_order":0,"comment_status":"closed","ping_status":"closed","template":"","meta":{"footnotes":"","_links_to":"","_links_to_target":""},"class_list":["post-173","page","type-page","status-publish","hentry"],"_links":{"self":[{"href":"https:\/\/sites.usp.br\/mobilab\/wp-json\/wp\/v2\/pages\/173","targetHints":{"allow":["GET"]}}],"collection":[{"href":"https:\/\/sites.usp.br\/mobilab\/wp-json\/wp\/v2\/pages"}],"about":[{"href":"https:\/\/sites.usp.br\/mobilab\/wp-json\/wp\/v2\/types\/page"}],"author":[{"embeddable":true,"href":"https:\/\/sites.usp.br\/mobilab\/wp-json\/wp\/v2\/users\/1228"}],"replies":[{"embeddable":true,"href":"https:\/\/sites.usp.br\/mobilab\/wp-json\/wp\/v2\/comments?post=173"}],"version-history":[{"count":4,"href":"https:\/\/sites.usp.br\/mobilab\/wp-json\/wp\/v2\/pages\/173\/revisions"}],"predecessor-version":[{"id":299,"href":"https:\/\/sites.usp.br\/mobilab\/wp-json\/wp\/v2\/pages\/173\/revisions\/299"}],"wp:attachment":[{"href":"https:\/\/sites.usp.br\/mobilab\/wp-json\/wp\/v2\/media?parent=173"}],"curies":[{"name":"wp","href":"https:\/\/api.w.org\/{rel}","templated":true}]}}