{"id":186,"date":"2019-11-18T17:03:35","date_gmt":"2019-11-18T19:03:35","guid":{"rendered":"https:\/\/sites.usp.br\/mobilab\/?page_id=186"},"modified":"2024-06-03T19:27:17","modified_gmt":"2024-06-03T21:27:17","slug":"dissertacoes-e-teses","status":"publish","type":"page","link":"https:\/\/sites.usp.br\/mobilab\/dissertacoes-e-teses\/","title":{"rendered":"Disserta\u00e7\u00f5es e Teses"},"content":{"rendered":"<header class=\"entry-header\">\n<h1 class=\"entry-title\">Disserta\u00e7\u00f5es e Teses<\/h1>\n<\/header>\n<div class=\"entry-content\">\n<p>Teses, Disserta\u00e7\u00f5es e Trabalhos de conclus\u00e3o de curso de gradua\u00e7\u00e3o finalizados<\/p>\n<p>Tese de doutorado<\/p>\n<p>1. Jo\u00e3o Valsecchi Ribeiro de Souza. Business model innovation towards sustainable urban mobility transition: an investigation of conceptual elements, barriers, drivers, and factors influencing their implementation. 2023. Tese (Doutorado em Engenharia de Produ\u00e7\u00e3o) &#8211; Departamento de Engenharia de Produ\u00e7\u00e3o da USP. Orientador: Roberto Marx. Co-orientador Adriana Marotti de Mello.<\/p>\n<p>2. Felipe Ferreira de Lara. Ind\u00fastria automotiva em transi\u00e7\u00e3o? An\u00e1lise do posicionamento das subsidi\u00e1rias nacionais das montadoras frente aos desafios da mobilidade urbana sustent\u00e1vel no Brasil. 2016. Tese (Doutorado em Engenharia de Produ\u00e7\u00e3o) \u2013 Departamento de Engenharia de Produ\u00e7\u00e3o da USP, Conselho Nacional de Desenvolvimento Cient\u00edfico e Tecnol\u00f3gico. Orientador: Roberto Marx.<\/p>\n<p>Disserta\u00e7\u00e3o de mestrado<\/p>\n<p>1. Jo\u00e3o Valsecchi Ribeiro de Souza. Modelos de Neg\u00f3cio Orientados a Mobilidade Urbana Sustent\u00e1vel: Modelo Conceitual e Evid\u00eancias de Casos Brasileiros. 2018. Disserta\u00e7\u00e3o (Mestrado em Engenharia de Produ\u00e7\u00e3o) &#8211; Departamento de Engenharia de Produ\u00e7\u00e3o da Escola Polit\u00e9cnica da USP . Orientador: Roberto Marx.<\/p>\n<p>2. Lidyane Stephane da Silva Barros. Compartilhamento de carros el\u00e9tricos: an\u00e1lise de incertezas em iniciativas p\u00fablicas de mobilidade urbana. 2017. Disserta\u00e7\u00e3o (Mestrado em Engenharia de Produ\u00e7\u00e3o) &#8211; Departamento de Engenharia de Produ\u00e7\u00e3o da Escola Polit\u00e9cnica da USP, Coordena\u00e7\u00e3o de Aperfei\u00e7oamento de Pessoal de N\u00edvel Superior. Orientador: Roberto Marx.<\/p>\n<p>3. Diego Honorato Clemente. Organiza\u00e7\u00e3o para Inova\u00e7\u00e3o em Empresas de Mobilidade Urbana: o caso CET. 2016. Disserta\u00e7\u00e3o (Mestrado em Engenharia de Produ\u00e7\u00e3o) \u2013 Departamento de Engenharia de Produ\u00e7\u00e3o da Escola Polit\u00e9cnica da USP, Conselho Nacional de Desenvolvimento Cient\u00edfico e Tecnol\u00f3gico. \u00a0Orientador: Roberto Marx.<\/p>\n<p>Trabalho de conclus\u00e3o de curso de gradua\u00e7\u00e3o<\/p>\n<p>1. Tiago Zillio Soares. Avalia\u00e7\u00e3o de Ciclo de Vida de \u00f4nibus com tecnologias alternativas de motoriza\u00e7\u00e3o e combust\u00edvel para transporte p\u00fablico de baixo carbono da cidade de S\u00e3o Paulo. 2023. Trabalho de Conclus\u00e3o de Curso. (Gradua\u00e7\u00e3o em Engenharia de Produ\u00e7\u00e3o) &#8211; Departamento de Engenharia de Produ\u00e7\u00e3o da Escola Polit\u00e9cnica da USP. Orientador: Roberto Marx.<\/p>\n<p>2. Michele Maselli Filho. Life Cycle Assessment of Battery Electric and Internal Combustion Engine Vehicles in the Context of S\u00e3o Paulo. 2022. Trabalho de Conclus\u00e3o de Curso. (Gradua\u00e7\u00e3o em Engenharia de Produ\u00e7\u00e3o) &#8211; Departamento de Engenharia de Produ\u00e7\u00e3o da Escola Polit\u00e9cnica da USP. Orientador: Roberto Marx.<\/p>\n<p>3. Bruno Roubicek. O papel das grandes montadoras na busca por uma mobilidade urbana sustent\u00e1vel. 2020. Trabalho de Conclus\u00e3o de Curso. (Gradua\u00e7\u00e3o em administra\u00e7\u00e3o) &#8211;\u00a0Faculdade de Economia, Administra\u00e7\u00e3o, Contabilidade e Atu\u00e1ria &#8211; USP. Orientador: Adriana Marotti de Mello.<\/p>\n<p>4. Luiz Guilherme Dos Santos Marques. Mercado de carros em final de vida no Brasil: um estudo de caso Renova Ecope\u00e7as. 2020. Trabalho de Conclus\u00e3o de Curso. (Gradua\u00e7\u00e3o em administra\u00e7\u00e3o) &#8211; Faculdade de Economia, Administra\u00e7\u00e3o, Contabilidade e Atu\u00e1ria &#8211; USP. Orientador: Adriana Marotti de Mello.<\/p>\n<p>5. Alexis Palmieri Montanaro. Estudo de Viabilidade do Uso de Vans em um Aplicativo e Ridesharing em S\u00e3o Paulo. 2018. Trabalho de Conclus\u00e3o de Curso. (Gradua\u00e7\u00e3o em Engenharia de Produ\u00e7\u00e3o) &#8211; Departamento de Engenharia de Produ\u00e7\u00e3o da Escola Polit\u00e9cnica da USP. Orientador: Roberto Marx.<\/p>\n<p>6. Vinicius Marco. An\u00e1lise das medidas de mobilidade urbana implementadas na cidade de S\u00e3o Paulo de 2013 A 2016 pelo olhar dos grandes ve\u00edculos de m\u00eddia. 2018. Trabalho de Conclus\u00e3o de Curso. (Gradua\u00e7\u00e3o em Engenharia de Produ\u00e7\u00e3o) &#8211; Departamento de Engenharia de Produ\u00e7\u00e3o da Escola Polit\u00e9cnica da USP. Orientador: Roberto Marx.<\/p>\n<p>7. Pedro Siqueira de Magalh\u00e3es. Study of Low Cost Bus Business Models and their Apllicability in Brazil. 2016. Trabalho de Conclus\u00e3o de Curso. (Gradua\u00e7\u00e3o em Engenharia de Produ\u00e7\u00e3o) &#8211; Departamento de Engenharia de Produ\u00e7\u00e3o da Escola Polit\u00e9cnica da USP. Orientador: Roberto Marx.<\/p>\n<p>8. Adrian Flaksbaum Moll. An\u00e1lise comparada de sistemas BRT e proposi\u00e7\u00e3o de indicadores para aplica\u00e7\u00e3o em novos projetos. 2015. Trabalho de Conclus\u00e3o de Curso. (Gradua\u00e7\u00e3o em Engenharia de Produ\u00e7\u00e3o) \u2013 Departamento de Engenharia de Produ\u00e7\u00e3o da Escola Polit\u00e9cnica da USP. Orientador: Roberto Marx.<\/p>\n<p>9. Vinicius Macedo Ramos. Metodologia de benchmarking aplicada na escolha de indicadores para elaborar e aperfei\u00e7oar planos de mobilidade: Caso: S\u00e3o Jose dos Campos. 2015. Trabalho de Conclus\u00e3o de Curso. (Gradua\u00e7\u00e3o em Engenharia de Produ\u00e7\u00e3o) \u2013 Departamento de Engenharia de Produ\u00e7\u00e3o da Escola Polit\u00e9cnica da USP. Orientador: Roberto Marx.<\/p>\n<p>10. Douglas Silva Hayashi. Desenvolvimento de nova proposta de modelo de negocios para aplicativo de taxi. 2015. Trabalho de Conclus\u00e3o de Curso. (Gradua\u00e7\u00e3o em Engenharia de Produ\u00e7\u00e3o) \u2013 Departamento de Engenharia de Produ\u00e7\u00e3o da Escola Polit\u00e9cnica da USP. Orientador: Roberto Marx.<\/p>\n<p>11. Yair Gottfried. Go B &#8211; Bicilet\u00e1rio Urbano. 2015. Trabalho de Conclus\u00e3o de Curso. (Gradua\u00e7\u00e3o em Administra\u00e7\u00e3o) &#8211; Faculdade de Economia, Administra\u00e7\u00e3o, Contabilidade e Atu\u00e1ria &#8211; USP. Orientador: Adriana Marotti de Mello.<\/p>\n<p>Orienta\u00e7\u00f5es e supervis\u00f5es em andamento<\/p>\n<p>Teses de doutorado<\/p>\n<p>1. Paula Gabriela Lhama. Uma an\u00e1lise do processo de transi\u00e7\u00e3o sustent\u00e1vel: O contexto de implementa\u00e7\u00e3o de \u00f4nibus emiss\u00e3o zero no transporte p\u00fablico na cidade de S\u00e3o Paulo. In\u00edcio: 2020. Tese (Doutorado em Engenharia de Produ\u00e7\u00e3o) \u2013 Departamento de Engenharia de Produ\u00e7\u00e3o da Escola Polit\u00e9cnica da USP. Orientador: Roberto Marx.<\/p>\n<p>2. Juliano Pelegrina. A Integra\u00e7\u00e3o de Servi\u00e7os Complementares por Firmas Orquestradoras em Ecossistemas de Compartilhamento de Mobilidade. In\u00edcio 2020. Tese (Doutorado em Administra\u00e7\u00e3o). &#8211; Faculdade de Economia, Administra\u00e7\u00e3o, Contabilidade e Atu\u00e1ria &#8211; USP. Orientador: Adriana Marotti de Mello.<\/p>\n<\/div>\n","protected":false},"excerpt":{"rendered":"<p>Disserta\u00e7\u00f5es e Teses Teses, Disserta\u00e7\u00f5es e Trabalhos de conclus\u00e3o de curso de gradua\u00e7\u00e3o finalizados Tese de doutorado 1. Jo\u00e3o Valsecchi&#46;&#46;&#46;<\/p>\n","protected":false},"author":1228,"featured_media":0,"parent":0,"menu_order":0,"comment_status":"closed","ping_status":"closed","template":"","meta":{"footnotes":"","_links_to":"","_links_to_target":""},"class_list":["post-186","page","type-page","status-publish","hentry"],"_links":{"self":[{"href":"https:\/\/sites.usp.br\/mobilab\/wp-json\/wp\/v2\/pages\/186","targetHints":{"allow":["GET"]}}],"collection":[{"href":"https:\/\/sites.usp.br\/mobilab\/wp-json\/wp\/v2\/pages"}],"about":[{"href":"https:\/\/sites.usp.br\/mobilab\/wp-json\/wp\/v2\/types\/page"}],"author":[{"embeddable":true,"href":"https:\/\/sites.usp.br\/mobilab\/wp-json\/wp\/v2\/users\/1228"}],"replies":[{"embeddable":true,"href":"https:\/\/sites.usp.br\/mobilab\/wp-json\/wp\/v2\/comments?post=186"}],"version-history":[{"count":5,"href":"https:\/\/sites.usp.br\/mobilab\/wp-json\/wp\/v2\/pages\/186\/revisions"}],"predecessor-version":[{"id":242,"href":"https:\/\/sites.usp.br\/mobilab\/wp-json\/wp\/v2\/pages\/186\/revisions\/242"}],"wp:attachment":[{"href":"https:\/\/sites.usp.br\/mobilab\/wp-json\/wp\/v2\/media?parent=186"}],"curies":[{"name":"wp","href":"https:\/\/api.w.org\/{rel}","templated":true}]}}