{"id":222,"date":"2020-02-13T17:49:23","date_gmt":"2020-02-13T19:49:23","guid":{"rendered":"https:\/\/sites.usp.br\/mobilab\/?page_id=222"},"modified":"2020-02-13T17:51:05","modified_gmt":"2020-02-13T19:51:05","slug":"mobilab","status":"publish","type":"page","link":"https:\/\/sites.usp.br\/mobilab\/","title":{"rendered":"MobiLAB"},"content":{"rendered":"<h1>MobiLAB<\/h1>\n<p>O Laborat\u00f3rio de Estrat\u00e9gias Integradas da Ind\u00fastria da Mobilidade (MobiLAB\/PRO) pretende, ao mesmo tempo, consolidar a experi\u00eancia de mais de 20 anos de atividade de pesquisa, ensino e extens\u00e3o voltada ao setor automotivo realizada no \u00e2mbito do PRO e definir uma nova abordagem para um setor industrial relevante que se encontra, em termos mundiais e nacionais, em processo de profunda mudan\u00e7a. Todos os players ativos no setor \u2013 empresas, trabalhadores, governo, academia \u2013 est\u00e3o em processo de revis\u00e3o de estrat\u00e9gias e procurando estabelecer uma nova compreens\u00e3o do setor, que pode ser profundamente rearranjado nas pr\u00f3ximas duas d\u00e9cadas.<\/p>\n<p>Nestas condi\u00e7\u00f5es, a Universidade deve ter papel chave, produzindo conhecimento e realizando extens\u00e3o junto aos setores p\u00fablico e privado, consolidando-se como uma refer\u00eancia para o pensamento e produ\u00e7\u00e3o de estrat\u00e9gias para o setor.<\/p>\n<p>Atualmente n\u00e3o \u00e9 mais poss\u00edvel tratar a ind\u00fastria automotiva sem tratar de maneira integrada as quest\u00f5es ambientais decorrentes do autom\u00f3vel, artefato presente no espa\u00e7o p\u00fablico de maior visibilidade e impacto desde o s\u00e9culo XX. Por isso, tratar integradamente a mobilidade urbana e a sustentabilidade da ind\u00fastria \u2013 fundamentalmente a polui\u00e7\u00e3o do ar e do espa\u00e7o urbano, a reciclabilidade e o dilema mobilidade versus imobilidade, colocado pelo autom\u00f3vel.<\/p>\n<h1>Equipe Mobilab organiza o 26th Gerpisa International Colloquium 2018 \u2013 S\u00e3o Paulo<\/h1>\n<p>Em 2018 a cidade de S\u00e3o Paulo, por meio de uma parceria entre a Faculdade de Administra\u00e7\u00e3o e a Escola Polit\u00e9cnica de Engenharia de Produ\u00e7\u00e3o, ambos da USP, e sob coordena\u00e7\u00e3o do Mobilab ir\u00e1 sediar o\u00a026th International Colloquium of Gerpisa de 11 a 14\u00a0de junho de 2018.<\/p>\n<p>A comiss\u00e3o organizadora est\u00e1 contatando e recebendo interessados em patrocinar o evento. Interessados podem contatar diretamente o professor Roberto Marx pelo telefone 11 55258763 ou pelo e-mail robemarx@usp.br.<\/p>\n<p><strong>L\u00edder do grupo Mobilab participa de reuni\u00e3o com a Vedecom \/ IVM em Paris<\/strong><\/p>\n<p>Paralelamente ao 25th Gerpisa International Colloquium 2017, o l\u00edder do grupo Mobilab, prof. Dr. Roberto Marx esteve em\u00a0reuni\u00e3o com a sra. Meirelle Apel-Muller, CEO da Vedecom \/ IVM para discutir colabora\u00e7\u00f5es em pesquisas e outras atividades conjuntas.<\/p>\n<p>Desde o in\u00edcio de 2016, o\u00a0IVM Internacional\u00a0passa a ser um dos membros do Instituto Vedecom,\u00a0o cons\u00f3rcio p\u00fablico-privado franc\u00eas para o desenvolvimento do carro aut\u00f4nomo. Vedecom, sigla, em franc\u00eas, de ve\u00edculo aut\u00f4nomo, n\u00e3o poluente, conectado e sua mobilidade, existe h\u00e1 2 anos e, como o nome j\u00e1 diz, \u00e9 o desenvolvedor do ve\u00edculo autom\u00e1tico que n\u00e3o necessitar\u00e1 de motorista e de pesquisas avan\u00e7adas sobre sua conex\u00e3o com a cidade, com o passageiro e com os outros sistemas de transporte. O\u00a0IVM\u00a0foi indicado a participar do cons\u00f3rcio por sua expertise em mobilidade e contribuir\u00e1 com estudos de cen\u00e1rios de impacto deste tipo de transporte nos deslocamentos da cidade, em diversos pa\u00edses. (http:\/\/cidadeemmovimento.org\/ivm-integra-consorcio-de-pesquisa-avancada-vedecom\/).<\/p>\n<p><strong>Equipe Mobilab participa do \u00a025th Gerpisa International Colloquium 2017 \u2013 Paris<\/strong><\/p>\n<p>Os professores Dr. Roberto Marx e Dra. Adriana Marotti de Mello participaram do \u00a025th International Colloquium of Gerpisa,\u00a0realizado entre 14 de Junho de 2017 a 16 de Junho de 2017, Paris.<\/p>\n<p><a href=\"https:\/\/sites.usp.br\/mobilab\/wp-content\/uploads\/sites\/638\/2019\/11\/affiche_colloque_2017_b_s-1.jpg\"><img loading=\"lazy\" decoding=\"async\" class=\"alignnone size-full wp-image-205\" src=\"https:\/\/sites.usp.br\/mobilab\/wp-content\/uploads\/sites\/638\/2019\/11\/affiche_colloque_2017_b_s-1.jpg\" alt=\"\" width=\"690\" height=\"976\" srcset=\"https:\/\/sites.usp.br\/mobilab\/wp-content\/uploads\/sites\/638\/2019\/11\/affiche_colloque_2017_b_s-1.jpg 690w, https:\/\/sites.usp.br\/mobilab\/wp-content\/uploads\/sites\/638\/2019\/11\/affiche_colloque_2017_b_s-1-212x300.jpg 212w, https:\/\/sites.usp.br\/mobilab\/wp-content\/uploads\/sites\/638\/2019\/11\/affiche_colloque_2017_b_s-1-400x566.jpg 400w\" sizes=\"auto, (max-width: 690px) 100vw, 690px\" \/><\/a><\/p>\n","protected":false},"excerpt":{"rendered":"<p>MobiLAB O Laborat\u00f3rio de Estrat\u00e9gias Integradas da Ind\u00fastria da Mobilidade (MobiLAB\/PRO) pretende, ao mesmo tempo, consolidar a experi\u00eancia de mais&#46;&#46;&#46;<\/p>\n","protected":false},"author":1228,"featured_media":0,"parent":0,"menu_order":0,"comment_status":"closed","ping_status":"closed","template":"","meta":{"footnotes":"","_links_to":"","_links_to_target":""},"class_list":["post-222","page","type-page","status-publish","hentry"],"_links":{"self":[{"href":"https:\/\/sites.usp.br\/mobilab\/wp-json\/wp\/v2\/pages\/222","targetHints":{"allow":["GET"]}}],"collection":[{"href":"https:\/\/sites.usp.br\/mobilab\/wp-json\/wp\/v2\/pages"}],"about":[{"href":"https:\/\/sites.usp.br\/mobilab\/wp-json\/wp\/v2\/types\/page"}],"author":[{"embeddable":true,"href":"https:\/\/sites.usp.br\/mobilab\/wp-json\/wp\/v2\/users\/1228"}],"replies":[{"embeddable":true,"href":"https:\/\/sites.usp.br\/mobilab\/wp-json\/wp\/v2\/comments?post=222"}],"version-history":[{"count":3,"href":"https:\/\/sites.usp.br\/mobilab\/wp-json\/wp\/v2\/pages\/222\/revisions"}],"predecessor-version":[{"id":226,"href":"https:\/\/sites.usp.br\/mobilab\/wp-json\/wp\/v2\/pages\/222\/revisions\/226"}],"wp:attachment":[{"href":"https:\/\/sites.usp.br\/mobilab\/wp-json\/wp\/v2\/media?parent=222"}],"curies":[{"name":"wp","href":"https:\/\/api.w.org\/{rel}","templated":true}]}}