{"id":80,"date":"2021-09-06T16:37:10","date_gmt":"2021-09-06T19:37:10","guid":{"rendered":"https:\/\/sites.usp.br\/monitoramentotecnologico\/?page_id=80"},"modified":"2022-09-26T00:31:01","modified_gmt":"2022-09-26T03:31:01","slug":"150-empresas","status":"publish","type":"page","link":"https:\/\/sites.usp.br\/monitoramentotecnologico\/","title":{"rendered":"Monitoramento Tecnol\u00f3gico"},"content":{"rendered":"\t\t<div data-elementor-type=\"wp-page\" data-elementor-id=\"80\" class=\"elementor elementor-80\">\n\t\t\t\t\t\t<section class=\"elementor-section elementor-top-section elementor-element elementor-element-a7b3de5 elementor-section-boxed elementor-section-height-default elementor-section-height-default\" data-id=\"a7b3de5\" data-element_type=\"section\">\n\t\t\t\t\t\t<div class=\"elementor-container elementor-column-gap-default\">\n\t\t\t\t\t<div class=\"elementor-column elementor-col-100 elementor-top-column elementor-element elementor-element-136dfc7\" data-id=\"136dfc7\" data-element_type=\"column\">\n\t\t\t<div class=\"elementor-widget-wrap elementor-element-populated\">\n\t\t\t\t\t\t<div class=\"elementor-element elementor-element-615f21d elementor-widget elementor-widget-text-editor\" data-id=\"615f21d\" data-element_type=\"widget\" data-widget_type=\"text-editor.default\">\n\t\t\t\t<div class=\"elementor-widget-container\">\n\t\t\t\t\t\t\t<h6 style=\"font-weight: 400;\">O Sistema de Monitoramento da Parcerias Tecnol\u00f3gicas \u00e9 resultado dos levantamentos e analises da evolu\u00e7\u00e3o dos esfor\u00e7os tecnol\u00f3gicos de dois focos de projetos de pesquisa: das 150 maiores empresas instaladas no Brasil e dos Institutos de Ci\u00eancia e Tecnologia. A partir da t\u00e9cnica de an\u00e1lise de redes sociais (ARS) para mapear as redes de coopera\u00e7\u00e3o entre empresas, universidades e institutos de pesquisa que resultaram no desenvolvimento de inven\u00e7\u00f5es protegidas por patentes nas ar\u00e9as tecnol\u00f3gicas de atua\u00e7\u00e3o nos \u00faltimos 20 anos.&nbsp;<\/h6>\n<h6 style=\"font-weight: 400;\">As parcerias tecnol\u00f3gicas s\u00e3o identificadas a partir das patentes que foram desenvolvidas em parceria entre as maiores empresas brasileiras, as institui\u00e7\u00f5es e os demais atores do sistema de inova\u00e7\u00e3o (SNI). A partir destes resultados \u00e9 poss\u00edvel monitorar como estas parcerias evolu\u00edram, quem s\u00e3o os atores chaves para o desenvolvimento tecnol\u00f3gico nacional, quais as \u00e1reas tecnol\u00f3gicas priorizadas pelas empresas (IPC) e os mercados alvo destas tecnologias. Tamb\u00e9m est\u00e3o dispon\u00edveis os indicadores do grau de inova\u00e7\u00e3o aberta&nbsp;(IA) das empresas, universidade e institui\u00e7\u00f5es analisadas.<\/h6>\n<h6 style=\"font-weight: 400;\">Desta forma, espera-se contribuir para o aprimoramento de pol\u00edticas p\u00fablicas do&nbsp;MCTI,&nbsp;funda\u00e7\u00f5es de apoio, EMBRAPII e bancos de desenvolvimento, voltadas ao incentivo da Ci\u00eancia, Tecnologia e Inova\u00e7\u00e3o no Brasil. E tamb\u00e9m potencializar a realiza\u00e7\u00e3o de projetos de Pesquisa, Desenvolvimento e Inova\u00e7\u00e3o (P&amp;D&amp;I) em coopera\u00e7\u00e3o entre os diferentes atores do sistema de inova\u00e7\u00e3o.<\/h6>\t\t\t\t\t\t<\/div>\n\t\t\t\t<\/div>\n\t\t\t\t\t<\/div>\n\t\t<\/div>\n\t\t\t\t\t<\/div>\n\t\t<\/section>\n\t\t\t\t<section class=\"elementor-section elementor-top-section elementor-element elementor-element-47a4e60 elementor-section-boxed elementor-section-height-default elementor-section-height-default\" data-id=\"47a4e60\" data-element_type=\"section\">\n\t\t\t\t\t\t<div class=\"elementor-container elementor-column-gap-default\">\n\t\t\t\t\t<div class=\"elementor-column elementor-col-100 elementor-top-column elementor-element elementor-element-83ac5f0\" data-id=\"83ac5f0\" data-element_type=\"column\">\n\t\t\t<div class=\"elementor-widget-wrap elementor-element-populated\">\n\t\t\t\t\t\t<div class=\"elementor-element elementor-element-49f0b5d elementor-widget elementor-widget-spacer\" data-id=\"49f0b5d\" data-element_type=\"widget\" data-widget_type=\"spacer.default\">\n\t\t\t\t<div class=\"elementor-widget-container\">\n\t\t\t\t\t<div class=\"elementor-spacer\">\n\t\t\t<div class=\"elementor-spacer-inner\"><\/div>\n\t\t<\/div>\n\t\t\t\t<\/div>\n\t\t\t\t<\/div>\n\t\t\t\t<div class=\"elementor-element elementor-element-6012e41 elementor-align-center elementor-widget elementor-widget-button\" data-id=\"6012e41\" data-element_type=\"widget\" data-widget_type=\"button.default\">\n\t\t\t\t<div class=\"elementor-widget-container\">\n\t\t\t\t\t\t\t<div class=\"elementor-button-wrapper\">\n\t\t\t\t\t<a class=\"elementor-button elementor-button-link elementor-size-sm\" href=\"https:\/\/sites.usp.br\/monitoramentotecnologico\/150empresas\/\">\n\t\t\t\t\t\t<span class=\"elementor-button-content-wrapper\">\n\t\t\t\t\t\t<span class=\"elementor-button-icon\">\n\t\t\t\t<i aria-hidden=\"true\" class=\"far fa-building\"><\/i>\t\t\t<\/span>\n\t\t\t\t\t\t\t\t\t<span class=\"elementor-button-text\">150 maiores empresas instaladas no Brasil<\/span>\n\t\t\t\t\t<\/span>\n\t\t\t\t\t<\/a>\n\t\t\t\t<\/div>\n\t\t\t\t\t\t<\/div>\n\t\t\t\t<\/div>\n\t\t\t\t<div class=\"elementor-element elementor-element-8972898 elementor-align-center elementor-widget elementor-widget-button\" data-id=\"8972898\" data-element_type=\"widget\" data-widget_type=\"button.default\">\n\t\t\t\t<div class=\"elementor-widget-container\">\n\t\t\t\t\t\t\t<div class=\"elementor-button-wrapper\">\n\t\t\t\t\t<a class=\"elementor-button elementor-button-link elementor-size-sm\" href=\"https:\/\/sites.usp.br\/monitoramentotecnologico\/ICT\">\n\t\t\t\t\t\t<span class=\"elementor-button-content-wrapper\">\n\t\t\t\t\t\t<span class=\"elementor-button-icon\">\n\t\t\t\t<i aria-hidden=\"true\" class=\"fas fa-university\"><\/i>\t\t\t<\/span>\n\t\t\t\t\t\t\t\t\t<span class=\"elementor-button-text\">Universidades e Institutos de Ci\u00eancia e Tecnologia<\/span>\n\t\t\t\t\t<\/span>\n\t\t\t\t\t<\/a>\n\t\t\t\t<\/div>\n\t\t\t\t\t\t<\/div>\n\t\t\t\t<\/div>\n\t\t\t\t\t<\/div>\n\t\t<\/div>\n\t\t\t\t\t<\/div>\n\t\t<\/section>\n\t\t\t\t<section class=\"elementor-section elementor-top-section elementor-element elementor-element-38be461 elementor-section-boxed elementor-section-height-default elementor-section-height-default\" data-id=\"38be461\" data-element_type=\"section\">\n\t\t\t\t\t\t<div class=\"elementor-container elementor-column-gap-default\">\n\t\t\t\t\t<div class=\"elementor-column elementor-col-100 elementor-top-column elementor-element elementor-element-addbb5a\" data-id=\"addbb5a\" data-element_type=\"column\">\n\t\t\t<div class=\"elementor-widget-wrap elementor-element-populated\">\n\t\t\t\t\t\t<div class=\"elementor-element elementor-element-2cb3aa3 elementor-widget elementor-widget-premium-vscroll\" data-id=\"2cb3aa3\" data-element_type=\"widget\" data-widget_type=\"premium-vscroll.default\">\n\t\t\t\t<div class=\"elementor-widget-container\">\n\t\t\t\r\n\t\t<div class=\"premium-vscroll-wrap\" id=\"premium-vscroll-wrap-2cb3aa3\" data-settings=\"{&quot;id&quot;:&quot;2cb3aa3&quot;,&quot;speed&quot;:700,&quot;offset&quot;:0,&quot;tooltips&quot;:false,&quot;dotsText&quot;:[&quot;&quot;],&quot;dotsPos&quot;:null,&quot;dotsVPos&quot;:null,&quot;fullSection&quot;:true,&quot;fullTouch&quot;:false,&quot;fullCheckOverflow&quot;:true,&quot;addToHistory&quot;:true,&quot;animation&quot;:null,&quot;duration&quot;:null}\">\r\n\t\t\t\t\t\t<div class=\"premium-vscroll-inner\" id=\"premium-vscroll-2cb3aa3\">\r\n\t\t\t\t<div class=\"premium-vscroll-dots premium-vscroll-dots-hide    elementor-invisible\">\r\n\t\t\t\t\t<ul class=\"premium-vscroll-dots-list\">\r\n\t\t\t\t\t\t\t\t\t\t\t<\/ul>\r\n\t\t\t\t<\/div>\r\n\t\t\t\t\t\t\t\t\t<div class=\"premium-vscroll-sections-wrap\" id=\"premium-vscroll-sections-wrap-2cb3aa3\">\r\n\r\n\t\t\t\t\t\t\t\t\t\t\t<\/div>\r\n\t\t\t\t\t\t\t<\/div>\r\n\t\t<\/div>\r\n\r\n\t\t\t\t<\/div>\n\t\t\t\t<\/div>\n\t\t\t\t\t<\/div>\n\t\t<\/div>\n\t\t\t\t\t<\/div>\n\t\t<\/section>\n\t\t\t\t<\/div>\n\t\t","protected":false},"excerpt":{"rendered":"<p>O Sistema de Monitoramento da Parcerias Tecnol\u00f3gicas \u00e9 resultado dos levantamentos e analises da evolu\u00e7\u00e3o dos esfor\u00e7os tecnol\u00f3gicos de dois focos de projetos de pesquisa: das 150 maiores empresas instaladas no Brasil e dos Institutos de Ci\u00eancia e Tecnologia. A partir da t\u00e9cnica de an\u00e1lise de redes sociais (ARS) para mapear as redes de coopera\u00e7\u00e3o [&hellip;]<\/p>\n","protected":false},"author":688,"featured_media":0,"parent":0,"menu_order":0,"comment_status":"closed","ping_status":"closed","template":"","meta":{"ocean_post_layout":"","ocean_both_sidebars_style":"","ocean_both_sidebars_content_width":0,"ocean_both_sidebars_sidebars_width":0,"ocean_sidebar":"0","ocean_second_sidebar":"0","ocean_disable_margins":"enable","ocean_add_body_class":"","ocean_shortcode_before_top_bar":"","ocean_shortcode_after_top_bar":"","ocean_shortcode_before_header":"","ocean_shortcode_after_header":"","ocean_has_shortcode":"","ocean_shortcode_after_title":"","ocean_shortcode_before_footer_widgets":"","ocean_shortcode_after_footer_widgets":"","ocean_shortcode_before_footer_bottom":"","ocean_shortcode_after_footer_bottom":"","ocean_display_top_bar":"default","ocean_display_header":"default","ocean_header_style":"","ocean_center_header_left_menu":"0","ocean_custom_header_template":"0","ocean_custom_logo":0,"ocean_custom_retina_logo":0,"ocean_custom_logo_max_width":0,"ocean_custom_logo_tablet_max_width":0,"ocean_custom_logo_mobile_max_width":0,"ocean_custom_logo_max_height":0,"ocean_custom_logo_tablet_max_height":0,"ocean_custom_logo_mobile_max_height":0,"ocean_header_custom_menu":"0","ocean_menu_typo_font_family":"0","ocean_menu_typo_font_subset":"","ocean_menu_typo_font_size":0,"ocean_menu_typo_font_size_tablet":0,"ocean_menu_typo_font_size_mobile":0,"ocean_menu_typo_font_size_unit":"px","ocean_menu_typo_font_weight":"","ocean_menu_typo_font_weight_tablet":"","ocean_menu_typo_font_weight_mobile":"","ocean_menu_typo_transform":"","ocean_menu_typo_transform_tablet":"","ocean_menu_typo_transform_mobile":"","ocean_menu_typo_line_height":0,"ocean_menu_typo_line_height_tablet":0,"ocean_menu_typo_line_height_mobile":0,"ocean_menu_typo_line_height_unit":"","ocean_menu_typo_spacing":0,"ocean_menu_typo_spacing_tablet":0,"ocean_menu_typo_spacing_mobile":0,"ocean_menu_typo_spacing_unit":"","ocean_menu_link_color":"","ocean_menu_link_color_hover":"","ocean_menu_link_color_active":"","ocean_menu_link_background":"","ocean_menu_link_hover_background":"","ocean_menu_link_active_background":"","ocean_menu_social_links_bg":"","ocean_menu_social_hover_links_bg":"","ocean_menu_social_links_color":"","ocean_menu_social_hover_links_color":"","ocean_disable_title":"default","ocean_disable_heading":"default","ocean_post_title":"","ocean_post_subheading":"","ocean_post_title_style":"","ocean_post_title_background_color":"","ocean_post_title_background":0,"ocean_post_title_bg_image_position":"","ocean_post_title_bg_image_attachment":"","ocean_post_title_bg_image_repeat":"","ocean_post_title_bg_image_size":"","ocean_post_title_height":0,"ocean_post_title_bg_overlay":0.5,"ocean_post_title_bg_overlay_color":"","ocean_disable_breadcrumbs":"default","ocean_breadcrumbs_color":"","ocean_breadcrumbs_separator_color":"","ocean_breadcrumbs_links_color":"","ocean_breadcrumbs_links_hover_color":"","ocean_display_footer_widgets":"default","ocean_display_footer_bottom":"default","ocean_custom_footer_template":"0","footnotes":"","_links_to":"","_links_to_target":""},"class_list":["post-80","page","type-page","status-publish","hentry","entry"],"_links":{"self":[{"href":"https:\/\/sites.usp.br\/monitoramentotecnologico\/wp-json\/wp\/v2\/pages\/80","targetHints":{"allow":["GET"]}}],"collection":[{"href":"https:\/\/sites.usp.br\/monitoramentotecnologico\/wp-json\/wp\/v2\/pages"}],"about":[{"href":"https:\/\/sites.usp.br\/monitoramentotecnologico\/wp-json\/wp\/v2\/types\/page"}],"author":[{"embeddable":true,"href":"https:\/\/sites.usp.br\/monitoramentotecnologico\/wp-json\/wp\/v2\/users\/688"}],"replies":[{"embeddable":true,"href":"https:\/\/sites.usp.br\/monitoramentotecnologico\/wp-json\/wp\/v2\/comments?post=80"}],"version-history":[{"count":4,"href":"https:\/\/sites.usp.br\/monitoramentotecnologico\/wp-json\/wp\/v2\/pages\/80\/revisions"}],"predecessor-version":[{"id":1301,"href":"https:\/\/sites.usp.br\/monitoramentotecnologico\/wp-json\/wp\/v2\/pages\/80\/revisions\/1301"}],"wp:attachment":[{"href":"https:\/\/sites.usp.br\/monitoramentotecnologico\/wp-json\/wp\/v2\/media?parent=80"}],"curies":[{"name":"wp","href":"https:\/\/api.w.org\/{rel}","templated":true}]}}