{"id":1604,"date":"2016-10-27T15:06:55","date_gmt":"2016-10-27T17:06:55","guid":{"rendered":"http:\/\/sites.usp.br\/mp-usp-idpc\/?page_id=1604"},"modified":"2017-07-05T16:27:38","modified_gmt":"2017-07-05T19:27:38","slug":"aluno-regular","status":"publish","type":"page","link":"https:\/\/sites.usp.br\/mp-usp-idpc\/aluno-regular\/","title":{"rendered":"Aluno regular"},"content":{"rendered":"<p><font size=\"2\" face=\"Verdana\"><\/p>\n<p style=\"text-align: justify\">Os candidatos aprovados no processo seletivo dever\u00e3o efetuar a matr\u00edcula de aluno regular no per\u00edodo definido no edital de sele\u00e7\u00e3o.<\/p>\n<p style=\"text-align: justify\">O estudante matriculado na P\u00f3s-Gradua\u00e7\u00e3o dever\u00e1 efetuar a matr\u00edcula regularmente, em cada per\u00edodo letivo, nas \u00e9pocas e prazos fixados pela USP, em todas as fases de seus estudos, at\u00e9 a obten\u00e7\u00e3o do t\u00edtulo de Mestre ou de Doutor. A matr\u00edcula semestral deve ser realizada em Disciplina(s) ou em acompanhamento.<\/p>\n<p><\/p>","protected":false},"excerpt":{"rendered":"<p>Os candidatos aprovados no processo seletivo dever\u00e3o efetuar a matr\u00edcula de aluno regular no per\u00edodo definido no edital de sele\u00e7\u00e3o. O estudante matriculado na P\u00f3s-Gradua\u00e7\u00e3o dever\u00e1 efetuar a matr\u00edcula regularmente, em cada per\u00edodo letivo, nas \u00e9pocas e prazos fixados pela USP, em todas as fases de seus estudos, at\u00e9 a obten\u00e7\u00e3o do t\u00edtulo de Mestre ou de Doutor. A matr\u00edcula semestral deve ser realizada em Disciplina(s) ou em acompanhamento.<\/p>\n","protected":false},"author":148,"featured_media":0,"parent":0,"menu_order":0,"comment_status":"closed","ping_status":"closed","template":"page-full.php","meta":{"footnotes":"","_links_to":"","_links_to_target":""},"class_list":["post-1604","page","type-page","status-publish","hentry"],"_links":{"self":[{"href":"https:\/\/sites.usp.br\/mp-usp-idpc\/wp-json\/wp\/v2\/pages\/1604","targetHints":{"allow":["GET"]}}],"collection":[{"href":"https:\/\/sites.usp.br\/mp-usp-idpc\/wp-json\/wp\/v2\/pages"}],"about":[{"href":"https:\/\/sites.usp.br\/mp-usp-idpc\/wp-json\/wp\/v2\/types\/page"}],"author":[{"embeddable":true,"href":"https:\/\/sites.usp.br\/mp-usp-idpc\/wp-json\/wp\/v2\/users\/148"}],"replies":[{"embeddable":true,"href":"https:\/\/sites.usp.br\/mp-usp-idpc\/wp-json\/wp\/v2\/comments?post=1604"}],"version-history":[{"count":4,"href":"https:\/\/sites.usp.br\/mp-usp-idpc\/wp-json\/wp\/v2\/pages\/1604\/revisions"}],"predecessor-version":[{"id":2600,"href":"https:\/\/sites.usp.br\/mp-usp-idpc\/wp-json\/wp\/v2\/pages\/1604\/revisions\/2600"}],"wp:attachment":[{"href":"https:\/\/sites.usp.br\/mp-usp-idpc\/wp-json\/wp\/v2\/media?parent=1604"}],"curies":[{"name":"wp","href":"https:\/\/api.w.org\/{rel}","templated":true}]}}