{"id":1608,"date":"2016-10-27T15:08:36","date_gmt":"2016-10-27T17:08:36","guid":{"rendered":"http:\/\/sites.usp.br\/mp-usp-idpc\/?page_id=1608"},"modified":"2020-06-25T15:06:50","modified_gmt":"2020-06-25T18:06:50","slug":"aluno-especial","status":"publish","type":"page","link":"https:\/\/sites.usp.br\/mp-usp-idpc\/aluno-especial\/","title":{"rendered":"Aluno especial"},"content":{"rendered":"<p><\/p>\n<h2 class=\"product-title\"><a href=\"https:\/\/cursos.idpc.org.br\/index.php?route=product\/product&#038;path=50&#038;product_id=961\" target=\"_blank\" rel=\"noopener noreferrer\"><span style=\"color: #ff0000\">FA&Ccedil;A AQUI SUA MATR&Iacute;CULA<\/span><\/a><\/h2>\n<h4 class=\"entry-title\">Ap\u00f3s a realiza\u00e7\u00e3o do pagamento, enviar o comprovante para a Secretaria de P\u00f3s Gradua\u00e7\u00e3o, para efetiva\u00e7\u00e3o de matr\u00edcula atrav\u00e9s dos e-mails: <a href=\"mailto:cpg@idpc.org.br\">cpg@idpc.org.br<\/a> ou <a href=\"mailto:cpg2@idpc.org.br\">cpg2@idpc.org.br<\/a><\/h4>\n<p><font size=\"2\" face=\"Verdana\"><\/p>\n<ol>\n<li style=\"text-align: justify\">Alunos especiais s\u00e3o aqueles matriculados apenas em disciplinas sem v\u00ednculo com qualquer Programa de P\u00f3s-Gradua\u00e7\u00e3o da USP, seja por estarem matriculados em outras Institui\u00e7\u00f5es de Ensino, ou por estarem inseridos no mercado de trabalho.<\/li>\n<li style=\"text-align: justify\">A matr\u00edcula em Disciplina deve ser realizada no per\u00edodo definido pela USP ou pela Secretaria de P\u00f3s-Gradua\u00e7\u00e3o do IDPC antes do inicio das aulas.<\/li>\n<li style=\"text-align: justify\">Os documentos necess\u00e1rios para a inscri\u00e7\u00e3o como aluno especial s\u00e3o:<br \/>\n\u2013 c\u00f3pia do diploma de gradua\u00e7\u00e3o, frente e verso;<br \/>\n\u2013 c\u00f3pia do hist\u00f3rico escolar de gradua\u00e7\u00e3o;<br \/>\n\u2013 c\u00f3pia da c\u00e9dula de identidade;<br \/>\n\u2013 c\u00f3pia do CPF;<br \/>\n\u2013\u00a0formul\u00e1rio entrar em contato com a Secretaria de P\u00f3s-Gradua\u00e7\u00e3o.\n<\/ol>\n<ul style=\"text-align: justify\">\n<li>Os documentos dever\u00e3o ser entregues pessoalmente ou por procurador, \u00e0 Secretaria de P\u00f3s-Gradua\u00e7\u00e3o do IDPC.<\/li>\n<\/ul>\n<ul style=\"text-align: justify\">\n<li>A taxa de matr\u00edcula \u00e9 de R$ 190,80 (cada Disciplina).<\/li>\n<\/ul>\n<p style=\"text-align: justify\"><strong>Observa\u00e7\u00e3o:<\/strong> na hip\u00f3tese do aluno especial ingressar como aluno regular, a crit\u00e9rio do orientador, poder\u00e3o ser aproveitados cr\u00e9ditos em disciplinas cursadas na condi\u00e7\u00e3o de aluno especial, nos 36 meses anteriores \u00e0 data da matr\u00edcula inicial como aluno regular.<\/p>\n<p><\/p>","protected":false},"excerpt":{"rendered":"<p>FA&Ccedil;A AQUI SUA MATR&Iacute;CULA Ap\u00f3s a realiza\u00e7\u00e3o do pagamento, enviar o comprovante para a Secretaria de P\u00f3s Gradua\u00e7\u00e3o, para efetiva\u00e7\u00e3o de matr\u00edcula atrav\u00e9s dos e-mails: cpg@idpc.org.br ou cpg2@idpc.org.br Alunos especiais s\u00e3o aqueles matriculados apenas em disciplinas sem v\u00ednculo com qualquer Programa de P\u00f3s-Gradua\u00e7\u00e3o da USP, seja por estarem matriculados em outras Institui\u00e7\u00f5es de Ensino, ou por estarem inseridos no mercado de trabalho. A matr\u00edcula em Disciplina deve ser realizada no per\u00edodo definido pela USP ou pela Secretaria de P\u00f3s-Gradua\u00e7\u00e3o do IDPC antes do inicio das aulas. Os documentos necess\u00e1rios para a inscri\u00e7\u00e3o como aluno especial s\u00e3o: \u2013 c\u00f3pia do diploma de gradua\u00e7\u00e3o, frente e verso; \u2013 c\u00f3pia do hist\u00f3rico escolar de gradua\u00e7\u00e3o; \u2013 c\u00f3pia da c\u00e9dula de identidade; \u2013 c\u00f3pia do CPF; \u2013\u00a0formul\u00e1rio entrar em contato com a Secretaria de P\u00f3s-Gradua\u00e7\u00e3o. Os documentos dever\u00e3o ser entregues pessoalmente ou por procurador, \u00e0 Secretaria de P\u00f3s-Gradua\u00e7\u00e3o do IDPC. A taxa de matr\u00edcula \u00e9 de R$ 190,80 (cada Disciplina). Observa\u00e7\u00e3o: na hip\u00f3tese do aluno especial ingressar como aluno regular, a crit\u00e9rio do orientador, poder\u00e3o ser aproveitados cr\u00e9ditos em disciplinas cursadas na condi\u00e7\u00e3o de aluno especial, nos 36 meses anteriores \u00e0 data da matr\u00edcula inicial como aluno regular.<\/p>\n","protected":false},"author":148,"featured_media":0,"parent":0,"menu_order":0,"comment_status":"closed","ping_status":"closed","template":"page-full.php","meta":{"footnotes":"","_links_to":"","_links_to_target":""},"class_list":["post-1608","page","type-page","status-publish","hentry"],"_links":{"self":[{"href":"https:\/\/sites.usp.br\/mp-usp-idpc\/wp-json\/wp\/v2\/pages\/1608","targetHints":{"allow":["GET"]}}],"collection":[{"href":"https:\/\/sites.usp.br\/mp-usp-idpc\/wp-json\/wp\/v2\/pages"}],"about":[{"href":"https:\/\/sites.usp.br\/mp-usp-idpc\/wp-json\/wp\/v2\/types\/page"}],"author":[{"embeddable":true,"href":"https:\/\/sites.usp.br\/mp-usp-idpc\/wp-json\/wp\/v2\/users\/148"}],"replies":[{"embeddable":true,"href":"https:\/\/sites.usp.br\/mp-usp-idpc\/wp-json\/wp\/v2\/comments?post=1608"}],"version-history":[{"count":4,"href":"https:\/\/sites.usp.br\/mp-usp-idpc\/wp-json\/wp\/v2\/pages\/1608\/revisions"}],"predecessor-version":[{"id":2835,"href":"https:\/\/sites.usp.br\/mp-usp-idpc\/wp-json\/wp\/v2\/pages\/1608\/revisions\/2835"}],"wp:attachment":[{"href":"https:\/\/sites.usp.br\/mp-usp-idpc\/wp-json\/wp\/v2\/media?parent=1608"}],"curies":[{"name":"wp","href":"https:\/\/api.w.org\/{rel}","templated":true}]}}