{"id":1672,"date":"2016-11-28T10:05:50","date_gmt":"2016-11-28T12:05:50","guid":{"rendered":"http:\/\/sites.usp.br\/mp-usp-idpc\/?page_id=1672"},"modified":"2017-09-25T11:59:58","modified_gmt":"2017-09-25T14:59:58","slug":"apresentacao","status":"publish","type":"page","link":"https:\/\/sites.usp.br\/mp-usp-idpc\/apresentacao\/","title":{"rendered":"Apresenta\u00e7\u00e3o"},"content":{"rendered":"<h3><span style=\"color: #1094ab\">Programa USP \u2013 IDPC de Mestrado Profissional Associado \u00e0 Resid\u00eancia em Medicina Cardiovascular<\/span><\/h3>\n<p><font size=\"2\" face=\"Verdana\"><\/p>\n<p style=\"text-align: justify\">Os programas de Mestrado Profissional prop\u00f5em articular a pesquisa cient\u00edfica com a pr\u00e1tica profissional, propiciando qualificar mais profundamente o indiv\u00edduo para o mercado de trabalho e ampliar a competitividade e a produtividade de empresas e organiza\u00e7\u00f5es p\u00fablicas e privadas.<br \/>\nEsses programas s\u00e3o reconhecidos pela Coordena\u00e7\u00e3o de Aperfei\u00e7oamento de Pessoal de N\u00edvel Superior (CAPES), desde 1999, e se tornaram a modalidade de p\u00f3s-gradua\u00e7\u00e3o que mais cresceu desde ent\u00e3o.<br \/>\nNa \u00e1rea m\u00e9dica eles s\u00e3o mais recentes e o Programa de Mestrado Profissional Associado \u00e0 Resid\u00eancia em Medicina Cardiovascular do Instituto Dante Pazzanese de Cardiologia \u00e9 o primeiro programa do g\u00eanero aprovado pela Universidade de S\u00e3o Paulo. Seu regulamento foi publicado no DOE em 18\/1\/2017 \u2013 Se\u00e7\u00e3o I \u2013 p\u00e1g. 90.<br \/>\nA \u00e1rea de concentra\u00e7\u00e3o do Programa USP-IDPC de Mestrado Profissional \u00e9 Preven\u00e7\u00e3o, Diagn\u00f3stico e Tratamento em Medicina Cardiovascular e se espera que, ao final do curso, o aluno desenvolva v\u00e1rias capacita\u00e7\u00f5es adicionais \u00e0s conferidas pela Resid\u00eancia M\u00e9dica, entre elas, ministrar aulas em Institui\u00e7\u00f5es de ensino superior, tal qual o mestrado acad\u00eamico tradicional. Outras aptid\u00f5es s\u00e3o: desenvolver pesquisa e outros trabalhos t\u00e9cnico-cient\u00edficos no \u00e2mbito do saber cardiovascular, com apropria\u00e7\u00e3o do conhecimento embasado no rigor metodol\u00f3gico e nos fundamentos da ci\u00eancia cardiovascular. Os conhecimentos adquiridos permitir\u00e3o que sua atua\u00e7\u00e3o em atividades assistenciais e t\u00e9cnico-cient\u00edficas seja inovadora, propiciando um resultado de alta efici\u00eancia e amplo impacto.<br \/>\nOs professores e orientadores do Programa USP-IDPC de Mestrado Profissional s\u00e3o Doutores Pesquisadores do Instituto Dante Pazzanese de Cardiologia, Entidade Associada \u00e0 Universidade de S\u00e3o Paulo, todos eles ligados ao programa de Resid\u00eancia em Cardiologia e Cirurgia Cardiovascular da Institui\u00e7\u00e3o e somente a este Programa de P\u00f3s-Gradua\u00e7\u00e3o.<br \/>\nO p\u00fablico-alvo \u00e9 constitu\u00eddo de residentes de Cardiologia, Cardiologia Pedi\u00e1trica e Cirurgia Cardiovascular e os candidatos s\u00e3o selecionados atrav\u00e9s de concurso espec\u00edfico.<\/p>\n","protected":false},"excerpt":{"rendered":"<p>Programa USP \u2013 IDPC de Mestrado Profissional Associado \u00e0 Resid\u00eancia em Medicina Cardiovascular Os programas de Mestrado Profissional prop\u00f5em articular a pesquisa cient\u00edfica com a pr\u00e1tica profissional, propiciando qualificar mais profundamente o indiv\u00edduo para o mercado de trabalho e ampliar a competitividade e a produtividade de empresas e organiza\u00e7\u00f5es p\u00fablicas e privadas. Esses programas s\u00e3o reconhecidos pela Coordena\u00e7\u00e3o de Aperfei\u00e7oamento de Pessoal de N\u00edvel Superior (CAPES), desde 1999, e se tornaram a modalidade de p\u00f3s-gradua\u00e7\u00e3o que mais cresceu desde ent\u00e3o. Na \u00e1rea m\u00e9dica eles s\u00e3o mais recentes e o Programa de Mestrado Profissional Associado \u00e0 Resid\u00eancia em Medicina Cardiovascular do Instituto Dante Pazzanese de Cardiologia \u00e9 o primeiro programa do g\u00eanero aprovado pela Universidade de S\u00e3o Paulo. Seu regulamento foi publicado no DOE em 18\/1\/2017 \u2013 Se\u00e7\u00e3o I \u2013 p\u00e1g. 90. A \u00e1rea de concentra\u00e7\u00e3o do Programa USP-IDPC de Mestrado Profissional \u00e9 Preven\u00e7\u00e3o, Diagn\u00f3stico e Tratamento em Medicina Cardiovascular e se espera que, ao final do curso, o aluno desenvolva v\u00e1rias capacita\u00e7\u00f5es adicionais \u00e0s conferidas pela Resid\u00eancia M\u00e9dica, entre elas, ministrar aulas em Institui\u00e7\u00f5es de ensino superior, tal qual o mestrado acad\u00eamico tradicional. Outras aptid\u00f5es s\u00e3o: desenvolver pesquisa e outros trabalhos t\u00e9cnico-cient\u00edficos no \u00e2mbito do saber cardiovascular, com apropria\u00e7\u00e3o do [&#8230;]<\/p>\n","protected":false},"author":364,"featured_media":0,"parent":0,"menu_order":0,"comment_status":"closed","ping_status":"closed","template":"page-full.php","meta":{"footnotes":"","_links_to":"","_links_to_target":""},"class_list":["post-1672","page","type-page","status-publish","hentry"],"_links":{"self":[{"href":"https:\/\/sites.usp.br\/mp-usp-idpc\/wp-json\/wp\/v2\/pages\/1672","targetHints":{"allow":["GET"]}}],"collection":[{"href":"https:\/\/sites.usp.br\/mp-usp-idpc\/wp-json\/wp\/v2\/pages"}],"about":[{"href":"https:\/\/sites.usp.br\/mp-usp-idpc\/wp-json\/wp\/v2\/types\/page"}],"author":[{"embeddable":true,"href":"https:\/\/sites.usp.br\/mp-usp-idpc\/wp-json\/wp\/v2\/users\/364"}],"replies":[{"embeddable":true,"href":"https:\/\/sites.usp.br\/mp-usp-idpc\/wp-json\/wp\/v2\/comments?post=1672"}],"version-history":[{"count":4,"href":"https:\/\/sites.usp.br\/mp-usp-idpc\/wp-json\/wp\/v2\/pages\/1672\/revisions"}],"predecessor-version":[{"id":2629,"href":"https:\/\/sites.usp.br\/mp-usp-idpc\/wp-json\/wp\/v2\/pages\/1672\/revisions\/2629"}],"wp:attachment":[{"href":"https:\/\/sites.usp.br\/mp-usp-idpc\/wp-json\/wp\/v2\/media?parent=1672"}],"curies":[{"name":"wp","href":"https:\/\/api.w.org\/{rel}","templated":true}]}}