{"id":1681,"date":"2016-11-28T10:08:52","date_gmt":"2016-11-28T12:08:52","guid":{"rendered":"http:\/\/sites.usp.br\/mp-usp-idpc\/?page_id=1681"},"modified":"2017-07-05T16:04:54","modified_gmt":"2017-07-05T19:04:54","slug":"defesa-da-dissertacao","status":"publish","type":"page","link":"https:\/\/sites.usp.br\/mp-usp-idpc\/defesa-da-dissertacao\/","title":{"rendered":"Defesa de Disserta\u00e7\u00e3o"},"content":{"rendered":"<p><font size=\"2\" face=\"Verdana\"><br \/>\n<strong>DEP\u00d3SITO DA DISSERTA\u00c7\u00c3O  <\/strong><\/p>\n<p style=\"text-align: justify\">O aluno de  Mestrado Profissional o ter\u00e1 o prazo de at\u00e9 <strong>24 (vinte e quatro)<\/strong> meses para depositar a Disserta\u00e7\u00e3o contados a partir da primeira matr\u00edcula (dia, m\u00eas e ano) no Curso, de acordo com o Regulamento do Programa.<\/p>\n<p style=\"text-align: justify\">O trabalho final do curso de Mestrado Profissional ser\u00e1 na forma de Disserta\u00e7\u00e3o. A forma das Disserta\u00e7\u00f5es seguem as Diretrizes para apresenta\u00e7\u00e3o de disserta\u00e7\u00f5es\/teses da USP: documento eletr\u00f4nico e impresso \u2013 Parte I (ABNT)\u201d publicado pelo Sistema Integrado de Bibliotecas (SIBI) USP, disponibilizado na p\u00e1gina do programa na Internet\u201d.<\/p>\n<p style=\"text-align: justify\">O dep\u00f3sito de 8 (oito) exemplares da Disserta\u00e7\u00e3o e uma vers\u00e3o digital do trabalho em formato pdf, dever\u00e1 ser efetuado pelo aluno at\u00e9 o final do expediente do \u00faltimo dia de seu prazo Regimental, na Secretaria de P\u00f3s-Gradua\u00e7\u00e3o do IDPC.<\/p>\n<p style=\"text-align: justify\">Os exemplares da Disserta\u00e7\u00e3o poder\u00e3o vir impressos na frente e no verso das folhas.<\/p>\n<p style=\"text-align: justify\">Junto com o dep\u00f3sito da Disserta\u00e7\u00e3o, exige-se um artigo submetido a uma revista B3, no momento da submiss\u00e3o), que tenha comprovada rela\u00e7\u00e3o com a Tese. A submiss\u00e3o do artigo dever\u00e1 atender \u00e0s normas da revista escolhida. <\/p>\n<p style=\"text-align: justify\">Os exemplares da Disserta\u00e7\u00e3o  ser\u00e3o acompanhados de um of\u00edcio assinado pelo orientador, atestando que o trabalho est\u00e1 apto para a defesa. Neste of\u00edcio, o orientador sugerir\u00e1 tamb\u00e9m 9 (nove) nomes de poss\u00edveis membros, sendo: 3 (tr\u00eas) vinculados ao Programa ou ao IDPC e 6 (seis) externos ao IDPC, sendo no m\u00ednimo 3 (tr\u00eas) externos \u00e0 Universidade de S\u00e3o Paulo, para poss\u00edvel inclus\u00e3o na Comiss\u00e3o Julgadora.<\/p>\n<p style=\"text-align: justify\"><strong>Importante:<\/strong> Caso tenha ocorrido alguma altera\u00e7\u00e3o no Projeto de Disserta\u00e7\u00e3o (mudan\u00e7a do t\u00edtulo, m\u00e9todos, conte\u00fado, etc.), a mesma dever\u00e1 ser aprovada pelo CEP e pela CPG, antes do dep\u00f3sito do trabalho.<\/p>\n<p style=\"text-align: justify\">O Guia de Elabora\u00e7\u00e3o de Disserta\u00e7\u00f5es para a formata\u00e7\u00e3o do trabalho e outros documentos necess\u00e1rios para o dep\u00f3sito da mesma encontram-se no item  <u><a href=\"\/\/sites.usp.br\/mp-usp-idpc\/formularios\">formul\u00e1rios<\/a><\/u>.<\/p>\n<p style=\"text-align: justify\">Lembramos que o os documentos referentes ao dep\u00f3sito da <strong>Disserta\u00e7\u00e3o<\/strong>, s\u00f3 ser\u00e3o aceitos pela Secretaria, se atenderem a todos os requisitos acima mencionados.<\/p>\n<p style=\"text-align: justify\"><strong>Obs.: <\/strong>Maiores informa\u00e7\u00f5es, consultar o item VIII do Regulamento de P\u00f3s-Gradua\u00e7\u00e3o do Programa.  <\/p>\n<hr \/>\n<p style=\"text-align: justify\"><strong>\u00a0<\/strong><\/p>\n<p><strong>EXIG\u00caNCIAS PARA O DEP\u00d3SITO DA DISSERTA\u00c7\u00c3O:<\/strong><\/p>\n<p style=\"text-align: justify\"><strong>O aluno<\/strong> dever\u00e1 entregar na secretaria de P\u00f3s-Gradua\u00e7\u00e3o, at\u00e9 o prazo m\u00e1ximo Regulamentar, os seguintes documentos:<\/p>\n<ul style=\"text-align: justify\">\n<ul style=\"text-align: justify\">\n<li>8 (oito) exemplares da Disserta\u00e7\u00e3o <em>(encadernado em capa dura);<\/em><\/li>\n<li>1 CD contendo a vers\u00e3o eletr\u00f4nica do trabalho em formato PDF, para disponibiliza\u00e7\u00e3o na Biblioteca Digital da USP, conforme disposto no Artigo 1\u00ba (<u><em><a href=\"http:\/\/www.leginf.usp.br\/?resolucao=resolucao-copgr-no-6018-de-13-de-outubro-de-2011\">Resolu\u00e7\u00e3o CoPGr 5401, de 17 de abril de 2007<\/a>);<\/em><\/u><\/li>\n<li>Of\u00edcio assinado pelo orientador, atestando que o trabalho est\u00e1 apto para a defesa;<\/li>\n<li>Formul\u00e1rio contendo a sugest\u00e3o dos nomes para a composi\u00e7\u00e3o da Comiss\u00e3o Julgadora da Disserta\u00e7\u00e3o, <strong>digitado<\/strong> e <strong>assinado<\/strong> pelo Orientador;<\/li>\n<li>Comprovante de submiss\u00e3o de pelo menos <u>1 (um) artigo relacionado \u00e0 Disserta\u00e7\u00e3o<\/u>, em revista <strong>Qualis B3<\/strong> ou superior;<\/li>\n<li>Regulamento ou instru\u00e7\u00f5es para submiss\u00e3o de artigos na Revista escolhida;<\/li>\n<li>C\u00f3pia de separata do trabalho submetido.<\/li>\n<\/ul>\n<\/ul>\n<p style=\"text-align: justify\"><strong>Observa\u00e7\u00e3o: <\/strong><\/p>\n<ul>\n<li>Para a elabora\u00e7\u00e3o da ficha catalogr\u00e1fica da Disserta\u00e7\u00e3o, entrar em contato com a Sra. Anna Simene (Biblioteca do IDCP &#8211; 5085-6124\/5085-6149).<\/li>\n<li>Para consulta dos peri\u00f3dicos da \u00e1rea de Medicina I, consultar o site: <a href=\"https:\/\/sucupira.capes.gov.br\/sucupira\/public\/consultas\/coleta\/veiculoPublicacaoQualis\/listaConsultaGeralPeriodicos.jsf\">https:\/\/sucupira.capes.gov.br\/sucupira\/public\/consultas\/coleta\/veiculoPublicacaoQualis\/listaConsultaGeralPeriodicos.jsf<\/a><\/li>\n<\/ul>\n<hr \/>\n<p style=\"text-align: justify\"><strong>\u00a0<\/strong><\/p>\n<p><strong>DEFESA DA DISSERTA\u00c7\u00c3O<\/strong><\/p>\n<p style=\"text-align: justify\">A defesa da Disserta\u00e7\u00e3o  dever\u00e1 ocorrer, no prazo m\u00e1ximo,  de <strong>at\u00e9 105 (cento e cinco)<\/strong> dias,  contados a partir da data da 1\u00aa aprova\u00e7\u00e3o da Comiss\u00e3o Julgadora pela CPG.<\/p>\n<p style=\"text-align: justify\">Ap\u00f3s a aprova\u00e7\u00e3o da Comiss\u00e3o Julgadora pela CPG, ser\u00e1 informado ao aluno a composi\u00e7\u00e3o da Banca Julgadora, e solicitado ao mesmo a defini\u00e7\u00e3o da data da defesa.<\/p>\n<p style=\"text-align: justify\">O aluno ter\u00e1 no m\u00e1ximo 60 minutos para a exposi\u00e7\u00e3o da aula. A Comiss\u00e3o Julgadora ter\u00e1 no m\u00e1ximo 5 (cinco) horas para a argui\u00e7\u00e3o do candidato, que ocorrer\u00e1 em sess\u00e3o p\u00fablica.<\/p>\n<p style=\"text-align: justify\">Na defesa da Disserta\u00e7\u00e3o, o aluno ser\u00e1 aprovado ou reprovado, n\u00e3o havendo atribui\u00e7\u00e3o de notas ou conceitos.<\/p>\n<p style=\"text-align: justify\">Ser\u00e1 considerado aprovado o candidato que obtiver aprova\u00e7\u00e3o da maioria dos examinadores.<\/p>\n<p style=\"text-align: justify\"><strong>Observa\u00e7\u00e3o:<\/strong> fica permitida, a crit\u00e9rio do orientador e do orientado, a corre\u00e7\u00e3o da Disserta\u00e7\u00e3o  aprovada de modo a valorizar a participa\u00e7\u00e3o dos membros da Comiss\u00e3o Julgadora, que poder\u00e3o sugerir altera\u00e7\u00f5es para melhorar a qualidade do documento publico.<\/p>\n<p style=\"text-align: justify\">O prazo m\u00e1ximo para a entrega da \u201cvers\u00e3o corrigida\u201d e definitiva ser\u00e1 de 60 (sessenta) dias a contar da data da defesa. (<u><a href=\"http:\/\/www.leginf.usp.br\/?resolucao=resolucao-copgr-no-6018-de-13-de-outubro-de-2011\">Resolu\u00e7\u00e3o CoPGr 6018, de 13 de outubro de 2011<\/a><\/u>)<\/p>\n","protected":false},"excerpt":{"rendered":"<p>DEP\u00d3SITO DA DISSERTA\u00c7\u00c3O O aluno de Mestrado Profissional o ter\u00e1 o prazo de at\u00e9 24 (vinte e quatro) meses para depositar a Disserta\u00e7\u00e3o contados a partir da primeira matr\u00edcula (dia, m\u00eas e ano) no Curso, de acordo com o Regulamento do Programa. O trabalho final do curso de Mestrado Profissional ser\u00e1 na forma de Disserta\u00e7\u00e3o. A forma das Disserta\u00e7\u00f5es seguem as Diretrizes para apresenta\u00e7\u00e3o de disserta\u00e7\u00f5es\/teses da USP: documento eletr\u00f4nico e impresso \u2013 Parte I (ABNT)\u201d publicado pelo Sistema Integrado de Bibliotecas (SIBI) USP, disponibilizado na p\u00e1gina do programa na Internet\u201d. O dep\u00f3sito de 8 (oito) exemplares da Disserta\u00e7\u00e3o e uma vers\u00e3o digital do trabalho em formato pdf, dever\u00e1 ser efetuado pelo aluno at\u00e9 o final do expediente do \u00faltimo dia de seu prazo Regimental, na Secretaria de P\u00f3s-Gradua\u00e7\u00e3o do IDPC. Os exemplares da Disserta\u00e7\u00e3o poder\u00e3o vir impressos na frente e no verso das folhas. Junto com o dep\u00f3sito da Disserta\u00e7\u00e3o, exige-se um artigo submetido a uma revista B3, no momento da submiss\u00e3o), que tenha comprovada rela\u00e7\u00e3o com a Tese. A submiss\u00e3o do artigo dever\u00e1 atender \u00e0s normas da revista escolhida. Os exemplares da Disserta\u00e7\u00e3o ser\u00e3o acompanhados de um of\u00edcio assinado pelo orientador, atestando que o trabalho est\u00e1 apto para [&#8230;]<\/p>\n","protected":false},"author":364,"featured_media":0,"parent":0,"menu_order":0,"comment_status":"closed","ping_status":"closed","template":"page-full.php","meta":{"footnotes":"","_links_to":"","_links_to_target":""},"class_list":["post-1681","page","type-page","status-publish","hentry"],"_links":{"self":[{"href":"https:\/\/sites.usp.br\/mp-usp-idpc\/wp-json\/wp\/v2\/pages\/1681","targetHints":{"allow":["GET"]}}],"collection":[{"href":"https:\/\/sites.usp.br\/mp-usp-idpc\/wp-json\/wp\/v2\/pages"}],"about":[{"href":"https:\/\/sites.usp.br\/mp-usp-idpc\/wp-json\/wp\/v2\/types\/page"}],"author":[{"embeddable":true,"href":"https:\/\/sites.usp.br\/mp-usp-idpc\/wp-json\/wp\/v2\/users\/364"}],"replies":[{"embeddable":true,"href":"https:\/\/sites.usp.br\/mp-usp-idpc\/wp-json\/wp\/v2\/comments?post=1681"}],"version-history":[{"count":4,"href":"https:\/\/sites.usp.br\/mp-usp-idpc\/wp-json\/wp\/v2\/pages\/1681\/revisions"}],"predecessor-version":[{"id":2583,"href":"https:\/\/sites.usp.br\/mp-usp-idpc\/wp-json\/wp\/v2\/pages\/1681\/revisions\/2583"}],"wp:attachment":[{"href":"https:\/\/sites.usp.br\/mp-usp-idpc\/wp-json\/wp\/v2\/media?parent=1681"}],"curies":[{"name":"wp","href":"https:\/\/api.w.org\/{rel}","templated":true}]}}