{"id":1683,"date":"2016-11-28T10:09:07","date_gmt":"2016-11-28T12:09:07","guid":{"rendered":"http:\/\/sites.usp.br\/mp-usp-idpc\/?page_id=1683"},"modified":"2017-07-05T16:07:15","modified_gmt":"2017-07-05T19:07:15","slug":"desligamento-programa","status":"publish","type":"page","link":"https:\/\/sites.usp.br\/mp-usp-idpc\/desligamento-programa\/","title":{"rendered":"Desligamento do Programa"},"content":{"rendered":"<p><font size=\"2\" face=\"Verdana\">&nbsp;<\/p>\n<p style=\"text-align: justify\">De acordo com o disposto no Regimento de P\u00f3s-Gradua\u00e7\u00e3o da USP, o aluno matriculado poder\u00e1 ser desligado do curso nos seguintes casos:<\/p>\n<ol>\u2022 se for reprovado duas vezes na mesma Disciplina ou reprovado em tr\u00eas Disciplinas distintas;<br \/>\n\u2022 se n\u00e3o efetuar a matr\u00edcula regularmente em dois per\u00edodos letivos consecutivos dentro do prazo previsto no calend\u00e1rio escolar fixado pelo <span style=\"padding-left:10px\">CoPGr;<\/span><br \/>\n\u2022 se n\u00e3o for aprovado no exame de qualifica\u00e7\u00e3o nos prazos estabelecidos no Regimento P\u00f3s-Gradua\u00e7\u00e3o;<br \/>\n\u2022 aus\u00eancia de justificativa circunstanciada do aluno, com anu\u00eancia do orientador, quando a maioria dos pareceres considerar a Disserta\u00e7\u00e3o<br \/>\n<span style=\"padding-left:10px\">ou Tese n\u00e3o apta para defesa, nos termos do que rege o \u00a7 4\u00ba do art. 96 do Regimento de P\u00f3s-Gradua\u00e7\u00e3o;<\/span><br \/>\n\u2022 se n\u00e3o cumprir as atividades ou exig\u00eancias nos prazos regimentais;<br \/>\n\u2022 a pedido do interessado.<\/ol>\n","protected":false},"excerpt":{"rendered":"<p>&nbsp; De acordo com o disposto no Regimento de P\u00f3s-Gradua\u00e7\u00e3o da USP, o aluno matriculado poder\u00e1 ser desligado do curso nos seguintes casos: \u2022 se for reprovado duas vezes na mesma Disciplina ou reprovado em tr\u00eas Disciplinas distintas; \u2022 se n\u00e3o efetuar a matr\u00edcula regularmente em dois per\u00edodos letivos consecutivos dentro do prazo previsto no calend\u00e1rio escolar fixado pelo CoPGr; \u2022 se n\u00e3o for aprovado no exame de qualifica\u00e7\u00e3o nos prazos estabelecidos no Regimento P\u00f3s-Gradua\u00e7\u00e3o; \u2022 aus\u00eancia de justificativa circunstanciada do aluno, com anu\u00eancia do orientador, quando a maioria dos pareceres considerar a Disserta\u00e7\u00e3o ou Tese n\u00e3o apta para defesa, nos termos do que rege o \u00a7 4\u00ba do art. 96 do Regimento de P\u00f3s-Gradua\u00e7\u00e3o; \u2022 se n\u00e3o cumprir as atividades ou exig\u00eancias nos prazos regimentais; \u2022 a pedido do interessado.<\/p>\n","protected":false},"author":364,"featured_media":0,"parent":0,"menu_order":0,"comment_status":"closed","ping_status":"closed","template":"page-full.php","meta":{"footnotes":"","_links_to":"","_links_to_target":""},"class_list":["post-1683","page","type-page","status-publish","hentry"],"_links":{"self":[{"href":"https:\/\/sites.usp.br\/mp-usp-idpc\/wp-json\/wp\/v2\/pages\/1683","targetHints":{"allow":["GET"]}}],"collection":[{"href":"https:\/\/sites.usp.br\/mp-usp-idpc\/wp-json\/wp\/v2\/pages"}],"about":[{"href":"https:\/\/sites.usp.br\/mp-usp-idpc\/wp-json\/wp\/v2\/types\/page"}],"author":[{"embeddable":true,"href":"https:\/\/sites.usp.br\/mp-usp-idpc\/wp-json\/wp\/v2\/users\/364"}],"replies":[{"embeddable":true,"href":"https:\/\/sites.usp.br\/mp-usp-idpc\/wp-json\/wp\/v2\/comments?post=1683"}],"version-history":[{"count":6,"href":"https:\/\/sites.usp.br\/mp-usp-idpc\/wp-json\/wp\/v2\/pages\/1683\/revisions"}],"predecessor-version":[{"id":2316,"href":"https:\/\/sites.usp.br\/mp-usp-idpc\/wp-json\/wp\/v2\/pages\/1683\/revisions\/2316"}],"wp:attachment":[{"href":"https:\/\/sites.usp.br\/mp-usp-idpc\/wp-json\/wp\/v2\/media?parent=1683"}],"curies":[{"name":"wp","href":"https:\/\/api.w.org\/{rel}","templated":true}]}}