{"id":1696,"date":"2016-11-28T10:11:29","date_gmt":"2016-11-28T12:11:29","guid":{"rendered":"http:\/\/sites.usp.br\/mp-usp-idpc\/?page_id=1696"},"modified":"2019-04-09T09:11:44","modified_gmt":"2019-04-09T12:11:44","slug":"grade-das-disciplinas","status":"publish","type":"page","link":"https:\/\/sites.usp.br\/mp-usp-idpc\/grade-das-disciplinas\/","title":{"rendered":"Grade das Disciplinas do Programa"},"content":{"rendered":"<p>&nbsp;<\/p>\n<table width=\"664\">\n<tbody>\n<tr style=\"text-align: left\">\n<td style=\"background-color: #1094ab;width: 50px;border-color: #999999;font-size: 14px;text-align: center;vertical-align: middle\" width=\"78\"><span style=\"color: #ffffff\"><strong><span style=\"font-family: Verdana\">Sigla<\/span><\/strong><\/span><\/td>\n<td style=\"background-color: #1094ab;width: 250px;border-color: #999999;font-size: 14px;text-align: center;vertical-align: middle\" width=\"76\"><span style=\"color: #ffffff\"><strong><span style=\"font-family: Verdana\">Disciplinas<\/span><\/strong><\/span><\/td>\n<td style=\"background-color: #1094ab;width: 200px;border-color: #999999;font-size: 14px;text-align: center;vertical-align: middle\" width=\"310\"><span style=\"color: #ffffff\"><strong><span style=\"font-family: Verdana\">Professores Respons\u00e1veis<\/span><\/strong><\/span><\/td>\n<td style=\"background-color: #1094ab;width: 50px;border-color: #999999;font-size: 14px;text-align: center;vertical-align: middle\" width=\"121\"><span style=\"color: #ffffff\"><strong><span style=\"font-family: Verdana\">N\u00ba de Cr\u00e9ditos<\/span><\/strong><\/span><\/td>\n<td style=\"background-color: #1094ab;width: 50px;border-color: #999999;font-size: 14px;text-align: center;vertical-align: middle\" width=\"78\"><span style=\"color: #ffffff\"><strong><span style=\"font-family: Verdana\">N\u00ba de Semanas<\/span><\/strong><\/span><\/td>\n<\/tr>\n<tr>\n<td style=\"width: 50px;border-color: #999999;font-size: 13px;text-align: center;vertical-align: middle\" width=\"78\"><span style=\"font-family: Verdana\">IDP5000<\/span><\/td>\n<td style=\"width: 250px;border-color: #999999;font-size: 13px;vertical-align: middle;text-align: left\" width=\"76\"><span style=\"font-family: Verdana\"> Preven\u00e7\u00e3o Cardiovascular<\/span><\/td>\n<td style=\"width: 200px;border-color: #999999;font-size: 13px;vertical-align: middle;text-align: left\" width=\"310\"><span style=\"font-family: Verdana\">Andr\u00e9 Arpad Falud<br \/>\nFl\u00e1vio Antonio de Oliveira Borelli<\/span><\/td>\n<td style=\"width: 50px;border-color: #999999;font-size: 13px;text-align: center;vertical-align: middle\" width=\"121\"><span style=\"font-family: Verdana\">5<\/span><\/td>\n<td style=\"width: 50px;border-color: #999999;font-size: 13px;text-align: center;vertical-align: middle\" width=\"78\"><span style=\"font-family: Verdana\">3<\/span><\/td>\n<\/tr>\n<tr>\n<td style=\"width: 50px;border-color: #999999;font-size: 13px;text-align: center;vertical-align: middle\" width=\"78\"><span style=\"font-family: Verdana\">IDP5001<\/span><\/td>\n<td style=\"width: 250px;border-color: #999999;font-size: 13px;vertical-align: middle;text-align: left\" width=\"76\"><span style=\"font-family: Verdana\">Diagn\u00f3stico Cardiovascular por Imagens<\/span><\/td>\n<td style=\"width: 200px;border-color: #999999;font-size: 13px;vertical-align: middle;text-align: left\" width=\"310\"><span style=\"font-family: Verdana\">Romeu S\u00e9rgio Meneghelo<br \/>\nDavid Costa de Souza Le Bihan<br \/>\nPaola Emanuela Poggio Smanio<\/span><\/td>\n<td style=\"width: 50px;border-color: #999999;font-size: 13px;text-align: center;vertical-align: middle\" width=\"121\"><span style=\"font-family: Verdana\">5<\/span><\/td>\n<td style=\"width: 50px;border-color: #999999;font-size: 13px;text-align: center;vertical-align: middle\" width=\"78\"><span style=\"font-family: Verdana\">3<\/span><\/td>\n<\/tr>\n<tr>\n<td style=\"width: 50px;border-color: #999999;font-size: 13px;text-align: center;vertical-align: middle\" width=\"78\"><span style=\"font-family: Verdana\">IDP5002<\/span><\/td>\n<td style=\"width: 250px;border-color: #999999;font-size: 13px;vertical-align: middle;text-align: left\" width=\"76\"><span style=\"font-family: Verdana\">Coronariopatia Ateroscler\u00f3tica  <\/td>\n<td style=\"width: 200px;border-color: #999999;font-size: 13px;vertical-align: middle;text-align: left\" width=\"310\"><span style=\"font-family: Verdana\">Vivian Lerner<br \/>\nRodrigo Bellio de Mattos Barretto<br \/>\nGustavo Bernardes de Oliveira Figueiredo <\/span><\/td>\n<td style=\"width: 50px;border-color: #999999;font-size: 13px;text-align: center;vertical-align: middle\" width=\"121\"><span style=\"font-family: Verdana\">5<\/span><\/td>\n<td style=\"width: 50px;border-color: #999999;font-size: 13px;text-align: center;vertical-align: middle\" width=\"78\"><span style=\"font-family: Verdana\">3<\/span><\/td>\n<\/tr>\n<tr>\n<td style=\"width: 50px;border-color: #999999;font-size: 13px;text-align: center;vertical-align: middle\" width=\"78\"><span style=\"font-family: Verdana\">IDP5003<\/span><\/td>\n<td style=\"width: 250px;border-color: #999999;font-size: 13px;vertical-align: middle;text-align: left\" width=\"76\"><span style=\"font-family: Verdana\">Tratamento Intervencionista das Doen\u00e7as Estruturais do Cora\u00e7\u00e3o<\/span><\/td>\n<td style=\"width: 200px;border-color: #999999;font-size: 13px;vertical-align: middle;text-align: left\" width=\"310\"><span style=\"font-family: Verdana\">Simone Rolim Fernandes Fontes Pedra<br \/>\nMagaly Arrais dos Santos<br \/>\nDimytri Alexandre de Alvim Siqueira<\/span><\/td>\n<td style=\"width: 50px;border-color: #999999;font-size: 13px;text-align: center;vertical-align: middle\" width=\"121\"><span style=\"font-family: Verdana\">5<\/span><\/td>\n<td style=\"width: 50px;border-color: #999999;font-size: 13px;text-align: center;vertical-align: middle\" width=\"78\"><span style=\"font-family: Verdana\">3<\/span><\/td>\n<\/tr>\n<tr>\n<td style=\"width: 50px;border-color: #999999;font-size: 13px;text-align: center;vertical-align: middle\" width=\"78\"><span style=\"font-family: Verdana\">IDP5005<\/span><\/td>\n<td style=\"width: 250px;border-color: #999999;font-size: 13px;vertical-align: middle;text-align: left\" width=\"76\"><span style=\"font-family: Verdana\">Arritmias Card\u00edacas: Diagn\u00f3stico e Tratamento<\/span><\/td>\n<td style=\"width: 200px;border-color: #999999;font-size: 13px;vertical-align: middle;text-align: left\" width=\"310\"><span style=\"font-family: Verdana\">Luciana Vidal Armaganijan <\/span><\/td>\n<td style=\"width: 50px;border-color: #999999;font-size: 13px;text-align: center;vertical-align: middle\" width=\"121\"><span style=\"font-family: Verdana\">5<\/span><\/td>\n<td style=\"width: 50px;border-color: #999999;font-size: 13px;text-align: center;vertical-align: middle\" width=\"78\"><span style=\"font-family: Verdana\">3<\/span><\/td>\n<\/tr>\n<tr>\n<td style=\"width: 50px;border-color: #999999;font-size: 13px;text-align: center;vertical-align: middle\" width=\"78\"><span style=\"font-family: Verdana\">IDP5006<\/span><\/td>\n<td style=\"width: 250px;border-color: #999999;font-size: 13px;vertical-align: middle;text-align: left\" width=\"76\"><span style=\"font-family: Verdana\">M\u00e9todos Quantitativos em Ci\u00eancias da Sa\u00fade<\/span><\/td>\n<td style=\"width: 200px;border-color: #999999;font-size: 13px;vertical-align: middle;text-align: left\" width=\"310\"><span style=\"font-family: Verdana\">Alice Lemos de Morais <\/span><\/td>\n<td style=\"width: 50px;border-color: #999999;font-size: 13px;text-align: center;vertical-align: middle\" width=\"121\"><span style=\"font-family: Verdana\">5<\/span><\/td>\n<td style=\"width: 50px;border-color: #999999;font-size: 13px;text-align: center;vertical-align: middle\" width=\"78\"><span style=\"font-family: Verdana\">3<\/span><\/td>\n<\/tr>\n<tr>\n<td style=\"width: 50px;border-color: #999999;font-size: 13px;text-align: center;vertical-align: middle\" width=\"78\"><span style=\"font-family: Verdana\">IDP5007<\/span><\/td>\n<td style=\"width: 250px;border-color: #999999;font-size: 13px;vertical-align: middle;text-align: left\" width=\"76\"><span style=\"font-family: Verdana\">Aplica\u00e7\u00e3o de T\u00e9cnicas Moleculares para o Diagn\u00f3stico e Tratamento de Doen\u00e7as Cardiovasculares<\/span><\/td>\n<td style=\"width: 200px;border-color: #999999;font-size: 13px;vertical-align: middle;text-align: left\" width=\"310\"><span style=\"font-family: Verdana\">Gisele Medeiros Bastos<\/span><\/td>\n<td style=\"width: 50px;border-color: #999999;font-size: 13px;text-align: center;vertical-align: middle\" width=\"121\"><span style=\"font-family: Verdana\">5<\/span><\/td>\n<td style=\"width: 50px;border-color: #999999;font-size: 13px;text-align: center;vertical-align: middle\" width=\"78\"><span style=\"font-family: Verdana\">3<\/span><\/td>\n<\/tr>\n<tr>\n<td style=\"width: 50px;border-color: #999999;font-size: 13px;text-align: center;vertical-align: middle\" width=\"78\"><span style=\"font-family: Verdana\">IDP5008<\/span><\/td>\n<td style=\"width: 250px;border-color: #999999;font-size: 13px;vertical-align: middle;text-align: left\" width=\"76\"><span style=\"font-family: Verdana\">Otimiza\u00e7\u00e3o do Tratamento da S\u00edndrome Coronariana Aguda: Implica\u00e7\u00f5es na Pr\u00e1tica Clinica Di\u00e1ria<\/span><\/td>\n<td style=\"width: 200px;border-color: #999999;font-size: 13px;vertical-align: middle;text-align: left\" width=\"310\"><span style=\"font-family: Verdana\">Carlos Gun<br \/>\nAndr\u00e9 Feldman<br \/>\nFausto Feres<\/span><\/td>\n<td style=\"width: 50px;border-color: #999999;font-size: 13px;text-align: center;vertical-align: middle\" width=\"121\"><span style=\"font-family: Verdana\">5<\/span><\/td>\n<td style=\"width: 50px;border-color: #999999;font-size: 13px;text-align: center;vertical-align: middle\" width=\"78\"><span style=\"font-family: Verdana\">3<\/span><\/td>\n<\/tr>\n<\/tbody>\n<\/table>\n","protected":false},"excerpt":{"rendered":"<p>&nbsp; Sigla Disciplinas Professores Respons\u00e1veis N\u00ba de Cr\u00e9ditos N\u00ba de Semanas IDP5000 Preven\u00e7\u00e3o Cardiovascular Andr\u00e9 Arpad Falud Fl\u00e1vio Antonio de Oliveira Borelli 5 3 IDP5001 Diagn\u00f3stico Cardiovascular por Imagens Romeu S\u00e9rgio Meneghelo David Costa de Souza Le Bihan Paola Emanuela Poggio Smanio 5 3 IDP5002 Coronariopatia Ateroscler\u00f3tica Vivian Lerner Rodrigo Bellio de Mattos Barretto Gustavo Bernardes de Oliveira Figueiredo 5 3 IDP5003 Tratamento Intervencionista das Doen\u00e7as Estruturais do Cora\u00e7\u00e3o Simone Rolim Fernandes Fontes Pedra Magaly Arrais dos Santos Dimytri Alexandre de Alvim Siqueira 5 3 IDP5005 Arritmias Card\u00edacas: Diagn\u00f3stico e Tratamento Luciana Vidal Armaganijan 5 3 IDP5006 M\u00e9todos Quantitativos em Ci\u00eancias da Sa\u00fade Alice Lemos de Morais 5 3 IDP5007 Aplica\u00e7\u00e3o de T\u00e9cnicas Moleculares para o Diagn\u00f3stico e Tratamento de Doen\u00e7as Cardiovasculares Gisele Medeiros Bastos 5 3 IDP5008 Otimiza\u00e7\u00e3o do Tratamento da S\u00edndrome Coronariana Aguda: Implica\u00e7\u00f5es na Pr\u00e1tica Clinica Di\u00e1ria Carlos Gun Andr\u00e9 Feldman Fausto Feres 5 3<\/p>\n","protected":false},"author":364,"featured_media":0,"parent":0,"menu_order":0,"comment_status":"closed","ping_status":"closed","template":"page-full.php","meta":{"footnotes":"","_links_to":"","_links_to_target":""},"class_list":["post-1696","page","type-page","status-publish","hentry"],"_links":{"self":[{"href":"https:\/\/sites.usp.br\/mp-usp-idpc\/wp-json\/wp\/v2\/pages\/1696","targetHints":{"allow":["GET"]}}],"collection":[{"href":"https:\/\/sites.usp.br\/mp-usp-idpc\/wp-json\/wp\/v2\/pages"}],"about":[{"href":"https:\/\/sites.usp.br\/mp-usp-idpc\/wp-json\/wp\/v2\/types\/page"}],"author":[{"embeddable":true,"href":"https:\/\/sites.usp.br\/mp-usp-idpc\/wp-json\/wp\/v2\/users\/364"}],"replies":[{"embeddable":true,"href":"https:\/\/sites.usp.br\/mp-usp-idpc\/wp-json\/wp\/v2\/comments?post=1696"}],"version-history":[{"count":4,"href":"https:\/\/sites.usp.br\/mp-usp-idpc\/wp-json\/wp\/v2\/pages\/1696\/revisions"}],"predecessor-version":[{"id":2773,"href":"https:\/\/sites.usp.br\/mp-usp-idpc\/wp-json\/wp\/v2\/pages\/1696\/revisions\/2773"}],"wp:attachment":[{"href":"https:\/\/sites.usp.br\/mp-usp-idpc\/wp-json\/wp\/v2\/media?parent=1696"}],"curies":[{"name":"wp","href":"https:\/\/api.w.org\/{rel}","templated":true}]}}