{"id":1705,"date":"2016-11-28T10:12:28","date_gmt":"2016-11-28T12:12:28","guid":{"rendered":"http:\/\/sites.usp.br\/mp-usp-idpc\/?page_id=1705"},"modified":"2019-04-09T09:13:22","modified_gmt":"2019-04-09T12:13:22","slug":"formularios","status":"publish","type":"page","link":"https:\/\/sites.usp.br\/mp-usp-idpc\/formularios\/","title":{"rendered":"Formul\u00e1rios"},"content":{"rendered":"<p><font size=\"2\" face=\"Verdana\"><a href=\"http:\/\/sites.usp.br\/mp-usp-idpc\/wp-content\/uploads\/sites\/295\/2016\/08\/Aproveitamento-de-cr\u00e9ditos-especiais-.doc\">Aproveitamento de cr\u00e9ditos especiais<\/a><br \/>\n<a href=\"https:\/\/sites.usp.br\/mp-usp-idpc\/wp-content\/uploads\/sites\/295\/2019\/04\/Pedido-Trancamento-de-Matr\u00edcula-1.doc\">Formul\u00e1rio Trancamento de Matr\u00edcula<\/a><br \/>\n<a href=\"http:\/\/sites.usp.br\/mp-usp-idpc\/wp-content\/uploads\/sites\/295\/2016\/08\/Matr\u00edcula-inicial-aluno-novo-.doc\">Matr\u00edcula inicial aluno novo<\/a><br \/>\n<a href=\"http:\/\/sites.usp.br\/mp-usp-idpc\/wp-content\/uploads\/sites\/295\/2016\/08\/Emenda-no-Projeto-.doc\">MODELO \u2013 Emenda no Projeto de Tese<\/a><br \/>\n<a href=\"http:\/\/sites.usp.br\/mp-usp-idpc\/wp-content\/uploads\/sites\/295\/2016\/08\/Prorroga\u00e7\u00e3o-de-Prazo-.doc\">Prorroga\u00e7\u00e3o de Prazo<\/a><br \/>\n<a href=\"http:\/\/sites.usp.br\/mp-usp-idpc\/wp-content\/uploads\/sites\/295\/2016\/08\/Requerimento-v\u00e1rias-op\u00e7\u00f5es-.doc\">Requerimento v\u00e1rias op\u00e7\u00f5es<\/a><br \/>\n<a href=\"http:\/\/sites.usp.br\/mp-usp-idpc\/wp-content\/uploads\/sites\/295\/2016\/08\/Sugest\u00e3o-para-Banca-do-Exame-de-Qualifica\u00e7\u00e3o-.doc\">Sugest\u00e3o para Banca do Exame de Qualifica\u00e7\u00e3o<\/a><\/p>\n","protected":false},"excerpt":{"rendered":"<p>Aproveitamento de cr\u00e9ditos especiais Formul\u00e1rio Trancamento de Matr\u00edcula Matr\u00edcula inicial aluno novo MODELO \u2013 Emenda no Projeto de Tese Prorroga\u00e7\u00e3o de Prazo Requerimento v\u00e1rias op\u00e7\u00f5es Sugest\u00e3o para Banca do Exame de Qualifica\u00e7\u00e3o<\/p>\n","protected":false},"author":364,"featured_media":0,"parent":0,"menu_order":0,"comment_status":"closed","ping_status":"closed","template":"","meta":{"footnotes":"","_links_to":"","_links_to_target":""},"class_list":["post-1705","page","type-page","status-publish","hentry"],"_links":{"self":[{"href":"https:\/\/sites.usp.br\/mp-usp-idpc\/wp-json\/wp\/v2\/pages\/1705","targetHints":{"allow":["GET"]}}],"collection":[{"href":"https:\/\/sites.usp.br\/mp-usp-idpc\/wp-json\/wp\/v2\/pages"}],"about":[{"href":"https:\/\/sites.usp.br\/mp-usp-idpc\/wp-json\/wp\/v2\/types\/page"}],"author":[{"embeddable":true,"href":"https:\/\/sites.usp.br\/mp-usp-idpc\/wp-json\/wp\/v2\/users\/364"}],"replies":[{"embeddable":true,"href":"https:\/\/sites.usp.br\/mp-usp-idpc\/wp-json\/wp\/v2\/comments?post=1705"}],"version-history":[{"count":4,"href":"https:\/\/sites.usp.br\/mp-usp-idpc\/wp-json\/wp\/v2\/pages\/1705\/revisions"}],"predecessor-version":[{"id":2775,"href":"https:\/\/sites.usp.br\/mp-usp-idpc\/wp-json\/wp\/v2\/pages\/1705\/revisions\/2775"}],"wp:attachment":[{"href":"https:\/\/sites.usp.br\/mp-usp-idpc\/wp-json\/wp\/v2\/media?parent=1705"}],"curies":[{"name":"wp","href":"https:\/\/api.w.org\/{rel}","templated":true}]}}