{"id":1720,"date":"2016-11-28T10:30:23","date_gmt":"2016-11-28T12:30:23","guid":{"rendered":"http:\/\/sites.usp.br\/mp-usp-idpc\/?page_id=1720"},"modified":"2023-07-11T14:50:52","modified_gmt":"2023-07-11T17:50:52","slug":"contatos","status":"publish","type":"page","link":"https:\/\/sites.usp.br\/mp-usp-idpc\/contatos\/","title":{"rendered":"Contatos"},"content":{"rendered":"<p><span style=\"font-family: Verdana; font-size: small;\"><strong>Comiss\u00e3o de P\u00f3s-Gradua\u00e7\u00e3o &#8211;\u00a0Instituto Dante Pazzanese de Cardiologia<\/strong><br \/>\nAv. Dr. Dante Pazzanese, 500 &#8211; 14\u00ba Andar<br \/>\nCEP: 04012-909<br \/>\nVila Mariana &#8211; SP<\/span><\/p>\n<p><strong>Contato:<\/strong><br \/>\nTel. (11) 5085-6244 \/6274 \u2013 E-mail: cpg@dantepazzanese.org.br &#8211; cpg2@dantepazzanese.org.br<\/p>\n","protected":false},"excerpt":{"rendered":"<p>Comiss\u00e3o de P\u00f3s-Gradua\u00e7\u00e3o &#8211;\u00a0Instituto Dante Pazzanese de Cardiologia Av. Dr. Dante Pazzanese, 500 &#8211; 14\u00ba Andar CEP: 04012-909 Vila Mariana &#8211; SP Contato: Tel. (11) 5085-6244 \/6274 \u2013 E-mail: cpg@dantepazzanese.org.br &#8211; cpg2@dantepazzanese.org.br<\/p>\n","protected":false},"author":364,"featured_media":0,"parent":0,"menu_order":0,"comment_status":"closed","ping_status":"closed","template":"page-full.php","meta":{"footnotes":"","_links_to":"","_links_to_target":""},"class_list":["post-1720","page","type-page","status-publish","hentry"],"_links":{"self":[{"href":"https:\/\/sites.usp.br\/mp-usp-idpc\/wp-json\/wp\/v2\/pages\/1720","targetHints":{"allow":["GET"]}}],"collection":[{"href":"https:\/\/sites.usp.br\/mp-usp-idpc\/wp-json\/wp\/v2\/pages"}],"about":[{"href":"https:\/\/sites.usp.br\/mp-usp-idpc\/wp-json\/wp\/v2\/types\/page"}],"author":[{"embeddable":true,"href":"https:\/\/sites.usp.br\/mp-usp-idpc\/wp-json\/wp\/v2\/users\/364"}],"replies":[{"embeddable":true,"href":"https:\/\/sites.usp.br\/mp-usp-idpc\/wp-json\/wp\/v2\/comments?post=1720"}],"version-history":[{"count":4,"href":"https:\/\/sites.usp.br\/mp-usp-idpc\/wp-json\/wp\/v2\/pages\/1720\/revisions"}],"predecessor-version":[{"id":2861,"href":"https:\/\/sites.usp.br\/mp-usp-idpc\/wp-json\/wp\/v2\/pages\/1720\/revisions\/2861"}],"wp:attachment":[{"href":"https:\/\/sites.usp.br\/mp-usp-idpc\/wp-json\/wp\/v2\/media?parent=1720"}],"curies":[{"name":"wp","href":"https:\/\/api.w.org\/{rel}","templated":true}]}}