{"id":1858,"date":"2016-12-01T10:15:20","date_gmt":"2016-12-01T12:15:20","guid":{"rendered":"http:\/\/sites.usp.br\/mp-usp-idpc\/?page_id=1858"},"modified":"2021-03-16T14:23:19","modified_gmt":"2021-03-16T17:23:19","slug":"disciplinas","status":"publish","type":"page","link":"https:\/\/sites.usp.br\/mp-usp-idpc\/disciplinas\/","title":{"rendered":"Disciplinas"},"content":{"rendered":"<h3><span style=\"color: #1094ab;\">1\u00ba Semestre de 2021<\/span><\/h3>\n<h3 class=\"product-title\"><a href=\"https:\/\/cursos.idpc.org.br\/index.php?route=product\/product&amp;path=50&amp;product_id=961\" target=\"_blank\" rel=\"noopener noreferrer\"><span style=\"color: #ff0000;\">FA\u00c7A AQUI SUA MATR\u00cdCULA<\/span><\/a><\/h3>\n<h4 class=\"entry-title\"><strong>Importante:<\/strong> Ap\u00f3s a realiza\u00e7\u00e3o do pagamento, enviar o comprovante para a Secretaria de P\u00f3s Gradua\u00e7\u00e3o, para efetiva\u00e7\u00e3o de matr\u00edcula atrav\u00e9s dos e-mails: <a href=\"mailto:cpg@idpc.org.br\">cpg@idpc.org.br<\/a> ou <a href=\"mailto:cpg2@idpc.org.br\">cpg2@idpc.org.br<\/a><\/h4>\n<table width=\"664\">\n<tbody>\n<tr>\n<td style=\"background-color: #1094ab; width: 250px; border-color: #999999; font-size: 14px; text-align: center; vertical-align: middle;\" width=\"310\"><span style=\"color: #ffffff;\"><strong><span style=\"font-family: Verdana;\">Disciplina<\/span><\/strong><\/span><\/td>\n<td style=\"background-color: #1094ab; width: 50px; border-color: #999999; font-size: 14px; text-align: center; vertical-align: middle;\" width=\"121\"><span style=\"color: #ffffff;\"><strong><span style=\"font-family: Verdana;\">N\u00ba de Cr\u00e9ditos<\/span><\/strong><\/span><\/td>\n<td style=\"background-color: #1094ab; width: 76px; border-color: #999999; font-size: 14px; text-align: center; vertical-align: middle;\" width=\"78\"><span style=\"color: #ffffff;\"><strong><span style=\"font-family: Verdana;\">Per\u00edodo<\/span><\/strong><\/span><\/td>\n<td style=\"background-color: #1094ab; width: 76px; border-color: #999999; font-size: 14px; text-align: center; vertical-align: middle;\" width=\"78\"><span style=\"color: #ffffff;\"><strong><span style=\"font-family: Verdana;\">Dias\/Hor\u00e1rios<\/span><\/strong><\/span><\/td>\n<\/tr>\n<tr>\n<td style=\"width: 250px; border-color: #999999; font-size: 13px; text-align: left; vertical-align: middle;\" width=\"310\"><strong><span style=\"color: #1094ab;\"><span style=\"font-family: Verdana;\"><a href=\"https:\/\/uspdigital.usp.br\/janus\/componente\/disciplinasOferecidasInicial.jsf?action=3&amp;sgldis=IDP5003\" target=\"_blank\" rel=\"noopener noreferrer\">IDP5003 \u2013 Tratamento Intervencionista das Doen\u00e7as Estruturais do Cora\u00e7\u00e3o <\/a><\/span><\/span><\/strong><strong><span style=\"color: #ff0000;\"> &#8211; Online<\/span><\/strong><br \/>\n<span style=\"color: #999999;\"><em><span style=\"font-family: Verdana;\">Simone Rolim Fernandes Fontes <br \/>Magaly Arrais dos Santos <br \/>Dimytri Alexandre de Alvim Siqueira <\/span><\/em><\/span><\/td>\n<td style=\"width: 50px; border-color: #999999; font-size: 13px; text-align: center; vertical-align: middle;\" width=\"121\"><span style=\"font-family: Verdana;\">5<\/span><\/td>\n<td style=\"width: 76px; border-color: #999999; font-size: 13px; text-align: center; vertical-align: middle;\" width=\"78\"><span style=\"font-family: Verdana;\">29\/03 a 19\/04\/21 <\/span><\/td>\n<td style=\"width: 76px; border-color: #999999; font-size: 13px; text-align: center; vertical-align: middle;\" width=\"78\"><span style=\"font-family: Verdana;\">3 semanas<br \/>\n2\u00aa, 4\u00aa e 6\u00aa feiras<br \/>\n7h00 \u00e0s 8h30<br \/>\n<\/span><\/td>\n<\/tr>\n<tr>\n<td style=\"width: 250px; border-color: #999999; font-size: 13px; text-align: left; vertical-align: middle;\" width=\"310\"><strong><span style=\"color: #1094ab;\"><span style=\"font-family: Verdana;\"><a href=\"https:\/\/uspdigital.usp.br\/janus\/componente\/disciplinasOferecidasInicial.jsf?action=3&amp;sgldis=IDP5000\" target=\"_blank\" rel=\"noopener noreferrer\">IDP5000 \u2013 Preven\u00e7\u00e3o Cardiovascular <\/a><\/span><\/span><\/strong><strong><span style=\"color: #ff0000;\"> &#8211; Online<\/span><\/strong><br \/>\n<span style=\"color: #999999;\"><em><span style=\"font-family: Verdana;\">Andr\u00e9 Arpad Faludi <br \/>Fl\u00e1vio Antonio de Oliveira Borelli <\/span><\/em><\/span><\/td>\n<td style=\"width: 50px; border-color: #999999; font-size: 13px; text-align: center; vertical-align: middle;\" width=\"121\"><span style=\"font-family: Verdana;\">5<\/span><\/td>\n<td style=\"width: 76px; border-color: #999999; font-size: 13px; text-align: center; vertical-align: middle;\" width=\"78\"><span style=\"font-family: Verdana;\">27\/04 a 13\/05\/21 <\/span><\/td>\n<td style=\"width: 76px; border-color: #999999; font-size: 13px; text-align: center; vertical-align: middle;\" width=\"78\"><span style=\"font-family: Verdana;\">3 semanas<br \/>\n3\u00aa, 4\u00aa e 5\u00aa feiras<br \/>\n7h00 \u00e0s 8h30<br \/>\n<\/span><\/td>\n<\/tr>\n<tr>\n<td style=\"width: 250px; border-color: #999999; font-size: 13px; text-align: left; vertical-align: middle;\" width=\"310\"><strong><span style=\"color: #1094ab;\"><span style=\"font-family: Verdana;\"><a href=\"https:\/\/uspdigital.usp.br\/janus\/componente\/disciplinasOferecidasInicial.jsf?action=3&amp;sgldis=IDP5007\" target=\"_blank\" rel=\"noopener noreferrer\">IDP5007 \u2013 Aplica\u00e7\u00e3o de T\u00e9cnicas Moleculares para o Diagn\u00f3stico e Tratamento de Doen\u00e7as Cardiovasculares <\/a><\/span><\/span><\/strong><strong><span style=\"color: #ff0000;\"> &#8211; Online<\/span><\/strong><br \/>\n<span style=\"color: #999999;\"><em><span style=\"font-family: Verdana;\">Gisele Medeiros Bastos <\/span><\/em><\/span><\/td>\n<td style=\"width: 50px; border-color: #999999; font-size: 13px; text-align: center; vertical-align: middle;\" width=\"121\"><span style=\"font-family: Verdana;\">5<\/span><\/td>\n<td style=\"width: 76px; border-color: #999999; font-size: 13px; text-align: center; vertical-align: middle;\" width=\"78\"><span style=\"font-family: Verdana;\">24\/05 a 11\/06\/21 <\/span><\/td>\n<td style=\"width: 76px; border-color: #999999; font-size: 13px; text-align: center; vertical-align: middle;\" width=\"78\"><span style=\"font-family: Verdana;\">3 semanas<br \/>\n2\u00aa, 3\u00aa a 4\u00aa feiras<br \/>\n16h00 \u00e0s 18h30<br \/>\n<\/span><\/td>\n<\/tr>\n<\/tbody>\n<\/table>\n<p><span style=\"font-family: Verdana; font-size: small;\"><strong>Observa\u00e7\u00e3o:<\/strong> O cancelamento de matr\u00edcula em Disciplina deve ser feito pelo aluno, com anu\u00eancia do orientador, por meio do <a href=\"http:\/\/uspdigital.usp.br\/janus\">Sistema Janus<\/a>, conforme prazos definidos pela CPG.<\/span><\/p>\n","protected":false},"excerpt":{"rendered":"<p>1\u00ba Semestre de 2021 FA\u00c7A AQUI SUA MATR\u00cdCULA Importante: Ap\u00f3s a realiza\u00e7\u00e3o do pagamento, enviar o comprovante para a Secretaria de P\u00f3s Gradua\u00e7\u00e3o, para efetiva\u00e7\u00e3o de matr\u00edcula atrav\u00e9s dos e-mails: cpg@idpc.org.br ou cpg2@idpc.org.br Disciplina N\u00ba de Cr\u00e9ditos Per\u00edodo Dias\/Hor\u00e1rios IDP5003 \u2013 Tratamento Intervencionista das Doen\u00e7as Estruturais do Cora\u00e7\u00e3o &#8211; Online Simone Rolim Fernandes Fontes Magaly Arrais dos Santos Dimytri Alexandre de Alvim Siqueira 5 29\/03 a 19\/04\/21 3 semanas 2\u00aa, 4\u00aa e 6\u00aa feiras 7h00 \u00e0s 8h30 IDP5000 \u2013 Preven\u00e7\u00e3o Cardiovascular &#8211; Online Andr\u00e9 Arpad Faludi Fl\u00e1vio Antonio de Oliveira Borelli 5 27\/04 a 13\/05\/21 3 semanas 3\u00aa, 4\u00aa e 5\u00aa feiras 7h00 \u00e0s 8h30 IDP5007 \u2013 Aplica\u00e7\u00e3o de T\u00e9cnicas Moleculares para o Diagn\u00f3stico e Tratamento de Doen\u00e7as Cardiovasculares &#8211; Online Gisele Medeiros Bastos 5 24\/05 a 11\/06\/21 3 semanas 2\u00aa, 3\u00aa a 4\u00aa feiras 16h00 \u00e0s 18h30 Observa\u00e7\u00e3o: O cancelamento de matr\u00edcula em Disciplina deve ser feito pelo aluno, com anu\u00eancia do orientador, por meio do Sistema Janus, conforme prazos definidos pela CPG.<\/p>\n","protected":false},"author":364,"featured_media":0,"parent":0,"menu_order":0,"comment_status":"closed","ping_status":"closed","template":"page-full.php","meta":{"footnotes":"","_links_to":"","_links_to_target":""},"class_list":["post-1858","page","type-page","status-publish","hentry"],"_links":{"self":[{"href":"https:\/\/sites.usp.br\/mp-usp-idpc\/wp-json\/wp\/v2\/pages\/1858","targetHints":{"allow":["GET"]}}],"collection":[{"href":"https:\/\/sites.usp.br\/mp-usp-idpc\/wp-json\/wp\/v2\/pages"}],"about":[{"href":"https:\/\/sites.usp.br\/mp-usp-idpc\/wp-json\/wp\/v2\/types\/page"}],"author":[{"embeddable":true,"href":"https:\/\/sites.usp.br\/mp-usp-idpc\/wp-json\/wp\/v2\/users\/364"}],"replies":[{"embeddable":true,"href":"https:\/\/sites.usp.br\/mp-usp-idpc\/wp-json\/wp\/v2\/comments?post=1858"}],"version-history":[{"count":4,"href":"https:\/\/sites.usp.br\/mp-usp-idpc\/wp-json\/wp\/v2\/pages\/1858\/revisions"}],"predecessor-version":[{"id":2843,"href":"https:\/\/sites.usp.br\/mp-usp-idpc\/wp-json\/wp\/v2\/pages\/1858\/revisions\/2843"}],"wp:attachment":[{"href":"https:\/\/sites.usp.br\/mp-usp-idpc\/wp-json\/wp\/v2\/media?parent=1858"}],"curies":[{"name":"wp","href":"https:\/\/api.w.org\/{rel}","templated":true}]}}