{"id":2243,"date":"2016-12-13T11:23:41","date_gmt":"2016-12-13T13:23:41","guid":{"rendered":"http:\/\/sites.usp.br\/mp-usp-idpc\/?page_id=2243"},"modified":"2018-03-27T14:58:44","modified_gmt":"2018-03-27T17:58:44","slug":"formularios-3","status":"publish","type":"page","link":"https:\/\/sites.usp.br\/mp-usp-idpc\/formularios-3\/","title":{"rendered":"Formul\u00e1rios"},"content":{"rendered":"<p><font size=\"2\" face=\"Verdana\"><br \/>\n<a href=\"http:\/\/sites.usp.br\/mp-usp-idpc\/wp-content\/uploads\/sites\/295\/2016\/08\/Formul\u00e1rio-de-inscri\u00e7\u00e3o-MP-1.doc\">Inscri\u00e7\u00e3o para o Mestrado Profissional<\/a><\/p>\n","protected":false},"excerpt":{"rendered":"<p>Inscri\u00e7\u00e3o para o Mestrado Profissional<\/p>\n","protected":false},"author":364,"featured_media":0,"parent":0,"menu_order":0,"comment_status":"closed","ping_status":"closed","template":"","meta":{"footnotes":"","_links_to":"","_links_to_target":""},"class_list":["post-2243","page","type-page","status-publish","hentry"],"_links":{"self":[{"href":"https:\/\/sites.usp.br\/mp-usp-idpc\/wp-json\/wp\/v2\/pages\/2243","targetHints":{"allow":["GET"]}}],"collection":[{"href":"https:\/\/sites.usp.br\/mp-usp-idpc\/wp-json\/wp\/v2\/pages"}],"about":[{"href":"https:\/\/sites.usp.br\/mp-usp-idpc\/wp-json\/wp\/v2\/types\/page"}],"author":[{"embeddable":true,"href":"https:\/\/sites.usp.br\/mp-usp-idpc\/wp-json\/wp\/v2\/users\/364"}],"replies":[{"embeddable":true,"href":"https:\/\/sites.usp.br\/mp-usp-idpc\/wp-json\/wp\/v2\/comments?post=2243"}],"version-history":[{"count":4,"href":"https:\/\/sites.usp.br\/mp-usp-idpc\/wp-json\/wp\/v2\/pages\/2243\/revisions"}],"predecessor-version":[{"id":2677,"href":"https:\/\/sites.usp.br\/mp-usp-idpc\/wp-json\/wp\/v2\/pages\/2243\/revisions\/2677"}],"wp:attachment":[{"href":"https:\/\/sites.usp.br\/mp-usp-idpc\/wp-json\/wp\/v2\/media?parent=2243"}],"curies":[{"name":"wp","href":"https:\/\/api.w.org\/{rel}","templated":true}]}}