{"id":2365,"date":"2016-12-19T09:06:08","date_gmt":"2016-12-19T11:06:08","guid":{"rendered":"http:\/\/sites.usp.br\/mp-usp-idpc\/?page_id=2365"},"modified":"2017-07-05T15:04:28","modified_gmt":"2017-07-05T18:04:28","slug":"primeira-matricula","status":"publish","type":"page","link":"https:\/\/sites.usp.br\/mp-usp-idpc\/primeira-matricula\/","title":{"rendered":"Primeira Matr\u00edcula"},"content":{"rendered":"<p><font size=\"2\" face=\"Verdana\"><\/p>\n<p style=\"text-align: justify\">Ap\u00f3s a aprova\u00e7\u00e3o no processo seletivo o candidato dever\u00e1 efetuar a primeira matr\u00edcula na P\u00f3s-Gradua\u00e7\u00e3o como aluno regular, na Secretaria de P\u00f3s-Gradua\u00e7\u00e3o, no per\u00edodo definido no edital de sele\u00e7\u00e3o.<\/span><\/p>\n<p style=\"text-align: justify\">Esta ocorr\u00eancia dever\u00e1 ser efetuada pelo pr\u00f3prio candidato ou por seu procurador.<\/p>\n<hr \/>\n<p style=\"text-align: justify\"><strong>\u00a0<\/strong><\/p>\n<p style=\"text-align: justify\"><strong>INFORMA\u00c7\u00d5ES IMPORTANTES AOS DISCENTES <\/strong><\/p>\n<p style=\"text-align: justify\">A legisla\u00e7\u00e3o da P\u00f3s-Gradua\u00e7\u00e3o encontra-se no Regulamento do Programa de Mestrado Profissional no site <a href=\"http:\/\/www.dantepazzanese.org.br\">www.dantepazzanese.org.br<\/a> e, no Regimento de P\u00f3s-Gradua\u00e7\u00e3o da USP no site <a href=\"http:\/\/www.usp.br\/prpg\">www.usp.br\/prpg<\/a>.<\/p>\n<p style=\"text-align: justify\">Ap\u00f3s ter efetuado a matr\u00edcula na Secretaria de P\u00f3s-Gradua\u00e7\u00e3o (SPG) do IDPC, esta efetuar\u00e1 o cadastro do aluno no sistema Janus, tendo acesso ao c\u00f3digo do usu\u00e1rio (n\u00ba USP) do discente. Este n\u00famero ser\u00e1 sua identidade na Universidade de S\u00e3o Paulo.<\/p>\n<p style=\"text-align: justify\">Ap\u00f3s obter o n\u00famero USP, o aluno dever\u00e1 providenciar o seguinte:<\/p>\n<ul style=\"text-align: justify\">\n<li><strong>ACESSO AO SISTEMA JANUS <\/strong><\/li>\n<\/ul>\n<p style=\"text-align: justify\">Por meio do site <a href=\"http:\/\/uspdigital.usp.br\/janus\">http:\/\/uspdigital.usp.br\/janus<\/a> _ clicar em acesso restrito _ primeiro acesso _ digitar o seu n\u00b0 USP _ repetir os caracteres (quadro) _ solicitar o envio de uma senha.<\/p>\n<p style=\"text-align: justify\">Obs.: A senha ser\u00e1 encaminhada para o e-mail informado na ficha de inscri\u00e7\u00e3o.<\/p>\n<ul style=\"text-align: justify\">\n<li><strong>E-MAIL COM EXTENS\u00c3O USP<\/strong><\/li>\n<\/ul>\n<p style=\"text-align: justify\">\u00c9 obrigat\u00f3rio, e todas as mensagens enviadas ao aluno ser\u00e3o encaminhadas por meio deste e-mail institucional.\u00a0 Para isso acessar o site <a href=\"http:\/\/pedidoemail.usp.br\">http:\/\/pedidoemail.usp.br<\/a>. Entrar no sistema, usar o n\u00famero USP e a senha cadastrada no sistema Janus. Ap\u00f3s a cria\u00e7\u00e3o do e-mail, inform\u00e1-lo \u00e0 SPG do IDPC, <a href=\"mailto:mestrado.profissional@dantepazzanese.org.br\">mestrado.profissional@dantepazzanese.org.br <\/a> ou <a href=\"mailto:cpg@dantepazzanese.org.br\">cpg@dantepazzanese.org.br<\/a><\/p>\n<ul style=\"text-align: justify\">\n<li><strong>CART\u00c3O DE IDENTIFICA\u00c7\u00c3O DO ALUNO<\/strong><\/li>\n<\/ul>\n<p style=\"text-align: justify\">O aluno deve solicit\u00e1-lo ap\u00f3s possuir o n\u00famero USP, por meio do site <a href=\"http:\/\/uspdigital.usp.br\/janus\">http:\/\/uspdigital.usp.br\/janus<\/a> _ clicar em cart\u00e3o USP _ anexar\u00a0 uma foto digitalizada. O aluno ser\u00e1 avisado, pelo seu e-mail, quando o cart\u00e3o estiver dispon\u00edvel na SPG do IDPC.<\/p>\n<p style=\"text-align: justify\">No site <a href=\"http:\/\/uspdigital.usp.br\/janus\">http:\/\/uspdigital.usp.br\/janus<\/a>, o aluno pode acompanhar sua \u201cvida acad\u00eamica\u201d, na \u201cficha do aluno\u201d, onde constam: conceitos e frequ\u00eancia nas Disciplinas cursadas; n\u00famero de cr\u00e9ditos conclu\u00eddos; prazos para a inscri\u00e7\u00e3o e realiza\u00e7\u00e3o do Exame de Qualifica\u00e7\u00e3o (EQ); data limite para dep\u00f3sito da Tese, etc. Consultar a sua \u201cficha de aluno\u201d frequentemente.<\/p>\n<p style=\"text-align: justify\">A matr\u00edcula deve ser realizada pelo aluno <strong>semestralmente, <\/strong>atrav\u00e9s do site\u00a0<a href=\"https:\/\/uspdigital.usp.br\/janus\">http:\/\/uspdigital.usp.br\/janus<\/a>, podendo a mesma ocorrer em Disciplina(s) ou em acompanhamento.<\/p>\n<p style=\"text-align: justify\">O pedido de cancelamento de matr\u00edcula em Disciplina deve ser solicitado pelo aluno atrav\u00e9s do Sistema Janus, com a concord\u00e2ncia do Orientador\u00a0 no site <a href=\"http:\/\/uspdigital.usp.br\/janus\">http:\/\/uspdigital.usp.br\/janus<\/a>, conforme prazos definidos pela CPG.<\/p>\n<p style=\"text-align: justify\">Salientamos que o <strong>n\u00e3o comprimento de qualquer prazo da P\u00f3s-Gradua\u00e7\u00e3o<\/strong> pode acarretar o desligamento autom\u00e1tico do aluno, conforme disposto no Artigo 54 do Regimento de P\u00f3s-Gradua\u00e7\u00e3o da USP.<\/p>\n<p style=\"text-align: justify\">Os formul\u00e1rios: para solicita\u00e7\u00e3o de aproveitamento de cr\u00e9ditos cursados como aluno especial, ou obtidos fora da USP ou para mudan\u00e7a de orientador e outros, encontram-se <a href=\"\/\/sites.usp.br\/mp-usp-idpc\/formularios\/\">aqui<\/a>, estes que dever\u00e3o, se pertinente, ser utilizados durante o curso de Mestrado Profissional.<\/p>\n<p style=\"text-align: justify\">Documentos como: declara\u00e7\u00e3o de matr\u00edcula e \u201cficha do aluno\u201d podem ser obtidos por meio do Sistema Janus ou solicitados na SPG pelos e-mails: \u00a0<strong>mestrado.profissional@dantepazzanese.org.br<\/strong>\u00a0ou <strong>cpg@dantepazzanese.org.br <\/strong><\/p>\n<p style=\"text-align: justify\">E-mails n\u00e3o s\u00e3o legalmente considerados provas documentais. Dirija-se \u00e0 SPG para regularizar seus documentos, oficializar decis\u00f5es, atendendo \u00e0s finalidades necess\u00e1rias.<\/p>\n","protected":false},"excerpt":{"rendered":"<p>Ap\u00f3s a aprova\u00e7\u00e3o no processo seletivo o candidato dever\u00e1 efetuar a primeira matr\u00edcula na P\u00f3s-Gradua\u00e7\u00e3o como aluno regular, na Secretaria de P\u00f3s-Gradua\u00e7\u00e3o, no per\u00edodo definido no edital de sele\u00e7\u00e3o. Esta ocorr\u00eancia dever\u00e1 ser efetuada pelo pr\u00f3prio candidato ou por seu procurador. \u00a0 INFORMA\u00c7\u00d5ES IMPORTANTES AOS DISCENTES A legisla\u00e7\u00e3o da P\u00f3s-Gradua\u00e7\u00e3o encontra-se no Regulamento do Programa de Mestrado Profissional no site www.dantepazzanese.org.br e, no Regimento de P\u00f3s-Gradua\u00e7\u00e3o da USP no site www.usp.br\/prpg. Ap\u00f3s ter efetuado a matr\u00edcula na Secretaria de P\u00f3s-Gradua\u00e7\u00e3o (SPG) do IDPC, esta efetuar\u00e1 o cadastro do aluno no sistema Janus, tendo acesso ao c\u00f3digo do usu\u00e1rio (n\u00ba USP) do discente. Este n\u00famero ser\u00e1 sua identidade na Universidade de S\u00e3o Paulo. Ap\u00f3s obter o n\u00famero USP, o aluno dever\u00e1 providenciar o seguinte: ACESSO AO SISTEMA JANUS Por meio do site http:\/\/uspdigital.usp.br\/janus _ clicar em acesso restrito _ primeiro acesso _ digitar o seu n\u00b0 USP _ repetir os caracteres (quadro) _ solicitar o envio de uma senha. Obs.: A senha ser\u00e1 encaminhada para o e-mail informado na ficha de inscri\u00e7\u00e3o. E-MAIL COM EXTENS\u00c3O USP \u00c9 obrigat\u00f3rio, e todas as mensagens enviadas ao aluno ser\u00e3o encaminhadas por meio deste e-mail institucional.\u00a0 Para isso acessar o site http:\/\/pedidoemail.usp.br. Entrar no sistema, [&#8230;]<\/p>\n","protected":false},"author":364,"featured_media":0,"parent":0,"menu_order":0,"comment_status":"closed","ping_status":"closed","template":"page-full.php","meta":{"footnotes":"","_links_to":"","_links_to_target":""},"class_list":["post-2365","page","type-page","status-publish","hentry"],"_links":{"self":[{"href":"https:\/\/sites.usp.br\/mp-usp-idpc\/wp-json\/wp\/v2\/pages\/2365","targetHints":{"allow":["GET"]}}],"collection":[{"href":"https:\/\/sites.usp.br\/mp-usp-idpc\/wp-json\/wp\/v2\/pages"}],"about":[{"href":"https:\/\/sites.usp.br\/mp-usp-idpc\/wp-json\/wp\/v2\/types\/page"}],"author":[{"embeddable":true,"href":"https:\/\/sites.usp.br\/mp-usp-idpc\/wp-json\/wp\/v2\/users\/364"}],"replies":[{"embeddable":true,"href":"https:\/\/sites.usp.br\/mp-usp-idpc\/wp-json\/wp\/v2\/comments?post=2365"}],"version-history":[{"count":4,"href":"https:\/\/sites.usp.br\/mp-usp-idpc\/wp-json\/wp\/v2\/pages\/2365\/revisions"}],"predecessor-version":[{"id":2556,"href":"https:\/\/sites.usp.br\/mp-usp-idpc\/wp-json\/wp\/v2\/pages\/2365\/revisions\/2556"}],"wp:attachment":[{"href":"https:\/\/sites.usp.br\/mp-usp-idpc\/wp-json\/wp\/v2\/media?parent=2365"}],"curies":[{"name":"wp","href":"https:\/\/api.w.org\/{rel}","templated":true}]}}