{"id":2373,"date":"2016-12-19T09:11:16","date_gmt":"2016-12-19T11:11:16","guid":{"rendered":"http:\/\/sites.usp.br\/mp-usp-idpc\/?page_id=2373"},"modified":"2017-07-05T15:07:33","modified_gmt":"2017-07-05T18:07:33","slug":"matricula-de-aluno-regular","status":"publish","type":"page","link":"https:\/\/sites.usp.br\/mp-usp-idpc\/matricula-de-aluno-regular\/","title":{"rendered":"Matr\u00edcula de aluno regular"},"content":{"rendered":"<p><font size=\"2\" face=\"Verdana\"><\/p>\n<p style=\"text-align: justify\">O estudante de P\u00f3s-Gradua\u00e7\u00e3o deve efetuar a matr\u00edcula regularmente, em cada per\u00edodo letivo, nas \u00e9pocas e prazos fixados pelos \u00f3rg\u00e3os centrais da USP, em todas as fases de seus estudos, at\u00e9 a obten\u00e7\u00e3o do t\u00edtulo de Mestre ou de Doutor.<\/p>\n<p style=\"text-align: justify\">A  matr\u00edcula semestral deve ocorrer em Disciplina(s) ou em acompanhamento. <b>Ser\u00e1 realizada pelo aluno no sistema Janus USP<\/b>.<\/p>\n<p style=\"text-align: justify\">\u00c9 vedada a cobran\u00e7a de taxas, a qualquer t\u00edtulo, quer para matr\u00edcula regular, quer para matr\u00edcula em Disciplinas oferecidas pela Universidade, nos cursos de Mestrado e Doutorado, de alunos regularmente matriculados.<\/p>\n<p style=\"text-align: justify\">\u00c9 vedada a matr\u00edcula simult\u00e2nea em mais de um curso de Mestrado ou de Doutorado na Universidade de S\u00e3o Paulo.<\/p>\n","protected":false},"excerpt":{"rendered":"<p>O estudante de P\u00f3s-Gradua\u00e7\u00e3o deve efetuar a matr\u00edcula regularmente, em cada per\u00edodo letivo, nas \u00e9pocas e prazos fixados pelos \u00f3rg\u00e3os centrais da USP, em todas as fases de seus estudos, at\u00e9 a obten\u00e7\u00e3o do t\u00edtulo de Mestre ou de Doutor. A matr\u00edcula semestral deve ocorrer em Disciplina(s) ou em acompanhamento. Ser\u00e1 realizada pelo aluno no sistema Janus USP. \u00c9 vedada a cobran\u00e7a de taxas, a qualquer t\u00edtulo, quer para matr\u00edcula regular, quer para matr\u00edcula em Disciplinas oferecidas pela Universidade, nos cursos de Mestrado e Doutorado, de alunos regularmente matriculados. \u00c9 vedada a matr\u00edcula simult\u00e2nea em mais de um curso de Mestrado ou de Doutorado na Universidade de S\u00e3o Paulo.<\/p>\n","protected":false},"author":364,"featured_media":0,"parent":0,"menu_order":0,"comment_status":"closed","ping_status":"closed","template":"page-full.php","meta":{"footnotes":"","_links_to":"","_links_to_target":""},"class_list":["post-2373","page","type-page","status-publish","hentry"],"_links":{"self":[{"href":"https:\/\/sites.usp.br\/mp-usp-idpc\/wp-json\/wp\/v2\/pages\/2373","targetHints":{"allow":["GET"]}}],"collection":[{"href":"https:\/\/sites.usp.br\/mp-usp-idpc\/wp-json\/wp\/v2\/pages"}],"about":[{"href":"https:\/\/sites.usp.br\/mp-usp-idpc\/wp-json\/wp\/v2\/types\/page"}],"author":[{"embeddable":true,"href":"https:\/\/sites.usp.br\/mp-usp-idpc\/wp-json\/wp\/v2\/users\/364"}],"replies":[{"embeddable":true,"href":"https:\/\/sites.usp.br\/mp-usp-idpc\/wp-json\/wp\/v2\/comments?post=2373"}],"version-history":[{"count":3,"href":"https:\/\/sites.usp.br\/mp-usp-idpc\/wp-json\/wp\/v2\/pages\/2373\/revisions"}],"predecessor-version":[{"id":2557,"href":"https:\/\/sites.usp.br\/mp-usp-idpc\/wp-json\/wp\/v2\/pages\/2373\/revisions\/2557"}],"wp:attachment":[{"href":"https:\/\/sites.usp.br\/mp-usp-idpc\/wp-json\/wp\/v2\/media?parent=2373"}],"curies":[{"name":"wp","href":"https:\/\/api.w.org\/{rel}","templated":true}]}}