{"id":2821,"date":"2020-02-04T15:43:12","date_gmt":"2020-02-04T18:43:12","guid":{"rendered":"http:\/\/sites.usp.br\/mp-usp-idpc\/?page_id=2821"},"modified":"2020-02-04T15:46:30","modified_gmt":"2020-02-04T18:46:30","slug":"2020-2","status":"publish","type":"page","link":"https:\/\/sites.usp.br\/mp-usp-idpc\/2020-2\/","title":{"rendered":"2020"},"content":{"rendered":"<table width=\"664\">\n<tbody>\n<tr>\n<td style=\"background-color: #1094ab; width: 76px; border-color: #999999; font-size: 13px; text-align: center; vertical-align: middle;\" width=\"76\"><span style=\"color: #ffffff;\"><strong><span style=\"font-family: Verdana;\">Data da Defesa<\/span><\/strong><\/span><\/td>\n<td style=\"background-color: #1094ab; width: 100px; border-color: #999999; font-size: 13px; vertical-align: middle; text-align: center;\" width=\"310\"><span style=\"color: #ffffff;\"><strong><span style=\"font-family: Verdana;\">Aluno<\/span><\/strong><\/span><\/td>\n<td style=\"background-color: #1094ab; width: 120px; border-color: #999999; font-size: 13px; text-align: center; vertical-align: middle;\" width=\"121\"><span style=\"color: #ffffff;\"><strong><span style=\"font-family: Verdana;\">Orientador<\/span><\/strong><\/span><\/td>\n<td style=\"background-color: #1094ab; width: 400px; border-color: #999999; font-size: 13px; text-align: center; vertical-align: middle;\" width=\"78\"><span style=\"color: #ffffff;\"><strong><span style=\"font-family: Verdana;\">T\u00edtulo<\/span><\/strong><\/span><\/td>\n<\/tr>\n<tr>\n<td style=\"width: 76px; border-color: #999999; font-size: 12px; text-align: center; vertical-align: middle; font-family: Verdana;\" width=\"76\">09\/01\/2020<\/td>\n<td style=\"width: 100px; border-color: #999999; font-size: 12px; vertical-align: middle; font-family: Verdana; text-align: center;\" width=\"310\"><a href=\"http:\/\/www.teses.usp.br\/autor.php?autor=97AA9D473909\">Felipe de Oliveira Ramalho<\/a><\/td>\n<td style=\"width: 120px; border-color: #999999; font-size: 12px; text-align: center; vertical-align: middle; font-family: Verdana;\" width=\"121\"><a href=\"http:\/\/www.teses.usp.br\/autor.php?autor=97A5E39E7839\">Dimytri Alexandre de Alvim Siqueira<\/a><\/td>\n<td style=\"width: 400px; border-color: #999999; font-size: 12px; vertical-align: middle; text-align: justify; font-family: Verdana;\" width=\"78\">&#8220;Sangramento tardio em pacientes submetidos a implante de pr\u00f3tese a\u00f3rtica transcateter: incid\u00eancia e implica\u00e7\u00f5es progn\u00f3sticas&#8221;<\/td>\n<\/tr>\n<tr>\n<td style=\"width: 76px; border-color: #999999; font-size: 12px; text-align: center; vertical-align: middle; font-family: Verdana;\" width=\"76\">30\/01\/2020<\/td>\n<td style=\"width: 100px; border-color: #999999; font-size: 12px; vertical-align: middle; text-align: center; font-family: Verdana;\" width=\"310\"><a href=\"http:\/\/www.teses.usp.br\/autor.php?autor=77AA9D45A907\">Felipe da Fonseca Potratz<\/a><\/td>\n<td style=\"width: 120px; border-color: #999999; font-size: 12px; text-align: center; vertical-align: middle; font-family: Verdana;\" width=\"121\"><a href=\"http:\/\/www.teses.usp.br\/autor.php?autor=47A3DC5D2924\">Paola Emanuela Poggio Smanio<\/a><\/td>\n<td style=\"width: 400px; border-color: #999999; font-size: 12px; vertical-align: middle; text-align: justify; font-family: Verdana;\" width=\"78\">&#8220;Estudo de vida real comparativo entre tratamento conservador versus invasivo em pacientes portadores de doen\u00e7a arterial coronariana de alto risco cardiovascular: avalia\u00e7\u00e3o de mortalidade e eventos cardiovasculares em 10 anos de seguimento&#8221;<\/td>\n<\/tr>\n<\/tbody>\n<\/table>\n","protected":false},"excerpt":{"rendered":"<p>Data da Defesa Aluno Orientador T\u00edtulo 09\/01\/2020 Felipe de Oliveira Ramalho Dimytri Alexandre de Alvim Siqueira &#8220;Sangramento tardio em pacientes submetidos a implante de pr\u00f3tese a\u00f3rtica transcateter: incid\u00eancia e implica\u00e7\u00f5es progn\u00f3sticas&#8221; 30\/01\/2020 Felipe da Fonseca Potratz Paola Emanuela Poggio Smanio &#8220;Estudo de vida real comparativo entre tratamento conservador versus invasivo em pacientes portadores de doen\u00e7a arterial coronariana de alto risco cardiovascular: avalia\u00e7\u00e3o de mortalidade e eventos cardiovasculares em 10 anos de seguimento&#8221;<\/p>\n","protected":false},"author":526,"featured_media":0,"parent":0,"menu_order":0,"comment_status":"closed","ping_status":"closed","template":"page-full.php","meta":{"footnotes":"","_links_to":"","_links_to_target":""},"class_list":["post-2821","page","type-page","status-publish","hentry"],"_links":{"self":[{"href":"https:\/\/sites.usp.br\/mp-usp-idpc\/wp-json\/wp\/v2\/pages\/2821","targetHints":{"allow":["GET"]}}],"collection":[{"href":"https:\/\/sites.usp.br\/mp-usp-idpc\/wp-json\/wp\/v2\/pages"}],"about":[{"href":"https:\/\/sites.usp.br\/mp-usp-idpc\/wp-json\/wp\/v2\/types\/page"}],"author":[{"embeddable":true,"href":"https:\/\/sites.usp.br\/mp-usp-idpc\/wp-json\/wp\/v2\/users\/526"}],"replies":[{"embeddable":true,"href":"https:\/\/sites.usp.br\/mp-usp-idpc\/wp-json\/wp\/v2\/comments?post=2821"}],"version-history":[{"count":4,"href":"https:\/\/sites.usp.br\/mp-usp-idpc\/wp-json\/wp\/v2\/pages\/2821\/revisions"}],"predecessor-version":[{"id":2827,"href":"https:\/\/sites.usp.br\/mp-usp-idpc\/wp-json\/wp\/v2\/pages\/2821\/revisions\/2827"}],"wp:attachment":[{"href":"https:\/\/sites.usp.br\/mp-usp-idpc\/wp-json\/wp\/v2\/media?parent=2821"}],"curies":[{"name":"wp","href":"https:\/\/api.w.org\/{rel}","templated":true}]}}