{"id":139,"date":"2023-08-07T14:22:58","date_gmt":"2023-08-07T16:22:58","guid":{"rendered":"https:\/\/sites.usp.br\/mpaps\/?page_id=139"},"modified":"2025-12-17T10:58:05","modified_gmt":"2025-12-17T12:58:05","slug":"objetivos","status":"publish","type":"page","link":"https:\/\/sites.usp.br\/mpaps\/objetivos\/","title":{"rendered":"Objetivos"},"content":{"rendered":"\t\t<div data-elementor-type=\"wp-page\" data-elementor-id=\"139\" class=\"elementor elementor-139\" data-elementor-post-type=\"page\">\n\t\t\t\t\t\t<section class=\"elementor-section elementor-top-section elementor-element elementor-element-e94c009 elementor-section-boxed elementor-section-height-default elementor-section-height-default elementor-invisible\" data-id=\"e94c009\" data-element_type=\"section\" data-settings=\"{&quot;animation&quot;:&quot;fadeIn&quot;}\">\n\t\t\t\t\t\t<div class=\"elementor-container elementor-column-gap-default\">\n\t\t\t\t\t<div class=\"elementor-column elementor-col-100 elementor-top-column elementor-element elementor-element-6bc88f5\" data-id=\"6bc88f5\" data-element_type=\"column\">\n\t\t\t<div class=\"elementor-widget-wrap elementor-element-populated\">\n\t\t\t\t\t\t<div class=\"elementor-element elementor-element-4105498 elementor-widget__width-initial elementor-widget elementor-widget-heading\" data-id=\"4105498\" data-element_type=\"widget\" data-widget_type=\"heading.default\">\n\t\t\t\t<div class=\"elementor-widget-container\">\n\t\t\t<h2 class=\"elementor-heading-title elementor-size-default\">Objetivos<\/h2>\t\t<\/div>\n\t\t\t\t<\/div>\n\t\t\t\t\t<\/div>\n\t\t<\/div>\n\t\t\t\t\t<\/div>\n\t\t<\/section>\n\t\t\t\t<section class=\"elementor-section elementor-top-section elementor-element elementor-element-f730e40 elementor-section-boxed elementor-section-height-default elementor-section-height-default\" data-id=\"f730e40\" data-element_type=\"section\">\n\t\t\t\t\t\t<div class=\"elementor-container elementor-column-gap-default\">\n\t\t\t\t\t<div class=\"elementor-column elementor-col-100 elementor-top-column elementor-element elementor-element-bf1f8e4\" data-id=\"bf1f8e4\" data-element_type=\"column\">\n\t\t\t<div class=\"elementor-widget-wrap elementor-element-populated\">\n\t\t\t\t\t\t<div class=\"elementor-element elementor-element-73fd964 elementor-widget elementor-widget-text-editor\" data-id=\"73fd964\" data-element_type=\"widget\" data-widget_type=\"text-editor.default\">\n\t\t\t\t<div class=\"elementor-widget-container\">\n\t\t\t\t\t\t\t<p>\u2022 Incrementar a qualifica\u00e7\u00e3o para a pr\u00e1tica profissional em sa\u00fade, principalmente na Aten\u00e7\u00e3o Prim\u00e1ria;<\/p><p>\u2022 Desenvolver compet\u00eancias para a interven\u00e7\u00e3o, na esfera do setor sa\u00fade, nos \u00e2mbitos local e regional e, principalmente, no \u00e2mbito da Aten\u00e7\u00e3o Prim\u00e1ria;<\/p><p>\u2022 Estimular os profissionais da sa\u00fade para o desenvolvimento de pesquisas em sua \u00e1rea de atua\u00e7\u00e3o, principalmente na Aten\u00e7\u00e3o Prim\u00e1ria;<\/p><p>\u2022 Realizar investiga\u00e7\u00f5es cient\u00edficas no cotidiano do trabalho em sa\u00fade, principalmente na Aten\u00e7\u00e3o Prim\u00e1ria;<\/p><p>\u2022 Propiciar o desenvolvimento de compet\u00eancias para exercer a lideran\u00e7a em institui\u00e7\u00f5es e na formula\u00e7\u00e3o de pol\u00edticas de sa\u00fade.<\/p>\t\t\t\t\t\t<\/div>\n\t\t\t\t<\/div>\n\t\t\t\t\t<\/div>\n\t\t<\/div>\n\t\t\t\t\t<\/div>\n\t\t<\/section>\n\t\t\t\t<section class=\"elementor-section elementor-top-section elementor-element elementor-element-d93c90c elementor-section-boxed elementor-section-height-default elementor-section-height-default\" data-id=\"d93c90c\" data-element_type=\"section\" data-settings=\"{&quot;background_background&quot;:&quot;classic&quot;}\">\n\t\t\t\t\t\t<div class=\"elementor-container elementor-column-gap-default\">\n\t\t\t\t\t<div class=\"elementor-column elementor-col-100 elementor-top-column elementor-element elementor-element-4d9b7d8\" data-id=\"4d9b7d8\" data-element_type=\"column\">\n\t\t\t<div class=\"elementor-widget-wrap elementor-element-populated\">\n\t\t\t\t\t\t<div class=\"elementor-element elementor-element-3cb81d5 elementor-widget-divider--view-line elementor-widget elementor-widget-divider\" data-id=\"3cb81d5\" data-element_type=\"widget\" data-widget_type=\"divider.default\">\n\t\t\t\t<div class=\"elementor-widget-container\">\n\t\t\t\t\t<div class=\"elementor-divider\">\n\t\t\t<span class=\"elementor-divider-separator\">\n\t\t\t\t\t\t<\/span>\n\t\t<\/div>\n\t\t\t\t<\/div>\n\t\t\t\t<\/div>\n\t\t\t\t\t<\/div>\n\t\t<\/div>\n\t\t\t\t\t<\/div>\n\t\t<\/section>\n\t\t\t\t<section class=\"elementor-section elementor-top-section elementor-element elementor-element-50c9ea3 elementor-section-boxed elementor-section-height-default elementor-section-height-default\" data-id=\"50c9ea3\" data-element_type=\"section\">\n\t\t\t\t\t\t<div class=\"elementor-container elementor-column-gap-default\">\n\t\t\t\t\t<div class=\"elementor-column elementor-col-100 elementor-top-column elementor-element elementor-element-03fb6a7\" data-id=\"03fb6a7\" data-element_type=\"column\">\n\t\t\t<div class=\"elementor-widget-wrap elementor-element-populated\">\n\t\t\t\t\t\t<div class=\"elementor-element elementor-element-2535b2e elementor-widget elementor-widget-text-editor\" data-id=\"2535b2e\" data-element_type=\"widget\" data-widget_type=\"text-editor.default\">\n\t\t\t\t<div class=\"elementor-widget-container\">\n\t\t\t\t\t\t\t<p><span style=\"color: #1e70b9;\"><strong>Programa de P\u00f3s-Gradua\u00e7\u00e3o Mestrado Profissional em Enfermagem na Aten\u00e7\u00e3o Prim\u00e1ria em Sa\u00fade no Sistema \u00danico de Sa\u00fade \u2013 MPAPS<\/strong><\/span><\/p><p><span style=\"color: #0d4e71;\"><strong>Telefone:<\/strong> (11) 3061-7533 | <strong>E-mail:<\/strong>\u00a0<a style=\"color: #0d4e71;\" href=\"mailto:ppg.mpaps.ee@usp.br\" target=\"_blank\" rel=\"noopener\">ppg.mpaps.ee@usp.br<\/a><\/span><\/p><div><p><span style=\"color: #0d4e71;\"><strong>Hor\u00e1rio de atendimento: <\/strong>Segunda a sexta, das 8h \u00e0s 17h<\/span><\/p><\/div>\t\t\t\t\t\t<\/div>\n\t\t\t\t<\/div>\n\t\t\t\t<div class=\"elementor-element elementor-element-ae4ad3f elementor-widget-divider--view-line elementor-widget elementor-widget-divider\" data-id=\"ae4ad3f\" data-element_type=\"widget\" data-widget_type=\"divider.default\">\n\t\t\t\t<div class=\"elementor-widget-container\">\n\t\t\t\t\t<div class=\"elementor-divider\">\n\t\t\t<span class=\"elementor-divider-separator\">\n\t\t\t\t\t\t<\/span>\n\t\t<\/div>\n\t\t\t\t<\/div>\n\t\t\t\t<\/div>\n\t\t\t\t\t<\/div>\n\t\t<\/div>\n\t\t\t\t\t<\/div>\n\t\t<\/section>\n\t\t\t\t<section class=\"elementor-section elementor-top-section elementor-element elementor-element-94b035b elementor-section-boxed elementor-section-height-default elementor-section-height-default\" data-id=\"94b035b\" data-element_type=\"section\">\n\t\t\t\t\t\t<div class=\"elementor-container elementor-column-gap-default\">\n\t\t\t\t\t<div class=\"elementor-column elementor-col-100 elementor-top-column elementor-element elementor-element-58ce4e4\" data-id=\"58ce4e4\" data-element_type=\"column\">\n\t\t\t<div class=\"elementor-widget-wrap elementor-element-populated\">\n\t\t\t\t\t\t<div class=\"elementor-element elementor-element-eaba6b3 elementor-widget elementor-widget-spacer\" data-id=\"eaba6b3\" data-element_type=\"widget\" data-widget_type=\"spacer.default\">\n\t\t\t\t<div class=\"elementor-widget-container\">\n\t\t\t\t\t<div class=\"elementor-spacer\">\n\t\t\t<div class=\"elementor-spacer-inner\"><\/div>\n\t\t<\/div>\n\t\t\t\t<\/div>\n\t\t\t\t<\/div>\n\t\t\t\t\t<\/div>\n\t\t<\/div>\n\t\t\t\t\t<\/div>\n\t\t<\/section>\n\t\t\t\t<\/div>\n\t\t","protected":false},"excerpt":{"rendered":"<p>Objetivos \u2022 Incrementar a qualifica\u00e7\u00e3o para a pr\u00e1tica profissional em sa\u00fade, principalmente na Aten\u00e7\u00e3o Prim\u00e1ria; \u2022 Desenvolver compet\u00eancias para a interven\u00e7\u00e3o, na esfera do setor sa\u00fade, nos \u00e2mbitos local e regional e, principalmente, no \u00e2mbito da Aten\u00e7\u00e3o Prim\u00e1ria; \u2022 Estimular os profissionais da sa\u00fade para o desenvolvimento de pesquisas em sua \u00e1rea de atua\u00e7\u00e3o, principalmente [&hellip;]<\/p>\n","protected":false},"author":23730,"featured_media":0,"parent":0,"menu_order":0,"comment_status":"closed","ping_status":"closed","template":"","meta":{"footnotes":"","_links_to":"","_links_to_target":""},"class_list":["post-139","page","type-page","status-publish","hentry"],"_links":{"self":[{"href":"https:\/\/sites.usp.br\/mpaps\/wp-json\/wp\/v2\/pages\/139","targetHints":{"allow":["GET"]}}],"collection":[{"href":"https:\/\/sites.usp.br\/mpaps\/wp-json\/wp\/v2\/pages"}],"about":[{"href":"https:\/\/sites.usp.br\/mpaps\/wp-json\/wp\/v2\/types\/page"}],"author":[{"embeddable":true,"href":"https:\/\/sites.usp.br\/mpaps\/wp-json\/wp\/v2\/users\/23730"}],"replies":[{"embeddable":true,"href":"https:\/\/sites.usp.br\/mpaps\/wp-json\/wp\/v2\/comments?post=139"}],"version-history":[{"count":4,"href":"https:\/\/sites.usp.br\/mpaps\/wp-json\/wp\/v2\/pages\/139\/revisions"}],"predecessor-version":[{"id":905,"href":"https:\/\/sites.usp.br\/mpaps\/wp-json\/wp\/v2\/pages\/139\/revisions\/905"}],"wp:attachment":[{"href":"https:\/\/sites.usp.br\/mpaps\/wp-json\/wp\/v2\/media?parent=139"}],"curies":[{"name":"wp","href":"https:\/\/api.w.org\/{rel}","templated":true}]}}