{"id":141,"date":"2023-08-07T14:23:34","date_gmt":"2023-08-07T16:23:34","guid":{"rendered":"https:\/\/sites.usp.br\/mpaps\/?page_id=141"},"modified":"2025-12-17T10:55:25","modified_gmt":"2025-12-17T12:55:25","slug":"disciplinas","status":"publish","type":"page","link":"https:\/\/sites.usp.br\/mpaps\/disciplinas\/","title":{"rendered":"Disciplinas"},"content":{"rendered":"\t\t<div data-elementor-type=\"wp-page\" data-elementor-id=\"141\" class=\"elementor elementor-141\" data-elementor-post-type=\"page\">\n\t\t\t\t\t\t<section class=\"elementor-section elementor-top-section elementor-element elementor-element-3a2ab90 elementor-section-boxed elementor-section-height-default elementor-section-height-default elementor-invisible\" data-id=\"3a2ab90\" data-element_type=\"section\" data-settings=\"{&quot;animation&quot;:&quot;fadeIn&quot;}\">\n\t\t\t\t\t\t<div class=\"elementor-container elementor-column-gap-default\">\n\t\t\t\t\t<div class=\"elementor-column elementor-col-100 elementor-top-column elementor-element elementor-element-075b60b\" data-id=\"075b60b\" data-element_type=\"column\">\n\t\t\t<div class=\"elementor-widget-wrap elementor-element-populated\">\n\t\t\t\t\t\t<div class=\"elementor-element elementor-element-c9f715e elementor-widget__width-initial elementor-widget elementor-widget-heading\" data-id=\"c9f715e\" data-element_type=\"widget\" data-widget_type=\"heading.default\">\n\t\t\t\t<div class=\"elementor-widget-container\">\n\t\t\t<h2 class=\"elementor-heading-title elementor-size-default\">Disciplinas<\/h2>\t\t<\/div>\n\t\t\t\t<\/div>\n\t\t\t\t\t<\/div>\n\t\t<\/div>\n\t\t\t\t\t<\/div>\n\t\t<\/section>\n\t\t\t\t<section class=\"elementor-section elementor-top-section elementor-element elementor-element-63808d2 elementor-section-boxed elementor-section-height-default elementor-section-height-default\" data-id=\"63808d2\" data-element_type=\"section\">\n\t\t\t\t\t\t<div class=\"elementor-container elementor-column-gap-default\">\n\t\t\t\t\t<div class=\"elementor-column elementor-col-100 elementor-top-column elementor-element elementor-element-f3c5a45\" data-id=\"f3c5a45\" data-element_type=\"column\">\n\t\t\t<div class=\"elementor-widget-wrap elementor-element-populated\">\n\t\t\t\t\t\t<div class=\"elementor-element elementor-element-d14680e elementor-widget elementor-widget-text-editor\" data-id=\"d14680e\" data-element_type=\"widget\" data-widget_type=\"text-editor.default\">\n\t\t\t\t<div class=\"elementor-widget-container\">\n\t\t\t\t\t\t\t<p>O curso tem dura\u00e7\u00e3o de 27 meses.<\/p><p>O cumprimento de cr\u00e9ditos em disciplinas \u00e9 um dos requisitos para a conclus\u00e3o do Curso e, portanto, devem ser obtidos antes da defesa p\u00fablica da Disserta\u00e7\u00e3o de Mestrado.<br \/>O n\u00famero m\u00ednimo de cr\u00e9ditos necess\u00e1rios \u00e9 de 10 para o Exame de Qualifica\u00e7\u00e3o e 20 para a defesa. As disciplinas s\u00e3o oferecidas \u00e0s quintas-feiras, no primeiro e no segundo semestres letivos. A escolha de disciplinas deve ser feita em conjunto com o Professor orientador e constituir\u00e1 o plano de trabalho do aluno. Disciplinas de outros programas podem ser escolhidas.<br \/>As disciplinas ENS5914 (Enfermagem em Sa\u00fade Coletiva na Aten\u00e7\u00e3o Prim\u00e1ria em Sa\u00fade) e ENS5915 (Pol\u00edticas de Sa\u00fade e Aten\u00e7\u00e3o Prim\u00e1ria) s\u00e3o obrigat\u00f3rias.<\/p>\t\t\t\t\t\t<\/div>\n\t\t\t\t<\/div>\n\t\t\t\t\t<\/div>\n\t\t<\/div>\n\t\t\t\t\t<\/div>\n\t\t<\/section>\n\t\t\t\t<section class=\"elementor-section elementor-top-section elementor-element elementor-element-9c456aa elementor-section-boxed elementor-section-height-default elementor-section-height-default\" data-id=\"9c456aa\" data-element_type=\"section\">\n\t\t\t\t\t\t<div class=\"elementor-container elementor-column-gap-default\">\n\t\t\t\t\t<div class=\"elementor-column elementor-col-100 elementor-top-column elementor-element elementor-element-7628f27\" data-id=\"7628f27\" data-element_type=\"column\">\n\t\t\t<div class=\"elementor-widget-wrap elementor-element-populated\">\n\t\t\t\t\t\t<div class=\"elementor-element elementor-element-f86a854 elementor-widget elementor-widget-button\" data-id=\"f86a854\" data-element_type=\"widget\" data-widget_type=\"button.default\">\n\t\t\t\t<div class=\"elementor-widget-container\">\n\t\t\t\t\t\t\t<div class=\"elementor-button-wrapper\">\n\t\t\t\t\t<a class=\"elementor-button elementor-button-link elementor-size-sm\" href=\"https:\/\/sites.usp.br\/mpaps\/wp-content\/uploads\/sites\/1336\/2025\/08\/Oferecimento_disciplinas-_MPAPS_2025-2.pdf\" target=\"_blank\">\n\t\t\t\t\t\t<span class=\"elementor-button-content-wrapper\">\n\t\t\t\t\t\t\t\t\t<span class=\"elementor-button-text\">Disciplinas Oferecidas no 2\u00ba Semestre de 2025<\/span>\n\t\t\t\t\t<\/span>\n\t\t\t\t\t<\/a>\n\t\t\t\t<\/div>\n\t\t\t\t\t\t<\/div>\n\t\t\t\t<\/div>\n\t\t\t\t\t<\/div>\n\t\t<\/div>\n\t\t\t\t\t<\/div>\n\t\t<\/section>\n\t\t\t\t<section class=\"elementor-section elementor-top-section elementor-element elementor-element-66b247d elementor-section-boxed elementor-section-height-default elementor-section-height-default\" data-id=\"66b247d\" data-element_type=\"section\">\n\t\t\t\t\t\t<div class=\"elementor-container elementor-column-gap-default\">\n\t\t\t\t\t<div class=\"elementor-column elementor-col-100 elementor-top-column elementor-element elementor-element-275da37\" data-id=\"275da37\" data-element_type=\"column\">\n\t\t\t<div class=\"elementor-widget-wrap elementor-element-populated\">\n\t\t\t\t\t\t<div class=\"elementor-element elementor-element-9952ede elementor-widget elementor-widget-text-editor\" data-id=\"9952ede\" data-element_type=\"widget\" data-widget_type=\"text-editor.default\">\n\t\t\t\t<div class=\"elementor-widget-container\">\n\t\t\t\t\t\t\t<p><span style=\"color: #1e70b9;\"><strong>Cat\u00e1logo de Disciplinas do Programa:<\/strong><\/span><\/p>\t\t\t\t\t\t<\/div>\n\t\t\t\t<\/div>\n\t\t\t\t\t<\/div>\n\t\t<\/div>\n\t\t\t\t\t<\/div>\n\t\t<\/section>\n\t\t\t\t<section class=\"elementor-section elementor-top-section elementor-element elementor-element-76288c8 elementor-section-boxed elementor-section-height-default elementor-section-height-default\" data-id=\"76288c8\" data-element_type=\"section\">\n\t\t\t\t\t\t<div class=\"elementor-container elementor-column-gap-default\">\n\t\t\t\t\t<div class=\"elementor-column elementor-col-100 elementor-top-column elementor-element elementor-element-4f52494\" data-id=\"4f52494\" data-element_type=\"column\">\n\t\t\t<div class=\"elementor-widget-wrap elementor-element-populated\">\n\t\t\t\t\t\t<div class=\"elementor-element elementor-element-3ea47d9 elementor-widget elementor-widget-text-editor\" data-id=\"3ea47d9\" data-element_type=\"widget\" data-widget_type=\"text-editor.default\">\n\t\t\t\t<div class=\"elementor-widget-container\">\n\t\t\t\t\t\t\t<div><strong>Sigla\u00a0 \u2013\u00a0 Nome da disciplina<\/strong><\/div><div>\u00a0<\/div><div><strong>ENS5914 \u2013\u00a0<a href=\"https:\/\/uspdigital.usp.br\/janus\/componente\/catalogoDisciplinasInicial.jsf?action=3&amp;sgldis=ENS5914\" target=\"_blank\" rel=\"noopener\">Enfermagem em Sa\u00fade Coletiva na Aten\u00e7\u00e3o Prim\u00e1ria<\/a><\/strong><\/div><div><strong>ENS5915 \u2013\u00a0<a href=\"https:\/\/uspdigital.usp.br\/janus\/componente\/catalogoDisciplinasInicial.jsf?action=3&amp;sgldis=ENS5915\" target=\"_blank\" rel=\"noopener\">Pol\u00edticas de Sa\u00fade e Aten\u00e7\u00e3o Prim\u00e1ria<\/a><\/strong><\/div><div><strong>ENS5917 \u2013\u00a0<a href=\"https:\/\/uspdigital.usp.br\/janus\/componente\/catalogoDisciplinasInicial.jsf?action=3&amp;sgldis=ENS5917\" target=\"_blank\" rel=\"noopener\">Gest\u00e3o do Cuidado na Aten\u00e7\u00e3o Prim\u00e1ria e Interfaces com Outros Campos Disciplinares<\/a><\/strong><\/div><div><strong>ENS5919 \u2013\u00a0<a href=\"https:\/\/uspdigital.usp.br\/janus\/componente\/catalogoDisciplinasInicial.jsf?action=3&amp;sgldis=ENS5919\" target=\"_blank\" rel=\"noopener\">M\u00e9todos de Pesquisa<\/a><\/strong><\/div><div><strong>ENS5920 \u2013\u00a0<a href=\"https:\/\/uspdigital.usp.br\/janus\/componente\/catalogoDisciplinasInicial.jsf?action=3&amp;sgldis=ENS5920\" target=\"_blank\" rel=\"noopener\">Bioestat\u00edstica<\/a><\/strong><\/div><div><strong>ENS5921 \u2013\u00a0<a href=\"https:\/\/uspdigital.usp.br\/janus\/componente\/catalogoDisciplinasInicial.jsf?action=3&amp;sgldis=ENS5921\" target=\"_blank\" rel=\"noopener\">Tecnologias e Inova\u00e7\u00e3o nas Pr\u00e1ticas de Cuidados em Aten\u00e7\u00e3o Prim\u00e1ria de Sa\u00fade<\/a><\/strong><\/div><div><strong>ENS5853\u00a0 \u2013\u00a0<a href=\"https:\/\/uspdigital.usp.br\/janus\/componente\/catalogoDisciplinasInicial.jsf?action=3&amp;sgldis=ENS5853\" target=\"_blank\" rel=\"noopener\">A Biosseguran\u00e7a e as Pr\u00e1ticas em Sa\u00fade<\/a><\/strong><\/div><div><strong>ENS5968 \u2013<a href=\"https:\/\/uspdigital.usp.br\/janus\/componente\/catalogoDisciplinasInicial.jsf?action=3&amp;sgldis=ENS5968\" target=\"_blank\" rel=\"noopener\">\u00a0Introdu\u00e7\u00e3o \u00e0 Pesquisa de Implementa\u00e7\u00e3o<\/a><\/strong><\/div><div><strong>ENS5970 \u2013\u00a0<a href=\"https:\/\/uspdigital.usp.br\/janus\/componente\/catalogoDisciplinasInicial.jsf?action=3&amp;sgldis=ENS5970\" target=\"_blank\" rel=\"noopener\">Reda\u00e7\u00e3o de Documentos Cient\u00edficos\u00a0<\/a><\/strong><\/div><div><strong>ENS5977 \u2013\u00a0<a href=\"https:\/\/uspdigital.usp.br\/janus\/componente\/catalogoDisciplinasInicial.jsf?action=3&amp;sgldis=ENS5977\" target=\"_blank\" rel=\"noopener\">Semin\u00e1rios Avan\u00e7ados de Aten\u00e7\u00e3o Prim\u00e1ria em Sa\u00fade<\/a><\/strong><\/div><div><strong>ENS5984\u00a0 \u2013\u00a0<a href=\"https:\/\/uspdigital.usp.br\/janus\/componente\/catalogoDisciplinasInicial.jsf?action=3&amp;sgldis=ENS5984\" target=\"_blank\" rel=\"noopener\">Introdu\u00e7\u00e3o \u00e0 P\u00f3s-Gradua\u00e7\u00e3o<\/a><\/strong><\/div>\t\t\t\t\t\t<\/div>\n\t\t\t\t<\/div>\n\t\t\t\t\t<\/div>\n\t\t<\/div>\n\t\t\t\t\t<\/div>\n\t\t<\/section>\n\t\t\t\t<section class=\"elementor-section elementor-top-section elementor-element elementor-element-ec3ecab elementor-section-boxed elementor-section-height-default elementor-section-height-default\" data-id=\"ec3ecab\" data-element_type=\"section\" data-settings=\"{&quot;background_background&quot;:&quot;classic&quot;}\">\n\t\t\t\t\t\t<div class=\"elementor-container elementor-column-gap-default\">\n\t\t\t\t\t<div class=\"elementor-column elementor-col-100 elementor-top-column elementor-element elementor-element-761efa2\" data-id=\"761efa2\" data-element_type=\"column\">\n\t\t\t<div class=\"elementor-widget-wrap elementor-element-populated\">\n\t\t\t\t\t\t<div class=\"elementor-element elementor-element-1ca22b0 elementor-widget-divider--view-line elementor-widget elementor-widget-divider\" data-id=\"1ca22b0\" data-element_type=\"widget\" data-widget_type=\"divider.default\">\n\t\t\t\t<div class=\"elementor-widget-container\">\n\t\t\t\t\t<div class=\"elementor-divider\">\n\t\t\t<span class=\"elementor-divider-separator\">\n\t\t\t\t\t\t<\/span>\n\t\t<\/div>\n\t\t\t\t<\/div>\n\t\t\t\t<\/div>\n\t\t\t\t\t<\/div>\n\t\t<\/div>\n\t\t\t\t\t<\/div>\n\t\t<\/section>\n\t\t\t\t<section class=\"elementor-section elementor-top-section elementor-element elementor-element-abcf14d elementor-section-boxed elementor-section-height-default elementor-section-height-default\" data-id=\"abcf14d\" data-element_type=\"section\">\n\t\t\t\t\t\t<div class=\"elementor-container elementor-column-gap-default\">\n\t\t\t\t\t<div class=\"elementor-column elementor-col-100 elementor-top-column elementor-element elementor-element-93d2b7c\" data-id=\"93d2b7c\" data-element_type=\"column\">\n\t\t\t<div class=\"elementor-widget-wrap elementor-element-populated\">\n\t\t\t\t\t\t<div class=\"elementor-element elementor-element-f319a39 elementor-widget elementor-widget-text-editor\" data-id=\"f319a39\" data-element_type=\"widget\" data-widget_type=\"text-editor.default\">\n\t\t\t\t<div class=\"elementor-widget-container\">\n\t\t\t\t\t\t\t<p><span style=\"color: #1e70b9;\"><strong>Programa de P\u00f3s-Gradua\u00e7\u00e3o Mestrado Profissional em Enfermagem na Aten\u00e7\u00e3o Prim\u00e1ria em Sa\u00fade no Sistema \u00danico de Sa\u00fade \u2013 MPAPS<\/strong><\/span><\/p><p><span style=\"color: #0d4e71;\"><strong>Telefone:<\/strong> (11) 3061-7533 | <strong>E-mail:<\/strong>\u00a0<a style=\"color: #0d4e71;\" href=\"mailto:ppg.mpaps.ee@usp.br\" target=\"_blank\" rel=\"noopener\">ppg.mpaps.ee@usp.br<\/a><\/span><\/p><div><p><span style=\"color: #0d4e71;\"><strong>Hor\u00e1rio de atendimento: <\/strong>Segunda a sexta, das 8h \u00e0s 17h<\/span><\/p><\/div>\t\t\t\t\t\t<\/div>\n\t\t\t\t<\/div>\n\t\t\t\t\t<\/div>\n\t\t<\/div>\n\t\t\t\t\t<\/div>\n\t\t<\/section>\n\t\t\t\t<section class=\"elementor-section elementor-top-section elementor-element elementor-element-7f3e911 elementor-section-boxed elementor-section-height-default elementor-section-height-default\" data-id=\"7f3e911\" data-element_type=\"section\">\n\t\t\t\t\t\t<div class=\"elementor-container elementor-column-gap-default\">\n\t\t\t\t\t<div class=\"elementor-column elementor-col-100 elementor-top-column elementor-element elementor-element-0a06baf\" data-id=\"0a06baf\" data-element_type=\"column\">\n\t\t\t<div class=\"elementor-widget-wrap elementor-element-populated\">\n\t\t\t\t\t\t<div class=\"elementor-element elementor-element-4673ce6 elementor-widget-divider--view-line elementor-widget elementor-widget-divider\" data-id=\"4673ce6\" data-element_type=\"widget\" data-widget_type=\"divider.default\">\n\t\t\t\t<div class=\"elementor-widget-container\">\n\t\t\t\t\t<div class=\"elementor-divider\">\n\t\t\t<span class=\"elementor-divider-separator\">\n\t\t\t\t\t\t<\/span>\n\t\t<\/div>\n\t\t\t\t<\/div>\n\t\t\t\t<\/div>\n\t\t\t\t\t<\/div>\n\t\t<\/div>\n\t\t\t\t\t<\/div>\n\t\t<\/section>\n\t\t\t\t<section class=\"elementor-section elementor-top-section elementor-element elementor-element-3e9221e elementor-section-boxed elementor-section-height-default elementor-section-height-default\" data-id=\"3e9221e\" data-element_type=\"section\">\n\t\t\t\t\t\t<div class=\"elementor-container elementor-column-gap-default\">\n\t\t\t\t\t<div class=\"elementor-column elementor-col-100 elementor-top-column elementor-element elementor-element-24a7c7a\" data-id=\"24a7c7a\" data-element_type=\"column\">\n\t\t\t<div class=\"elementor-widget-wrap elementor-element-populated\">\n\t\t\t\t\t\t<div class=\"elementor-element elementor-element-014ac2e elementor-widget elementor-widget-spacer\" data-id=\"014ac2e\" data-element_type=\"widget\" data-widget_type=\"spacer.default\">\n\t\t\t\t<div class=\"elementor-widget-container\">\n\t\t\t\t\t<div class=\"elementor-spacer\">\n\t\t\t<div class=\"elementor-spacer-inner\"><\/div>\n\t\t<\/div>\n\t\t\t\t<\/div>\n\t\t\t\t<\/div>\n\t\t\t\t\t<\/div>\n\t\t<\/div>\n\t\t\t\t\t<\/div>\n\t\t<\/section>\n\t\t\t\t<\/div>\n\t\t","protected":false},"excerpt":{"rendered":"<p>Disciplinas O curso tem dura\u00e7\u00e3o de 27 meses. O cumprimento de cr\u00e9ditos em disciplinas \u00e9 um dos requisitos para a conclus\u00e3o do Curso e, portanto, devem ser obtidos antes da defesa p\u00fablica da Disserta\u00e7\u00e3o de Mestrado.O n\u00famero m\u00ednimo de cr\u00e9ditos necess\u00e1rios \u00e9 de 10 para o Exame de Qualifica\u00e7\u00e3o e 20 para a defesa. As [&hellip;]<\/p>\n","protected":false},"author":23730,"featured_media":0,"parent":0,"menu_order":0,"comment_status":"closed","ping_status":"closed","template":"","meta":{"footnotes":"","_links_to":"","_links_to_target":""},"class_list":["post-141","page","type-page","status-publish","hentry"],"_links":{"self":[{"href":"https:\/\/sites.usp.br\/mpaps\/wp-json\/wp\/v2\/pages\/141","targetHints":{"allow":["GET"]}}],"collection":[{"href":"https:\/\/sites.usp.br\/mpaps\/wp-json\/wp\/v2\/pages"}],"about":[{"href":"https:\/\/sites.usp.br\/mpaps\/wp-json\/wp\/v2\/types\/page"}],"author":[{"embeddable":true,"href":"https:\/\/sites.usp.br\/mpaps\/wp-json\/wp\/v2\/users\/23730"}],"replies":[{"embeddable":true,"href":"https:\/\/sites.usp.br\/mpaps\/wp-json\/wp\/v2\/comments?post=141"}],"version-history":[{"count":4,"href":"https:\/\/sites.usp.br\/mpaps\/wp-json\/wp\/v2\/pages\/141\/revisions"}],"predecessor-version":[{"id":899,"href":"https:\/\/sites.usp.br\/mpaps\/wp-json\/wp\/v2\/pages\/141\/revisions\/899"}],"wp:attachment":[{"href":"https:\/\/sites.usp.br\/mpaps\/wp-json\/wp\/v2\/media?parent=141"}],"curies":[{"name":"wp","href":"https:\/\/api.w.org\/{rel}","templated":true}]}}