{"id":147,"date":"2023-08-07T14:27:10","date_gmt":"2023-08-07T16:27:10","guid":{"rendered":"https:\/\/sites.usp.br\/mpaps\/?page_id=147"},"modified":"2026-03-26T08:31:39","modified_gmt":"2026-03-26T10:31:39","slug":"processo-seletivo","status":"publish","type":"page","link":"https:\/\/sites.usp.br\/mpaps\/processo-seletivo\/","title":{"rendered":"Processo Seletivo"},"content":{"rendered":"\t\t<div data-elementor-type=\"wp-page\" data-elementor-id=\"147\" class=\"elementor elementor-147\" data-elementor-post-type=\"page\">\n\t\t\t\t\t\t<section class=\"elementor-section elementor-top-section elementor-element elementor-element-596fb3a elementor-section-boxed elementor-section-height-default elementor-section-height-default elementor-invisible\" data-id=\"596fb3a\" data-element_type=\"section\" data-settings=\"{&quot;animation&quot;:&quot;fadeIn&quot;}\">\n\t\t\t\t\t\t<div class=\"elementor-container elementor-column-gap-default\">\n\t\t\t\t\t<div class=\"elementor-column elementor-col-100 elementor-top-column elementor-element elementor-element-8185659\" data-id=\"8185659\" data-element_type=\"column\">\n\t\t\t<div class=\"elementor-widget-wrap elementor-element-populated\">\n\t\t\t\t\t\t<div class=\"elementor-element elementor-element-cf68102 elementor-widget__width-initial elementor-widget elementor-widget-heading\" data-id=\"cf68102\" data-element_type=\"widget\" data-widget_type=\"heading.default\">\n\t\t\t\t<div class=\"elementor-widget-container\">\n\t\t\t<h2 class=\"elementor-heading-title elementor-size-default\">Processo Seletivo<\/h2>\t\t<\/div>\n\t\t\t\t<\/div>\n\t\t\t\t\t<\/div>\n\t\t<\/div>\n\t\t\t\t\t<\/div>\n\t\t<\/section>\n\t\t\t\t<section class=\"elementor-section elementor-top-section elementor-element elementor-element-57405668 elementor-section-boxed elementor-section-height-default elementor-section-height-default\" data-id=\"57405668\" data-element_type=\"section\">\n\t\t\t\t\t\t<div class=\"elementor-container elementor-column-gap-default\">\n\t\t\t\t\t<div class=\"elementor-column elementor-col-100 elementor-top-column elementor-element elementor-element-3f62351\" data-id=\"3f62351\" data-element_type=\"column\">\n\t\t\t<div class=\"elementor-widget-wrap elementor-element-populated\">\n\t\t\t\t\t\t<div class=\"elementor-element elementor-element-71970263 elementor-widget elementor-widget-text-editor\" data-id=\"71970263\" data-element_type=\"widget\" data-widget_type=\"text-editor.default\">\n\t\t\t\t<div class=\"elementor-widget-container\">\n\t\t\t\t\t\t\t<div style=\"text-align: center;\">\u00a0<\/div><p><strong><span style=\"color: #ff9900;\">PROCESSO SELETIVO \u00a0REGULAR &#8211; MPAPS<\/span><\/strong><\/p><div style=\"text-align: center;\"><div style=\"text-align: left;\"><div><strong><span class=\"gmail-il\">Processo<\/span>\u00a0<span class=\"gmail-il\">Seletivo<\/span> de ingresso ao Programa de P\u00f3s-Gradua\u00e7\u00e3o Mestrado Profissional em Enfermagem na Aten\u00e7\u00e3o Prim\u00e1ria em Sa\u00fade no Sistema \u00danico de Sa\u00fade (MPAPS) \u2013 2\u00ba semestre de <span class=\"gmail-il\">2026<\/span><\/strong><\/div><div>\u00a0<\/div><div><div><div>A Comiss\u00e3o Coordenadora\u00a0do Programa\u00a0de\u00a0P\u00f3s-Gradua\u00e7\u00e3o\u00a0Mestrado Profissional\u00a0em Enfermagem na Aten\u00e7\u00e3o Prim\u00e1ria em Sa\u00fade no Sistema \u00danico de Sa\u00fade (CC-MPAPS)\u00a0da Escola\u00a0de\u00a0Enfermagem\u00a0(EE)\u00a0da\u00a0Universidade\u00a0de\u00a0S\u00e3o\u00a0Paulo\u00a0(USP),\u00a0nos\u00a0termos\u00a0da Resolu\u00e7\u00e3o n\u00ba 7493, de 27 de mar\u00e7o de 2018 e conforme aprova\u00e7\u00e3o da Comiss\u00e3o de P\u00f3s-Gradua\u00e7\u00e3o, em 04 de mar\u00e7o de 2026,\u00a0torna\u00a0p\u00fablico\u00a0aos\u00a0interessados\u00a0que,\u00a0no per\u00edodo de\u00a013 a 30 de mar\u00e7o de 2026,\u00a0estar\u00e3o\u00a0abertas\u00a0as\u00a0inscri\u00e7\u00f5es\u00a0para\u00a0o\u00a0preenchimento\u00a0de\u00a0vagas\u00a0destinadas\u00a0ao\u00a0curso\u00a0de\u00a0Mestrado Profissional,\u00a0na \u00e1rea de concentra\u00e7\u00e3o: \u201cCuidado\u00a0em Aten\u00e7\u00e3o Prim\u00e1ria em Sa\u00fade\u201d,\u00a0para ingresso no 2\u00ba semestre\u00a0de\u00a02026.<\/div><div><span style=\"color: #ff0000;\"><br \/>SUGERE-SE QUE O CANDIDATO OBSERVE AS LINHAS DE PESQUISA E ENTRE EM CONTATO COM O POSS\u00cdVEL ORIENTADOR ANTES DE SE INSCREVER NO\u00a0<span class=\"gmail-il\">PROCESSO<\/span>\u00a0<span class=\"gmail-il\">SELETIVO<\/span>!!!<\/span><\/div><div>\u00a0<\/div><\/div><p>\u00bb <a href=\"https:\/\/sites.usp.br\/mpaps\/wp-content\/uploads\/sites\/1336\/2026\/03\/Edital-05_2026_MPAPS-2.pdf\" target=\"_blank\" rel=\"noopener\">Edital EE n\u00ba 05\/2026<\/a><br \/>\u00bb <a href=\"https:\/\/sites.usp.br\/mpaps\/wp-content\/uploads\/sites\/1336\/2026\/03\/Retificacao_Edital-EE-05-2026.pdf\" target=\"_blank\" rel=\"noopener\">Retifica\u00e7\u00e3o do Edital EE N\u00ba 05\/2026<\/a><br \/>\u00bb <a href=\"https:\/\/sites.usp.br\/mpaps\/wp-content\/uploads\/sites\/1336\/2026\/03\/Requerimento-de-Inscricao_02.2026.doc\" target=\"_blank\" rel=\"noopener\">Requerimento de Inscri\u00e7\u00e3o<\/a>\u00a0<br \/>\u00bb <a href=\"http:\/\/www2.ee.usp.br\/financeiro\/boleto\/boleto_mpaps.php\" target=\"_blank\" rel=\"noopener\">Link para emiss\u00e3o do boleto<\/a><br \/>\u00bb <a href=\"https:\/\/sites.usp.br\/mpaps\/wp-content\/uploads\/sites\/1336\/2026\/03\/AutodeclaracaoEtnicoRacial_2026.docx\" target=\"_blank\" rel=\"noopener\">Autodeclara\u00e7\u00e3o \u00c9tnico-racial<\/a><\/p><\/div><\/div><\/div><p><\/p><\/div><\/div><\/div><\/div><\/div><\/section><\/div> <a href=\"https:\/\/sites.usp.br\/mpaps\/processo-seletivo\/#more-147\" class=\"more-link elementor-more-link\"><span aria-label=\"Continuar lendo Processo Seletivo\">(mais&hellip;)<\/span><\/a>","protected":false},"excerpt":{"rendered":"<p>Processo Seletivo \u00a0 PROCESSO SELETIVO \u00a0REGULAR &#8211; MPAPS Processo\u00a0Seletivo de ingresso ao Programa de P\u00f3s-Gradua\u00e7\u00e3o Mestrado Profissional em Enfermagem na Aten\u00e7\u00e3o Prim\u00e1ria em Sa\u00fade no Sistema \u00danico de Sa\u00fade (MPAPS) \u2013 2\u00ba semestre de 2026\u00a0A Comiss\u00e3o Coordenadora\u00a0do Programa\u00a0de\u00a0P\u00f3s-Gradua\u00e7\u00e3o\u00a0Mestrado Profissional\u00a0em Enfermagem na Aten\u00e7\u00e3o Prim\u00e1ria em Sa\u00fade no Sistema \u00danico de Sa\u00fade (CC-MPAPS)\u00a0da Escola\u00a0de\u00a0Enfermagem\u00a0(EE)\u00a0da\u00a0Universidade\u00a0de\u00a0S\u00e3o\u00a0Paulo\u00a0(USP),\u00a0nos\u00a0termos\u00a0da Resolu\u00e7\u00e3o n\u00ba 7493, [&hellip;]<\/p>\n","protected":false},"author":23730,"featured_media":0,"parent":0,"menu_order":0,"comment_status":"closed","ping_status":"closed","template":"","meta":{"footnotes":"","_links_to":"","_links_to_target":""},"class_list":["post-147","page","type-page","status-publish","hentry"],"_links":{"self":[{"href":"https:\/\/sites.usp.br\/mpaps\/wp-json\/wp\/v2\/pages\/147","targetHints":{"allow":["GET"]}}],"collection":[{"href":"https:\/\/sites.usp.br\/mpaps\/wp-json\/wp\/v2\/pages"}],"about":[{"href":"https:\/\/sites.usp.br\/mpaps\/wp-json\/wp\/v2\/types\/page"}],"author":[{"embeddable":true,"href":"https:\/\/sites.usp.br\/mpaps\/wp-json\/wp\/v2\/users\/23730"}],"replies":[{"embeddable":true,"href":"https:\/\/sites.usp.br\/mpaps\/wp-json\/wp\/v2\/comments?post=147"}],"version-history":[{"count":4,"href":"https:\/\/sites.usp.br\/mpaps\/wp-json\/wp\/v2\/pages\/147\/revisions"}],"predecessor-version":[{"id":1028,"href":"https:\/\/sites.usp.br\/mpaps\/wp-json\/wp\/v2\/pages\/147\/revisions\/1028"}],"wp:attachment":[{"href":"https:\/\/sites.usp.br\/mpaps\/wp-json\/wp\/v2\/media?parent=147"}],"curies":[{"name":"wp","href":"https:\/\/api.w.org\/{rel}","templated":true}]}}