{"id":152,"date":"2023-08-07T14:28:20","date_gmt":"2023-08-07T16:28:20","guid":{"rendered":"https:\/\/sites.usp.br\/mpaps\/?page_id=152"},"modified":"2025-12-17T10:59:06","modified_gmt":"2025-12-17T12:59:06","slug":"calendario-de-reunioes","status":"publish","type":"page","link":"https:\/\/sites.usp.br\/mpaps\/calendario-de-reunioes\/","title":{"rendered":"Calend\u00e1rio de Reuni\u00f5es"},"content":{"rendered":"\t\t<div data-elementor-type=\"wp-page\" data-elementor-id=\"152\" class=\"elementor elementor-152\" data-elementor-post-type=\"page\">\n\t\t\t\t\t\t<section class=\"elementor-section elementor-top-section elementor-element elementor-element-90a0fd7 elementor-section-boxed elementor-section-height-default elementor-section-height-default elementor-invisible\" data-id=\"90a0fd7\" data-element_type=\"section\" data-settings=\"{&quot;animation&quot;:&quot;fadeIn&quot;}\">\n\t\t\t\t\t\t<div class=\"elementor-container elementor-column-gap-default\">\n\t\t\t\t\t<div class=\"elementor-column elementor-col-100 elementor-top-column elementor-element elementor-element-f435cf9\" data-id=\"f435cf9\" data-element_type=\"column\">\n\t\t\t<div class=\"elementor-widget-wrap elementor-element-populated\">\n\t\t\t\t\t\t<div class=\"elementor-element elementor-element-cf8ac95 elementor-widget__width-initial elementor-widget elementor-widget-heading\" data-id=\"cf8ac95\" data-element_type=\"widget\" data-widget_type=\"heading.default\">\n\t\t\t\t<div class=\"elementor-widget-container\">\n\t\t\t<h2 class=\"elementor-heading-title elementor-size-default\">Calend\u00e1rio de Reuni\u00f5es<\/h2>\t\t<\/div>\n\t\t\t\t<\/div>\n\t\t\t\t\t<\/div>\n\t\t<\/div>\n\t\t\t\t\t<\/div>\n\t\t<\/section>\n\t\t\t\t<section class=\"elementor-section elementor-top-section elementor-element elementor-element-75cbe58 elementor-section-boxed elementor-section-height-default elementor-section-height-default\" data-id=\"75cbe58\" data-element_type=\"section\">\n\t\t\t\t\t\t<div class=\"elementor-container elementor-column-gap-default\">\n\t\t\t\t\t<div class=\"elementor-column elementor-col-100 elementor-top-column elementor-element elementor-element-03c4645\" data-id=\"03c4645\" data-element_type=\"column\">\n\t\t\t<div class=\"elementor-widget-wrap elementor-element-populated\">\n\t\t\t\t\t\t<div class=\"elementor-element elementor-element-cc12a15 elementor-widget elementor-widget-text-editor\" data-id=\"cc12a15\" data-element_type=\"widget\" data-widget_type=\"text-editor.default\">\n\t\t\t\t<div class=\"elementor-widget-container\">\n\t\t\t\t\t\t\t<p>As reuni\u00f5es da Comiss\u00e3o Coordenadora do Programa s\u00e3o realizadas mensalmente.<br \/>A submiss\u00e3o de documentos para an\u00e1lise, como por exemplo, formul\u00e1rios de indica\u00e7\u00e3o de Comiss\u00e3o Examinadora para Exame de Qualifica\u00e7\u00e3o, de indica\u00e7\u00e3o de Comiss\u00e3o Julgadora de Defesa de Mestrado ou outros assuntos deve ser feita com a anteced\u00eancia m\u00ednima de 7 dias, ou quando requer a emiss\u00e3o de parecer, com a anteced\u00eancia de 15 dias.<\/p>\t\t\t\t\t\t<\/div>\n\t\t\t\t<\/div>\n\t\t\t\t\t<\/div>\n\t\t<\/div>\n\t\t\t\t\t<\/div>\n\t\t<\/section>\n\t\t\t\t<section class=\"elementor-section elementor-top-section elementor-element elementor-element-4cc9c11 elementor-section-boxed elementor-section-height-default elementor-section-height-default\" data-id=\"4cc9c11\" data-element_type=\"section\">\n\t\t\t\t\t\t<div class=\"elementor-container elementor-column-gap-default\">\n\t\t\t\t\t<div class=\"elementor-column elementor-col-100 elementor-top-column elementor-element elementor-element-431e918\" data-id=\"431e918\" data-element_type=\"column\">\n\t\t\t<div class=\"elementor-widget-wrap elementor-element-populated\">\n\t\t\t\t\t\t<div class=\"elementor-element elementor-element-ff16789 elementor-widget elementor-widget-button\" data-id=\"ff16789\" data-element_type=\"widget\" data-widget_type=\"button.default\">\n\t\t\t\t<div class=\"elementor-widget-container\">\n\t\t\t\t\t\t\t<div class=\"elementor-button-wrapper\">\n\t\t\t\t\t<a class=\"elementor-button elementor-button-link elementor-size-sm\" href=\"https:\/\/sites.usp.br\/mpaps\/wp-content\/uploads\/sites\/1336\/2025\/12\/Calendario_Reunioes_2026.pdf\" target=\"_blank\">\n\t\t\t\t\t\t<span class=\"elementor-button-content-wrapper\">\n\t\t\t\t\t\t\t\t\t<span class=\"elementor-button-text\">Calend\u00e1rio de Reuni\u00f5es <\/span>\n\t\t\t\t\t<\/span>\n\t\t\t\t\t<\/a>\n\t\t\t\t<\/div>\n\t\t\t\t\t\t<\/div>\n\t\t\t\t<\/div>\n\t\t\t\t\t<\/div>\n\t\t<\/div>\n\t\t\t\t\t<\/div>\n\t\t<\/section>\n\t\t\t\t<section class=\"elementor-section elementor-top-section elementor-element elementor-element-5aaadc9 elementor-section-boxed elementor-section-height-default elementor-section-height-default\" data-id=\"5aaadc9\" data-element_type=\"section\" data-settings=\"{&quot;background_background&quot;:&quot;classic&quot;}\">\n\t\t\t\t\t\t<div class=\"elementor-container elementor-column-gap-default\">\n\t\t\t\t\t<div class=\"elementor-column elementor-col-100 elementor-top-column elementor-element elementor-element-bf09b01\" data-id=\"bf09b01\" data-element_type=\"column\">\n\t\t\t<div class=\"elementor-widget-wrap elementor-element-populated\">\n\t\t\t\t\t\t<div class=\"elementor-element elementor-element-29996d9 elementor-widget-divider--view-line elementor-widget elementor-widget-divider\" data-id=\"29996d9\" data-element_type=\"widget\" data-widget_type=\"divider.default\">\n\t\t\t\t<div class=\"elementor-widget-container\">\n\t\t\t\t\t<div class=\"elementor-divider\">\n\t\t\t<span class=\"elementor-divider-separator\">\n\t\t\t\t\t\t<\/span>\n\t\t<\/div>\n\t\t\t\t<\/div>\n\t\t\t\t<\/div>\n\t\t\t\t\t<\/div>\n\t\t<\/div>\n\t\t\t\t\t<\/div>\n\t\t<\/section>\n\t\t\t\t<section class=\"elementor-section elementor-top-section elementor-element elementor-element-0d26b78 elementor-section-boxed elementor-section-height-default elementor-section-height-default\" data-id=\"0d26b78\" data-element_type=\"section\">\n\t\t\t\t\t\t<div class=\"elementor-container elementor-column-gap-default\">\n\t\t\t\t\t<div class=\"elementor-column elementor-col-100 elementor-top-column elementor-element elementor-element-211eef9\" data-id=\"211eef9\" data-element_type=\"column\">\n\t\t\t<div class=\"elementor-widget-wrap elementor-element-populated\">\n\t\t\t\t\t\t<div class=\"elementor-element elementor-element-484202c elementor-widget elementor-widget-text-editor\" data-id=\"484202c\" data-element_type=\"widget\" data-widget_type=\"text-editor.default\">\n\t\t\t\t<div class=\"elementor-widget-container\">\n\t\t\t\t\t\t\t<p><span style=\"color: #1e70b9;\"><strong>Programa de P\u00f3s-Gradua\u00e7\u00e3o Mestrado Profissional em Enfermagem na Aten\u00e7\u00e3o Prim\u00e1ria em Sa\u00fade no Sistema \u00danico de Sa\u00fade \u2013 MPAPS<\/strong><\/span><\/p><p><span style=\"color: #0d4e71;\"><strong>Telefone:<\/strong> (11) 3061-7533 | <strong>E-mail:<\/strong>\u00a0<a style=\"color: #0d4e71;\" href=\"mailto:ppg.mpaps.ee@usp.br\" target=\"_blank\" rel=\"noopener\">ppg.mpaps.ee@usp.br<\/a><\/span><\/p><div><p><span style=\"color: #0d4e71;\"><strong>Hor\u00e1rio de atendimento: <\/strong>Segunda a sexta, das 8h \u00e0s 17h<\/span><\/p><\/div>\t\t\t\t\t\t<\/div>\n\t\t\t\t<\/div>\n\t\t\t\t\t<\/div>\n\t\t<\/div>\n\t\t\t\t\t<\/div>\n\t\t<\/section>\n\t\t\t\t<section class=\"elementor-section elementor-top-section elementor-element elementor-element-2d28023 elementor-section-boxed elementor-section-height-default elementor-section-height-default\" data-id=\"2d28023\" data-element_type=\"section\">\n\t\t\t\t\t\t<div class=\"elementor-container elementor-column-gap-default\">\n\t\t\t\t\t<div class=\"elementor-column elementor-col-100 elementor-top-column elementor-element elementor-element-384036d\" data-id=\"384036d\" data-element_type=\"column\">\n\t\t\t<div class=\"elementor-widget-wrap elementor-element-populated\">\n\t\t\t\t\t\t<div class=\"elementor-element elementor-element-49e968b elementor-widget-divider--view-line elementor-widget elementor-widget-divider\" data-id=\"49e968b\" data-element_type=\"widget\" data-widget_type=\"divider.default\">\n\t\t\t\t<div class=\"elementor-widget-container\">\n\t\t\t\t\t<div class=\"elementor-divider\">\n\t\t\t<span class=\"elementor-divider-separator\">\n\t\t\t\t\t\t<\/span>\n\t\t<\/div>\n\t\t\t\t<\/div>\n\t\t\t\t<\/div>\n\t\t\t\t\t<\/div>\n\t\t<\/div>\n\t\t\t\t\t<\/div>\n\t\t<\/section>\n\t\t\t\t<section class=\"elementor-section elementor-top-section elementor-element elementor-element-e0fe57b elementor-section-boxed elementor-section-height-default elementor-section-height-default\" data-id=\"e0fe57b\" data-element_type=\"section\">\n\t\t\t\t\t\t<div class=\"elementor-container elementor-column-gap-default\">\n\t\t\t\t\t<div class=\"elementor-column elementor-col-100 elementor-top-column elementor-element elementor-element-121a5e7\" data-id=\"121a5e7\" data-element_type=\"column\">\n\t\t\t<div class=\"elementor-widget-wrap elementor-element-populated\">\n\t\t\t\t\t\t<div class=\"elementor-element elementor-element-2e555a3 elementor-widget elementor-widget-spacer\" data-id=\"2e555a3\" data-element_type=\"widget\" data-widget_type=\"spacer.default\">\n\t\t\t\t<div class=\"elementor-widget-container\">\n\t\t\t\t\t<div class=\"elementor-spacer\">\n\t\t\t<div class=\"elementor-spacer-inner\"><\/div>\n\t\t<\/div>\n\t\t\t\t<\/div>\n\t\t\t\t<\/div>\n\t\t\t\t\t<\/div>\n\t\t<\/div>\n\t\t\t\t\t<\/div>\n\t\t<\/section>\n\t\t\t\t<\/div>\n\t\t","protected":false},"excerpt":{"rendered":"<p>Calend\u00e1rio de Reuni\u00f5es As reuni\u00f5es da Comiss\u00e3o Coordenadora do Programa s\u00e3o realizadas mensalmente.A submiss\u00e3o de documentos para an\u00e1lise, como por exemplo, formul\u00e1rios de indica\u00e7\u00e3o de Comiss\u00e3o Examinadora para Exame de Qualifica\u00e7\u00e3o, de indica\u00e7\u00e3o de Comiss\u00e3o Julgadora de Defesa de Mestrado ou outros assuntos deve ser feita com a anteced\u00eancia m\u00ednima de 7 dias, ou quando [&hellip;]<\/p>\n","protected":false},"author":23730,"featured_media":0,"parent":0,"menu_order":0,"comment_status":"closed","ping_status":"closed","template":"","meta":{"footnotes":"","_links_to":"","_links_to_target":""},"class_list":["post-152","page","type-page","status-publish","hentry"],"_links":{"self":[{"href":"https:\/\/sites.usp.br\/mpaps\/wp-json\/wp\/v2\/pages\/152","targetHints":{"allow":["GET"]}}],"collection":[{"href":"https:\/\/sites.usp.br\/mpaps\/wp-json\/wp\/v2\/pages"}],"about":[{"href":"https:\/\/sites.usp.br\/mpaps\/wp-json\/wp\/v2\/types\/page"}],"author":[{"embeddable":true,"href":"https:\/\/sites.usp.br\/mpaps\/wp-json\/wp\/v2\/users\/23730"}],"replies":[{"embeddable":true,"href":"https:\/\/sites.usp.br\/mpaps\/wp-json\/wp\/v2\/comments?post=152"}],"version-history":[{"count":4,"href":"https:\/\/sites.usp.br\/mpaps\/wp-json\/wp\/v2\/pages\/152\/revisions"}],"predecessor-version":[{"id":908,"href":"https:\/\/sites.usp.br\/mpaps\/wp-json\/wp\/v2\/pages\/152\/revisions\/908"}],"wp:attachment":[{"href":"https:\/\/sites.usp.br\/mpaps\/wp-json\/wp\/v2\/media?parent=152"}],"curies":[{"name":"wp","href":"https:\/\/api.w.org\/{rel}","templated":true}]}}