{"id":156,"date":"2023-08-07T14:29:40","date_gmt":"2023-08-07T16:29:40","guid":{"rendered":"https:\/\/sites.usp.br\/mpaps\/?page_id=156"},"modified":"2026-03-20T11:40:38","modified_gmt":"2026-03-20T13:40:38","slug":"formularios-docentes","status":"publish","type":"page","link":"https:\/\/sites.usp.br\/mpaps\/formularios-docentes\/","title":{"rendered":"Formul\u00e1rios Docentes"},"content":{"rendered":"\t\t<div data-elementor-type=\"wp-page\" data-elementor-id=\"156\" class=\"elementor elementor-156\" data-elementor-post-type=\"page\">\n\t\t\t\t\t\t<section class=\"elementor-section elementor-top-section elementor-element elementor-element-a2d23e7 elementor-section-boxed elementor-section-height-default elementor-section-height-default\" data-id=\"a2d23e7\" data-element_type=\"section\">\n\t\t\t\t\t\t<div class=\"elementor-container elementor-column-gap-default\">\n\t\t\t\t\t<div class=\"elementor-column elementor-col-100 elementor-top-column elementor-element elementor-element-6d43e708\" data-id=\"6d43e708\" data-element_type=\"column\">\n\t\t\t<div class=\"elementor-widget-wrap elementor-element-populated\">\n\t\t\t\t\t\t<div class=\"elementor-element elementor-element-55fce7c0 elementor-widget elementor-widget-text-editor\" data-id=\"55fce7c0\" data-element_type=\"widget\" data-widget_type=\"text-editor.default\">\n\t\t\t\t<div class=\"elementor-widget-container\">\n\t\t\t\t\t\t\t<div class=\"elementor-element elementor-element-f7452f6 e-flex e-con-boxed e-con e-parent e-lazyloaded\" data-id=\"f7452f6\" data-element_type=\"container\" data-settings=\"{&quot;jet_parallax_layout_list&quot;:[]}\"><div class=\"e-con-inner\"><div class=\"elementor-element elementor-element-6a9d340 elementor-widget elementor-widget-text-editor\" data-id=\"6a9d340\" data-element_type=\"widget\" data-widget_type=\"text-editor.default\"><div class=\"elementor-widget-container\"><p><strong><span style=\"color: #ff9900;\">Formul\u00e1rios Docentes<\/span><\/strong><\/p><p>Exame de Qualifica\u00e7\u00e3o<\/p><p>\u00bb\u00a0<a href=\"https:\/\/www.ee.usp.br\/wp-content\/uploads\/2025\/02\/Banca_Exame-de-Qualificacao_MPAPS_2019.docx\" target=\"_blank\" rel=\"noopener\">Indica\u00e7\u00e3o de Banca para Exame de Qualifica\u00e7\u00e3o (Ingressantes ou que mudaram de Regimento \/ Regulamento a partir de 04\/10\/2019)<\/a><\/p><p><strong>Defesa<\/strong><\/p><p>\u00bb\u00a0<a href=\"https:\/\/sites.usp.br\/mpaps\/wp-content\/uploads\/sites\/1336\/2026\/03\/Banca_Defesa_RPG_2018_RCPG_2019.alterado_03.03.2026.docx\" target=\"_blank\" rel=\"noopener\">Indica\u00e7\u00e3o de Banca para Defesa de Mestrado (Ingressantes ou que mudaram de Regimento \/ Regulamento a partir de 04\/10\/2019)<\/a><\/p><div><strong><br \/>Orientadores<\/strong><\/div><p>\u00bb\u00a0<a href=\"https:\/\/www.ee.usp.br\/wp-content\/uploads\/2025\/04\/Formulario_ReCredenciamento_Orientador_MPAPS_Regulamento-2022_Alteracao-2025.docx\" target=\"_blank\" rel=\"noopener\">Formul\u00e1rio para (re)credenciamento de orientadores para Mestrado<\/a><\/p><p>\u00bb\u00a0<a href=\"https:\/\/sites.usp.br\/mpaps\/wp-content\/uploads\/sites\/1336\/2025\/10\/Carta_Re_Credenciamento_Orientador.docx\" target=\"_blank\" rel=\"noopener\">Carta de solicita\u00e7\u00e3o (re)credenciamento de orientador<\/a><\/p><p>\u00bb\u00a0<a href=\"https:\/\/www.ee.usp.br\/posgraduacao\/mestrado\/formularios\/documento_criterios_producao_tecnica.pdf\" target=\"_blank\" rel=\"noopener\">Classifica\u00e7\u00e3o de produ\u00e7\u00e3o t\u00e9cnica = CAPES<\/a><\/p><p><strong><br \/>Disciplinas<\/strong><\/p><p>\u00bb <a href=\"https:\/\/sites.usp.br\/mpaps\/wp-content\/uploads\/sites\/1336\/2025\/10\/Anexo_Circular_CoPG26-2025.pdf\" target=\"_blank\" rel=\"noopener\">Orienta\u00e7\u00f5es para solicita\u00e7\u00e3o de Credenciamento e Recredenciamento de Disciplinas<\/a><\/p><p>\u00bb\u00a0<a href=\"https:\/\/sites.usp.br\/mpaps\/wp-content\/uploads\/sites\/1336\/2025\/10\/Carta_Solicitacao_ReCredenciamento_Disciplina.docx\" target=\"_blank\" rel=\"noopener\">Carta de Solicita\u00e7\u00e3o de (Re)Credenciamento de Disciplina<\/a><\/p><p>\u00bb\u00a0<a href=\"https:\/\/sites.usp.br\/mpaps\/wp-content\/uploads\/sites\/1336\/2025\/09\/Distribuicao_Carga_Horaria.xlsx\" target=\"_blank\" rel=\"noopener\">Quadro de Distribui\u00e7\u00e3o de Carga Hor\u00e1ria de Disciplinas<\/a><\/p><p>\u00bb\u00a0<a href=\"https:\/\/sites.usp.br\/mpaps\/wp-content\/uploads\/sites\/1336\/2025\/10\/Formulario_ReCredenciamento_Disciplina.docx\" target=\"_blank\" rel=\"noopener\">Formul\u00e1rio para (Re)Credenciamento de Disciplina<\/a><\/p><p>\u00bb\u00a0<a href=\"https:\/\/sites.usp.br\/mpaps\/wp-content\/uploads\/sites\/1336\/2026\/03\/Formulario_Emissao_Parecer_Re_Credenciamento_Disciplina.docx\" target=\"_blank\" rel=\"noopener\">Formul\u00e1rio para Emiss\u00e3o de Parecer de (Re)Credenciamento de Disciplina<\/a><\/p><p><strong><br \/>Cadastro de Externos para o Coleta CAPES \u2013 Sucupira<\/strong><\/p><div><div>\u00bb\u00a0<a href=\"https:\/\/www.ee.usp.br\/posgraduacao\/mestrado\/formularios\/Formulario_Cadastro_Externos_Sucupira.docx\" target=\"_blank\" rel=\"noopener\">Formul\u00e1rio de Cadastro de Externos \u2013 Sucupira<\/a><br \/>\u00bb\u00a0<a href=\"https:\/\/www.ee.usp.br\/posgraduacao\/mestrado\/formularios\/External_Participant_Registration_Form_Sucupira.docx\" target=\"_blank\" rel=\"noopener\">External Participant Registration Form \u2013 Sucupira<\/a><\/div><div>\u00a0<\/div><div><strong>Solicita\u00e7\u00e3o de Aux\u00edlio Financeiro<\/strong><\/div><div>\u00bb\u00a0<a href=\"https:\/\/www.ee.usp.br\/wp-content\/uploads\/2025\/02\/DOCENTE_formulario_auxilio_MPAPS.docx\" target=\"_blank\" rel=\"noopener\">Formul\u00e1rio de aux\u00edlio financeiro ao docente<\/a><\/div><\/div><\/div><\/div><\/div><\/div><div class=\"elementor-element elementor-element-54df274 e-flex e-con-boxed e-con e-parent e-lazyloaded\" data-id=\"54df274\" data-element_type=\"container\" data-settings=\"{&quot;jet_parallax_layout_list&quot;:[]}\"><div class=\"e-con-inner\"><div class=\"elementor-element elementor-element-49a2958 elementor-widget elementor-widget-spacer\" data-id=\"49a2958\" data-element_type=\"widget\" data-widget_type=\"spacer.default\"><div class=\"elementor-widget-container\"><div class=\"elementor-spacer\">\u00a0<\/div><\/div><\/div><\/div><\/div>\t\t\t\t\t\t<\/div>\n\t\t\t\t<\/div>\n\t\t\t\t\t<\/div>\n\t\t<\/div>\n\t\t\t\t\t<\/div>\n\t\t<\/section>\n\t\t\t\t<\/div>\n\t\t","protected":false},"excerpt":{"rendered":"<p>Formul\u00e1rios Docentes Exame de Qualifica\u00e7\u00e3o \u00bb\u00a0Indica\u00e7\u00e3o de Banca para Exame de Qualifica\u00e7\u00e3o (Ingressantes ou que mudaram de Regimento \/ Regulamento a partir de 04\/10\/2019) Defesa \u00bb\u00a0Indica\u00e7\u00e3o de Banca para Defesa de Mestrado (Ingressantes ou que mudaram de Regimento \/ Regulamento a partir de 04\/10\/2019) Orientadores \u00bb\u00a0Formul\u00e1rio para (re)credenciamento de orientadores para Mestrado \u00bb\u00a0Carta de solicita\u00e7\u00e3o [&hellip;]<\/p>\n","protected":false},"author":23730,"featured_media":0,"parent":0,"menu_order":0,"comment_status":"closed","ping_status":"closed","template":"","meta":{"footnotes":"","_links_to":"","_links_to_target":""},"class_list":["post-156","page","type-page","status-publish","hentry"],"_links":{"self":[{"href":"https:\/\/sites.usp.br\/mpaps\/wp-json\/wp\/v2\/pages\/156","targetHints":{"allow":["GET"]}}],"collection":[{"href":"https:\/\/sites.usp.br\/mpaps\/wp-json\/wp\/v2\/pages"}],"about":[{"href":"https:\/\/sites.usp.br\/mpaps\/wp-json\/wp\/v2\/types\/page"}],"author":[{"embeddable":true,"href":"https:\/\/sites.usp.br\/mpaps\/wp-json\/wp\/v2\/users\/23730"}],"replies":[{"embeddable":true,"href":"https:\/\/sites.usp.br\/mpaps\/wp-json\/wp\/v2\/comments?post=156"}],"version-history":[{"count":4,"href":"https:\/\/sites.usp.br\/mpaps\/wp-json\/wp\/v2\/pages\/156\/revisions"}],"predecessor-version":[{"id":1023,"href":"https:\/\/sites.usp.br\/mpaps\/wp-json\/wp\/v2\/pages\/156\/revisions\/1023"}],"wp:attachment":[{"href":"https:\/\/sites.usp.br\/mpaps\/wp-json\/wp\/v2\/media?parent=156"}],"curies":[{"name":"wp","href":"https:\/\/api.w.org\/{rel}","templated":true}]}}