{"id":159,"date":"2023-08-07T14:30:24","date_gmt":"2023-08-07T16:30:24","guid":{"rendered":"https:\/\/sites.usp.br\/mpaps\/?page_id=159"},"modified":"2025-12-11T17:09:11","modified_gmt":"2025-12-11T19:09:11","slug":"formularios-discentes","status":"publish","type":"page","link":"https:\/\/sites.usp.br\/mpaps\/formularios-discentes\/","title":{"rendered":"Formul\u00e1rios Discentes"},"content":{"rendered":"<p><strong><span style=\"color: #ff9900;\">Formul\u00e1rios Discentes<\/span><\/strong><\/p>\n<p><a href=\"https:\/\/sites.usp.br\/mpaps\/wp-content\/uploads\/sites\/1336\/2025\/12\/Plano-de-Estudos_MPAPS.doc\" target=\"_blank\" rel=\"noopener\">Plano de Estudos<\/a><\/p>\n<p><a href=\"https:\/\/sites.usp.br\/mpaps\/wp-content\/uploads\/sites\/1336\/2025\/12\/Requerimento-de-Matricula.docx\" target=\"_blank\" rel=\"noopener\">Requerimento de Matricula<\/a><\/p>\n<p><a href=\"https:\/\/www.ee.usp.br\/wp-content\/uploads\/2025\/07\/Tutorial_Requerimento_online_Alunos.pdf\" target=\"_blank\" rel=\"noopener\">Requerimento \u2013 Aluno<\/a><\/p>\n<p><a href=\"https:\/\/sites.usp.br\/mpaps\/wp-content\/uploads\/sites\/1336\/2025\/12\/Declaracao-de-frequencia-semanal-\u2013-SPTrans-\u2013-EMTU.docx\" target=\"_blank\" rel=\"noopener\">Declara\u00e7\u00e3o de frequ\u00eancia semanal \u2013 SPTrans \u2013 EMTU<\/a><\/p>\n<p><a href=\"https:\/\/www.ee.usp.br\/wp-content\/uploads\/2025\/02\/DISCENTE_formulario_auxilio_MPAPS.docx\" target=\"_blank\" rel=\"noopener\">Formul\u00e1rio de aux\u00edlio financeiro ao discente<\/a><\/p>\n<p><a href=\"https:\/\/sites.usp.br\/mpaps\/wp-content\/uploads\/sites\/1336\/2025\/12\/Termo-de-Compromisso.doc\" target=\"_blank\" rel=\"noopener\">Termo de compromisso<\/a><\/p>\n<p><a href=\"https:\/\/sites.usp.br\/mpaps\/wp-content\/uploads\/sites\/1336\/2025\/12\/Declaracao-de-disponibilidade.docx\" target=\"_blank\" rel=\"noopener\">Declara\u00e7\u00e3o de disponibilidade<\/a><\/p>\n<p><strong><em><br \/>\nFORMUL\u00c1RIOS E ORIENTA\u00c7\u00d5ES PARA INSCRI\u00c7\u00c3O NO EQ<\/em><\/strong><\/p>\n<p>\u2013\u00a0<a href=\"https:\/\/www.ee.usp.br\/wp-content\/uploads\/2024\/12\/Orientacoes_Inscricao_EQ_MPAPS_12.2024.pdf\" target=\"_blank\" rel=\"noopener\">Orienta\u00e7\u00f5es para inscri\u00e7\u00e3o no Exame de Qualifica\u00e7\u00e3o<\/a><br \/>\n\u2013\u00a0<a href=\"https:\/\/www.ee.usp.br\/wp-content\/uploads\/2024\/12\/1.Termo-de-Inscricao-EQ_a-partir-de-04.10.19_MPAPS_Turnitin.docx\" target=\"_blank\" rel=\"noopener\">Termo de Inscri\u00e7\u00e3o no Exame de Qualifica\u00e7\u00e3o<\/a><br \/>\n<strong><em><br \/>\nFORMUL\u00c1RIOS E ORIENTA\u00c7\u00d5ES PARA DEP\u00d3SITO DE DISSERTA\u00c7\u00c3O:<\/em><\/strong><\/p>\n<div>\u2013\u00a0<a href=\"https:\/\/www.ee.usp.br\/wp-content\/uploads\/2024\/12\/4.Termo_de_Deposito_MPAPS_ate-03.11.22_Turnitin.docx\" target=\"_blank\" rel=\"noopener\">Termo de Dep\u00f3sito (Ingressantes ou que mudaram de Regimento \/ Regulamento at\u00e9 03\/11\/2022)<\/a><\/div>\n<div>\u2013\u00a0<a href=\"https:\/\/www.ee.usp.br\/wp-content\/uploads\/2024\/12\/5.Termo_de_Deposito_MPAPS_a-partir-de-04.11.22_Turnitin.docx\" target=\"_blank\" rel=\"noopener\">Termo de Dep\u00f3sito (Ingressantes ou que mudaram de Regimento \/ Regulamento a partir de 04\/11\/2022<\/a><br \/>\n\u2013 <a href=\"https:\/\/sites.usp.br\/mpaps\/wp-content\/uploads\/sites\/1336\/2025\/09\/Autorizacao_Biblioteca_Digital_2025.docx\" target=\"_blank\" rel=\"noopener\">Autoriza\u00e7\u00e3o Biblioteca Digital<\/a><\/div>\n<div>\u2013\u00a0<a href=\"https:\/\/www.ee.usp.br\/wp-content\/uploads\/2024\/06\/Avaliacao_CAPES_2024.doc\" target=\"_blank\" rel=\"noopener\">Avalia\u00e7\u00e3o CAPES<\/a><\/div>\n<div>\n<p>\u2013\u00a0<a href=\"https:\/\/www.ee.usp.br\/deposito-digital\/\" target=\"_blank\" rel=\"noopener\">Orienta\u00e7\u00f5es para o dep\u00f3sito digital<\/a><br \/>\n\u2013\u00a0<a href=\"http:\/\/www2.ee.usp.br\/pos\/doc\/Acervo_Reservado_BDTD.docx\" target=\"_blank\" rel=\"noopener\">Solicita\u00e7\u00e3o de manuten\u00e7\u00e3o da disserta\u00e7\u00e3o\/tese em acervo reservado (somente para interessados em resguardar direitos relativos ao seu trabalho)<\/a><\/p>\n<\/div>\n","protected":false},"excerpt":{"rendered":"<p>Formul\u00e1rios Discentes Plano de Estudos Requerimento de Matricula Requerimento \u2013 Aluno Declara\u00e7\u00e3o de frequ\u00eancia semanal \u2013 SPTrans \u2013 EMTU Formul\u00e1rio de aux\u00edlio financeiro ao discente Termo de compromisso Declara\u00e7\u00e3o de disponibilidade FORMUL\u00c1RIOS E ORIENTA\u00c7\u00d5ES PARA INSCRI\u00c7\u00c3O NO EQ \u2013\u00a0Orienta\u00e7\u00f5es para inscri\u00e7\u00e3o no Exame de Qualifica\u00e7\u00e3o \u2013\u00a0Termo de Inscri\u00e7\u00e3o no Exame de Qualifica\u00e7\u00e3o FORMUL\u00c1RIOS E ORIENTA\u00c7\u00d5ES [&hellip;]<\/p>\n","protected":false},"author":23730,"featured_media":0,"parent":0,"menu_order":0,"comment_status":"closed","ping_status":"closed","template":"","meta":{"footnotes":"","_links_to":"","_links_to_target":""},"class_list":["post-159","page","type-page","status-publish","hentry"],"_links":{"self":[{"href":"https:\/\/sites.usp.br\/mpaps\/wp-json\/wp\/v2\/pages\/159","targetHints":{"allow":["GET"]}}],"collection":[{"href":"https:\/\/sites.usp.br\/mpaps\/wp-json\/wp\/v2\/pages"}],"about":[{"href":"https:\/\/sites.usp.br\/mpaps\/wp-json\/wp\/v2\/types\/page"}],"author":[{"embeddable":true,"href":"https:\/\/sites.usp.br\/mpaps\/wp-json\/wp\/v2\/users\/23730"}],"replies":[{"embeddable":true,"href":"https:\/\/sites.usp.br\/mpaps\/wp-json\/wp\/v2\/comments?post=159"}],"version-history":[{"count":4,"href":"https:\/\/sites.usp.br\/mpaps\/wp-json\/wp\/v2\/pages\/159\/revisions"}],"predecessor-version":[{"id":688,"href":"https:\/\/sites.usp.br\/mpaps\/wp-json\/wp\/v2\/pages\/159\/revisions\/688"}],"wp:attachment":[{"href":"https:\/\/sites.usp.br\/mpaps\/wp-json\/wp\/v2\/media?parent=159"}],"curies":[{"name":"wp","href":"https:\/\/api.w.org\/{rel}","templated":true}]}}