{"id":163,"date":"2023-08-07T14:32:28","date_gmt":"2023-08-07T16:32:28","guid":{"rendered":"https:\/\/sites.usp.br\/mpaps\/?page_id=163"},"modified":"2025-12-17T11:40:23","modified_gmt":"2025-12-17T13:40:23","slug":"normas","status":"publish","type":"page","link":"https:\/\/sites.usp.br\/mpaps\/normas\/","title":{"rendered":"Normas"},"content":{"rendered":"\t\t<div data-elementor-type=\"wp-page\" data-elementor-id=\"163\" class=\"elementor elementor-163\" data-elementor-post-type=\"page\">\n\t\t\t\t\t\t<section class=\"elementor-section elementor-top-section elementor-element elementor-element-cad3bae elementor-section-boxed elementor-section-height-default elementor-section-height-default elementor-invisible\" data-id=\"cad3bae\" data-element_type=\"section\" data-settings=\"{&quot;animation&quot;:&quot;fadeIn&quot;}\">\n\t\t\t\t\t\t<div class=\"elementor-container elementor-column-gap-default\">\n\t\t\t\t\t<div class=\"elementor-column elementor-col-100 elementor-top-column elementor-element elementor-element-f6421f5\" data-id=\"f6421f5\" data-element_type=\"column\">\n\t\t\t<div class=\"elementor-widget-wrap elementor-element-populated\">\n\t\t\t\t\t\t<div class=\"elementor-element elementor-element-9f3bf74 elementor-widget__width-initial elementor-widget elementor-widget-heading\" data-id=\"9f3bf74\" data-element_type=\"widget\" data-widget_type=\"heading.default\">\n\t\t\t\t<div class=\"elementor-widget-container\">\n\t\t\t<h2 class=\"elementor-heading-title elementor-size-default\">Normas<\/h2>\t\t<\/div>\n\t\t\t\t<\/div>\n\t\t\t\t\t<\/div>\n\t\t<\/div>\n\t\t\t\t\t<\/div>\n\t\t<\/section>\n\t\t\t\t<section class=\"elementor-section elementor-top-section elementor-element elementor-element-78a7b80 elementor-section-boxed elementor-section-height-default elementor-section-height-default\" data-id=\"78a7b80\" data-element_type=\"section\">\n\t\t\t\t\t\t<div class=\"elementor-container elementor-column-gap-default\">\n\t\t\t\t\t<div class=\"elementor-column elementor-col-100 elementor-top-column elementor-element elementor-element-f23b545\" data-id=\"f23b545\" data-element_type=\"column\">\n\t\t\t<div class=\"elementor-widget-wrap elementor-element-populated\">\n\t\t\t\t\t\t<div class=\"elementor-element elementor-element-11dc391 elementor-widget elementor-widget-text-editor\" data-id=\"11dc391\" data-element_type=\"widget\" data-widget_type=\"text-editor.default\">\n\t\t\t\t<div class=\"elementor-widget-container\">\n\t\t\t\t\t\t\t<p>A estrutura e o funcionamento do Programa seguem um Regulamento aprovado pela Pr\u00f3-Reitoria de P\u00f3s-gradua\u00e7\u00e3o da USP, que tem car\u00e1ter geral.<\/p>\t\t\t\t\t\t<\/div>\n\t\t\t\t<\/div>\n\t\t\t\t\t<\/div>\n\t\t<\/div>\n\t\t\t\t\t<\/div>\n\t\t<\/section>\n\t\t\t\t<section class=\"elementor-section elementor-top-section elementor-element elementor-element-7fdba58 elementor-section-boxed elementor-section-height-default elementor-section-height-default\" data-id=\"7fdba58\" data-element_type=\"section\">\n\t\t\t\t\t\t<div class=\"elementor-container elementor-column-gap-default\">\n\t\t\t\t\t<div class=\"elementor-column elementor-col-100 elementor-top-column elementor-element elementor-element-25c6d49\" data-id=\"25c6d49\" data-element_type=\"column\">\n\t\t\t<div class=\"elementor-widget-wrap elementor-element-populated\">\n\t\t\t\t\t\t<div class=\"elementor-element elementor-element-804cdce elementor-widget elementor-widget-text-editor\" data-id=\"804cdce\" data-element_type=\"widget\" data-widget_type=\"text-editor.default\">\n\t\t\t\t<div class=\"elementor-widget-container\">\n\t\t\t\t\t\t\t<p><span style=\"color: #1e70b9;\"><strong>NORMAS PARA ALUNOS QUE INGRESSARAM OU QUE MUDARAM DE REGULAMENTO AT\u00c9 07\/04\/2024<\/strong><\/span><\/p>\t\t\t\t\t\t<\/div>\n\t\t\t\t<\/div>\n\t\t\t\t\t<\/div>\n\t\t<\/div>\n\t\t\t\t\t<\/div>\n\t\t<\/section>\n\t\t\t\t<section class=\"elementor-section elementor-top-section elementor-element elementor-element-53aed01 elementor-section-boxed elementor-section-height-default elementor-section-height-default\" data-id=\"53aed01\" data-element_type=\"section\">\n\t\t\t\t\t\t<div class=\"elementor-container elementor-column-gap-default\">\n\t\t\t\t\t<div class=\"elementor-column elementor-col-100 elementor-top-column elementor-element elementor-element-9c7b269\" data-id=\"9c7b269\" data-element_type=\"column\">\n\t\t\t<div class=\"elementor-widget-wrap elementor-element-populated\">\n\t\t\t\t\t\t<div class=\"elementor-element elementor-element-f327dae elementor-widget elementor-widget-text-editor\" data-id=\"f327dae\" data-element_type=\"widget\" data-widget_type=\"text-editor.default\">\n\t\t\t\t<div class=\"elementor-widget-container\">\n\t\t\t\t\t\t\t<div>\u00bb\u00a0<a href=\"https:\/\/leginf.usp.br\/?resolucao=resolucao-no-7493-de-27-de-marco-de-2018-copy\">2018_Regimento de P\u00f3s-Gradua\u00e7\u00e3o<\/a><\/div><div>\u00bb\u00a0<a href=\"https:\/\/sites.usp.br\/mpaps\/wp-content\/uploads\/sites\/1336\/2025\/10\/2019_Regimento_CPG_EEUSP.pdf\" target=\"_blank\" rel=\"noopener\">2019_Regimento CPG da EEUSP<\/a><\/div><div>\u00bb\u00a0<a href=\"https:\/\/sites.usp.br\/mpaps\/wp-content\/uploads\/sites\/1336\/2025\/10\/2022_Regulamento_mpaps.pdf\" target=\"_blank\" rel=\"noopener\">2022_Regulamento MPAPS<\/a><br \/>\u00bb\u00a0<a href=\"https:\/\/sites.usp.br\/mpaps\/wp-content\/uploads\/sites\/1336\/2025\/10\/Orientacoes_Inscricao_EQ_MPAPS_12.2024.pdf\" target=\"_blank\" rel=\"noopener\">Orienta\u00e7\u00f5es para inscri\u00e7\u00e3o no Exame de Qualifica\u00e7\u00e3o<\/a><\/div>\t\t\t\t\t\t<\/div>\n\t\t\t\t<\/div>\n\t\t\t\t\t<\/div>\n\t\t<\/div>\n\t\t\t\t\t<\/div>\n\t\t<\/section>\n\t\t\t\t<section class=\"elementor-section elementor-top-section elementor-element elementor-element-ee6eee5 elementor-section-boxed elementor-section-height-default elementor-section-height-default\" data-id=\"ee6eee5\" data-element_type=\"section\">\n\t\t\t\t\t\t<div class=\"elementor-container elementor-column-gap-default\">\n\t\t\t\t\t<div class=\"elementor-column elementor-col-100 elementor-top-column elementor-element elementor-element-262bbe7\" data-id=\"262bbe7\" data-element_type=\"column\">\n\t\t\t<div class=\"elementor-widget-wrap elementor-element-populated\">\n\t\t\t\t\t\t<div class=\"elementor-element elementor-element-234fe84 elementor-widget elementor-widget-text-editor\" data-id=\"234fe84\" data-element_type=\"widget\" data-widget_type=\"text-editor.default\">\n\t\t\t\t<div class=\"elementor-widget-container\">\n\t\t\t\t\t\t\t<p><span style=\"color: #1e70b9;\"><strong>NORMAS PARA ALUNOS QUE INGRESSARAM (OU SOLICITARAM MUDAN\u00c7A DE REGULAMENTO) ENTRE 08\/04\/2024 E 18\/03\/2025<\/strong><\/span><\/p>\t\t\t\t\t\t<\/div>\n\t\t\t\t<\/div>\n\t\t\t\t\t<\/div>\n\t\t<\/div>\n\t\t\t\t\t<\/div>\n\t\t<\/section>\n\t\t\t\t<section class=\"elementor-section elementor-top-section elementor-element elementor-element-eda1b28 elementor-section-boxed elementor-section-height-default elementor-section-height-default\" data-id=\"eda1b28\" data-element_type=\"section\">\n\t\t\t\t\t\t<div class=\"elementor-container elementor-column-gap-default\">\n\t\t\t\t\t<div class=\"elementor-column elementor-col-100 elementor-top-column elementor-element elementor-element-6fa3434\" data-id=\"6fa3434\" data-element_type=\"column\">\n\t\t\t<div class=\"elementor-widget-wrap elementor-element-populated\">\n\t\t\t\t\t\t<div class=\"elementor-element elementor-element-175d6cd elementor-widget elementor-widget-text-editor\" data-id=\"175d6cd\" data-element_type=\"widget\" data-widget_type=\"text-editor.default\">\n\t\t\t\t<div class=\"elementor-widget-container\">\n\t\t\t\t\t\t\t<div>\u00bb\u00a0<a href=\"https:\/\/leginf.usp.br\/?resolucao=resolucao-no-7493-de-27-de-marco-de-2018-copy\" target=\"_blank\" rel=\"noopener\">2018_Regimento de P\u00f3s-Gradua\u00e7\u00e3o<\/a><\/div><div>\u00bb\u00a0<a href=\"https:\/\/leginf.usp.br\/?resolucao=resolucao-copgr-no-8620-de-05-de-abril-de-2024\" target=\"_blank\" rel=\"noopener\">2024_Regimento CPG da EEUSP<\/a><\/div><div>\u00bb\u00a0<a href=\"https:\/\/sites.usp.br\/mpaps\/wp-content\/uploads\/sites\/1336\/2025\/10\/2022_Regulamento_mpaps.pdf\" target=\"_blank\" rel=\"noopener\">2022 Regulamento MPAPS<\/a><br \/>\u00bb\u00a0<a href=\"https:\/\/sites.usp.br\/mpaps\/wp-content\/uploads\/sites\/1336\/2025\/10\/Orientacoes_Inscricao_EQ_MPAPS_12.2024.pdf\" target=\"_blank\" rel=\"noopener\">Orienta\u00e7\u00f5es para inscri\u00e7\u00e3o no Exame de Qualifica\u00e7\u00e3o<\/a><\/div>\t\t\t\t\t\t<\/div>\n\t\t\t\t<\/div>\n\t\t\t\t\t<\/div>\n\t\t<\/div>\n\t\t\t\t\t<\/div>\n\t\t<\/section>\n\t\t\t\t<section class=\"elementor-section elementor-top-section elementor-element elementor-element-aebb56d elementor-section-boxed elementor-section-height-default elementor-section-height-default\" data-id=\"aebb56d\" data-element_type=\"section\">\n\t\t\t\t\t\t<div class=\"elementor-container elementor-column-gap-default\">\n\t\t\t\t\t<div class=\"elementor-column elementor-col-100 elementor-top-column elementor-element elementor-element-a134e03\" data-id=\"a134e03\" data-element_type=\"column\">\n\t\t\t<div class=\"elementor-widget-wrap elementor-element-populated\">\n\t\t\t\t\t\t<div class=\"elementor-element elementor-element-157fe6a elementor-widget elementor-widget-text-editor\" data-id=\"157fe6a\" data-element_type=\"widget\" data-widget_type=\"text-editor.default\">\n\t\t\t\t<div class=\"elementor-widget-container\">\n\t\t\t\t\t\t\t<p><span style=\"color: #1e70b9;\"><strong>NORMAS PARA ALUNOS INGRESSANTES A PARTIR DE 19\/03\/2025<\/strong><\/span><\/p>\t\t\t\t\t\t<\/div>\n\t\t\t\t<\/div>\n\t\t\t\t\t<\/div>\n\t\t<\/div>\n\t\t\t\t\t<\/div>\n\t\t<\/section>\n\t\t\t\t<section class=\"elementor-section elementor-top-section elementor-element elementor-element-718dde8 elementor-section-boxed elementor-section-height-default elementor-section-height-default\" data-id=\"718dde8\" data-element_type=\"section\">\n\t\t\t\t\t\t<div class=\"elementor-container elementor-column-gap-default\">\n\t\t\t\t\t<div class=\"elementor-column elementor-col-100 elementor-top-column elementor-element elementor-element-f1e95d2\" data-id=\"f1e95d2\" data-element_type=\"column\">\n\t\t\t<div class=\"elementor-widget-wrap elementor-element-populated\">\n\t\t\t\t\t\t<div class=\"elementor-element elementor-element-fbabf0d elementor-widget elementor-widget-text-editor\" data-id=\"fbabf0d\" data-element_type=\"widget\" data-widget_type=\"text-editor.default\">\n\t\t\t\t<div class=\"elementor-widget-container\">\n\t\t\t\t\t\t\t<p>\u00bb\u00a0<a href=\"https:\/\/leginf.usp.br\/?resolucao=resolucao-no-7493-de-27-de-marco-de-2018-copy\" target=\"_blank\" rel=\"noopener\">2018_Regimento de P\u00f3s-Gradua\u00e7\u00e3o<\/a><br \/>\u00bb\u00a0<a href=\"https:\/\/leginf.usp.br\/?resolucao=resolucao-copgr-no-8620-de-05-de-abril-de-2024\" target=\"_blank\" rel=\"noopener\">2024_Regimento CPG da EEUSP<\/a><br \/>\u00bb\u00a0<a href=\"https:\/\/sites.usp.br\/mpaps\/wp-content\/uploads\/sites\/1336\/2025\/10\/2025_Regulamento_MPAPS.pdf\" target=\"_blank\" rel=\"noopener\">2025_Regulamento MPAPS<\/a><br \/>\u00bb\u00a0<a href=\"https:\/\/sites.usp.br\/mpaps\/wp-content\/uploads\/sites\/1336\/2025\/10\/Orientacoes_Inscricao_EQ_MPAPS_12.2024.pdf\" target=\"_blank\" rel=\"noopener\">Orienta\u00e7\u00f5es para inscri\u00e7\u00e3o no Exame de Qualifica\u00e7\u00e3o<\/a><\/p>\t\t\t\t\t\t<\/div>\n\t\t\t\t<\/div>\n\t\t\t\t\t<\/div>\n\t\t<\/div>\n\t\t\t\t\t<\/div>\n\t\t<\/section>\n\t\t\t\t<section class=\"elementor-section elementor-top-section elementor-element elementor-element-116b533 elementor-section-boxed elementor-section-height-default elementor-section-height-default\" data-id=\"116b533\" data-element_type=\"section\" data-settings=\"{&quot;background_background&quot;:&quot;classic&quot;}\">\n\t\t\t\t\t\t<div class=\"elementor-container elementor-column-gap-default\">\n\t\t\t\t\t<div class=\"elementor-column elementor-col-100 elementor-top-column elementor-element elementor-element-1a242af\" data-id=\"1a242af\" data-element_type=\"column\">\n\t\t\t<div class=\"elementor-widget-wrap elementor-element-populated\">\n\t\t\t\t\t\t<div class=\"elementor-element elementor-element-7dc0cee elementor-widget-divider--view-line elementor-widget elementor-widget-divider\" data-id=\"7dc0cee\" data-element_type=\"widget\" data-widget_type=\"divider.default\">\n\t\t\t\t<div class=\"elementor-widget-container\">\n\t\t\t\t\t<div class=\"elementor-divider\">\n\t\t\t<span class=\"elementor-divider-separator\">\n\t\t\t\t\t\t<\/span>\n\t\t<\/div>\n\t\t\t\t<\/div>\n\t\t\t\t<\/div>\n\t\t\t\t\t<\/div>\n\t\t<\/div>\n\t\t\t\t\t<\/div>\n\t\t<\/section>\n\t\t\t\t<section class=\"elementor-section elementor-top-section elementor-element elementor-element-0925070 elementor-section-boxed elementor-section-height-default elementor-section-height-default\" data-id=\"0925070\" data-element_type=\"section\">\n\t\t\t\t\t\t<div class=\"elementor-container elementor-column-gap-default\">\n\t\t\t\t\t<div class=\"elementor-column elementor-col-100 elementor-top-column elementor-element elementor-element-e594943\" data-id=\"e594943\" data-element_type=\"column\">\n\t\t\t<div class=\"elementor-widget-wrap elementor-element-populated\">\n\t\t\t\t\t\t<div class=\"elementor-element elementor-element-6ddf430 elementor-widget elementor-widget-text-editor\" data-id=\"6ddf430\" data-element_type=\"widget\" data-widget_type=\"text-editor.default\">\n\t\t\t\t<div class=\"elementor-widget-container\">\n\t\t\t\t\t\t\t<p><span style=\"color: #1e70b9;\"><strong>Programa de P\u00f3s-Gradua\u00e7\u00e3o Mestrado Profissional em Enfermagem na Aten\u00e7\u00e3o Prim\u00e1ria em Sa\u00fade no Sistema \u00danico de Sa\u00fade \u2013 MPAPS<\/strong><\/span><\/p><p><span style=\"color: #0d4e71;\"><strong>Telefone:<\/strong> (11) 3061-7533 | <strong>E-mail:<\/strong>\u00a0ppg.mpaps.ee@usp.br<\/span><\/p><div><p><span style=\"color: #0d4e71;\"><strong>Hor\u00e1rio de atendimento: <\/strong>Segunda a sexta, das 8h \u00e0s 17h<\/span><\/p><\/div>\t\t\t\t\t\t<\/div>\n\t\t\t\t<\/div>\n\t\t\t\t\t<\/div>\n\t\t<\/div>\n\t\t\t\t\t<\/div>\n\t\t<\/section>\n\t\t\t\t<section class=\"elementor-section elementor-top-section elementor-element elementor-element-d4f1569 elementor-section-boxed elementor-section-height-default elementor-section-height-default\" data-id=\"d4f1569\" data-element_type=\"section\">\n\t\t\t\t\t\t<div class=\"elementor-container elementor-column-gap-default\">\n\t\t\t\t\t<div class=\"elementor-column elementor-col-100 elementor-top-column elementor-element elementor-element-cd49c1d\" data-id=\"cd49c1d\" data-element_type=\"column\">\n\t\t\t<div class=\"elementor-widget-wrap elementor-element-populated\">\n\t\t\t\t\t\t<div class=\"elementor-element elementor-element-36ca565 elementor-widget-divider--view-line elementor-widget elementor-widget-divider\" data-id=\"36ca565\" data-element_type=\"widget\" data-widget_type=\"divider.default\">\n\t\t\t\t<div class=\"elementor-widget-container\">\n\t\t\t\t\t<div class=\"elementor-divider\">\n\t\t\t<span class=\"elementor-divider-separator\">\n\t\t\t\t\t\t<\/span>\n\t\t<\/div>\n\t\t\t\t<\/div>\n\t\t\t\t<\/div>\n\t\t\t\t\t<\/div>\n\t\t<\/div>\n\t\t\t\t\t<\/div>\n\t\t<\/section>\n\t\t\t\t<section class=\"elementor-section elementor-top-section elementor-element elementor-element-13b8823 elementor-section-boxed elementor-section-height-default elementor-section-height-default\" data-id=\"13b8823\" data-element_type=\"section\">\n\t\t\t\t\t\t<div class=\"elementor-container elementor-column-gap-default\">\n\t\t\t\t\t<div class=\"elementor-column elementor-col-100 elementor-top-column elementor-element elementor-element-d04bdfd\" data-id=\"d04bdfd\" data-element_type=\"column\">\n\t\t\t<div class=\"elementor-widget-wrap elementor-element-populated\">\n\t\t\t\t\t\t<div class=\"elementor-element elementor-element-266813b elementor-widget elementor-widget-spacer\" data-id=\"266813b\" data-element_type=\"widget\" data-widget_type=\"spacer.default\">\n\t\t\t\t<div class=\"elementor-widget-container\">\n\t\t\t\t\t<div class=\"elementor-spacer\">\n\t\t\t<div class=\"elementor-spacer-inner\"><\/div>\n\t\t<\/div>\n\t\t\t\t<\/div>\n\t\t\t\t<\/div>\n\t\t\t\t\t<\/div>\n\t\t<\/div>\n\t\t\t\t\t<\/div>\n\t\t<\/section>\n\t\t\t\t<\/div>\n\t\t","protected":false},"excerpt":{"rendered":"<p>Normas A estrutura e o funcionamento do Programa seguem um Regulamento aprovado pela Pr\u00f3-Reitoria de P\u00f3s-gradua\u00e7\u00e3o da USP, que tem car\u00e1ter geral. NORMAS PARA ALUNOS QUE INGRESSARAM OU QUE MUDARAM DE REGULAMENTO AT\u00c9 07\/04\/2024 \u00bb\u00a02018_Regimento de P\u00f3s-Gradua\u00e7\u00e3o\u00bb\u00a02019_Regimento CPG da EEUSP\u00bb\u00a02022_Regulamento MPAPS\u00bb\u00a0Orienta\u00e7\u00f5es para inscri\u00e7\u00e3o no Exame de Qualifica\u00e7\u00e3o NORMAS PARA ALUNOS QUE INGRESSARAM (OU SOLICITARAM MUDAN\u00c7A [&hellip;]<\/p>\n","protected":false},"author":23730,"featured_media":0,"parent":0,"menu_order":0,"comment_status":"closed","ping_status":"closed","template":"","meta":{"footnotes":"","_links_to":"","_links_to_target":""},"class_list":["post-163","page","type-page","status-publish","hentry"],"_links":{"self":[{"href":"https:\/\/sites.usp.br\/mpaps\/wp-json\/wp\/v2\/pages\/163","targetHints":{"allow":["GET"]}}],"collection":[{"href":"https:\/\/sites.usp.br\/mpaps\/wp-json\/wp\/v2\/pages"}],"about":[{"href":"https:\/\/sites.usp.br\/mpaps\/wp-json\/wp\/v2\/types\/page"}],"author":[{"embeddable":true,"href":"https:\/\/sites.usp.br\/mpaps\/wp-json\/wp\/v2\/users\/23730"}],"replies":[{"embeddable":true,"href":"https:\/\/sites.usp.br\/mpaps\/wp-json\/wp\/v2\/comments?post=163"}],"version-history":[{"count":4,"href":"https:\/\/sites.usp.br\/mpaps\/wp-json\/wp\/v2\/pages\/163\/revisions"}],"predecessor-version":[{"id":935,"href":"https:\/\/sites.usp.br\/mpaps\/wp-json\/wp\/v2\/pages\/163\/revisions\/935"}],"wp:attachment":[{"href":"https:\/\/sites.usp.br\/mpaps\/wp-json\/wp\/v2\/media?parent=163"}],"curies":[{"name":"wp","href":"https:\/\/api.w.org\/{rel}","templated":true}]}}