{"id":166,"date":"2023-08-07T14:39:59","date_gmt":"2023-08-07T16:39:59","guid":{"rendered":"https:\/\/sites.usp.br\/mpaps\/?page_id=166"},"modified":"2025-12-17T10:48:52","modified_gmt":"2025-12-17T12:48:52","slug":"linhas-de-pesquisa","status":"publish","type":"page","link":"https:\/\/sites.usp.br\/mpaps\/linhas-de-pesquisa\/","title":{"rendered":"Linhas de Pesquisa"},"content":{"rendered":"\t\t<div data-elementor-type=\"wp-page\" data-elementor-id=\"166\" class=\"elementor elementor-166\" data-elementor-post-type=\"page\">\n\t\t\t\t\t\t<section class=\"elementor-section elementor-top-section elementor-element elementor-element-7413606 elementor-section-boxed elementor-section-height-default elementor-section-height-default elementor-invisible\" data-id=\"7413606\" data-element_type=\"section\" data-settings=\"{&quot;animation&quot;:&quot;fadeIn&quot;}\">\n\t\t\t\t\t\t<div class=\"elementor-container elementor-column-gap-default\">\n\t\t\t\t\t<div class=\"elementor-column elementor-col-100 elementor-top-column elementor-element elementor-element-4ffa72b\" data-id=\"4ffa72b\" data-element_type=\"column\">\n\t\t\t<div class=\"elementor-widget-wrap elementor-element-populated\">\n\t\t\t\t\t\t<div class=\"elementor-element elementor-element-fc05018 elementor-widget__width-initial elementor-widget elementor-widget-heading\" data-id=\"fc05018\" data-element_type=\"widget\" data-widget_type=\"heading.default\">\n\t\t\t\t<div class=\"elementor-widget-container\">\n\t\t\t<h2 class=\"elementor-heading-title elementor-size-default\">Linhas de Pesquisa<\/h2>\t\t<\/div>\n\t\t\t\t<\/div>\n\t\t\t\t\t<\/div>\n\t\t<\/div>\n\t\t\t\t\t<\/div>\n\t\t<\/section>\n\t\t\t\t<section class=\"elementor-section elementor-top-section elementor-element elementor-element-b9d0a8c elementor-section-boxed elementor-section-height-default elementor-section-height-default\" data-id=\"b9d0a8c\" data-element_type=\"section\">\n\t\t\t\t\t\t<div class=\"elementor-container elementor-column-gap-default\">\n\t\t\t\t\t<div class=\"elementor-column elementor-col-100 elementor-top-column elementor-element elementor-element-d244956\" data-id=\"d244956\" data-element_type=\"column\">\n\t\t\t<div class=\"elementor-widget-wrap elementor-element-populated\">\n\t\t\t\t\t\t<div class=\"elementor-element elementor-element-ce261d3 elementor-widget elementor-widget-text-editor\" data-id=\"ce261d3\" data-element_type=\"widget\" data-widget_type=\"text-editor.default\">\n\t\t\t\t<div class=\"elementor-widget-container\">\n\t\t\t\t\t\t\t<p><span style=\"color: #0d4e71;\">\u00c1rea de Concentra\u00e7\u00e3o:\u00a0<strong>Cuidado em Aten\u00e7\u00e3o Prim\u00e1ria em Sa\u00fade\u00a0<\/strong><\/span><\/p>\t\t\t\t\t\t<\/div>\n\t\t\t\t<\/div>\n\t\t\t\t\t<\/div>\n\t\t<\/div>\n\t\t\t\t\t<\/div>\n\t\t<\/section>\n\t\t\t\t<section class=\"elementor-section elementor-top-section elementor-element elementor-element-9c0ec6f elementor-section-boxed elementor-section-height-default elementor-section-height-default\" data-id=\"9c0ec6f\" data-element_type=\"section\">\n\t\t\t\t\t\t<div class=\"elementor-container elementor-column-gap-default\">\n\t\t\t\t\t<div class=\"elementor-column elementor-col-100 elementor-top-column elementor-element elementor-element-61ddd46\" data-id=\"61ddd46\" data-element_type=\"column\">\n\t\t\t<div class=\"elementor-widget-wrap elementor-element-populated\">\n\t\t\t\t\t\t<div class=\"elementor-element elementor-element-70a0f71 elementor-widget elementor-widget-text-editor\" data-id=\"70a0f71\" data-element_type=\"widget\" data-widget_type=\"text-editor.default\">\n\t\t\t\t<div class=\"elementor-widget-container\">\n\t\t\t\t\t\t\t<p><span style=\"color: #1e70b9;\">Linhas de Pesquisa:\u00a0\u00a0<strong>Processos de Cuidado na Aten\u00e7\u00e3o Prim\u00e1ria em Sa\u00fade<\/strong><\/span><\/p>\t\t\t\t\t\t<\/div>\n\t\t\t\t<\/div>\n\t\t\t\t\t<\/div>\n\t\t<\/div>\n\t\t\t\t\t<\/div>\n\t\t<\/section>\n\t\t\t\t<section class=\"elementor-section elementor-top-section elementor-element elementor-element-ab4e1a9 elementor-section-boxed elementor-section-height-default elementor-section-height-default\" data-id=\"ab4e1a9\" data-element_type=\"section\">\n\t\t\t\t\t\t<div class=\"elementor-container elementor-column-gap-default\">\n\t\t\t\t\t<div class=\"elementor-column elementor-col-100 elementor-top-column elementor-element elementor-element-78d7380\" data-id=\"78d7380\" data-element_type=\"column\">\n\t\t\t<div class=\"elementor-widget-wrap elementor-element-populated\">\n\t\t\t\t\t\t<div class=\"elementor-element elementor-element-db937aa elementor-widget elementor-widget-text-editor\" data-id=\"db937aa\" data-element_type=\"widget\" data-widget_type=\"text-editor.default\">\n\t\t\t\t<div class=\"elementor-widget-container\">\n\t\t\t\t\t\t\t<p>Trata da an\u00e1lise do processo do cuidado em sa\u00fade e do aprimoramento das pr\u00e1ticas de sa\u00fade. Inclui estudos sobre capta\u00e7\u00e3o e interpreta\u00e7\u00e3o das necessidades de sa\u00fade da popula\u00e7\u00e3o, assim como a proposi\u00e7\u00e3o e implementa\u00e7\u00e3o de interven\u00e7\u00f5es orientadas ao aprimoramento dos perfis epidemiol\u00f3gicos. Integra a constru\u00e7\u00e3o e a valida\u00e7\u00e3o de marcadores e indicadores de sa\u00fade, de vulnerabilidades e de ades\u00e3o \u00e0s pr\u00e1ticas de sa\u00fade. Inclui os saberes e habilidades da Bio\u00e9tica Deliberativa na Aten\u00e7\u00e3o Prim\u00e1ria, a fim de identificar os problemas \u00e9ticos e subsidiar o processo de tomada de decis\u00e3o no cuidado em sa\u00fade.<\/p><p><strong>Orientadores:\u00a0<\/strong><em>Anna Luiza de F\u00e1tima Pinho Lins Gryschek, Carla Andrea Trap\u00e9, Celia Regina Maganha e Melo, C\u00e9lia Maria Sivalli Campo, Dora Mariela Salcedo Barrientos, Elizabeth Fujimori, Gabriela Gon\u00e7alves Amaral, Maria Fernanda Terra, Sheila Aparecida Ferreira Lachtim<\/em><\/p>\t\t\t\t\t\t<\/div>\n\t\t\t\t<\/div>\n\t\t\t\t\t<\/div>\n\t\t<\/div>\n\t\t\t\t\t<\/div>\n\t\t<\/section>\n\t\t\t\t<section class=\"elementor-section elementor-top-section elementor-element elementor-element-a3c49af elementor-section-boxed elementor-section-height-default elementor-section-height-default\" data-id=\"a3c49af\" data-element_type=\"section\">\n\t\t\t\t\t\t<div class=\"elementor-container elementor-column-gap-default\">\n\t\t\t\t\t<div class=\"elementor-column elementor-col-100 elementor-top-column elementor-element elementor-element-4c2f73d\" data-id=\"4c2f73d\" data-element_type=\"column\">\n\t\t\t<div class=\"elementor-widget-wrap elementor-element-populated\">\n\t\t\t\t\t\t<div class=\"elementor-element elementor-element-3a3237a elementor-widget elementor-widget-text-editor\" data-id=\"3a3237a\" data-element_type=\"widget\" data-widget_type=\"text-editor.default\">\n\t\t\t\t<div class=\"elementor-widget-container\">\n\t\t\t\t\t\t\t<p><span style=\"color: #1e70b9;\">Linhas de Pesquisa:\u00a0<strong>Tecnologias Inovadoras Voltadas ao Cuidado em Aten\u00e7\u00e3o Prim\u00e1ria em Sa\u00fade<\/strong><\/span><\/p>\t\t\t\t\t\t<\/div>\n\t\t\t\t<\/div>\n\t\t\t\t\t<\/div>\n\t\t<\/div>\n\t\t\t\t\t<\/div>\n\t\t<\/section>\n\t\t\t\t<section class=\"elementor-section elementor-top-section elementor-element elementor-element-05e940e elementor-section-boxed elementor-section-height-default elementor-section-height-default\" data-id=\"05e940e\" data-element_type=\"section\">\n\t\t\t\t\t\t<div class=\"elementor-container elementor-column-gap-default\">\n\t\t\t\t\t<div class=\"elementor-column elementor-col-100 elementor-top-column elementor-element elementor-element-0da3fe6\" data-id=\"0da3fe6\" data-element_type=\"column\">\n\t\t\t<div class=\"elementor-widget-wrap elementor-element-populated\">\n\t\t\t\t\t\t<div class=\"elementor-element elementor-element-7699ae9 elementor-widget elementor-widget-text-editor\" data-id=\"7699ae9\" data-element_type=\"widget\" data-widget_type=\"text-editor.default\">\n\t\t\t\t<div class=\"elementor-widget-container\">\n\t\t\t\t\t\t\t<p>Trata da proposi\u00e7\u00e3o e implementa\u00e7\u00e3o de tecnologias voltadas ao cuidado em Aten\u00e7\u00e3o Prim\u00e1ria, incorporando tecnologias leves, leves-duras e duras. Articula-se \u00e0 an\u00e1lise, gest\u00e3o e avalia\u00e7\u00e3o das pol\u00edticas p\u00fablicas de sa\u00fade e seu impacto em rela\u00e7\u00e3o \u00e0s necessidades de sa\u00fade da popula\u00e7\u00e3o. Integra estudos sobre conceitos e estrat\u00e9gias para a operacionaliza\u00e7\u00e3o e avalia\u00e7\u00e3o da Promo\u00e7\u00e3o da Sa\u00fade, no \u00e2mbito individual, coletivo e dos servi\u00e7os de sa\u00fade.<\/p><p><strong>Orientadores:\u00a0<\/strong><em>Alfredo Almeida Pina de Oliveira<\/em><strong>,\u00a0<\/strong>Lislaine Aparecida Fracolli, \u00c9rica Gomes Pereira, Lucas Cardoso dos Santos, Lucia Yasuko Izumi Nichiata, Maria Clara Padoveze, Marlise de Oliveira Pimentel Lima, Sayuri Tanaka Maeda<\/p>\t\t\t\t\t\t<\/div>\n\t\t\t\t<\/div>\n\t\t\t\t\t<\/div>\n\t\t<\/div>\n\t\t\t\t\t<\/div>\n\t\t<\/section>\n\t\t\t\t<section class=\"elementor-section elementor-top-section elementor-element elementor-element-b7d2689 elementor-section-boxed elementor-section-height-default elementor-section-height-default\" data-id=\"b7d2689\" data-element_type=\"section\" data-settings=\"{&quot;background_background&quot;:&quot;classic&quot;}\">\n\t\t\t\t\t\t<div class=\"elementor-container elementor-column-gap-default\">\n\t\t\t\t\t<div class=\"elementor-column elementor-col-100 elementor-top-column elementor-element elementor-element-df0e01c\" data-id=\"df0e01c\" data-element_type=\"column\">\n\t\t\t<div class=\"elementor-widget-wrap elementor-element-populated\">\n\t\t\t\t\t\t<div class=\"elementor-element elementor-element-5363107 elementor-widget-divider--view-line elementor-widget elementor-widget-divider\" data-id=\"5363107\" data-element_type=\"widget\" data-widget_type=\"divider.default\">\n\t\t\t\t<div class=\"elementor-widget-container\">\n\t\t\t\t\t<div class=\"elementor-divider\">\n\t\t\t<span class=\"elementor-divider-separator\">\n\t\t\t\t\t\t<\/span>\n\t\t<\/div>\n\t\t\t\t<\/div>\n\t\t\t\t<\/div>\n\t\t\t\t\t<\/div>\n\t\t<\/div>\n\t\t\t\t\t<\/div>\n\t\t<\/section>\n\t\t\t\t<section class=\"elementor-section elementor-top-section elementor-element elementor-element-82b2fd0 elementor-section-boxed elementor-section-height-default elementor-section-height-default\" data-id=\"82b2fd0\" data-element_type=\"section\">\n\t\t\t\t\t\t<div class=\"elementor-container elementor-column-gap-default\">\n\t\t\t\t\t<div class=\"elementor-column elementor-col-100 elementor-top-column elementor-element elementor-element-e28602e\" data-id=\"e28602e\" data-element_type=\"column\">\n\t\t\t<div class=\"elementor-widget-wrap elementor-element-populated\">\n\t\t\t\t\t\t<div class=\"elementor-element elementor-element-7335dd8 elementor-widget elementor-widget-text-editor\" data-id=\"7335dd8\" data-element_type=\"widget\" data-widget_type=\"text-editor.default\">\n\t\t\t\t<div class=\"elementor-widget-container\">\n\t\t\t\t\t\t\t<p><span style=\"color: #1e70b9;\"><strong>Programa de P\u00f3s-Gradua\u00e7\u00e3o Mestrado Profissional em Enfermagem na Aten\u00e7\u00e3o Prim\u00e1ria em Sa\u00fade no Sistema \u00danico de Sa\u00fade \u2013 MPAPS<\/strong><\/span><\/p><p><span style=\"color: #0d4e71;\"><strong>Telefone:<\/strong> (11) 3061-7533 | <strong>E-mail:<\/strong>\u00a0<a style=\"color: #0d4e71;\" href=\"mailto:ppg.mpaps.ee@usp.br\" target=\"_blank\" rel=\"noopener\">ppg.mpaps.ee@usp.br<\/a><\/span><\/p><div><p><span style=\"color: #0d4e71;\"><strong>Hor\u00e1rio de atendimento: <\/strong>Segunda a sexta, das 8h \u00e0s 17h<\/span><\/p><\/div>\t\t\t\t\t\t<\/div>\n\t\t\t\t<\/div>\n\t\t\t\t\t<\/div>\n\t\t<\/div>\n\t\t\t\t\t<\/div>\n\t\t<\/section>\n\t\t\t\t<section class=\"elementor-section elementor-top-section elementor-element elementor-element-083c071 elementor-section-boxed elementor-section-height-default elementor-section-height-default\" data-id=\"083c071\" data-element_type=\"section\">\n\t\t\t\t\t\t<div class=\"elementor-container elementor-column-gap-default\">\n\t\t\t\t\t<div class=\"elementor-column elementor-col-100 elementor-top-column elementor-element elementor-element-8d5b04e\" data-id=\"8d5b04e\" data-element_type=\"column\">\n\t\t\t<div class=\"elementor-widget-wrap elementor-element-populated\">\n\t\t\t\t\t\t<div class=\"elementor-element elementor-element-9115de2 elementor-widget-divider--view-line elementor-widget elementor-widget-divider\" data-id=\"9115de2\" data-element_type=\"widget\" data-widget_type=\"divider.default\">\n\t\t\t\t<div class=\"elementor-widget-container\">\n\t\t\t\t\t<div class=\"elementor-divider\">\n\t\t\t<span class=\"elementor-divider-separator\">\n\t\t\t\t\t\t<\/span>\n\t\t<\/div>\n\t\t\t\t<\/div>\n\t\t\t\t<\/div>\n\t\t\t\t\t<\/div>\n\t\t<\/div>\n\t\t\t\t\t<\/div>\n\t\t<\/section>\n\t\t\t\t<\/div>\n\t\t","protected":false},"excerpt":{"rendered":"<p>Linhas de Pesquisa \u00c1rea de Concentra\u00e7\u00e3o:\u00a0Cuidado em Aten\u00e7\u00e3o Prim\u00e1ria em Sa\u00fade\u00a0 Linhas de Pesquisa:\u00a0\u00a0Processos de Cuidado na Aten\u00e7\u00e3o Prim\u00e1ria em Sa\u00fade Trata da an\u00e1lise do processo do cuidado em sa\u00fade e do aprimoramento das pr\u00e1ticas de sa\u00fade. Inclui estudos sobre capta\u00e7\u00e3o e interpreta\u00e7\u00e3o das necessidades de sa\u00fade da popula\u00e7\u00e3o, assim como a proposi\u00e7\u00e3o e implementa\u00e7\u00e3o [&hellip;]<\/p>\n","protected":false},"author":23730,"featured_media":0,"parent":0,"menu_order":0,"comment_status":"closed","ping_status":"closed","template":"","meta":{"footnotes":"","_links_to":"","_links_to_target":""},"class_list":["post-166","page","type-page","status-publish","hentry"],"_links":{"self":[{"href":"https:\/\/sites.usp.br\/mpaps\/wp-json\/wp\/v2\/pages\/166","targetHints":{"allow":["GET"]}}],"collection":[{"href":"https:\/\/sites.usp.br\/mpaps\/wp-json\/wp\/v2\/pages"}],"about":[{"href":"https:\/\/sites.usp.br\/mpaps\/wp-json\/wp\/v2\/types\/page"}],"author":[{"embeddable":true,"href":"https:\/\/sites.usp.br\/mpaps\/wp-json\/wp\/v2\/users\/23730"}],"replies":[{"embeddable":true,"href":"https:\/\/sites.usp.br\/mpaps\/wp-json\/wp\/v2\/comments?post=166"}],"version-history":[{"count":4,"href":"https:\/\/sites.usp.br\/mpaps\/wp-json\/wp\/v2\/pages\/166\/revisions"}],"predecessor-version":[{"id":884,"href":"https:\/\/sites.usp.br\/mpaps\/wp-json\/wp\/v2\/pages\/166\/revisions\/884"}],"wp:attachment":[{"href":"https:\/\/sites.usp.br\/mpaps\/wp-json\/wp\/v2\/media?parent=166"}],"curies":[{"name":"wp","href":"https:\/\/api.w.org\/{rel}","templated":true}]}}