{"id":169,"date":"2023-08-07T14:41:44","date_gmt":"2023-08-07T16:41:44","guid":{"rendered":"https:\/\/sites.usp.br\/mpaps\/?page_id=169"},"modified":"2026-01-16T09:32:25","modified_gmt":"2026-01-16T11:32:25","slug":"grupos-de-pesquisa","status":"publish","type":"page","link":"https:\/\/sites.usp.br\/mpaps\/grupos-de-pesquisa\/","title":{"rendered":"Grupos de Pesquisa"},"content":{"rendered":"\t\t<div data-elementor-type=\"wp-page\" data-elementor-id=\"169\" class=\"elementor elementor-169\" data-elementor-post-type=\"page\">\n\t\t\t\t\t\t<section class=\"elementor-section elementor-top-section elementor-element elementor-element-846eafa elementor-section-boxed elementor-section-height-default elementor-section-height-default elementor-invisible\" data-id=\"846eafa\" data-element_type=\"section\" data-settings=\"{&quot;animation&quot;:&quot;fadeIn&quot;}\">\n\t\t\t\t\t\t<div class=\"elementor-container elementor-column-gap-default\">\n\t\t\t\t\t<div class=\"elementor-column elementor-col-100 elementor-top-column elementor-element elementor-element-fe25189\" data-id=\"fe25189\" data-element_type=\"column\">\n\t\t\t<div class=\"elementor-widget-wrap elementor-element-populated\">\n\t\t\t\t\t\t<div class=\"elementor-element elementor-element-24d506b elementor-widget__width-initial elementor-widget elementor-widget-heading\" data-id=\"24d506b\" data-element_type=\"widget\" data-widget_type=\"heading.default\">\n\t\t\t\t<div class=\"elementor-widget-container\">\n\t\t\t<h2 class=\"elementor-heading-title elementor-size-default\">Grupos de Pesquisa<\/h2>\t\t<\/div>\n\t\t\t\t<\/div>\n\t\t\t\t\t<\/div>\n\t\t<\/div>\n\t\t\t\t\t<\/div>\n\t\t<\/section>\n\t\t\t\t<section class=\"elementor-section elementor-top-section elementor-element elementor-element-6922066 elementor-section-boxed elementor-section-height-default elementor-section-height-default\" data-id=\"6922066\" data-element_type=\"section\">\n\t\t\t\t\t\t<div class=\"elementor-container elementor-column-gap-default\">\n\t\t\t\t\t<div class=\"elementor-column elementor-col-100 elementor-top-column elementor-element elementor-element-9a25c24\" data-id=\"9a25c24\" data-element_type=\"column\">\n\t\t\t<div class=\"elementor-widget-wrap elementor-element-populated\">\n\t\t\t\t\t\t<div class=\"elementor-element elementor-element-25bd9d0 elementor-widget elementor-widget-text-editor\" data-id=\"25bd9d0\" data-element_type=\"widget\" data-widget_type=\"text-editor.default\">\n\t\t\t\t<div class=\"elementor-widget-container\">\n\t\t\t\t\t\t\t<p>Todos os Professores Orientadores do Programa integram Grupos de Pesquisa, que tem como foco, temas espec\u00edficos de interesse para a pesquisa. O detalhamento de tais grupos de Pesquisa pode ser encontrado no site do CNPq: Diret\u00f3rio de Grupos de Pesquisa.<\/p>\t\t\t\t\t\t<\/div>\n\t\t\t\t<\/div>\n\t\t\t\t\t<\/div>\n\t\t<\/div>\n\t\t\t\t\t<\/div>\n\t\t<\/section>\n\t\t\t\t<section class=\"elementor-section elementor-top-section elementor-element elementor-element-1fa72e0 elementor-section-boxed elementor-section-height-default elementor-section-height-default\" data-id=\"1fa72e0\" data-element_type=\"section\">\n\t\t\t\t\t\t<div class=\"elementor-container elementor-column-gap-default\">\n\t\t\t\t\t<div class=\"elementor-column elementor-col-100 elementor-top-column elementor-element elementor-element-27ad283\" data-id=\"27ad283\" data-element_type=\"column\">\n\t\t\t<div class=\"elementor-widget-wrap elementor-element-populated\">\n\t\t\t\t\t\t<div class=\"elementor-element elementor-element-77f23ab elementor-widget elementor-widget-text-editor\" data-id=\"77f23ab\" data-element_type=\"widget\" data-widget_type=\"text-editor.default\">\n\t\t\t\t<div class=\"elementor-widget-container\">\n\t\t\t\t\t\t\t<ul><li><a href=\"http:\/\/dgp.cnpq.br\/dgp\/espelhogrupo\/1554001927565125\" target=\"_blank\" rel=\"noopener\">Modelos Tecno-Assistenciais e a Promo\u00e7\u00e3o da Sa\u00fade<\/a><\/li><li><a href=\"http:\/\/dgp.cnpq.br\/dgp\/espelhogrupo\/11552\" target=\"_blank\" rel=\"noopener\">Fortalecimento e Desgaste no Trabalho e na Vida: Bases para Interven\u00e7\u00e3o em Sa\u00fade Coletiva<\/a><\/li><li><a href=\"http:\/\/dgp.cnpq.br\/dgp\/espelhogrupo\/6769471106847154\" target=\"_blank\" rel=\"noopener\">Vulnerabilidade, Ades\u00e3o e Necessidades em Sa\u00fade Coletiva<\/a><\/li><li><a href=\"https:\/\/www.petiras.org\/\" target=\"_blank\" rel=\"noopener\">PETIRAS \u2013 Pol\u00edticas P\u00fablicas, Epidemiologia e Tecnologias em Preven\u00e7\u00e3o de Infec\u00e7\u00f5es Relacionadas a Assist\u00eancia \u00e0 Sa\u00fade<\/a><\/li><li><a href=\"http:\/\/dgp.cnpq.br\/dgp\/espelhogrupo\/554081\" target=\"_blank\" rel=\"noopener\">G\u00eanero, Sa\u00fade e Enfermagem<\/a><\/li><li><a href=\"http:\/\/dgp.cnpq.br\/dgp\/espelhogrupo\/823638\" target=\"_blank\" rel=\"noopener\">EpiVac &#8211;\u00a0Epidemiologia das doen\u00e7as infecciosas com \u00eanfase em estudos sobre\u00a0 vacina\u00e7\u00e3o<\/a><\/li><\/ul>\t\t\t\t\t\t<\/div>\n\t\t\t\t<\/div>\n\t\t\t\t\t<\/div>\n\t\t<\/div>\n\t\t\t\t\t<\/div>\n\t\t<\/section>\n\t\t\t\t<section class=\"elementor-section elementor-top-section elementor-element elementor-element-125a143 elementor-section-boxed elementor-section-height-default elementor-section-height-default\" data-id=\"125a143\" data-element_type=\"section\" data-settings=\"{&quot;background_background&quot;:&quot;classic&quot;}\">\n\t\t\t\t\t\t<div class=\"elementor-container elementor-column-gap-default\">\n\t\t\t\t\t<div class=\"elementor-column elementor-col-100 elementor-top-column elementor-element elementor-element-edbfd30\" data-id=\"edbfd30\" data-element_type=\"column\">\n\t\t\t<div class=\"elementor-widget-wrap elementor-element-populated\">\n\t\t\t\t\t\t<div class=\"elementor-element elementor-element-ae98e6a elementor-widget-divider--view-line elementor-widget elementor-widget-divider\" data-id=\"ae98e6a\" data-element_type=\"widget\" data-widget_type=\"divider.default\">\n\t\t\t\t<div class=\"elementor-widget-container\">\n\t\t\t\t\t<div class=\"elementor-divider\">\n\t\t\t<span class=\"elementor-divider-separator\">\n\t\t\t\t\t\t<\/span>\n\t\t<\/div>\n\t\t\t\t<\/div>\n\t\t\t\t<\/div>\n\t\t\t\t\t<\/div>\n\t\t<\/div>\n\t\t\t\t\t<\/div>\n\t\t<\/section>\n\t\t\t\t<section class=\"elementor-section elementor-top-section elementor-element elementor-element-1baeaf3 elementor-section-boxed elementor-section-height-default elementor-section-height-default\" data-id=\"1baeaf3\" data-element_type=\"section\">\n\t\t\t\t\t\t<div class=\"elementor-container elementor-column-gap-default\">\n\t\t\t\t\t<div class=\"elementor-column elementor-col-100 elementor-top-column elementor-element elementor-element-455ea2e\" data-id=\"455ea2e\" data-element_type=\"column\">\n\t\t\t<div class=\"elementor-widget-wrap elementor-element-populated\">\n\t\t\t\t\t\t<div class=\"elementor-element elementor-element-98ca878 elementor-widget elementor-widget-text-editor\" data-id=\"98ca878\" data-element_type=\"widget\" data-widget_type=\"text-editor.default\">\n\t\t\t\t<div class=\"elementor-widget-container\">\n\t\t\t\t\t\t\t<p><span style=\"color: #1e70b9\"><strong>Programa de P\u00f3s-Gradua\u00e7\u00e3o Mestrado Profissional em Enfermagem na Aten\u00e7\u00e3o Prim\u00e1ria em Sa\u00fade no Sistema \u00danico de Sa\u00fade \u2013 MPAPS<\/strong><\/span><\/p><p><span style=\"color: #0d4e71\"><strong>Telefone:<\/strong> (11) 3061-7533 | <strong>E-mail:<\/strong>\u00a0ppg.mpaps.ee@usp.br<\/span><\/p><div><p><span style=\"color: #0d4e71\"><strong>Hor\u00e1rio de atendimento: <\/strong>Segunda a sexta, das 8h \u00e0s 17h<\/span><\/p><\/div>\t\t\t\t\t\t<\/div>\n\t\t\t\t<\/div>\n\t\t\t\t\t<\/div>\n\t\t<\/div>\n\t\t\t\t\t<\/div>\n\t\t<\/section>\n\t\t\t\t<section class=\"elementor-section elementor-top-section elementor-element elementor-element-df17acc elementor-section-boxed elementor-section-height-default elementor-section-height-default\" data-id=\"df17acc\" data-element_type=\"section\">\n\t\t\t\t\t\t<div class=\"elementor-container elementor-column-gap-default\">\n\t\t\t\t\t<div class=\"elementor-column elementor-col-100 elementor-top-column elementor-element elementor-element-7788a31\" data-id=\"7788a31\" data-element_type=\"column\">\n\t\t\t<div class=\"elementor-widget-wrap elementor-element-populated\">\n\t\t\t\t\t\t<div class=\"elementor-element elementor-element-62242b9 elementor-widget-divider--view-line elementor-widget elementor-widget-divider\" data-id=\"62242b9\" data-element_type=\"widget\" data-widget_type=\"divider.default\">\n\t\t\t\t<div class=\"elementor-widget-container\">\n\t\t\t\t\t<div class=\"elementor-divider\">\n\t\t\t<span class=\"elementor-divider-separator\">\n\t\t\t\t\t\t<\/span>\n\t\t<\/div>\n\t\t\t\t<\/div>\n\t\t\t\t<\/div>\n\t\t\t\t\t<\/div>\n\t\t<\/div>\n\t\t\t\t\t<\/div>\n\t\t<\/section>\n\t\t\t\t<\/div>\n\t\t","protected":false},"excerpt":{"rendered":"<p>Grupos de Pesquisa Todos os Professores Orientadores do Programa integram Grupos de Pesquisa, que tem como foco, temas espec\u00edficos de interesse para a pesquisa. O detalhamento de tais grupos de Pesquisa pode ser encontrado no site do CNPq: Diret\u00f3rio de Grupos de Pesquisa. Modelos Tecno-Assistenciais e a Promo\u00e7\u00e3o da Sa\u00fade Fortalecimento e Desgaste no Trabalho [&hellip;]<\/p>\n","protected":false},"author":23730,"featured_media":0,"parent":0,"menu_order":0,"comment_status":"closed","ping_status":"closed","template":"","meta":{"footnotes":"","_links_to":"","_links_to_target":""},"class_list":["post-169","page","type-page","status-publish","hentry"],"_links":{"self":[{"href":"https:\/\/sites.usp.br\/mpaps\/wp-json\/wp\/v2\/pages\/169","targetHints":{"allow":["GET"]}}],"collection":[{"href":"https:\/\/sites.usp.br\/mpaps\/wp-json\/wp\/v2\/pages"}],"about":[{"href":"https:\/\/sites.usp.br\/mpaps\/wp-json\/wp\/v2\/types\/page"}],"author":[{"embeddable":true,"href":"https:\/\/sites.usp.br\/mpaps\/wp-json\/wp\/v2\/users\/23730"}],"replies":[{"embeddable":true,"href":"https:\/\/sites.usp.br\/mpaps\/wp-json\/wp\/v2\/comments?post=169"}],"version-history":[{"count":4,"href":"https:\/\/sites.usp.br\/mpaps\/wp-json\/wp\/v2\/pages\/169\/revisions"}],"predecessor-version":[{"id":986,"href":"https:\/\/sites.usp.br\/mpaps\/wp-json\/wp\/v2\/pages\/169\/revisions\/986"}],"wp:attachment":[{"href":"https:\/\/sites.usp.br\/mpaps\/wp-json\/wp\/v2\/media?parent=169"}],"curies":[{"name":"wp","href":"https:\/\/api.w.org\/{rel}","templated":true}]}}