{"id":176,"date":"2023-08-07T14:46:29","date_gmt":"2023-08-07T16:46:29","guid":{"rendered":"https:\/\/sites.usp.br\/mpaps\/?page_id=176"},"modified":"2025-12-17T13:51:40","modified_gmt":"2025-12-17T15:51:40","slug":"perguntas-frequentes","status":"publish","type":"page","link":"https:\/\/sites.usp.br\/mpaps\/perguntas-frequentes\/","title":{"rendered":"Perguntas Frequentes"},"content":{"rendered":"\t\t<div data-elementor-type=\"wp-page\" data-elementor-id=\"176\" class=\"elementor elementor-176\" data-elementor-post-type=\"page\">\n\t\t\t\t\t\t<section class=\"elementor-section elementor-top-section elementor-element elementor-element-29e66d1 elementor-section-boxed elementor-section-height-default elementor-section-height-default elementor-invisible\" data-id=\"29e66d1\" data-element_type=\"section\" data-settings=\"{&quot;animation&quot;:&quot;fadeIn&quot;}\">\n\t\t\t\t\t\t<div class=\"elementor-container elementor-column-gap-default\">\n\t\t\t\t\t<div class=\"elementor-column elementor-col-100 elementor-top-column elementor-element elementor-element-2252859\" data-id=\"2252859\" data-element_type=\"column\">\n\t\t\t<div class=\"elementor-widget-wrap elementor-element-populated\">\n\t\t\t\t\t\t<div class=\"elementor-element elementor-element-37e8587 elementor-widget__width-initial elementor-widget elementor-widget-heading\" data-id=\"37e8587\" data-element_type=\"widget\" data-widget_type=\"heading.default\">\n\t\t\t\t<div class=\"elementor-widget-container\">\n\t\t\t<h2 class=\"elementor-heading-title elementor-size-default\">Perguntas Frequentes<\/h2>\t\t<\/div>\n\t\t\t\t<\/div>\n\t\t\t\t\t<\/div>\n\t\t<\/div>\n\t\t\t\t\t<\/div>\n\t\t<\/section>\n\t\t\t\t<section class=\"elementor-section elementor-top-section elementor-element elementor-element-2862088 elementor-section-boxed elementor-section-height-default elementor-section-height-default\" data-id=\"2862088\" data-element_type=\"section\">\n\t\t\t\t\t\t<div class=\"elementor-container elementor-column-gap-default\">\n\t\t\t\t\t<div class=\"elementor-column elementor-col-100 elementor-top-column elementor-element elementor-element-7dad0cd\" data-id=\"7dad0cd\" data-element_type=\"column\">\n\t\t\t<div class=\"elementor-widget-wrap elementor-element-populated\">\n\t\t\t\t\t\t<div class=\"elementor-element elementor-element-269d583 elementor-widget elementor-widget-text-editor\" data-id=\"269d583\" data-element_type=\"widget\" data-widget_type=\"text-editor.default\">\n\t\t\t\t<div class=\"elementor-widget-container\">\n\t\t\t\t\t\t\t<p><a href=\"#1\">1 &#8211; O que \u00e9 uma P\u00f3s-Gradua\u00e7\u00e3o? Quais os tipos de P\u00f3s-Gradua\u00e7\u00e3o existentes?<\/a><\/p><p><a href=\"#2\">2 &#8211; O que \u00e9 Mestrado Profissional?<\/a><\/p><p><a href=\"#3\">3 \u2013 Qual \u00e9 ent\u00e3o a diferen\u00e7a entre o Mestrado Profissional e o Mestrado Acad\u00eamico?<\/a><\/p><p><a href=\"#4\">4 &#8211; O que significa MPAPS?<\/a><\/p><p><a href=\"#5\">5 &#8211; Quais requisitos devo preencher para me candidatar a ser estudante do Programa MPAPS?<\/a><\/p><div><a href=\"#6\">6 &#8211; Como devo proceder para me tornar estudante do Programa MPAPS?<\/a><\/div><div>\u00a0<\/div><div><a href=\"#7\">7 &#8211; O que \u00e9 um edital?<\/a><\/div><div>\u00a0<\/div><div><a href=\"#8\">8 &#8211; Como fa\u00e7o para entrar em contato com meu prov\u00e1vel orientador no Mestrado Profissional?<\/a><\/div><div>\u00a0<\/div><div><a href=\"#9\">9 &#8211; Posso ter como orientador um docente de outra unidade da USP?<\/a><\/div><div>\u00a0<\/div><div><a href=\"#10\">10 &#8211; Quanto custa para se inscrever no Programa? Qual o valor da mensalidade?<\/a><\/div><div>\u00a0<\/div><div><a href=\"#11\">11 &#8211; Tenho que conhecer outro idioma para ingressar no Programa?<\/a><\/div><div>\u00a0<\/div><div><a href=\"#12\">12 &#8211; A USP oferece algum exame de profici\u00eancia em l\u00edngua inglesa para os candidatos ao Programa MPAPS?<\/a><\/div><div>\u00a0<\/div><div><a href=\"#13\">13 &#8211; Como aluno do Programa MPAPS, terei direito a meia passagem no transporte p\u00fablico?<\/a><\/div><div>\u00a0<\/div><div><a href=\"#14\">14 &#8211; \u00c9 poss\u00edvel cursar o Programa MPAPS trabalhando?<\/a><\/div><div>\u00a0<\/div><div><a href=\"#15\">15 &#8211; Quais os dias e hor\u00e1rios das atividades do Mestrado Profissional?<\/a><\/div><div>\u00a0<\/div><div><a href=\"#16\">16 &#8211; O que \u00e9 uma Disserta\u00e7\u00e3o de Mestrado?<\/a><\/div><div>\u00a0<\/div><div><a href=\"#17\">17 &#8211; Como deve ser elaborada uma disserta\u00e7\u00e3o de Mestrado?<\/a><\/div><div>\u00a0<\/div><div><a href=\"#18\">18 &#8211; Qual o t\u00edtulo que o p\u00f3s-graduando aprovado recebe ao final do curso?<\/a><\/div><div>\u00a0<\/div><div><a href=\"#19\">19 &#8211; O Programa disponibiliza as Disserta\u00e7\u00f5es dos P\u00f3s-Graduandos?<\/a><\/div><div>\u00a0<\/div><div><a href=\"#20\">20 &#8211; D\u00favidas ainda? Entre em contato com o MPAPS:<\/a><\/div><p>\u00a0<\/p><p>\u00a0<\/p><p>\u00a0<\/p><p>\u00a0<\/p><p>\u00a0<\/p><p>\u00a0<\/p><p>\u00a0<\/p><p>\u00a0<\/p><p>\u00a0<\/p><p>\u00a0<\/p><p>\u00a0<\/p><p>\u00a0<\/p><p>\u00a0<\/p><p>\u00a0<\/p><p>\u00a0<\/p><p>\u00a0<\/p><p>\u00a0<\/p><p>\u00a0<\/p><p>\u00a0<\/p><p>\u00a0<\/p><p>\u00a0<\/p><p>\u00a0<\/p><p>\u00a0<\/p><p><a name=\"1\"><\/a><\/p><p>\u00a0<\/p><p><strong>1 &#8211; O que \u00e9 uma P\u00f3s-Gradua\u00e7\u00e3o? Quais os tipos de P\u00f3s-Gradua\u00e7\u00e3o existentes?<\/strong><\/p><p>De acordo com o do MEC, \u201cas p\u00f3s-gradua\u00e7\u00f5es <strong>lato sensu<\/strong> compreendem programas de <strong>especializa\u00e7\u00e3o<\/strong> e incluem os cursos designados como MBA (Master Business Administration). Com dura\u00e7\u00e3o m\u00ednima de 360 horas, ao final do curso o aluno obter\u00e1 certificado e n\u00e3o diploma. Ademais s\u00e3o abertos a candidatos diplomados em cursos superiores e que atendam \u00e0s exig\u00eancias das institui\u00e7\u00f5es de ensino \u2013 Art. 44, III, Lei n\u00ba 9.394\/1996.<\/p><p>As p\u00f3s-gradua\u00e7\u00f5es <strong>stricto sensu<\/strong> compreendem programas de <strong>mestrado e doutorado<\/strong> abertos a candidatos diplomados em cursos superiores de gradua\u00e7\u00e3o e que atendam \u00e0s exig\u00eancias das institui\u00e7\u00f5es de ensino e ao edital de sele\u00e7\u00e3o dos alunos (Art. 44, III, Lei n\u00ba 9.394\/1996). Ao final do curso o aluno obter\u00e1 diploma. \u201d<\/p><p>Fonte: MEC <a href=\"http:\/\/portal.mec.gov.br\/component\/content\/article?id=13072:qual-a-diferenca-entre-pos-graduacao-lato-sensu-e-stricto-sensu\">http:\/\/portal.mec.gov.br\/component\/content\/article?id=13072:qual-a-diferenca-entre-pos-graduacao-lato-sensu-e-stricto-sensu<\/a><\/p><p>\u00a0<\/p><p>\u00a0<\/p><p>\u00a0<\/p><p><a name=\"2\"><\/a><\/p><div>\u00a0<\/div><div><strong>2 &#8211; O que \u00e9 Mestrado Profissional?<\/strong><\/div><div>O Mestrado Profissional \u00e9 uma modalidade de P\u00f3s-Gradua\u00e7\u00e3o stricto sensu que enfatiza estudos e t\u00e9cnicas diretamente voltadas ao desempenho de um alto n\u00edvel de qualifica\u00e7\u00e3o profissional. O MP confere id\u00eanticos grau e prerrogativas, inclusive para o exerc\u00edcio da doc\u00eancia dos Programas de P\u00f3s-Gradua\u00e7\u00e3o stricto sensu. A validade nacional do diploma est\u00e1 condicionada ao reconhecimento pr\u00e9vio do curso (Parecer CNE\/CES 0079\/2002). O MP responde a uma necessidade socialmente definida de capacita\u00e7\u00e3o profissional de natureza diferente da propiciada pelo mestrado acad\u00eamico e n\u00e3o se contrap\u00f5e, sob nenhum ponto de vista, \u00e0 oferta e expans\u00e3o desta modalidade de curso, nem se constitui em uma alternativa para a forma\u00e7\u00e3o de mestres segundo padr\u00f5es de exig\u00eancia mais simples ou mais rigorosos do que aqueles tradicionalmente adotados pela p\u00f3s-gradua\u00e7\u00e3o. A Coordena\u00e7\u00e3o de Aperfei\u00e7oamento de Pessoal de N\u00edvel Superior (Capes) \u00e9 respons\u00e1vel por regular a oferta de programas de mestrado profissional por meio de chamadas p\u00fablicas e avaliar os cursos oferecidos. \u201d<\/div><div>Fonte: CAPES <a href=\"http:\/\/2 - O que \u00e9 Mestrado Profissional? O Mestrado Profissional \u00e9 uma modalidade de P\u00f3s-Gradua\u00e7\u00e3o stricto sensu que enfatiza estudos e t\u00e9cnicas diretamente voltadas ao desempenho de um alto n\u00edvel de qualifica\u00e7\u00e3o profissional. O MP confere id\u00eanticos grau e prerrogativas, inclusive para o exerc\u00edcio da doc\u00eancia dos Programas de P\u00f3s-Gradua\u00e7\u00e3o stricto sensu. A validade nacional do diploma est\u00e1 condicionada ao reconhecimento pr\u00e9vio do curso (Parecer CNE\/CES 0079\/2002). O MP responde a uma necessidade socialmente definida de capacita\u00e7\u00e3o profissional de natureza diferente da propiciada pelo mestrado acad\u00eamico e n\u00e3o se contrap\u00f5e, sob nenhum ponto de vista, \u00e0 oferta e expans\u00e3o desta modalidade de curso, nem se constitui em uma alternativa para a forma\u00e7\u00e3o de mestres segundo padr\u00f5es de exig\u00eancia mais simples ou mais rigorosos do que aqueles tradicionalmente adotados pela p\u00f3s-gradua\u00e7\u00e3o. A Coordena\u00e7\u00e3o de Aperfei\u00e7oamento de Pessoal de N\u00edvel Superior (Capes) \u00e9 respons\u00e1vel por regular a oferta de programas de mestrado profissional por meio de chamadas p\u00fablicas e avaliar os cursos oferecidos. \u201d Fonte: CAPES http:\/\/www.capes.gov.br\/acessoainformacao\/perguntas-frequentes\/avaliacao-da-pos-graduacao\/7419-mestrado-profissional\" target=\"_blank\" rel=\"noopener\">http:\/\/www.capes.gov.br\/acessoainformacao\/perguntas-frequentes\/avaliacao-da-pos-graduacao\/7419-mestrado-profissional<\/a><\/div><div>\u00a0<\/div><div>\u00a0<\/div><div>\u00a0<\/div><div>\u00a0<\/div><p><a name=\"3\"><\/a><\/p><p>\u00a0<\/p><p><strong>3 \u2013 Qual \u00e9 ent\u00e3o a diferen\u00e7a entre o Mestrado Profissional e o Mestrado Acad\u00eamico?<\/strong><\/p><p>Pretende-se que o curso de Mestrado Profissional seja voltado \u00e0 produ\u00e7\u00e3o de tecnologia que possam aperfei\u00e7oar o trabalho, respondendo a necessidades de qualifica\u00e7\u00e3o profissional.<\/p><p>\u00a0<\/p><p>\u00a0<\/p><p>\u00a0<\/p><p><a name=\"4\"><\/a><\/p><p>\u00a0<\/p><p><strong>4 &#8211; O que significa MPAPS?<\/strong><\/p><p>\u00c9 a sigla que corresponde ao o nome do Programa de P\u00f3s-Gradua\u00e7\u00e3o Mestrado Profissional em Enfermagem na Aten\u00e7\u00e3o Prim\u00e1ria em Sa\u00fade no Sistema \u00danico de Sa\u00fade.<\/p><p>\u00a0<\/p><p>\u00a0<\/p><p><a name=\"5\"><\/a><\/p><p>\u00a0<\/p><p><strong>5 &#8211; Quais requisitos devo preencher para me candidatar a ser estudante do Programa MPAPS?<\/strong><\/p><p>Poder\u00e3o inscrever-se no processo seletivo enfermeiros e profissionais portadores de diploma de gradua\u00e7\u00e3o das seguintes \u00e1reas de conhecimento: ci\u00eancias da sa\u00fade, ci\u00eancias humanas e ci\u00eancias sociais, conforme tabela das \u00c1reas de Conhecimento do CNPq, e de acordo com o que vem estabelecido no edital correspondente ao processo seletivo em vigor, alguns editais podem conter exig\u00eancias adicionais, tais como Coren ativo.<\/p><p>\u00a0<\/p><p>\u00a0<\/p><p><a name=\"6\"><\/a><\/p><p>\u00a0<\/p><p><strong>6 &#8211; Como devo proceder para me tornar estudante do Programa MPAPS?<\/strong><\/p><p>S\u00e3o publicados editais de processos seletivos que preveem per\u00edodo de inscri\u00e7\u00f5es, documenta\u00e7\u00e3o necess\u00e1ria, linhas de pesquisa, disciplinas que ser\u00e3o oferecidas e os docentes que ser\u00e3o os orientadores dos candidatos aprovados. \u00c9 divulgado um edital anual para os processos seletivos em fluxo cont\u00ednuo com a possibilidade de ingresso praticamente durante todos os meses do ano. Podem ser divulgados at\u00e9 dois editais semestrais com oferta de vagas.<\/p><p>\u00a0<\/p><p>\u00a0<\/p><p><a name=\"7\"><\/a><\/p><p>\u00a0<\/p><p><strong>7 &#8211; O que \u00e9 um edital?<\/strong><\/p><p>\u00c9 um documento p\u00fablico do qual constam as condi\u00e7\u00f5es e informa\u00e7\u00f5es necess\u00e1rias para que o interessado possa candidatar-se a uma vaga no Mestrado. \u00c9 publicado no site da EEUSP, <a href=\"http:\/\/www.ee.usp.br\/\">www.ee.usp.br<\/a>, e no Di\u00e1rio Oficial. Os editais s\u00e3o divulgados no site da EEUSP, <a href=\"http:\/\/www.ee.usp.br\/\">www.ee.usp.br<\/a>, no link <a href=\"http:\/\/www.ee.usp.br\/site\/Index.php\/paginas\/mostrar\/1563\/2225\/153\">http:\/\/www.ee.usp.br\/site\/Index.php\/paginas\/mostrar\/1563\/2225\/153<\/a><\/p><p>\u00a0<\/p><p>\u00a0<\/p><p>\u00a0<\/p><p><a name=\"8\"><\/a><\/p><p>\u00a0<\/p><p><strong>8 &#8211; Como fa\u00e7o para entrar em contato com meu prov\u00e1vel orientador no Mestrado Profissional?<\/strong><\/p><p>As informa\u00e7\u00f5es sobre o corpo docente, incluindo\u00a0 e-mail e link para o Curr\u00edculo Lattes, est\u00e3o dispon\u00edveis no site da EEUSP, <a href=\"http:\/\/www.ee.usp.br\/\"><strong>www.ee.usp.br<\/strong><\/a><strong>, no link <\/strong><a href=\"http:\/\/www.ee.usp.br\/site\/Index.php\/paginas\/mostrar\/1562\/2225\/153\">http:\/\/www.ee.usp.br\/site\/Index.php\/paginas\/mostrar\/1562\/2225\/153<\/a>.<\/p><p>Sugere-se que o contato seja feito por e-mail e que o candidato procure participar de um grupo de pesquisa de interesse.<\/p><p>\u00a0<\/p><p>\u00a0<\/p><p>\u00a0<\/p><p><a name=\"9\"><\/a><\/p><p>\u00a0<\/p><p><strong>9 \u2013 Posso ter como orientador um docente de outra unidade da USP?<\/strong><\/p><p>Sim, desde que o docente esteja credenciado no MPAPS. Atualmente os docentes credenciados s\u00e3o:<\/p><p>Alfredo Almeida Pina de Oliveira<\/p><p>Anna Luiza de Fatima Pinho Lins Gryschek<\/p><p>Carla Andrea Trap\u00e9<\/p><p>C\u00e9lia Maria Sivalli Campos<\/p><p>C\u00e9lia Regina Maganha e Melo<\/p><p>Claudia Nery Teixeira Palombo<\/p><p>Dora Mariela Salcedo Barrientos<\/p><p>\u00c9rica Gomes Pereira<\/p><p>Gabriela Gon\u00e7alves Amaral<\/p><p>Lislaine Aparecida Fracolli<\/p><p>Lucas Cardoso dos Santos<\/p><p>Lucia Yasuko Izumi Nichiata<\/p><p>Maria Clara Padoveze Fonseca Barbosa<\/p><p>Maria Fernanda Terra<\/p><p>Marlise de Oliveira Pimentel Lima<\/p><p>Sayuri Tanaka Maeda<\/p><p>Sheila Aparecida Ferreira Lachtim<\/p><p>\u00a0<\/p><p>\u00a0<\/p><p><a name=\"10\"><\/a><\/p><p>\u00a0<\/p><p><strong>10 &#8211; Quanto custa para se inscrever no Programa? Qual o valor da mensalidade?<\/strong><\/p><p>Os cursos de P\u00f3s-Gradua\u00e7\u00e3o oferecidos pela Escola de Enfermagem da Universidade de S\u00e3o Paulo, EEUSP s\u00e3o gratuitos. H\u00e1, no entanto o recolhimento da taxa de inscri\u00e7\u00e3o do processo seletivo, divulgada nos editais correspondentes.<\/p><p>\u00a0<\/p><p>\u00a0<\/p><p><a name=\"11\"><\/a><\/p><p>\u00a0<\/p><p><strong>11 &#8211; Tenho que conhecer outro idioma para ingressar no Programa?<\/strong><\/p><p>Sim. O candidato a uma vaga no Programa MPAPS deve comprovar habilidade em l\u00edngua inglesa, atrav\u00e9s de atestado de aprova\u00e7\u00e3o em exame de profici\u00eancia, o que tem validade de dois anos. As institui\u00e7\u00f5es que aplicam exames aceitos pelo MPAPS e a nota m\u00ednima exigida constam dos editais dos processos seletivos.<\/p><p>\u00a0<\/p><p>\u00a0<\/p><p><a name=\"12\"><\/a><\/p><p>\u00a0<\/p><p><strong>12 &#8211; A USP oferece algum exame de profici\u00eancia em l\u00edngua inglesa para os candidatos ao Programa MPAPS?<\/strong><\/p><p>O Centro de L\u00ednguas FFLCH \u2013 USP, localizado no campus da Universidade no Butant\u00e3, publica periodicamente editais espec\u00edficos para a Escola de Enfermagem, dispon\u00edveis no site da EEUSP em http:\/\/www.ee.usp.br\/site\/Index.php\/paginas\/mostrar\/1247\/51. Importante ressaltar que, embora esses certificados sejam aceitos pelo Programa MPAPS, os per\u00edodos de prova n\u00e3o necessariamente coincidem com os per\u00edodos de sele\u00e7\u00e3o do Programa. <strong><u>Por isso, caso haja interesse em obter o certificado de profici\u00eancia da FFLCH \u00e9 importante que o candidato planeje sua participa\u00e7\u00e3o no processo seletivo com anteced\u00eancia. <\/u><\/strong><\/p><p>\u00a0<\/p><p>\u00a0<\/p><p><a name=\"13\"><\/a><\/p><p>\u00a0<\/p><p><strong>13 &#8211; Como aluno do Programa MPAPS, terei direito a meia passagem no transporte p\u00fablico?<\/strong><\/p><p>Sim. No munic\u00edpio de S\u00e3o Paulo, o p\u00f3s-graduando tem direito \u00e0 aquisi\u00e7\u00e3o de meia passagem de \u00f4nibus e metr\u00f4 (Bilhete \u00danico Estudante SPTrans). As informa\u00e7\u00f5es para a solicita\u00e7\u00e3o da carteira poder\u00e3o ser obtidas em <a href=\"http:\/\/sites.usp.br\/sas\/passe-escolar\/\">http:\/\/sites.usp.br\/sas\/passe-escolar\/<\/a>. A Declara\u00e7\u00e3o de frequ\u00eancia semanal \u00e0 Universidade, citada na referida p\u00e1gina, encontra-se dispon\u00edvel no site dos Programas de P\u00f3s-Gradua\u00e7\u00e3o. No caso de estudantes de outros munic\u00edpios e estados, deve-se buscar informa\u00e7\u00f5es diretamente nas empresas de transporte p\u00fablico utilizadas.<\/p><p>\u00a0<\/p><p>\u00a0<\/p><p><a name=\"14\"><\/a><\/p><p>\u00a0<\/p><p><strong>14 \u2013 \u00c9 poss\u00edvel cursar o Programa MPAPS trabalhando?<\/strong><\/p><p>\u00c9 poss\u00edvel e mesmo desej\u00e1vel, j\u00e1 que trata-se de modalidade de Mestrado voltada a responder problemas dos servi\u00e7os de sa\u00fade, notadamente (mas n\u00e3o exclusivamente) os que est\u00e3o no \u00e2mbito da Aten\u00e7\u00e3o Prim\u00e1ria em Sa\u00fade.<\/p><p>\u00a0<\/p><p>\u00a0<\/p><p><a name=\"15\"><\/a><\/p><p>\u00a0<\/p><p><strong>15 &#8211; Quais os dias e hor\u00e1rios das atividades do Mestrado Profissional?<\/strong><\/p><p>Atualmente, as aulas e outras atividades do Programa MPAPS acontecem \u00e0s quintas-feiras em per\u00edodo integral. Na inscri\u00e7\u00e3o dos candidatos aprovados \u00e9 requerida uma carta de libera\u00e7\u00e3o para as aulas, fornecida pela institui\u00e7\u00e3o na qual o candidato trabalha.<\/p><p>\u00a0<\/p><p>\u00a0<\/p><p><a name=\"16\"><\/a><\/p><p>\u00a0<\/p><p><strong>16 &#8211; O que \u00e9 uma Disserta\u00e7\u00e3o de Mestrado?<\/strong><\/p><p>De acordo com o Regimento de P\u00f3s-Gradua\u00e7\u00e3o da Universidade de S\u00e3o Paulo (Universidade de S\u00e3o Paulo, 2018) \u201cCap\u00edtulo II &#8211; Dos T\u00edtulos de Mestre e de Doutor &#8211; Artigo 5\u00ba \u2013 Os t\u00edtulos de Mestre ou de Doutor s\u00e3o obtidos ap\u00f3s cumprimento das exig\u00eancias do curso, incluindo a defesa da disserta\u00e7\u00e3o ou da tese. \u00a7 1\u00ba \u2013 Considera-se <strong><u>disserta\u00e7\u00e3o de Mestrado<\/u><\/strong> o texto resultante de trabalho supervisionado, que demonstre capacidade de sistematiza\u00e7\u00e3o cr\u00edtica do conhecimento acumulado sobre o tema tratado e de utiliza\u00e7\u00e3o de m\u00e9todos e t\u00e9cnicas de investiga\u00e7\u00e3o cient\u00edfica, tecnol\u00f3gica ou art\u00edstica, visando desenvolvimento acad\u00eamico ou profissional, de acordo com a natureza da \u00e1rea e os objetivos do curso. A Disserta\u00e7\u00e3o de Mestrado \u00e9 um trabalho acad\u00eamico solicitado para aqueles que pretendem obter o grau de Mestre.\u201d<\/p><p>\u00a0<\/p><p>\u00a0<\/p><p>\u00a0<\/p><p><a name=\"17\"><\/a><\/p><p>\u00a0<\/p><p><strong>17 &#8211; Como deve ser elaborada uma disserta\u00e7\u00e3o de Mestrado?<\/strong><\/p><p>\u00c9 poss\u00edvel acessar orienta\u00e7\u00f5es no regulamento do Programa MPAPS, <a href=\"http:\/\/www.ee.usp.br\/posgraduacao\/mestrado\/doc\/normas\/Regulamento_MPAPS_novo.pdf\">http:\/\/www.ee.usp.br\/posgraduacao\/mestrado\/doc\/normas\/Regulamento_MPAPS_novo.pdf<\/a>, bem como o <strong>\u201cGuia Pr\u00e1tico para elabora\u00e7\u00e3o de disserta\u00e7\u00e3o, tese, monografia e projeto de pesquisa\u201d<\/strong>, no link da Biblioteca Wanda de Aguiar Horta\u201d: <a href=\"http:\/\/www.ee.usp.br\/biblioteca\/doc\/Manual2017.pdf\">http:\/\/www.ee.usp.br\/biblioteca\/doc\/Manual2017.pdf<\/a><\/p><p>Tamb\u00e9m h\u00e1 um link com orienta\u00e7\u00f5es, <strong>\u201cDiretrizes para confec\u00e7\u00e3o de teses e disserta\u00e7\u00f5es\u201d no <\/strong>www.teses.usp.br:<\/p><p><a href=\"http:\/\/www.teses.usp.br\/index.php?option=com_content&amp;view=article&amp;id=52&amp;Itemid=67&amp;lang=pt-br\">http:\/\/www.teses.usp.br\/index.php?option=com_content&amp;view=article&amp;id=52&amp;Itemid=67&amp;lang=pt-br<\/a>. \u00c9 importante saber que todos os estudantes do Programa MPAPS cursar\u00e3o disciplinas de Metodologia em Pesquisa.<\/p><p>\u00a0<\/p><p>\u00a0<\/p><p>\u00a0<\/p><p><a name=\"18\"><\/a><\/p><p>\u00a0<\/p><p><strong>18 &#8211; Qual o t\u00edtulo que o p\u00f3s-graduando aprovado recebe ao final do curso?<\/strong><\/p><p>O aluno que cumprir todos os requisitos e ao final do curso obtiver \u00eaxito, com sua Disserta\u00e7\u00e3o aprovada pela Comiss\u00e3o Julgadora, receber\u00e1 o t\u00edtulo de Mestre (a) em Ci\u00eancias.<\/p><p>\u00a0<\/p><p>\u00a0<\/p><p><a name=\"19\"><\/a><\/p><p>\u00a0<\/p><p><strong>19 \u2013 O Programa disponibiliza as Disserta\u00e7\u00f5es dos P\u00f3s-Graduandos?<\/strong><\/p><p>Al\u00e9m da Disserta\u00e7\u00e3o, \u00e9 comum resultarem da pesquisa dos alunos outros tipos de produ\u00e7\u00e3o, como a elabora\u00e7\u00e3o de material did\u00e1tico e instrucional (como cartilhas informativas) e aplicativos.<\/p><p>As disserta\u00e7\u00f5es podem ser acessadas em <a href=\"https:\/\/www.teses.usp.br\/\" target=\"_blank\" rel=\"noopener\">https:\/\/www.teses.usp.br\/<\/a><\/p><p>As Produ\u00e7\u00f5es t\u00e9cnicas, em <a href=\"https:\/\/sites.usp.br\/mpaps\/producoes-tecnicas\/\" target=\"_blank\" rel=\"noopener\">https:\/\/sites.usp.br\/mpaps\/producoes-tecnicas\/<\/a><\/p><p>\u00a0<\/p><p>\u00a0<\/p><p>\u00a0<\/p><p><a name=\"20\"><\/a><\/p><p>\u00a0<\/p><p><strong>20 \u2013 D\u00favidas ainda? Entre em contato com o MPAPS:<\/strong><\/p><p>Contate o Servi\u00e7o de P\u00f3s-Gradua\u00e7\u00e3o da Escola de Enfermagem da Universidade de S\u00e3o Paulo.<\/p><p>A Secretaria funciona de segunda a sexta-feira, das 8 \u00e0s 17 horas na Av. Dr. En\u00e9as de Carvalho Aguiar, 419, 3\u00ba. Andar, sala 302.<\/p><p>A Escola fica pr\u00f3xima \u00e0 Esta\u00e7\u00e3o Cl\u00ednicas do metr\u00f4.<\/p><p>O e-mail do MPAPS \u00e9 o <a href=\"mailto:ppg.mpaps.ee@usp.br\"><strong>ppg.mpaps.ee@usp.br<\/strong><\/a>.<\/p><p>O telefone da Secretaria de P\u00f3s-Gradua\u00e7\u00e3o \u00e9 o 3061-7533.<\/p><p>\u00a0<\/p><p>\u00a0<\/p><p>\u00a0<\/p>\t\t\t\t\t\t<\/div>\n\t\t\t\t<\/div>\n\t\t\t\t\t<\/div>\n\t\t<\/div>\n\t\t\t\t\t<\/div>\n\t\t<\/section>\n\t\t\t\t<\/div>\n\t\t","protected":false},"excerpt":{"rendered":"<p>Perguntas Frequentes 1 &#8211; O que \u00e9 uma P\u00f3s-Gradua\u00e7\u00e3o? Quais os tipos de P\u00f3s-Gradua\u00e7\u00e3o existentes? 2 &#8211; O que \u00e9 Mestrado Profissional? 3 \u2013 Qual \u00e9 ent\u00e3o a diferen\u00e7a entre o Mestrado Profissional e o Mestrado Acad\u00eamico? 4 &#8211; O que significa MPAPS? 5 &#8211; Quais requisitos devo preencher para me candidatar a ser estudante [&hellip;]<\/p>\n","protected":false},"author":23730,"featured_media":0,"parent":0,"menu_order":0,"comment_status":"closed","ping_status":"closed","template":"","meta":{"footnotes":"","_links_to":"","_links_to_target":""},"class_list":["post-176","page","type-page","status-publish","hentry"],"_links":{"self":[{"href":"https:\/\/sites.usp.br\/mpaps\/wp-json\/wp\/v2\/pages\/176","targetHints":{"allow":["GET"]}}],"collection":[{"href":"https:\/\/sites.usp.br\/mpaps\/wp-json\/wp\/v2\/pages"}],"about":[{"href":"https:\/\/sites.usp.br\/mpaps\/wp-json\/wp\/v2\/types\/page"}],"author":[{"embeddable":true,"href":"https:\/\/sites.usp.br\/mpaps\/wp-json\/wp\/v2\/users\/23730"}],"replies":[{"embeddable":true,"href":"https:\/\/sites.usp.br\/mpaps\/wp-json\/wp\/v2\/comments?post=176"}],"version-history":[{"count":4,"href":"https:\/\/sites.usp.br\/mpaps\/wp-json\/wp\/v2\/pages\/176\/revisions"}],"predecessor-version":[{"id":959,"href":"https:\/\/sites.usp.br\/mpaps\/wp-json\/wp\/v2\/pages\/176\/revisions\/959"}],"wp:attachment":[{"href":"https:\/\/sites.usp.br\/mpaps\/wp-json\/wp\/v2\/media?parent=176"}],"curies":[{"name":"wp","href":"https:\/\/api.w.org\/{rel}","templated":true}]}}