{"id":363,"date":"2024-09-12T14:38:15","date_gmt":"2024-09-12T16:38:15","guid":{"rendered":"https:\/\/sites.usp.br\/mpaps\/?page_id=363"},"modified":"2025-12-17T14:24:14","modified_gmt":"2025-12-17T16:24:14","slug":"producoes-tecnicas-2015-a-2017","status":"publish","type":"page","link":"https:\/\/sites.usp.br\/mpaps\/producoes-tecnicas-2015-a-2017\/","title":{"rendered":"Produ\u00e7\u00f5es T\u00e9cnicas 2015 a 2017"},"content":{"rendered":"\t\t<div data-elementor-type=\"wp-page\" data-elementor-id=\"363\" class=\"elementor elementor-363\" data-elementor-post-type=\"page\">\n\t\t\t\t\t\t<section class=\"elementor-section elementor-top-section elementor-element elementor-element-bf24c8e elementor-section-boxed elementor-section-height-default elementor-section-height-default elementor-invisible\" data-id=\"bf24c8e\" data-element_type=\"section\" data-settings=\"{&quot;animation&quot;:&quot;fadeIn&quot;}\">\n\t\t\t\t\t\t<div class=\"elementor-container elementor-column-gap-default\">\n\t\t\t\t\t<div class=\"elementor-column elementor-col-100 elementor-top-column elementor-element elementor-element-f541fb5\" data-id=\"f541fb5\" data-element_type=\"column\">\n\t\t\t<div class=\"elementor-widget-wrap elementor-element-populated\">\n\t\t\t\t\t\t<div class=\"elementor-element elementor-element-bd98b3e elementor-widget__width-initial elementor-widget elementor-widget-heading\" data-id=\"bd98b3e\" data-element_type=\"widget\" data-widget_type=\"heading.default\">\n\t\t\t\t<div class=\"elementor-widget-container\">\n\t\t\t<h2 class=\"elementor-heading-title elementor-size-default\">Produ\u00e7\u00f5es T\u00e9cnicas 2015 a 2017<\/h2>\t\t<\/div>\n\t\t\t\t<\/div>\n\t\t\t\t\t<\/div>\n\t\t<\/div>\n\t\t\t\t\t<\/div>\n\t\t<\/section>\n\t\t\t\t<section class=\"elementor-section elementor-top-section elementor-element elementor-element-6189e017 elementor-section-boxed elementor-section-height-default elementor-section-height-default\" data-id=\"6189e017\" data-element_type=\"section\">\n\t\t\t\t\t\t<div class=\"elementor-container elementor-column-gap-default\">\n\t\t\t\t\t<div class=\"elementor-column elementor-col-100 elementor-top-column elementor-element elementor-element-5a63369b\" data-id=\"5a63369b\" data-element_type=\"column\">\n\t\t\t<div class=\"elementor-widget-wrap elementor-element-populated\">\n\t\t\t\t\t\t<div class=\"elementor-element elementor-element-7ab4126f elementor-widget elementor-widget-text-editor\" data-id=\"7ab4126f\" data-element_type=\"widget\" data-widget_type=\"text-editor.default\">\n\t\t\t\t<div class=\"elementor-widget-container\">\n\t\t\t\t\t\t\t<h3><span style=\"color: #1e70b9;\"><strong>2015<\/strong><\/span><\/h3><p>\u00bb\u00a0<a href=\"https:\/\/www.ee.usp.br\/posgraduacao\/mestrado\/apostilas\/Instrumento_Notifica%C3%A7%C3%A3o_Seg_Pac_APS.pdf\" target=\"_blank\" rel=\"noopener\">Notifica\u00e7\u00e3o de incidentes relacionados \u00e0 assist\u00eancia em servi\u00e7os de aten\u00e7\u00e3o prim\u00e1ria \u00e0 sa\u00fade<\/a><br \/>Autoras: Luciana Morais Borges e Prof.\u00aa Dr\u00aa Lislaine Aparecida Fracolli<br \/>Borges, Luciana Morais.\u00a0 Desenvolvimento de instrumento para notifica\u00e7\u00e3o de incidentes de seguran\u00e7a do paciente em servi\u00e7os de aten\u00e7\u00e3o prim\u00e1ria \u00e0 sa\u00fade. S\u00e3o Paulo. Disserta\u00e7\u00e3o (Mestrado) \u2013 Escola de Enfermagem da Universidade de S\u00e3o Paulo, 2015.<\/p><div><hr \/><\/div><div>\u00a0<\/div><div>\u00bb\u00a0<a href=\"https:\/\/www.ee.usp.br\/posgraduacao\/mestrado\/apostilas\/instrutivo_roteiro.pdf\" target=\"_blank\" rel=\"noopener\">Instrutivo e Roteiro para consulta de enfermagem no puerp\u00e9rio p\u00f3s-parto ces\u00e1reo<\/a><\/div><div>Autoras: M\u00e1rcia Regina Cunha e Prof.\u00aa Dr.\u00aa Lucia Yasuko Izumi Nichiata<br \/>Cunha, Marcia Regina. Vulnerabilidades das mulheres \u00e0 infec\u00e7\u00e3o de s\u00edtio cir\u00fargico p\u00f3s-parto ces\u00e1rea: proposta de um roteiro para aux\u00edlio \u00e0 consulta de enfermeiro na aten\u00e7\u00e3o b\u00e1sica. Disserta\u00e7\u00e3o [mestrado] \u2013 Escola de Enfermagem da Universidade de S\u00e3o Paulo, 2015.<\/div><div>\u00a0<\/div><div><div>\u00a0<\/div><div><hr \/><\/div><div>\u00bb<a href=\"https:\/\/www.ee.usp.br\/posgraduacao\/mestrado\/apostilas\/planilha_estratificacao.pdf\" target=\"_blank\" rel=\"noopener\">\u00a0Planilha para estratifica\u00e7\u00e3o de risco e proposta para um grupo de acompanhamento de autocuidado nas condi\u00e7\u00f5es cr\u00f4nicas na APS\u00a0<\/a><\/div><div>Autoras:\u00a0 Ver\u00f4nica de P\u00e1dua Mello e\u00a0Prof.\u00aa Dr\u00aa. Elma Lourdes Campos Pavone Zoboli<\/div><div>\u00a0<\/div><div>\u00a0<\/div><div><hr \/><\/div><div>\u00bb\u00a0<a href=\"https:\/\/www.ee.usp.br\/posgraduacao\/mestrado\/apostilas\/Prevenindo_excesso_peso_MPAPS.pdf\" target=\"_blank\" rel=\"noopener\">\u00c1lbum seriado: \u201cPrevenindo o excesso de peso infantil\u201d\u00a0<\/a><br \/>Autoras: Mirna Ferr\u00e9 Font\u00e3o M\u00e1s e Prof.\u00aa Dr.\u00aa Elizabeth Fujimori<br \/>M\u00e1s, Mirna Ferr\u00e9 Font\u00e3o. Preven\u00e7\u00e3o do excesso de peso infantil na aten\u00e7\u00e3o b\u00e1sica: constru\u00e7\u00e3o e valida\u00e7\u00e3o de de um \u00e1lbum seriado\u201d. Disserta\u00e7\u00e3o [mestrado] \u2013 Escola de Enfermagem da Universidade de S\u00e3o Paulo, 2015.<\/div><div>\u00a0<\/div><\/div><div>\u00a0<\/div><div><hr \/><hr \/><\/div><h3><strong><br \/><span style=\"color: #1e70b9;\">2016<\/span><\/strong><\/h3><div>\u00bb\u00a0<a href=\"https:\/\/www.ee.usp.br\/posgraduacao\/mestrado\/apostilas\/Selma_Rossi.pdf\" target=\"_blank\" rel=\"noopener\">Caderno Did\u00e1tico de Recomenda\u00e7\u00f5es Pr\u00e1ticas para Realiza\u00e7\u00e3o e Avalia\u00e7\u00e3o do Eletrocardiograma para Enfermeiros da Aten\u00e7\u00e3o Prim\u00e1ria de Sa\u00fade<\/a><br \/>Autoras: Selma Rossi Gentil e Prof.\u00aa Dr\u00aa. Lislaine Aparecida Fracolli<br \/>Gentil, Selma Rossi. Desenvolvimento de Caderno Sobre Avalia\u00e7\u00e3o do Eletrocardiograma: Contribui\u00e7\u00e3o para a Pr\u00e1tica de Enfermeiros da Aten\u00e7\u00e3o Prim\u00e1ria de Sa\u00fade. Disserta\u00e7\u00e3o [mestrado] \u2013 Escola de Enfermagem da Universidade de S\u00e3o Paulo, 2016.<\/div><div>\u00a0<\/div><div>\u00a0<\/div><hr \/><div><p>\u00bb\u00a0<a href=\"https:\/\/www.ee.usp.br\/posgraduacao\/mestrado\/apostilas\/Iara_Ribeiro.pdf\" target=\"_blank\" rel=\"noopener\">Caderno de educa\u00e7\u00e3o para ampliar a cr\u00edtica sobre o consumo de drogas: COMO TRABALHAR COM JOVENS<\/a><br \/>Autoras: Iara Ribeiro Paix\u00e3o e Prof.\u00aa Dr\u00aa C\u00e1ssia Baldini Soares<br \/>Paix\u00e3o, Iara Ribeiro. Pesquisa-a\u00e7\u00e3o emancipat\u00f3ria para constru\u00e7\u00e3o de material de apoio a atividades educativas sobre drogas. Disserta\u00e7\u00e3o [mestrado] \u2013 Escola de Enfermagem da Universidade de S\u00e3o Paulo, 2016.<\/p><hr \/><p><a href=\"http:\/\/www.teses.usp.br\/teses\/disponiveis\/7\/7144\/tde-19052017-102837\/pt-br.php\" target=\"_blank\" rel=\"noopener\">\u00bb\u00a0<\/a><a href=\"https:\/\/www.ee.usp.br\/posgraduacao\/mestrado\/apostilas\/Barreiras_organizacionais.pdf\" target=\"_blank\" rel=\"noopener\">Barreiras organizacionais para disponibiliza\u00e7\u00e3o dos dispositivo intrauterino indentificadas nos servi\u00e7os de Aten\u00e7\u00e3o B\u00e1sica \u00e0 Sa\u00fade em munic\u00edpios da macrorregi\u00e3o Sul de Minas<\/a><br \/>Autoras: Vanderl\u00e9a Aparecida Silva Gonzaga e Prof.\u00aa Dr\u00aa Ana Luiza Vilela Borges<br \/>Gonzaga, Vanderlea Aparecida Silva. Barreiras organizacionais para disponibiliza\u00e7\u00e3o do dispositivo intrauterino nos servi\u00e7os de Aten\u00e7\u00e3o B\u00e1sica \u00e0 Sa\u00fade (macrorregi\u00e3o Sul de Minas Gerais). Disserta\u00e7\u00e3o [mestrado] \u2013 Escola de Enfermagem da Universidade de S\u00e3o Paulo,\u00a0 2016.<\/p><hr \/><p>\u00bb Fluxograma de aten\u00e7\u00e3o \u00e0 pessoa com \u00falcera cr\u00f4nica de perna na rede municipal de sa\u00fade (<a href=\"https:\/\/www.ee.usp.br\/posgraduacao\/mestrado\/apostilas\/FIGURA_2_Fluxograma_A3.pdf\" target=\"_blank\" rel=\"noopener\">Figura 2<\/a>) (<a href=\"https:\/\/www.ee.usp.br\/posgraduacao\/mestrado\/apostilas\/FIGURA_6_Fluxograma_A3.pdf\" target=\"_blank\" rel=\"noopener\">Figura 6<\/a>)<br \/>Autoras: Aline Lino Balista e Prof.\u00aa Dr.\u00aa Lucia Yasuko Izumi Nichiata<br \/>Disserta\u00e7\u00e3o: Balista AL. Elabora\u00e7\u00e3o de uma linha de cuidado do indiv\u00edduo com \u00falcera cr\u00f4nica de perna, em um munic\u00edpio da regi\u00e3o metropolitana do Vale do Para\u00edba Paulista. Disserta\u00e7\u00e3o [mestrado] \u2013 Escola de Enfermagem da Universidade de S\u00e3o Paulo, 2016.<\/p><div><hr \/><\/div><div>\u00a0<\/div><div>\u00bb\u00a0<a href=\"https:\/\/www.ee.usp.br\/posgraduacao\/mestrado\/apostilas\/sua_vida_em_alta_definicao.pdf\" target=\"_blank\" rel=\"noopener\">Cartilha \u2013 Sua Vida em Alta defini\u00e7\u00e3o: conhecimento e manejo do Estresse<\/a><\/div><div>Autoras: Priscilla Brand\u00e3o Bacci Pegoraro e\u00a0Prof.\u00aa Dr.\u00aa Elma Lourdes Campos Pavone Zoboli<\/div><div>\u00a0<\/div><div><hr \/><\/div><div>\u00a0<\/div><div>\u00bb\u00a0<a href=\"https:\/\/sbim.org.br\/images\/books\/guia-imunizacao-areas-remotas.pdf\" target=\"_blank\" rel=\"noopener\">Guia de boas pr\u00e1ticas em imuniza\u00e7\u00e3o em \u00e1reas remotas de dif\u00edcil acesso<\/a><br \/>Autoras: Evelin Pl\u00e1cido dos Santos e Prof.\u00aa Dr.\u00aa Anna Luiza de F\u00e1tima Pinho Lins Gryschek<br \/>\u00c9 permitida a reprodu\u00e7\u00e3o parcial ou total desde que citada a fonte:<br \/>O programa de imuniza\u00e7\u00e3o em uma \u00e1rea isolada de dif\u00edcil acesso. Um olhar sobre o Parque Ind\u00edgena do Xingu. Disserta\u00e7\u00e3o [mestrado] \u2013 Escola de Enfermagem da Universidade de S\u00e3o Paulo, 2016.<\/div><\/div><div>\u00a0<\/div><div><hr \/><hr \/><\/div><h3>\u00a0<\/h3><h3><span style=\"color: #1e70b9;\"><strong>2017<\/strong><\/span><\/h3><div>\u00bb\u00a0<a href=\"https:\/\/www.ee.usp.br\/posgraduacao\/mestrado\/doc\/cuidados_paliativos.pdf\" target=\"_blank\" rel=\"noopener\">Cuidados Paliativos e Aten\u00e7\u00e3o Prim\u00e1ria \u00e0 Sa\u00fade: Proposi\u00e7\u00e3o de um Rol de A\u00e7\u00f5es de Enfermagem<\/a><br \/>Autoras: Paula Damaris Chagas Barrioso e Prof.\u00aa Dr.\u00aa\u00a0. Elma Lourdes Campos Pavone Zoboli<\/div><div>\u00a0<\/div><div><hr \/><p>\u00bb\u00a0<a href=\"https:\/\/www.ee.usp.br\/posgraduacao\/mestrado\/doc\/fluxograma_icsap_ana.pdf\" target=\"_blank\" rel=\"noopener\">Fluxograma de comunica\u00e7\u00e3o entre UPA e UBS para coordena\u00e7\u00e3o do cuidado dos pacientes com ICSAP<\/a><br \/>Autoras: Ana Cl\u00e1udia Medeiros Galv\u00e3o de Lima e Prof.\u00aas Dr.\u00aas\u00a0Lucia Yasuko Izumi Nichiata e Daiana Bonfim<\/p><\/div><div>\u00a0<\/div><div><hr \/><\/div><div>\u00bb\u00a0<a href=\"https:\/\/www.ee.usp.br\/posgraduacao\/mestrado\/apostilas\/Acoes_minimizar_perdas_vacinais.pdf\" target=\"_blank\" rel=\"noopener\">Cartilha: A\u00e7\u00f5es para minimizar as perdas vacinais<\/a><br \/>Autoras: Viviane Azevedo Coleto e Prof.\u00aa Dr.\u00aa Anna Luiza de F\u00e1tima Pinho Lins Gryschek<\/div><div>\u00a0<\/div><div><hr \/><\/div><div>\u00bb\u00a0<a href=\"https:\/\/www.ee.usp.br\/posgraduacao\/mestrado\/apostilas\/Protocolo.pdf\" target=\"_blank\" rel=\"noopener\">Protocolo de visitas de interven\u00e7\u00e3o\u00a0\u00a0\u00a0\u2013\u00a0 Programa Jovens M\u00e3es Cuidadoras<\/a><br \/>Autoras: Thais Pola Baptista Coelho e Prof.\u00aa Dr.\u00aa Lislaine Aparecida Fracolli<\/div><div>\u00a0<\/div><div><hr \/><p>\u00bb\u00a0<a href=\"https:\/\/www.ee.usp.br\/posgraduacao\/mestrado\/apostilas\/Mariana_Jacob_Bloch_Caderno.pdf\" target=\"_blank\" rel=\"noopener\">Caderno de Apoio aos Conselhos de Sa\u00fade<\/a><br \/>Autoras: Mariana Jacob Bloch e Prof.\u00aa Dr.\u00aa C\u00e1ssia Baldini Soares<\/p><hr \/><p>\u00bb\u00a0<a href=\"https:\/\/www.ee.usp.br\/posgraduacao\/mestrado\/apostilas\/metodologia_OSCE.pdf\" target=\"_blank\" rel=\"noopener\">Guia para aplica\u00e7\u00e3o da metodologia OSCE \u2013 Adaptado para o atendimento em parada cardiorrespirat\u00f3ria na Unidade B\u00e1sica de Sa\u00fade<\/a><br \/>Autoras: Alessandra Carvalho dos Santos da Silva e Prof.\u00aa Dr.\u00aa Sayuri Tanaka Maeda<\/p><hr \/><p>\u00bb\u00a0<a href=\"https:\/\/www.ee.usp.br\/posgraduacao\/mestrado\/apostilas\/Pollyana_Boaventura.pdf\" target=\"_blank\" rel=\"noopener\">Grupo Educativo de Promo\u00e7\u00e3o da Alimenta\u00e7\u00e3o Infantil Saud\u00e1vel em Unidades B\u00e1sicas de Sa\u00fade \u2013 Roteiro para implementa\u00e7\u00e3o<\/a><br \/>Autoras: Pollyana Boaventura Brito e Prof.\u00aa Dr.\u00aa Elizabeth Fujimori<\/p><\/div>\t\t\t\t\t\t<\/div>\n\t\t\t\t<\/div>\n\t\t\t\t\t<\/div>\n\t\t<\/div>\n\t\t\t\t\t<\/div>\n\t\t<\/section>\n\t\t\t\t<section class=\"elementor-section elementor-top-section elementor-element elementor-element-9ebb149 elementor-section-boxed elementor-section-height-default elementor-section-height-default\" data-id=\"9ebb149\" data-element_type=\"section\" data-settings=\"{&quot;background_background&quot;:&quot;classic&quot;}\">\n\t\t\t\t\t\t<div class=\"elementor-container elementor-column-gap-default\">\n\t\t\t\t\t<div class=\"elementor-column elementor-col-100 elementor-top-column elementor-element elementor-element-dc3e4a2\" data-id=\"dc3e4a2\" data-element_type=\"column\">\n\t\t\t<div class=\"elementor-widget-wrap elementor-element-populated\">\n\t\t\t\t\t\t<div class=\"elementor-element elementor-element-8ab8839 elementor-widget-divider--view-line elementor-widget elementor-widget-divider\" data-id=\"8ab8839\" data-element_type=\"widget\" data-widget_type=\"divider.default\">\n\t\t\t\t<div class=\"elementor-widget-container\">\n\t\t\t\t\t<div class=\"elementor-divider\">\n\t\t\t<span class=\"elementor-divider-separator\">\n\t\t\t\t\t\t<\/span>\n\t\t<\/div>\n\t\t\t\t<\/div>\n\t\t\t\t<\/div>\n\t\t\t\t\t<\/div>\n\t\t<\/div>\n\t\t\t\t\t<\/div>\n\t\t<\/section>\n\t\t\t\t<section class=\"elementor-section elementor-top-section elementor-element elementor-element-6f0d0ad elementor-section-boxed elementor-section-height-default elementor-section-height-default\" data-id=\"6f0d0ad\" data-element_type=\"section\">\n\t\t\t\t\t\t<div class=\"elementor-container elementor-column-gap-default\">\n\t\t\t\t\t<div class=\"elementor-column elementor-col-100 elementor-top-column elementor-element elementor-element-037c71c\" data-id=\"037c71c\" data-element_type=\"column\">\n\t\t\t<div class=\"elementor-widget-wrap elementor-element-populated\">\n\t\t\t\t\t\t<div class=\"elementor-element elementor-element-c6a7c95 elementor-widget elementor-widget-text-editor\" data-id=\"c6a7c95\" data-element_type=\"widget\" data-widget_type=\"text-editor.default\">\n\t\t\t\t<div class=\"elementor-widget-container\">\n\t\t\t\t\t\t\t<p><span style=\"color: #1e70b9;\"><strong>Programa de P\u00f3s-Gradua\u00e7\u00e3o Mestrado Profissional em Enfermagem na Aten\u00e7\u00e3o Prim\u00e1ria em Sa\u00fade no Sistema \u00danico de Sa\u00fade \u2013 MPAPS<\/strong><\/span><\/p><p><span style=\"color: #0d4e71;\"><strong>Telefone:<\/strong> (11) 3061-7533 | <strong>E-mail:<\/strong>\u00a0<a style=\"color: #0d4e71;\" href=\"mailto:ppg.mpaps.ee@usp.br\" target=\"_blank\" rel=\"noopener\">ppg.mpaps.ee@usp.br<\/a><\/span><\/p><div><p><span style=\"color: #0d4e71;\"><strong>Hor\u00e1rio de atendimento: <\/strong>Segunda a sexta, das 8h \u00e0s 17h<\/span><\/p><\/div>\t\t\t\t\t\t<\/div>\n\t\t\t\t<\/div>\n\t\t\t\t\t<\/div>\n\t\t<\/div>\n\t\t\t\t\t<\/div>\n\t\t<\/section>\n\t\t\t\t<section class=\"elementor-section elementor-top-section elementor-element elementor-element-3a80b41 elementor-section-boxed elementor-section-height-default elementor-section-height-default\" data-id=\"3a80b41\" data-element_type=\"section\">\n\t\t\t\t\t\t<div class=\"elementor-container elementor-column-gap-default\">\n\t\t\t\t\t<div class=\"elementor-column elementor-col-100 elementor-top-column elementor-element elementor-element-6e9acf4\" data-id=\"6e9acf4\" data-element_type=\"column\">\n\t\t\t<div class=\"elementor-widget-wrap elementor-element-populated\">\n\t\t\t\t\t\t<div class=\"elementor-element elementor-element-c48de12 elementor-widget-divider--view-line elementor-widget elementor-widget-divider\" data-id=\"c48de12\" data-element_type=\"widget\" data-widget_type=\"divider.default\">\n\t\t\t\t<div class=\"elementor-widget-container\">\n\t\t\t\t\t<div class=\"elementor-divider\">\n\t\t\t<span class=\"elementor-divider-separator\">\n\t\t\t\t\t\t<\/span>\n\t\t<\/div>\n\t\t\t\t<\/div>\n\t\t\t\t<\/div>\n\t\t\t\t\t<\/div>\n\t\t<\/div>\n\t\t\t\t\t<\/div>\n\t\t<\/section>\n\t\t\t\t<section class=\"elementor-section elementor-top-section elementor-element elementor-element-6819338 elementor-section-boxed elementor-section-height-default elementor-section-height-default\" data-id=\"6819338\" data-element_type=\"section\">\n\t\t\t\t\t\t<div class=\"elementor-container elementor-column-gap-default\">\n\t\t\t\t\t<div class=\"elementor-column elementor-col-100 elementor-top-column elementor-element elementor-element-1f19e76\" data-id=\"1f19e76\" data-element_type=\"column\">\n\t\t\t<div class=\"elementor-widget-wrap elementor-element-populated\">\n\t\t\t\t\t\t<div class=\"elementor-element elementor-element-33b1489 elementor-widget elementor-widget-spacer\" data-id=\"33b1489\" data-element_type=\"widget\" data-widget_type=\"spacer.default\">\n\t\t\t\t<div class=\"elementor-widget-container\">\n\t\t\t\t\t<div class=\"elementor-spacer\">\n\t\t\t<div class=\"elementor-spacer-inner\"><\/div>\n\t\t<\/div>\n\t\t\t\t<\/div>\n\t\t\t\t<\/div>\n\t\t\t\t\t<\/div>\n\t\t<\/div>\n\t\t\t\t\t<\/div>\n\t\t<\/section>\n\t\t\t\t<\/div>\n\t\t","protected":false},"excerpt":{"rendered":"<p>Produ\u00e7\u00f5es T\u00e9cnicas 2015 a 2017 2015 \u00bb\u00a0Notifica\u00e7\u00e3o de incidentes relacionados \u00e0 assist\u00eancia em servi\u00e7os de aten\u00e7\u00e3o prim\u00e1ria \u00e0 sa\u00fadeAutoras: Luciana Morais Borges e Prof.\u00aa Dr\u00aa Lislaine Aparecida FracolliBorges, Luciana Morais.\u00a0 Desenvolvimento de instrumento para notifica\u00e7\u00e3o de incidentes de seguran\u00e7a do paciente em servi\u00e7os de aten\u00e7\u00e3o prim\u00e1ria \u00e0 sa\u00fade. S\u00e3o Paulo. Disserta\u00e7\u00e3o (Mestrado) \u2013 Escola de [&hellip;]<\/p>\n","protected":false},"author":23730,"featured_media":0,"parent":0,"menu_order":0,"comment_status":"closed","ping_status":"closed","template":"","meta":{"footnotes":"","_links_to":"","_links_to_target":""},"class_list":["post-363","page","type-page","status-publish","hentry"],"_links":{"self":[{"href":"https:\/\/sites.usp.br\/mpaps\/wp-json\/wp\/v2\/pages\/363","targetHints":{"allow":["GET"]}}],"collection":[{"href":"https:\/\/sites.usp.br\/mpaps\/wp-json\/wp\/v2\/pages"}],"about":[{"href":"https:\/\/sites.usp.br\/mpaps\/wp-json\/wp\/v2\/types\/page"}],"author":[{"embeddable":true,"href":"https:\/\/sites.usp.br\/mpaps\/wp-json\/wp\/v2\/users\/23730"}],"replies":[{"embeddable":true,"href":"https:\/\/sites.usp.br\/mpaps\/wp-json\/wp\/v2\/comments?post=363"}],"version-history":[{"count":4,"href":"https:\/\/sites.usp.br\/mpaps\/wp-json\/wp\/v2\/pages\/363\/revisions"}],"predecessor-version":[{"id":974,"href":"https:\/\/sites.usp.br\/mpaps\/wp-json\/wp\/v2\/pages\/363\/revisions\/974"}],"wp:attachment":[{"href":"https:\/\/sites.usp.br\/mpaps\/wp-json\/wp\/v2\/media?parent=363"}],"curies":[{"name":"wp","href":"https:\/\/api.w.org\/{rel}","templated":true}]}}