{"id":430,"date":"2025-07-22T10:42:56","date_gmt":"2025-07-22T12:42:56","guid":{"rendered":"https:\/\/sites.usp.br\/mpaps\/?page_id=430"},"modified":"2026-03-27T09:42:17","modified_gmt":"2026-03-27T11:42:17","slug":"producoes-tecnicas-2025","status":"publish","type":"page","link":"https:\/\/sites.usp.br\/mpaps\/producoes-tecnicas-2025\/","title":{"rendered":"Produ\u00e7\u00f5es T\u00e9cnicas 2025"},"content":{"rendered":"\t\t<div data-elementor-type=\"wp-page\" data-elementor-id=\"430\" class=\"elementor elementor-430\" data-elementor-post-type=\"page\">\n\t\t\t\t\t\t<section class=\"elementor-section elementor-top-section elementor-element elementor-element-85d7d6f elementor-section-boxed elementor-section-height-default elementor-section-height-default elementor-invisible\" data-id=\"85d7d6f\" data-element_type=\"section\" data-settings=\"{&quot;animation&quot;:&quot;fadeIn&quot;}\">\n\t\t\t\t\t\t<div class=\"elementor-container elementor-column-gap-default\">\n\t\t\t\t\t<div class=\"elementor-column elementor-col-100 elementor-top-column elementor-element elementor-element-a3a93f3\" data-id=\"a3a93f3\" data-element_type=\"column\">\n\t\t\t<div class=\"elementor-widget-wrap elementor-element-populated\">\n\t\t\t\t\t\t<div class=\"elementor-element elementor-element-cc29d3d elementor-widget__width-initial elementor-widget elementor-widget-heading\" data-id=\"cc29d3d\" data-element_type=\"widget\" data-widget_type=\"heading.default\">\n\t\t\t\t<div class=\"elementor-widget-container\">\n\t\t\t<h2 class=\"elementor-heading-title elementor-size-default\">Produ\u00e7\u00f5es T\u00e9cnicas 2025<\/h2>\t\t<\/div>\n\t\t\t\t<\/div>\n\t\t\t\t\t<\/div>\n\t\t<\/div>\n\t\t\t\t\t<\/div>\n\t\t<\/section>\n\t\t\t\t<section class=\"elementor-section elementor-top-section elementor-element elementor-element-1e570d39 elementor-section-boxed elementor-section-height-default elementor-section-height-default\" data-id=\"1e570d39\" data-element_type=\"section\">\n\t\t\t\t\t\t<div class=\"elementor-container elementor-column-gap-default\">\n\t\t\t\t\t<div class=\"elementor-column elementor-col-100 elementor-top-column elementor-element elementor-element-73a542a\" data-id=\"73a542a\" data-element_type=\"column\">\n\t\t\t<div class=\"elementor-widget-wrap elementor-element-populated\">\n\t\t\t\t\t\t<div class=\"elementor-element elementor-element-26381e5f elementor-widget elementor-widget-text-editor\" data-id=\"26381e5f\" data-element_type=\"widget\" data-widget_type=\"text-editor.default\">\n\t\t\t\t<div class=\"elementor-widget-container\">\n\t\t\t\t\t\t\t<p>\u00bb\u00a0<a href=\"https:\/\/sites.usp.br\/mpaps\/wp-content\/uploads\/sites\/1336\/2025\/10\/O-Cuidado-do-Enfermeiro-para-Gestantes-com-Infeccao-do-Trato-Urinario_-Uma-Cartilha-para-Atencao-Primaria-a-Saude.pdf\" target=\"_blank\" rel=\"noopener\">O cuidado do enfermeiro para gestantes com infec\u00e7\u00e3o do trato urin\u00e1rio: uma cartilha para Aten\u00e7\u00e3o Prim\u00e1ria \u00e0 Sa\u00fade<\/a><br \/>Autores: Jamile Leite de Figueiredo e Profa. Dra. Maria Clara Padoveze<\/p><p>\u00bb\u00a0<a href=\"https:\/\/www.ee.usp.br\/wp-content\/uploads\/2025\/04\/Paternidade-ativa-na-primeirissima-infancia-um-programa-de-engaj.pdf\" target=\"_blank\" rel=\"noopener\">Paternidade ativa na primeir\u00edssima inf\u00e2ncia: um programa de engajamento para servi\u00e7os da Aten\u00e7\u00e3o Prim\u00e1ria \u00e0 Sa\u00fade<\/a><br \/>Autores: Priscila Senna Mayrbaurl e Profa. Dra. Claudia Nery Teixeira Palombo<\/p><p>\u00bb\u00a0<a href=\"https:\/\/www.ee.usp.br\/wp-content\/uploads\/2025\/04\/FOTOLIVRO-Sinteses-Viaveis_-Natalia-Caroline-Peccin-Goncalves_20241224_191832_0000_compressed.pdf\" target=\"_blank\" rel=\"noopener\">S\u00ednteses Vi\u00e1veis:retratos do sofrimento ps\u00edquico na universidade pelo olhar de trabalhadoras da sa\u00fade<\/a><br \/>Autores: Nat\u00e1lia Caroline Peccin Gon\u00e7alves (ORG) e Profa. Dra. C\u00e9lia Maria Sivalli Campos<\/p><p>\u00bb\u00a0<a href=\"https:\/\/www.ee.usp.br\/wp-content\/uploads\/2025\/05\/Unitarizacao_antibioticos_APS_MarianaLino_05_2025.pdf\" target=\"_blank\" rel=\"noopener\">Unitariza\u00e7\u00e3o de Antibi\u00f3ticos na Aten\u00e7\u00e3o B\u00e1sica: uma proposta de protocolo<\/a><br \/>Autora: Mariana Lino de Oliveira Santos<br \/>Orienta\u00e7\u00e3o: Profa. Dra. Maria Clara Padoveze<\/p><p><span class=\"cf0\">\u00bb <a href=\"https:\/\/sites.usp.br\/mpaps\/wp-content\/uploads\/sites\/1336\/2025\/11\/Produto-Tecnico-Plano-de-Contingencia-OFICIAL.pdf\" target=\"_blank\" rel=\"noopener\">GUIA PR\u00c1TICO PARA PLANOS DE CONTING\u00caNCIA NA APS: Estrat\u00e9gias para responder a demandas vari\u00e1veis e situa\u00e7\u00f5es incomuns de forma a facilitar o acesso<\/a><br \/><\/span><span class=\"cf0\">Autoras: Daniela Cristina Geraldo e Profa. Dra. <\/span><span class=\"cf0\">Lislaine<\/span><span class=\"cf0\"> Aparecida Fracolli<br \/><br \/><\/span>\u00bb <a href=\"https:\/\/sites.usp.br\/mpaps\/wp-content\/uploads\/sites\/1336\/2026\/03\/PTT-Vozes-das-transformacoes-com-as-das-Praticas-Integrativa.pdf\" target=\"_blank\" rel=\"noopener\">Vozes das transforma\u00e7\u00f5es com as das Pr\u00e1ticas Integrativas e Complementares em Sa\u00fade nas UBS\/ESF<\/a> <br \/>Autoras: B\u00e1rbara de Paula Mijas Saffiotti e Profa. Dra. Sayuri Tanaka Maeda<\/p><p>\u00bb <a href=\"https:\/\/sites.usp.br\/mpaps\/wp-content\/uploads\/sites\/1336\/2026\/03\/PTT-GUIA-PRATICO-INFOGRAFICO-Fortalecendo-Vinculos-Familiares.pdf\" target=\"_blank\" rel=\"noopener\">Guia Pr\u00e1tico: Fortalecendo V\u00ednculos Familiares para o desenvolvimento infantil<\/a><br \/>Autoras: Elaine Cristina Pereira e Profa. Dra. Lucia Yasuko Izumi Nichiata<\/p><p><span class=\"cf0\">\u00a0<\/span><\/p><p><!--EndFragment --><\/p>\t\t\t\t\t\t<\/div>\n\t\t\t\t<\/div>\n\t\t\t\t\t<\/div>\n\t\t<\/div>\n\t\t\t\t\t<\/div>\n\t\t<\/section>\n\t\t\t\t<section class=\"elementor-section elementor-top-section elementor-element elementor-element-b034ad3 elementor-section-boxed elementor-section-height-default elementor-section-height-default\" data-id=\"b034ad3\" data-element_type=\"section\" data-settings=\"{&quot;background_background&quot;:&quot;classic&quot;}\">\n\t\t\t\t\t\t<div class=\"elementor-container elementor-column-gap-default\">\n\t\t\t\t\t<div class=\"elementor-column elementor-col-100 elementor-top-column elementor-element elementor-element-e883ccd\" data-id=\"e883ccd\" data-element_type=\"column\">\n\t\t\t<div class=\"elementor-widget-wrap elementor-element-populated\">\n\t\t\t\t\t\t<div class=\"elementor-element elementor-element-e26cdf7 elementor-widget-divider--view-line elementor-widget elementor-widget-divider\" data-id=\"e26cdf7\" data-element_type=\"widget\" data-widget_type=\"divider.default\">\n\t\t\t\t<div class=\"elementor-widget-container\">\n\t\t\t\t\t<div class=\"elementor-divider\">\n\t\t\t<span class=\"elementor-divider-separator\">\n\t\t\t\t\t\t<\/span>\n\t\t<\/div>\n\t\t\t\t<\/div>\n\t\t\t\t<\/div>\n\t\t\t\t\t<\/div>\n\t\t<\/div>\n\t\t\t\t\t<\/div>\n\t\t<\/section>\n\t\t\t\t<section class=\"elementor-section elementor-top-section elementor-element elementor-element-ceb236c elementor-section-boxed elementor-section-height-default elementor-section-height-default\" data-id=\"ceb236c\" data-element_type=\"section\">\n\t\t\t\t\t\t<div class=\"elementor-container elementor-column-gap-default\">\n\t\t\t\t\t<div class=\"elementor-column elementor-col-100 elementor-top-column elementor-element elementor-element-8b31d61\" data-id=\"8b31d61\" data-element_type=\"column\">\n\t\t\t<div class=\"elementor-widget-wrap elementor-element-populated\">\n\t\t\t\t\t\t<div class=\"elementor-element elementor-element-9962ebb elementor-widget elementor-widget-text-editor\" data-id=\"9962ebb\" data-element_type=\"widget\" data-widget_type=\"text-editor.default\">\n\t\t\t\t<div class=\"elementor-widget-container\">\n\t\t\t\t\t\t\t<p><span style=\"color: #1e70b9;\"><strong>Programa de P\u00f3s-Gradua\u00e7\u00e3o Mestrado Profissional em Enfermagem na Aten\u00e7\u00e3o Prim\u00e1ria em Sa\u00fade no Sistema \u00danico de Sa\u00fade \u2013 MPAPS<\/strong><\/span><\/p><p><span style=\"color: #0d4e71;\"><strong>Telefone:<\/strong> (11) 3061-7533 | <strong>E-mail:<\/strong>\u00a0<a style=\"color: #0d4e71;\" href=\"mailto:ppg.mpaps.ee@usp.br\" target=\"_blank\" rel=\"noopener\">ppg.mpaps.ee@usp.br<\/a><\/span><\/p><div><p><span style=\"color: #0d4e71;\"><strong>Hor\u00e1rio de atendimento: <\/strong>Segunda a sexta, das 8h \u00e0s 17h<\/span><\/p><\/div>\t\t\t\t\t\t<\/div>\n\t\t\t\t<\/div>\n\t\t\t\t\t<\/div>\n\t\t<\/div>\n\t\t\t\t\t<\/div>\n\t\t<\/section>\n\t\t\t\t<section class=\"elementor-section elementor-top-section elementor-element elementor-element-485349a elementor-section-boxed elementor-section-height-default elementor-section-height-default\" data-id=\"485349a\" data-element_type=\"section\">\n\t\t\t\t\t\t<div class=\"elementor-container elementor-column-gap-default\">\n\t\t\t\t\t<div class=\"elementor-column elementor-col-100 elementor-top-column elementor-element elementor-element-aec1fbc\" data-id=\"aec1fbc\" data-element_type=\"column\">\n\t\t\t<div class=\"elementor-widget-wrap elementor-element-populated\">\n\t\t\t\t\t\t<div class=\"elementor-element elementor-element-142145e elementor-widget-divider--view-line elementor-widget elementor-widget-divider\" data-id=\"142145e\" data-element_type=\"widget\" data-widget_type=\"divider.default\">\n\t\t\t\t<div class=\"elementor-widget-container\">\n\t\t\t\t\t<div class=\"elementor-divider\">\n\t\t\t<span class=\"elementor-divider-separator\">\n\t\t\t\t\t\t<\/span>\n\t\t<\/div>\n\t\t\t\t<\/div>\n\t\t\t\t<\/div>\n\t\t\t\t\t<\/div>\n\t\t<\/div>\n\t\t\t\t\t<\/div>\n\t\t<\/section>\n\t\t\t\t<section class=\"elementor-section elementor-top-section elementor-element elementor-element-a109683 elementor-section-boxed elementor-section-height-default elementor-section-height-default\" data-id=\"a109683\" data-element_type=\"section\">\n\t\t\t\t\t\t<div class=\"elementor-container elementor-column-gap-default\">\n\t\t\t\t\t<div class=\"elementor-column elementor-col-100 elementor-top-column elementor-element elementor-element-9ce18e5\" data-id=\"9ce18e5\" data-element_type=\"column\">\n\t\t\t<div class=\"elementor-widget-wrap elementor-element-populated\">\n\t\t\t\t\t\t<div class=\"elementor-element elementor-element-ed5cd70 elementor-widget elementor-widget-spacer\" data-id=\"ed5cd70\" data-element_type=\"widget\" data-widget_type=\"spacer.default\">\n\t\t\t\t<div class=\"elementor-widget-container\">\n\t\t\t\t\t<div class=\"elementor-spacer\">\n\t\t\t<div class=\"elementor-spacer-inner\"><\/div>\n\t\t<\/div>\n\t\t\t\t<\/div>\n\t\t\t\t<\/div>\n\t\t\t\t\t<\/div>\n\t\t<\/div>\n\t\t\t\t\t<\/div>\n\t\t<\/section>\n\t\t\t\t<\/div>\n\t\t","protected":false},"excerpt":{"rendered":"<p>Produ\u00e7\u00f5es T\u00e9cnicas 2025 \u00bb\u00a0O cuidado do enfermeiro para gestantes com infec\u00e7\u00e3o do trato urin\u00e1rio: uma cartilha para Aten\u00e7\u00e3o Prim\u00e1ria \u00e0 Sa\u00fadeAutores: Jamile Leite de Figueiredo e Profa. Dra. Maria Clara Padoveze \u00bb\u00a0Paternidade ativa na primeir\u00edssima inf\u00e2ncia: um programa de engajamento para servi\u00e7os da Aten\u00e7\u00e3o Prim\u00e1ria \u00e0 Sa\u00fadeAutores: Priscila Senna Mayrbaurl e Profa. Dra. Claudia Nery [&hellip;]<\/p>\n","protected":false},"author":23730,"featured_media":0,"parent":0,"menu_order":0,"comment_status":"closed","ping_status":"closed","template":"","meta":{"footnotes":"","_links_to":"","_links_to_target":""},"class_list":["post-430","page","type-page","status-publish","hentry"],"_links":{"self":[{"href":"https:\/\/sites.usp.br\/mpaps\/wp-json\/wp\/v2\/pages\/430","targetHints":{"allow":["GET"]}}],"collection":[{"href":"https:\/\/sites.usp.br\/mpaps\/wp-json\/wp\/v2\/pages"}],"about":[{"href":"https:\/\/sites.usp.br\/mpaps\/wp-json\/wp\/v2\/types\/page"}],"author":[{"embeddable":true,"href":"https:\/\/sites.usp.br\/mpaps\/wp-json\/wp\/v2\/users\/23730"}],"replies":[{"embeddable":true,"href":"https:\/\/sites.usp.br\/mpaps\/wp-json\/wp\/v2\/comments?post=430"}],"version-history":[{"count":4,"href":"https:\/\/sites.usp.br\/mpaps\/wp-json\/wp\/v2\/pages\/430\/revisions"}],"predecessor-version":[{"id":1033,"href":"https:\/\/sites.usp.br\/mpaps\/wp-json\/wp\/v2\/pages\/430\/revisions\/1033"}],"wp:attachment":[{"href":"https:\/\/sites.usp.br\/mpaps\/wp-json\/wp\/v2\/media?parent=430"}],"curies":[{"name":"wp","href":"https:\/\/api.w.org\/{rel}","templated":true}]}}