{"id":459,"date":"2025-07-22T10:56:57","date_gmt":"2025-07-22T12:56:57","guid":{"rendered":"https:\/\/sites.usp.br\/mpaps\/?page_id=459"},"modified":"2025-12-17T11:46:57","modified_gmt":"2025-12-17T13:46:57","slug":"contato-3","status":"publish","type":"page","link":"https:\/\/sites.usp.br\/mpaps\/contato-3\/","title":{"rendered":"Contato"},"content":{"rendered":"\t\t<div data-elementor-type=\"wp-page\" data-elementor-id=\"459\" class=\"elementor elementor-459\" data-elementor-post-type=\"page\">\n\t\t\t\t\t\t<section class=\"elementor-section elementor-top-section elementor-element elementor-element-2aa24af elementor-section-boxed elementor-section-height-default elementor-section-height-default elementor-invisible\" data-id=\"2aa24af\" data-element_type=\"section\" data-settings=\"{&quot;animation&quot;:&quot;fadeIn&quot;}\">\n\t\t\t\t\t\t<div class=\"elementor-container elementor-column-gap-default\">\n\t\t\t\t\t<div class=\"elementor-column elementor-col-100 elementor-top-column elementor-element elementor-element-5fc2058\" data-id=\"5fc2058\" data-element_type=\"column\">\n\t\t\t<div class=\"elementor-widget-wrap elementor-element-populated\">\n\t\t\t\t\t\t<div class=\"elementor-element elementor-element-16abacc elementor-widget__width-initial elementor-widget elementor-widget-heading\" data-id=\"16abacc\" data-element_type=\"widget\" data-widget_type=\"heading.default\">\n\t\t\t\t<div class=\"elementor-widget-container\">\n\t\t\t<h2 class=\"elementor-heading-title elementor-size-default\">Contato<\/h2>\t\t<\/div>\n\t\t\t\t<\/div>\n\t\t\t\t\t<\/div>\n\t\t<\/div>\n\t\t\t\t\t<\/div>\n\t\t<\/section>\n\t\t\t\t<section class=\"elementor-section elementor-top-section elementor-element elementor-element-25fb2ab5 elementor-section-boxed elementor-section-height-default elementor-section-height-default\" data-id=\"25fb2ab5\" data-element_type=\"section\">\n\t\t\t\t\t\t<div class=\"elementor-container elementor-column-gap-default\">\n\t\t\t\t\t<div class=\"elementor-column elementor-col-100 elementor-top-column elementor-element elementor-element-23ff0a83\" data-id=\"23ff0a83\" data-element_type=\"column\">\n\t\t\t<div class=\"elementor-widget-wrap elementor-element-populated\">\n\t\t\t\t\t\t<div class=\"elementor-element elementor-element-15902dab elementor-widget elementor-widget-text-editor\" data-id=\"15902dab\" data-element_type=\"widget\" data-widget_type=\"text-editor.default\">\n\t\t\t\t<div class=\"elementor-widget-container\">\n\t\t\t\t\t\t\t<div><p><span style=\"color: #1e70b9;\"><strong>Servi\u00e7o de P\u00f3s-Gradua\u00e7\u00e3o da EEUSP<\/strong><\/span><\/p><\/div><div><span style=\"color: #0d4e71;\">Av. Dr. En\u00e9as de Carvalho Aguiar, 419 \u2013 Sala 305, 3\u00b0 andar<\/span><\/div><div><p><span style=\"color: #0d4e71;\">CEP. 05403-000 \u2013 S\u00e3o Paulo \u2013 SP \u2013 Brasil<\/span><\/p><\/div><div><span style=\"color: #0d4e71;\"><strong>Telefone:<\/strong>\u00a0(11) 3061-7533<\/span><\/div><div><span style=\"color: #0d4e71;\"><strong>E-mail:<\/strong>\u00a0<a href=\"mailto:ppg.mpaps.ee@usp.br\" target=\"_blank\" rel=\"noopener\">ppg.mpaps.ee@usp.br<\/a><\/span><\/div><div><div><span style=\"color: #0d4e71;\"><strong>Hor\u00e1rio de atendimento:<\/strong><\/span><\/div><div><div><span style=\"color: #0d4e71;\">Segunda a sexta, das 8h \u00e0s 17h<\/span><\/div><\/div><\/div>\t\t\t\t\t\t<\/div>\n\t\t\t\t<\/div>\n\t\t\t\t\t<\/div>\n\t\t<\/div>\n\t\t\t\t\t<\/div>\n\t\t<\/section>\n\t\t\t\t<section class=\"elementor-section elementor-top-section elementor-element elementor-element-290d455 elementor-section-boxed elementor-section-height-default elementor-section-height-default\" data-id=\"290d455\" data-element_type=\"section\">\n\t\t\t\t\t\t<div class=\"elementor-container elementor-column-gap-default\">\n\t\t\t\t\t<div class=\"elementor-column elementor-col-100 elementor-top-column elementor-element elementor-element-e940b74\" data-id=\"e940b74\" data-element_type=\"column\">\n\t\t\t<div class=\"elementor-widget-wrap elementor-element-populated\">\n\t\t\t\t\t\t<div class=\"elementor-element elementor-element-577af96 elementor-widget elementor-widget-spacer\" data-id=\"577af96\" data-element_type=\"widget\" data-widget_type=\"spacer.default\">\n\t\t\t\t<div class=\"elementor-widget-container\">\n\t\t\t\t\t<div class=\"elementor-spacer\">\n\t\t\t<div class=\"elementor-spacer-inner\"><\/div>\n\t\t<\/div>\n\t\t\t\t<\/div>\n\t\t\t\t<\/div>\n\t\t\t\t\t<\/div>\n\t\t<\/div>\n\t\t\t\t\t<\/div>\n\t\t<\/section>\n\t\t\t\t<\/div>\n\t\t","protected":false},"excerpt":{"rendered":"<p>Contato Servi\u00e7o de P\u00f3s-Gradua\u00e7\u00e3o da EEUSP Av. Dr. En\u00e9as de Carvalho Aguiar, 419 \u2013 Sala 305, 3\u00b0 andar CEP. 05403-000 \u2013 S\u00e3o Paulo \u2013 SP \u2013 Brasil Telefone:\u00a0(11) 3061-7533E-mail:\u00a0ppg.mpaps.ee@usp.brHor\u00e1rio de atendimento:Segunda a sexta, das 8h \u00e0s 17h<\/p>\n","protected":false},"author":23730,"featured_media":0,"parent":0,"menu_order":0,"comment_status":"closed","ping_status":"closed","template":"","meta":{"footnotes":"","_links_to":"","_links_to_target":""},"class_list":["post-459","page","type-page","status-publish","hentry"],"_links":{"self":[{"href":"https:\/\/sites.usp.br\/mpaps\/wp-json\/wp\/v2\/pages\/459","targetHints":{"allow":["GET"]}}],"collection":[{"href":"https:\/\/sites.usp.br\/mpaps\/wp-json\/wp\/v2\/pages"}],"about":[{"href":"https:\/\/sites.usp.br\/mpaps\/wp-json\/wp\/v2\/types\/page"}],"author":[{"embeddable":true,"href":"https:\/\/sites.usp.br\/mpaps\/wp-json\/wp\/v2\/users\/23730"}],"replies":[{"embeddable":true,"href":"https:\/\/sites.usp.br\/mpaps\/wp-json\/wp\/v2\/comments?post=459"}],"version-history":[{"count":4,"href":"https:\/\/sites.usp.br\/mpaps\/wp-json\/wp\/v2\/pages\/459\/revisions"}],"predecessor-version":[{"id":947,"href":"https:\/\/sites.usp.br\/mpaps\/wp-json\/wp\/v2\/pages\/459\/revisions\/947"}],"wp:attachment":[{"href":"https:\/\/sites.usp.br\/mpaps\/wp-json\/wp\/v2\/media?parent=459"}],"curies":[{"name":"wp","href":"https:\/\/api.w.org\/{rel}","templated":true}]}}