{"id":1218,"date":"2019-05-22T11:07:31","date_gmt":"2019-05-22T14:07:31","guid":{"rendered":"http:\/\/sites.usp.br\/mpmed\/?page_id=1218"},"modified":"2023-01-26T13:45:59","modified_gmt":"2023-01-26T16:45:59","slug":"informacoes-academicas","status":"publish","type":"page","link":"https:\/\/sites.usp.br\/mpmed\/es\/informacoes-academicas\/","title":{"rendered":"Informa\u00e7\u00f5es Acad\u00eamicas"},"content":{"rendered":"\t\t<div data-elementor-type=\"wp-post\" data-elementor-id=\"1218\" class=\"elementor elementor-1218\" data-elementor-post-type=\"page\">\n\t\t\t\t\t\t<section class=\"elementor-section elementor-top-section elementor-element elementor-element-1a14eb5 elementor-section-boxed elementor-section-height-default elementor-section-height-default\" data-id=\"1a14eb5\" data-element_type=\"section\">\n\t\t\t\t\t\t<div class=\"elementor-container elementor-column-gap-default\">\n\t\t\t\t\t<div class=\"elementor-column elementor-col-100 elementor-top-column elementor-element elementor-element-c8057d5\" data-id=\"c8057d5\" data-element_type=\"column\">\n\t\t\t<div class=\"elementor-widget-wrap elementor-element-populated\">\n\t\t\t\t\t\t<div class=\"elementor-element elementor-element-43d303e elementor-arrows-position-inside elementor-pagination-position-outside elementor-widget elementor-widget-image-carousel\" data-id=\"43d303e\" data-element_type=\"widget\" data-settings=\"{&quot;slides_to_show&quot;:&quot;1&quot;,&quot;autoplay_speed&quot;:5030,&quot;navigation&quot;:&quot;both&quot;,&quot;autoplay&quot;:&quot;yes&quot;,&quot;pause_on_hover&quot;:&quot;yes&quot;,&quot;pause_on_interaction&quot;:&quot;yes&quot;,&quot;infinite&quot;:&quot;yes&quot;,&quot;effect&quot;:&quot;slide&quot;,&quot;speed&quot;:500}\" data-widget_type=\"image-carousel.default\">\n\t\t\t\t<div class=\"elementor-widget-container\">\n\t\t\t\t\t<div class=\"elementor-image-carousel-wrapper swiper\" dir=\"ltr\">\n\t\t\t<div class=\"elementor-image-carousel swiper-wrapper\" aria-live=\"off\">\n\t\t\t\t\t\t\t\t<div class=\"swiper-slide\" role=\"group\" aria-roledescription=\"slide\" aria-label=\"1 de 4\"><figure class=\"swiper-slide-inner\"><img decoding=\"async\" class=\"swiper-slide-image\" src=\"https:\/\/sites.usp.br\/mpmed\/wp-content\/uploads\/sites\/478\/2020\/10\/PicsArt_10-28-08.00.17-300x131.jpg\" alt=\"PicsArt_10-28-08.00.17\" \/><\/figure><\/div><div class=\"swiper-slide\" role=\"group\" aria-roledescription=\"slide\" aria-label=\"2 de 4\"><figure class=\"swiper-slide-inner\"><img decoding=\"async\" class=\"swiper-slide-image\" src=\"https:\/\/sites.usp.br\/mpmed\/wp-content\/uploads\/sites\/478\/2020\/10\/PicsArt_10-28-07.59.24-300x138.jpg\" alt=\"PicsArt_10-28-07.59.24\" \/><\/figure><\/div><div class=\"swiper-slide\" role=\"group\" aria-roledescription=\"slide\" aria-label=\"3 de 4\"><figure class=\"swiper-slide-inner\"><img decoding=\"async\" class=\"swiper-slide-image\" src=\"https:\/\/sites.usp.br\/mpmed\/wp-content\/uploads\/sites\/478\/2020\/10\/PicsArt_10-28-08.00.43-300x136.jpg\" alt=\"PicsArt_10-28-08.00.43\" \/><\/figure><\/div><div class=\"swiper-slide\" role=\"group\" aria-roledescription=\"slide\" aria-label=\"4 de 4\"><figure class=\"swiper-slide-inner\"><img decoding=\"async\" class=\"swiper-slide-image\" src=\"https:\/\/sites.usp.br\/mpmed\/wp-content\/uploads\/sites\/478\/2020\/10\/PicsArt_10-28-08.01.08-300x140.jpg\" alt=\"PicsArt_10-28-08.01.08\" \/><\/figure><\/div>\t\t\t<\/div>\n\t\t\t\t\t\t\t\t\t\t\t\t<div class=\"elementor-swiper-button elementor-swiper-button-prev\" role=\"button\" tabindex=\"0\">\n\t\t\t\t\t\t<i aria-hidden=\"true\" class=\"eicon-chevron-left\"><\/i>\t\t\t\t\t<\/div>\n\t\t\t\t\t<div class=\"elementor-swiper-button elementor-swiper-button-next\" role=\"button\" tabindex=\"0\">\n\t\t\t\t\t\t<i aria-hidden=\"true\" class=\"eicon-chevron-right\"><\/i>\t\t\t\t\t<\/div>\n\t\t\t\t\n\t\t\t\t\t\t\t\t\t<div class=\"swiper-pagination\"><\/div>\n\t\t\t\t\t\t\t\t\t<\/div>\n\t\t\t\t<\/div>\n\t\t\t\t<\/div>\n\t\t\t\t<div class=\"elementor-element elementor-element-b6b0a5d elementor-widget elementor-widget-text-editor\" data-id=\"b6b0a5d\" data-element_type=\"widget\" data-widget_type=\"text-editor.default\">\n\t\t\t\t<div class=\"elementor-widget-container\">\n\t\t\t\t\t\t\t<h3><strong><span style=\"color: #000000;\">Fluxograma &#8211; Dep\u00f3sito de Disserta\u00e7\u00e3o<\/span><\/strong><\/h3><p><div style=\"width: 854px;\" class=\"wp-video\"><video class=\"wp-video-shortcode\" id=\"video-1218-1\" width=\"854\" height=\"480\" preload=\"metadata\" controls=\"controls\"><source type=\"video\/mp4\" src=\"https:\/\/sites.usp.br\/mpmed\/wp-content\/uploads\/sites\/478\/2021\/06\/KIT-fluxograma-deposito-dissertac\u0327ao.mp4?_=1\" \/><a href=\"https:\/\/sites.usp.br\/mpmed\/wp-content\/uploads\/sites\/478\/2021\/06\/KIT-fluxograma-deposito-dissertac\u0327ao.mp4\">https:\/\/sites.usp.br\/mpmed\/wp-content\/uploads\/sites\/478\/2021\/06\/KIT-fluxograma-deposito-dissertac\u0327ao.mp4<\/a><\/video><\/div><\/p><p>\u00a0<\/p>\t\t\t\t\t\t<\/div>\n\t\t\t\t<\/div>\n\t\t\t\t<div class=\"elementor-element elementor-element-2fe143f elementor-widget elementor-widget-text-editor\" data-id=\"2fe143f\" data-element_type=\"widget\" data-widget_type=\"text-editor.default\">\n\t\t\t\t<div class=\"elementor-widget-container\">\n\t\t\t\t\t\t\t<p><\/p><ul><li style=\"font-weight: 400;\" aria-level=\"1\"><strong><a href=\"https:\/\/cpg.fmrp.usp.br\/alunos\/ingressantes\">Informaciones para estudiantes nuevos<\/a><\/strong><\/li><li style=\"font-weight: 400;\" aria-level=\"1\"><strong><a href=\"https:\/\/cpg.fmrp.usp.br\/informacoes\/solicitar-documentos\">Solicitar documentos<\/a><\/strong><\/li><li style=\"font-weight: 400;\" aria-level=\"1\"><strong><a href=\"https:\/\/sites.usp.br\/mpmed\/wp-content\/uploads\/sites\/478\/2020\/10\/Tutorial-Requerimento-Online-Sistema-Janus.pdf\">Tutorial de requerimiento en l\u00ednea &#8211; Sistema Janus<\/a><\/strong><\/li><li style=\"font-weight: 400;\" aria-level=\"1\"><strong><a href=\"https:\/\/sites.usp.br\/mpmed\/wp-content\/uploads\/sites\/478\/2019\/09\/10062019_Produc\u0327a\u0303o-Te\u0301cnica-CAPES.pdf\">Producci\u00f3n t\u00e9cnica \u2013 CAPES<\/a><\/strong><\/li><li style=\"font-weight: 400;\" aria-level=\"1\"><strong><a href=\"https:\/\/sites.usp.br\/mpmed\/wp-content\/uploads\/sites\/478\/2021\/04\/Diretrizes-Disserta\u00e7\u00e3o-ABNT-SiBiUSP.pdf\">Directrices para disertaciones y tesis ABNT<\/a><\/strong><\/li><li style=\"font-weight: 400;\" aria-level=\"1\"><strong><a href=\"https:\/\/sites.usp.br\/mpmed\/wp-content\/uploads\/sites\/478\/2021\/01\/Modelo-Ficha-Catalografica-Biblioteca-Central-USP.doc\">Modelo de cat\u00e1logo &#8211; Biblioteca central de la USP<\/a><\/strong><\/li><\/ul><p><\/p>\t\t\t\t\t\t<\/div>\n\t\t\t\t<\/div>\n\t\t\t\t\t<\/div>\n\t\t<\/div>\n\t\t\t\t\t<\/div>\n\t\t<\/section>\n\t\t\t\t<section class=\"elementor-section elementor-top-section elementor-element elementor-element-70c9119 elementor-section-boxed elementor-section-height-default elementor-section-height-default\" data-id=\"70c9119\" data-element_type=\"section\">\n\t\t\t\t\t\t<div class=\"elementor-container elementor-column-gap-default\">\n\t\t\t\t\t<div class=\"elementor-column elementor-col-100 elementor-top-column elementor-element elementor-element-ccd3731\" data-id=\"ccd3731\" data-element_type=\"column\">\n\t\t\t<div class=\"elementor-widget-wrap elementor-element-populated\">\n\t\t\t\t\t\t<div class=\"elementor-element elementor-element-1e79e94 elementor-widget elementor-widget-toggle\" data-id=\"1e79e94\" data-element_type=\"widget\" data-widget_type=\"toggle.default\">\n\t\t\t\t<div class=\"elementor-widget-container\">\n\t\t\t\t\t<div class=\"elementor-toggle\">\n\t\t\t\t\t\t\t<div class=\"elementor-toggle-item\">\n\t\t\t\t\t<div id=\"elementor-tab-title-3191\" class=\"elementor-tab-title\" data-tab=\"1\" role=\"button\" aria-controls=\"elementor-tab-content-3191\" aria-expanded=\"false\">\n\t\t\t\t\t\t\t\t\t\t\t\t<span class=\"elementor-toggle-icon elementor-toggle-icon-left\" aria-hidden=\"true\">\n\t\t\t\t\t\t\t\t\t\t\t\t\t\t\t<span class=\"elementor-toggle-icon-closed\"><i class=\"fas fa-caret-right\"><\/i><\/span>\n\t\t\t\t\t\t\t\t<span class=\"elementor-toggle-icon-opened\"><i class=\"elementor-toggle-icon-opened fas fa-caret-up\"><\/i><\/span>\n\t\t\t\t\t\t\t\t\t\t\t\t\t<\/span>\n\t\t\t\t\t\t\t\t\t\t\t\t<a class=\"elementor-toggle-title\" tabindex=\"0\">Sustentaci\u00f3n Parcial<\/a>\n\t\t\t\t\t<\/div>\n\n\t\t\t\t\t<div id=\"elementor-tab-content-3191\" class=\"elementor-tab-content elementor-clearfix\" data-tab=\"1\" role=\"region\" aria-labelledby=\"elementor-tab-title-3191\"><p><\/p><\/div>\n\t\t\t\t<\/div>\n\t\t\t\t\t\t\t<div class=\"elementor-toggle-item\">\n\t\t\t\t\t<div id=\"elementor-tab-title-3192\" class=\"elementor-tab-title\" data-tab=\"2\" role=\"button\" aria-controls=\"elementor-tab-content-3192\" aria-expanded=\"false\">\n\t\t\t\t\t\t\t\t\t\t\t\t<span class=\"elementor-toggle-icon elementor-toggle-icon-left\" aria-hidden=\"true\">\n\t\t\t\t\t\t\t\t\t\t\t\t\t\t\t<span class=\"elementor-toggle-icon-closed\"><i class=\"fas fa-caret-right\"><\/i><\/span>\n\t\t\t\t\t\t\t\t<span class=\"elementor-toggle-icon-opened\"><i class=\"elementor-toggle-icon-opened fas fa-caret-up\"><\/i><\/span>\n\t\t\t\t\t\t\t\t\t\t\t\t\t<\/span>\n\t\t\t\t\t\t\t\t\t\t\t\t<a class=\"elementor-toggle-title\" tabindex=\"0\">Sustentaci\u00f3n Final <\/a>\n\t\t\t\t\t<\/div>\n\n\t\t\t\t\t<div id=\"elementor-tab-content-3192\" class=\"elementor-tab-content elementor-clearfix\" data-tab=\"2\" role=\"region\" aria-labelledby=\"elementor-tab-title-3192\"><p><\/p><\/div>\n\t\t\t\t<\/div>\n\t\t\t\t\t\t\t\t<\/div>\n\t\t\t\t<\/div>\n\t\t\t\t<\/div>\n\t\t\t\t\t<\/div>\n\t\t<\/div>\n\t\t\t\t\t<\/div>\n\t\t<\/section>\n\t\t\t\t<section class=\"elementor-section elementor-top-section elementor-element elementor-element-c9c7a26 elementor-section-boxed elementor-section-height-default elementor-section-height-default\" data-id=\"c9c7a26\" data-element_type=\"section\">\n\t\t\t\t\t\t<div class=\"elementor-container elementor-column-gap-default\">\n\t\t\t\t\t<div class=\"elementor-column elementor-col-100 elementor-top-column elementor-element elementor-element-ebf5662\" data-id=\"ebf5662\" data-element_type=\"column\">\n\t\t\t<div class=\"elementor-widget-wrap elementor-element-populated\">\n\t\t\t\t\t\t<div class=\"elementor-element elementor-element-1881687 elementor-widget elementor-widget-text-editor\" data-id=\"1881687\" data-element_type=\"widget\" data-widget_type=\"text-editor.default\">\n\t\t\t\t<div class=\"elementor-widget-container\">\n\t\t\t\t\t\t\t<p><strong><span style=\"font-weight: 400;\">Para hacer la inscripci\u00f3n para la sustentaci\u00f3n final y realizar el dep\u00f3sito, es necesario verificar las fechas de las reuniones del Comit\u00e9 Coordinador del Programa &#8211; CCP, ya que todos los documentos deben contar con su aprobaci\u00f3n (Fechas de las Reuniones del CCP). En el caso de dep\u00f3sitos, luego de esta aprobaci\u00f3n, se debe verificar el cronograma de reuniones del Comit\u00e9 de Posgrado &#8211; CPG y se deben seguir los plazos para los dep\u00f3sitos de acuerdo a la fecha de la respectiva reuni\u00f3n (Fechas de las Reuniones de la CPG).<\/span><\/strong><\/p>\t\t\t\t\t\t<\/div>\n\t\t\t\t<\/div>\n\t\t\t\t\t<\/div>\n\t\t<\/div>\n\t\t\t\t\t<\/div>\n\t\t<\/section>\n\t\t\t\t<\/div>\n\t\t","protected":false},"excerpt":{"rendered":"<p>Anterior Pr\u00f3ximo Fluxograma &#8211; Dep\u00f3sito de Disserta\u00e7\u00e3o \u00a0 Informaciones para estudiantes nuevos Solicitar documentos Tutorial de requerimiento en l\u00ednea &#8211; Sistema Janus Producci\u00f3n t\u00e9cnica \u2013 CAPES Directrices para disertaciones y tesis ABNT Modelo de cat\u00e1logo &#8211; Biblioteca central de la USP Sustentaci\u00f3n Parcial Sustentaci\u00f3n Final Para hacer la inscripci\u00f3n para la sustentaci\u00f3n final y realizar [&hellip;]<\/p>\n","protected":false},"author":894,"featured_media":0,"parent":0,"menu_order":0,"comment_status":"closed","ping_status":"closed","template":"","meta":{"ocean_post_layout":"","ocean_both_sidebars_style":"","ocean_both_sidebars_content_width":0,"ocean_both_sidebars_sidebars_width":0,"ocean_sidebar":"0","ocean_second_sidebar":"0","ocean_disable_margins":"enable","ocean_add_body_class":"","ocean_shortcode_before_top_bar":"","ocean_shortcode_after_top_bar":"","ocean_shortcode_before_header":"","ocean_shortcode_after_header":"","ocean_has_shortcode":"","ocean_shortcode_after_title":"","ocean_shortcode_before_footer_widgets":"","ocean_shortcode_after_footer_widgets":"","ocean_shortcode_before_footer_bottom":"","ocean_shortcode_after_footer_bottom":"","ocean_display_top_bar":"default","ocean_display_header":"default","ocean_header_style":"","ocean_center_header_left_menu":"0","ocean_custom_header_template":"0","ocean_custom_logo":0,"ocean_custom_retina_logo":0,"ocean_custom_logo_max_width":0,"ocean_custom_logo_tablet_max_width":0,"ocean_custom_logo_mobile_max_width":0,"ocean_custom_logo_max_height":0,"ocean_custom_logo_tablet_max_height":0,"ocean_custom_logo_mobile_max_height":0,"ocean_header_custom_menu":"0","ocean_menu_typo_font_family":"0","ocean_menu_typo_font_subset":"","ocean_menu_typo_font_size":0,"ocean_menu_typo_font_size_tablet":0,"ocean_menu_typo_font_size_mobile":0,"ocean_menu_typo_font_size_unit":"px","ocean_menu_typo_font_weight":"","ocean_menu_typo_font_weight_tablet":"","ocean_menu_typo_font_weight_mobile":"","ocean_menu_typo_transform":"","ocean_menu_typo_transform_tablet":"","ocean_menu_typo_transform_mobile":"","ocean_menu_typo_line_height":0,"ocean_menu_typo_line_height_tablet":0,"ocean_menu_typo_line_height_mobile":0,"ocean_menu_typo_line_height_unit":"","ocean_menu_typo_spacing":0,"ocean_menu_typo_spacing_tablet":0,"ocean_menu_typo_spacing_mobile":0,"ocean_menu_typo_spacing_unit":"","ocean_menu_link_color":"","ocean_menu_link_color_hover":"","ocean_menu_link_color_active":"","ocean_menu_link_background":"","ocean_menu_link_hover_background":"","ocean_menu_link_active_background":"","ocean_menu_social_links_bg":"","ocean_menu_social_hover_links_bg":"","ocean_menu_social_links_color":"","ocean_menu_social_hover_links_color":"","ocean_disable_title":"default","ocean_disable_heading":"default","ocean_post_title":"","ocean_post_subheading":"","ocean_post_title_style":"","ocean_post_title_background_color":"","ocean_post_title_background":0,"ocean_post_title_bg_image_position":"","ocean_post_title_bg_image_attachment":"","ocean_post_title_bg_image_repeat":"","ocean_post_title_bg_image_size":"","ocean_post_title_height":0,"ocean_post_title_bg_overlay":0.5,"ocean_post_title_bg_overlay_color":"","ocean_disable_breadcrumbs":"default","ocean_breadcrumbs_color":"","ocean_breadcrumbs_separator_color":"","ocean_breadcrumbs_links_color":"","ocean_breadcrumbs_links_hover_color":"","ocean_display_footer_widgets":"default","ocean_display_footer_bottom":"default","ocean_custom_footer_template":"0","footnotes":"","_links_to":"","_links_to_target":""},"class_list":["post-1218","page","type-page","status-publish","hentry","entry"],"_links":{"self":[{"href":"https:\/\/sites.usp.br\/mpmed\/es\/wp-json\/wp\/v2\/pages\/1218","targetHints":{"allow":["GET"]}}],"collection":[{"href":"https:\/\/sites.usp.br\/mpmed\/es\/wp-json\/wp\/v2\/pages"}],"about":[{"href":"https:\/\/sites.usp.br\/mpmed\/es\/wp-json\/wp\/v2\/types\/page"}],"author":[{"embeddable":true,"href":"https:\/\/sites.usp.br\/mpmed\/es\/wp-json\/wp\/v2\/users\/894"}],"replies":[{"embeddable":true,"href":"https:\/\/sites.usp.br\/mpmed\/es\/wp-json\/wp\/v2\/comments?post=1218"}],"version-history":[{"count":4,"href":"https:\/\/sites.usp.br\/mpmed\/es\/wp-json\/wp\/v2\/pages\/1218\/revisions"}],"predecessor-version":[{"id":4567,"href":"https:\/\/sites.usp.br\/mpmed\/es\/wp-json\/wp\/v2\/pages\/1218\/revisions\/4567"}],"wp:attachment":[{"href":"https:\/\/sites.usp.br\/mpmed\/es\/wp-json\/wp\/v2\/media?parent=1218"}],"curies":[{"name":"wp","href":"https:\/\/api.w.org\/{rel}","templated":true}]}}