{"id":821,"date":"2019-05-07T15:40:52","date_gmt":"2019-05-07T18:40:52","guid":{"rendered":"http:\/\/sites.usp.br\/mpmed\/?page_id=821"},"modified":"2021-08-25T16:58:04","modified_gmt":"2021-08-25T19:58:04","slug":"disciplinas","status":"publish","type":"page","link":"https:\/\/sites.usp.br\/mpmed\/es\/disciplinas\/","title":{"rendered":"Asignaturas"},"content":{"rendered":"\t\t<div data-elementor-type=\"wp-post\" data-elementor-id=\"821\" class=\"elementor elementor-821\" data-elementor-post-type=\"page\">\n\t\t\t\t\t\t<section class=\"elementor-section elementor-top-section elementor-element elementor-element-edfc6c9 elementor-section-boxed elementor-section-height-default elementor-section-height-default\" data-id=\"edfc6c9\" data-element_type=\"section\">\n\t\t\t\t\t\t<div class=\"elementor-container elementor-column-gap-default\">\n\t\t\t\t\t<div class=\"elementor-column elementor-col-100 elementor-top-column elementor-element elementor-element-949de48\" data-id=\"949de48\" data-element_type=\"column\">\n\t\t\t<div class=\"elementor-widget-wrap elementor-element-populated\">\n\t\t\t\t\t\t<div class=\"elementor-element elementor-element-046a30c elementor-widget elementor-widget-text-editor\" data-id=\"046a30c\" data-element_type=\"widget\" data-widget_type=\"text-editor.default\">\n\t\t\t\t<div class=\"elementor-widget-container\">\n\t\t\t\t\t\t\t<p><\/p>\n<h2><strong><em><span style=\"color: #000000;\">Cat\u00e1logo de Asignaturas<\/span><\/em><\/strong><\/h2>\n<ul>\n<li><strong><a href=\"https:\/\/sites.usp.br\/mpmed\/wp-content\/uploads\/sites\/478\/2019\/06\/Aspectos-Did\u00e1ticos-e-Pedag\u00f3gicos-em-Especialidades-M\u00e9dicas.pdf\" target=\"_blank\" rel=\"noopener\">Aspectos did\u00e1cticos y pedag\u00f3gicos en especialidades m\u00e9dicas<\/a><\/strong><\/li>\n<li><strong><a href=\"https:\/\/sites.usp.br\/mpmed\/wp-content\/uploads\/sites\/478\/2019\/06\/Atualiza\u00e7\u00f5es-em-Infectologia-I.pdf\" target=\"_blank\" rel=\"noopener\">Actualizaciones en Infectolog\u00eda I<\/a><\/strong><\/li>\n<li><strong><a href=\"https:\/\/sites.usp.br\/mpmed\/wp-content\/uploads\/sites\/478\/2019\/06\/Atualiza\u00e7\u00f5es-em-Infectologia-II.pdf\" target=\"_blank\" rel=\"noopener\">Actualizaciones en Infectolog\u00eda II<\/a><\/strong><\/li>\n<li><strong><a href=\"https:\/\/sites.usp.br\/mpmed\/wp-content\/uploads\/sites\/478\/2019\/06\/Bio\u00e9tica-e-\u00c9tica-M\u00e9dica.pdf\" target=\"_blank\" rel=\"noopener\">Bio\u00e9tica y \u00e9tica m\u00e9dica<\/a><\/strong><\/li>\n<li><strong><a href=\"https:\/\/sites.usp.br\/mpmed\/wp-content\/uploads\/sites\/478\/2019\/06\/Epidemiologia-Geral.pdf\" target=\"_blank\" rel=\"noopener\">Epidemiolog\u00eda general<\/a><\/strong><\/li>\n<li><strong><a href=\"https:\/\/sites.usp.br\/mpmed\/wp-content\/uploads\/sites\/478\/2019\/06\/Estrat\u00e9gias-para-o-Tratamento-das-Doen\u00e7as-Vasculares-Complexas.pdf\" target=\"_blank\" rel=\"noopener\">Estrategias para el tratamiento de enfermedades vasculares complejas<\/a><\/strong><\/li>\n<li><strong><a href=\"https:\/\/sites.usp.br\/mpmed\/wp-content\/uploads\/sites\/478\/2019\/06\/M\u00e9todos-de-Investiga\u00e7\u00e3o-em-Pesquisa-Cl\u00ednica.pdf\" target=\"_blank\" rel=\"noopener\">M\u00e9todos de investigaci\u00f3n en investigaci\u00f3n cl\u00ednica<\/a><\/strong><\/li>\n<li><strong><a href=\"https:\/\/sites.usp.br\/mpmed\/wp-content\/uploads\/sites\/478\/2019\/06\/Portugu\u00eas-Instrumental.pdf\" target=\"_blank\" rel=\"noopener\">Portugu\u00e9s instrumental<\/a><\/strong><\/li>\n<li><strong><a href=\"https:\/\/sites.usp.br\/mpmed\/wp-content\/uploads\/sites\/478\/2019\/06\/Princ\u00edpios-Gen\u00e9ticos-Moleculares-e-Cl\u00ednicos-de-Doen\u00e7as-Endocrinol\u00f3gicas-em-Pediatria.pdf\" target=\"_blank\" rel=\"noopener\">Principios gen\u00e9ticos, moleculares y cl\u00ednicos de las enfermedades endocrinol\u00f3gicas en pediatr\u00eda<\/a><\/strong><\/li>\n<li><strong><a href=\"https:\/\/sites.usp.br\/mpmed\/wp-content\/uploads\/sites\/478\/2019\/06\/Sa\u00fade-Mental-em-Cuidados-Prim\u00e1rios-de-Sa\u00fade.pdf\" target=\"_blank\" rel=\"noopener\">La salud mental en la atenci\u00f3n primaria de salud<\/a><\/strong><\/li>\n<li><strong><a href=\"https:\/\/sites.usp.br\/mpmed\/wp-content\/uploads\/sites\/478\/2019\/06\/Semin\u00e1rios-em-Gesta\u00e7\u00e3o-de-Alto-Risco-I.pdf\" target=\"_blank\" rel=\"noopener\">Seminarios sobre embarazos de alto riesgo I<\/a><\/strong><\/li>\n<li><strong><a href=\"https:\/\/sites.usp.br\/mpmed\/wp-content\/uploads\/sites\/478\/2019\/06\/Semin\u00e1rios-em-Gesta\u00e7\u00e3o-de-Alto-Risco-II.pdf\" target=\"_blank\" rel=\"noopener\">Seminarios sobre embarazos de alto riesgo II<\/a><\/strong><\/li>\n<li><strong><a href=\"https:\/\/sites.usp.br\/mpmed\/wp-content\/uploads\/sites\/478\/2019\/06\/Semin\u00e1rios-em-Infectologia-I.pdf\" target=\"_blank\" rel=\"noopener\">Seminarios de Infectolog\u00eda I<\/a><\/strong><\/li>\n<li><strong><a href=\"https:\/\/sites.usp.br\/mpmed\/wp-content\/uploads\/sites\/478\/2019\/06\/Semin\u00e1rios-em-Infectologia-II.pdf\" target=\"_blank\" rel=\"noopener\">Seminarios de Infectolog\u00eda II<\/a><\/strong><\/li>\n<li><strong><a href=\"https:\/\/sites.usp.br\/mpmed\/wp-content\/uploads\/sites\/478\/2019\/06\/Semin\u00e1rios-em-Psiquiatria-I.pdf\" target=\"_blank\" rel=\"noopener\">Semin\u00e1rios de Psiquiatria I<\/a><\/strong><\/li>\n<li><strong><a href=\"https:\/\/sites.usp.br\/mpmed\/wp-content\/uploads\/sites\/478\/2019\/06\/Semin\u00e1rios-em-Psiquiatria-II.pdf\" target=\"_blank\" rel=\"noopener\">Semin\u00e1rios de Psiquiatria II<\/a><\/strong><\/li>\n<li><strong><a href=\"https:\/\/sites.usp.br\/mpmed\/wp-content\/uploads\/sites\/478\/2019\/06\/Semin\u00e1rios-em-Reumatologia.pdf\" target=\"_blank\" rel=\"noopener\">Seminarios de Reumatolog\u00eda<\/a><\/strong><\/li>\n<li><strong><a href=\"https:\/\/sites.usp.br\/mpmed\/wp-content\/uploads\/sites\/478\/2019\/06\/Sistemas-de-Informa\u00e7\u00e3o-na-Pr\u00e1tica-Profissional.pdf\" target=\"_blank\" rel=\"noopener\">Sistemas de informaci\u00f3n en la pr\u00e1ctica profesional<\/a><\/strong><\/li>\n<li><strong><a href=\"https:\/\/sites.usp.br\/mpmed\/wp-content\/uploads\/sites\/478\/2019\/06\/T\u00e9cnicas-de-Comunica\u00e7\u00e3o-Oral-e-Recursos-Audiovisuais-para-Apresenta\u00e7\u00f5es-em-P\u00fablico.pdf\" target=\"_blank\" rel=\"noopener\">T\u00e9cnicas de comunicaci\u00f3n oral y recursos audiovisuales para presentaciones p\u00fablicas<\/a><\/strong><\/li>\n<li><strong><a href=\"https:\/\/sites.usp.br\/mpmed\/wp-content\/uploads\/sites\/478\/2020\/01\/T\u00f3picos-Avan\u00e7ados-em-Cirurgia-Ginecol\u00f3gica-Minimamente-Invasiva.pdf\" target=\"_blank\" rel=\"noopener\">Temas avanzados en cirug\u00eda ginecol\u00f3gica m\u00ednimamente invasiva<\/a><\/strong><\/li>\n<li><strong><a href=\"https:\/\/sites.usp.br\/mpmed\/wp-content\/uploads\/sites\/478\/2020\/01\/T\u00f3picos-Avan\u00e7ados-em-Uroginecologia-Etiopatogenia-Diagn\u00f3stico-e-Tratamento.pdf\" target=\"_blank\" rel=\"noopener\">Temas avanzados en uroginecolog\u00eda etiopatogenia, diagn\u00f3stico y tratamiento<\/a><\/strong><\/li>\n<\/ul>\n<p><\/p>\t\t\t\t\t\t<\/div>\n\t\t\t\t<\/div>\n\t\t\t\t\t<\/div>\n\t\t<\/div>\n\t\t\t\t\t<\/div>\n\t\t<\/section>\n\t\t\t\t<\/div>\n\t\t","protected":false},"excerpt":{"rendered":"<p>Cat\u00e1logo de Asignaturas Aspectos did\u00e1cticos y pedag\u00f3gicos en especialidades m\u00e9dicas Actualizaciones en Infectolog\u00eda I Actualizaciones en Infectolog\u00eda II Bio\u00e9tica y \u00e9tica m\u00e9dica Epidemiolog\u00eda general Estrategias para el tratamiento de enfermedades vasculares complejas M\u00e9todos de investigaci\u00f3n en investigaci\u00f3n cl\u00ednica Portugu\u00e9s instrumental Principios gen\u00e9ticos, moleculares y cl\u00ednicos de las enfermedades endocrinol\u00f3gicas en pediatr\u00eda La salud mental en [&hellip;]<\/p>\n","protected":false},"author":894,"featured_media":0,"parent":0,"menu_order":0,"comment_status":"closed","ping_status":"closed","template":"","meta":{"ocean_post_layout":"","ocean_both_sidebars_style":"","ocean_both_sidebars_content_width":0,"ocean_both_sidebars_sidebars_width":0,"ocean_sidebar":"0","ocean_second_sidebar":"0","ocean_disable_margins":"enable","ocean_add_body_class":"","ocean_shortcode_before_top_bar":"","ocean_shortcode_after_top_bar":"","ocean_shortcode_before_header":"","ocean_shortcode_after_header":"","ocean_has_shortcode":"","ocean_shortcode_after_title":"","ocean_shortcode_before_footer_widgets":"","ocean_shortcode_after_footer_widgets":"","ocean_shortcode_before_footer_bottom":"","ocean_shortcode_after_footer_bottom":"","ocean_display_top_bar":"default","ocean_display_header":"default","ocean_header_style":"","ocean_center_header_left_menu":"0","ocean_custom_header_template":"0","ocean_custom_logo":0,"ocean_custom_retina_logo":0,"ocean_custom_logo_max_width":0,"ocean_custom_logo_tablet_max_width":0,"ocean_custom_logo_mobile_max_width":0,"ocean_custom_logo_max_height":0,"ocean_custom_logo_tablet_max_height":0,"ocean_custom_logo_mobile_max_height":0,"ocean_header_custom_menu":"0","ocean_menu_typo_font_family":"0","ocean_menu_typo_font_subset":"","ocean_menu_typo_font_size":0,"ocean_menu_typo_font_size_tablet":0,"ocean_menu_typo_font_size_mobile":0,"ocean_menu_typo_font_size_unit":"px","ocean_menu_typo_font_weight":"","ocean_menu_typo_font_weight_tablet":"","ocean_menu_typo_font_weight_mobile":"","ocean_menu_typo_transform":"","ocean_menu_typo_transform_tablet":"","ocean_menu_typo_transform_mobile":"","ocean_menu_typo_line_height":0,"ocean_menu_typo_line_height_tablet":0,"ocean_menu_typo_line_height_mobile":0,"ocean_menu_typo_line_height_unit":"","ocean_menu_typo_spacing":0,"ocean_menu_typo_spacing_tablet":0,"ocean_menu_typo_spacing_mobile":0,"ocean_menu_typo_spacing_unit":"","ocean_menu_link_color":"","ocean_menu_link_color_hover":"","ocean_menu_link_color_active":"","ocean_menu_link_background":"","ocean_menu_link_hover_background":"","ocean_menu_link_active_background":"","ocean_menu_social_links_bg":"","ocean_menu_social_hover_links_bg":"","ocean_menu_social_links_color":"","ocean_menu_social_hover_links_color":"","ocean_disable_title":"default","ocean_disable_heading":"default","ocean_post_title":"","ocean_post_subheading":"","ocean_post_title_style":"","ocean_post_title_background_color":"","ocean_post_title_background":0,"ocean_post_title_bg_image_position":"","ocean_post_title_bg_image_attachment":"","ocean_post_title_bg_image_repeat":"","ocean_post_title_bg_image_size":"","ocean_post_title_height":0,"ocean_post_title_bg_overlay":0.5,"ocean_post_title_bg_overlay_color":"","ocean_disable_breadcrumbs":"default","ocean_breadcrumbs_color":"","ocean_breadcrumbs_separator_color":"","ocean_breadcrumbs_links_color":"","ocean_breadcrumbs_links_hover_color":"","ocean_display_footer_widgets":"default","ocean_display_footer_bottom":"default","ocean_custom_footer_template":"0","footnotes":"","_links_to":"","_links_to_target":""},"class_list":["post-821","page","type-page","status-publish","hentry","entry"],"_links":{"self":[{"href":"https:\/\/sites.usp.br\/mpmed\/es\/wp-json\/wp\/v2\/pages\/821","targetHints":{"allow":["GET"]}}],"collection":[{"href":"https:\/\/sites.usp.br\/mpmed\/es\/wp-json\/wp\/v2\/pages"}],"about":[{"href":"https:\/\/sites.usp.br\/mpmed\/es\/wp-json\/wp\/v2\/types\/page"}],"author":[{"embeddable":true,"href":"https:\/\/sites.usp.br\/mpmed\/es\/wp-json\/wp\/v2\/users\/894"}],"replies":[{"embeddable":true,"href":"https:\/\/sites.usp.br\/mpmed\/es\/wp-json\/wp\/v2\/comments?post=821"}],"version-history":[{"count":4,"href":"https:\/\/sites.usp.br\/mpmed\/es\/wp-json\/wp\/v2\/pages\/821\/revisions"}],"predecessor-version":[{"id":3056,"href":"https:\/\/sites.usp.br\/mpmed\/es\/wp-json\/wp\/v2\/pages\/821\/revisions\/3056"}],"wp:attachment":[{"href":"https:\/\/sites.usp.br\/mpmed\/es\/wp-json\/wp\/v2\/media?parent=821"}],"curies":[{"name":"wp","href":"https:\/\/api.w.org\/{rel}","templated":true}]}}