{"id":1199,"date":"2019-05-22T10:37:12","date_gmt":"2019-05-22T13:37:12","guid":{"rendered":"http:\/\/sites.usp.br\/mpmed\/?page_id=1199"},"modified":"2021-08-26T18:37:33","modified_gmt":"2021-08-26T21:37:33","slug":"linhas-de-pesquisa","status":"publish","type":"page","link":"https:\/\/sites.usp.br\/mpmed\/linhas-de-pesquisa\/","title":{"rendered":"Linhas de Pesquisa"},"content":{"rendered":"\t\t<div data-elementor-type=\"wp-post\" data-elementor-id=\"1199\" class=\"elementor elementor-1199\" data-elementor-post-type=\"page\">\n\t\t\t\t\t\t<section class=\"elementor-section elementor-top-section elementor-element elementor-element-936516b elementor-section-boxed elementor-section-height-default elementor-section-height-default\" data-id=\"936516b\" data-element_type=\"section\">\n\t\t\t\t\t\t<div class=\"elementor-container elementor-column-gap-default\">\n\t\t\t\t\t<div class=\"elementor-column elementor-col-100 elementor-top-column elementor-element elementor-element-48f7d4f\" data-id=\"48f7d4f\" data-element_type=\"column\">\n\t\t\t<div class=\"elementor-widget-wrap elementor-element-populated\">\n\t\t\t\t\t\t<div class=\"elementor-element elementor-element-e63eaf2 elementor-widget elementor-widget-text-editor\" data-id=\"e63eaf2\" data-element_type=\"widget\" data-widget_type=\"text-editor.default\">\n\t\t\t\t<div class=\"elementor-widget-container\">\n\t\t\t\t\t\t\t<span style=\"color: #000000;\"><strong>Docentes permanentes e Linhas de Pesquisa<\/strong><\/span>\n<ul>\n \t<li><strong><a href=\"https:\/\/sites.usp.br\/mpmed\/wp-content\/uploads\/sites\/478\/2021\/03\/Docentes-Permanentes.pdf\" target=\"_blank\" rel=\"noopener\">Docentes Permanentes<\/a><\/strong><\/li>\n<\/ul>\n\t\t\t\t\t\t<\/div>\n\t\t\t\t<\/div>\n\t\t\t\t<div class=\"elementor-element elementor-element-e72e7a7 elementor-widget elementor-widget-text-editor\" data-id=\"e72e7a7\" data-element_type=\"widget\" data-widget_type=\"text-editor.default\">\n\t\t\t\t<div class=\"elementor-widget-container\">\n\t\t\t\t\t\t\t<p><strong>Descri\u00e7\u00e3o linhas de pesquisa<\/strong><\/p><p>Considerando-se a diversidade de especialidades m\u00e9dicas envolvidas no Programa de Mestrado Profissional em Medicina, as Linhas de atua\u00e7\u00e3o cient\u00edfica e tecnol\u00f3gica\u00a0 (LACTs) foram definidas de maneira a abranger os diferentes saberes e promover a articula\u00e7\u00e3o e integra\u00e7\u00e3o entre m\u00e9dicos de diferentes especialidades, visando garantir um car\u00e1ter efetivamente multidisciplinar para o programa.<br \/>Neste contexto, o programa disp\u00f5e de quatro LACTs, escritas abaixo:<\/p><p><\/span><\/p>\t\t\t\t\t\t<\/div>\n\t\t\t\t<\/div>\n\t\t\t\t\t<\/div>\n\t\t<\/div>\n\t\t\t\t\t<\/div>\n\t\t<\/section>\n\t\t\t\t<section class=\"elementor-section elementor-top-section elementor-element elementor-element-5373200 elementor-section-boxed elementor-section-height-default elementor-section-height-default\" data-id=\"5373200\" data-element_type=\"section\">\n\t\t\t\t\t\t<div class=\"elementor-container elementor-column-gap-default\">\n\t\t\t\t\t<div class=\"elementor-column elementor-col-100 elementor-top-column elementor-element elementor-element-413673f\" data-id=\"413673f\" data-element_type=\"column\">\n\t\t\t<div class=\"elementor-widget-wrap elementor-element-populated\">\n\t\t\t\t\t\t<div class=\"elementor-element elementor-element-3c89be5 elementor-widget elementor-widget-accordion\" data-id=\"3c89be5\" data-element_type=\"widget\" data-widget_type=\"accordion.default\">\n\t\t\t\t<div class=\"elementor-widget-container\">\n\t\t\t\t\t<div class=\"elementor-accordion\">\n\t\t\t\t\t\t\t<div class=\"elementor-accordion-item\">\n\t\t\t\t\t<div id=\"elementor-tab-title-6341\" class=\"elementor-tab-title\" data-tab=\"1\" role=\"button\" aria-controls=\"elementor-tab-content-6341\" aria-expanded=\"false\">\n\t\t\t\t\t\t\t\t\t\t\t\t\t<span class=\"elementor-accordion-icon elementor-accordion-icon-left\" aria-hidden=\"true\">\n\t\t\t\t\t\t\t\t\t\t\t\t\t\t\t<span class=\"elementor-accordion-icon-closed\"><i class=\"fas fa-plus\"><\/i><\/span>\n\t\t\t\t\t\t\t\t<span class=\"elementor-accordion-icon-opened\"><i class=\"fas fa-minus\"><\/i><\/span>\n\t\t\t\t\t\t\t\t\t\t\t\t\t\t<\/span>\n\t\t\t\t\t\t\t\t\t\t\t\t<a class=\"elementor-accordion-title\" tabindex=\"0\">Diagn\u00f3stico e M\u00e9todos de Investiga\u00e7\u00e3o em Sa\u00fade<\/a>\n\t\t\t\t\t<\/div>\n\t\t\t\t\t<div id=\"elementor-tab-content-6341\" class=\"elementor-tab-content elementor-clearfix\" data-tab=\"1\" role=\"region\" aria-labelledby=\"elementor-tab-title-6341\">\n<ul>\n \t<li><strong>Objetiva a proposi\u00e7\u00e3o e avalia\u00e7\u00e3o da aplicabilidade, validade e efetividade de m\u00e9todos diversificados de investiga\u00e7\u00e3o cl\u00ednica, cir\u00fargica, laboratorial ou de imagem voltados para o aprimoramento do diagn\u00f3stico e estabelecimento de progn\u00f3stico de doen\u00e7as. S\u00e3o inclu\u00eddos nesta LACT: desenvolvimento e aprimoramento t\u00e9cnicas laboratoriais e kits para diagn\u00f3stico, proposi\u00e7\u00e3o de instrumentos de avalia\u00e7\u00e3o e testes diagn\u00f3sticos, utiliza\u00e7\u00e3o de procedimentos e t\u00e9cnicas invasivas, desenvolvimento de softwares, desenvolvimento de algoritmos e avalia\u00e7\u00e3o de novas tecnologias em sa\u00fade.<\/strong><\/li>\n<\/ul>\n<\/div>\n\t\t\t\t<\/div>\n\t\t\t\t\t\t\t<div class=\"elementor-accordion-item\">\n\t\t\t\t\t<div id=\"elementor-tab-title-6342\" class=\"elementor-tab-title\" data-tab=\"2\" role=\"button\" aria-controls=\"elementor-tab-content-6342\" aria-expanded=\"false\">\n\t\t\t\t\t\t\t\t\t\t\t\t\t<span class=\"elementor-accordion-icon elementor-accordion-icon-left\" aria-hidden=\"true\">\n\t\t\t\t\t\t\t\t\t\t\t\t\t\t\t<span class=\"elementor-accordion-icon-closed\"><i class=\"fas fa-plus\"><\/i><\/span>\n\t\t\t\t\t\t\t\t<span class=\"elementor-accordion-icon-opened\"><i class=\"fas fa-minus\"><\/i><\/span>\n\t\t\t\t\t\t\t\t\t\t\t\t\t\t<\/span>\n\t\t\t\t\t\t\t\t\t\t\t\t<a class=\"elementor-accordion-title\" tabindex=\"0\">Protocolos Cl\u00ednicos e de Interven\u00e7\u00f5es em Sa\u00fade<\/a>\n\t\t\t\t\t<\/div>\n\t\t\t\t\t<div id=\"elementor-tab-content-6342\" class=\"elementor-tab-content elementor-clearfix\" data-tab=\"2\" role=\"region\" aria-labelledby=\"elementor-tab-title-6342\"><p><\/p><ul><li><strong>Objetiva a elabora\u00e7\u00e3o, implanta\u00e7\u00e3o e avalia\u00e7\u00e3o da efetividade de m\u00e9todos diversificados de interven\u00e7\u00e3o farmacol\u00f3gica, cl\u00ednica, cir\u00fargica, psicossocial, comunit\u00e1ria e de reabilita\u00e7\u00e3o cujo objetivo seja a remiss\u00e3o completa de doen\u00e7as, controle sintomatol\u00f3gico, melhora da qualidade de vida e da funcionalidade global, das condi\u00e7\u00f5es de sa\u00fade e da qualidade de vida. Exemplos de estudos inclu\u00eddos nesta LACT incluem a verifica\u00e7\u00e3o da efetividade e efici\u00eancia de f\u00e1rmacos, a an\u00e1lise de t\u00e9cnicas cir\u00fargicas, elabora\u00e7\u00e3o de protocolos cl\u00ednicos para diagn\u00f3stico e tratamento de doen\u00e7as, elabora\u00e7\u00e3o de protocolos de rastreamento e promo\u00e7\u00e3o de sa\u00fade, estadiamento, estabelecimento de progn\u00f3stico e resposta terap\u00eautica.<\/strong><\/li><\/ul><p><\/p><\/div>\n\t\t\t\t<\/div>\n\t\t\t\t\t\t\t<div class=\"elementor-accordion-item\">\n\t\t\t\t\t<div id=\"elementor-tab-title-6343\" class=\"elementor-tab-title\" data-tab=\"3\" role=\"button\" aria-controls=\"elementor-tab-content-6343\" aria-expanded=\"false\">\n\t\t\t\t\t\t\t\t\t\t\t\t\t<span class=\"elementor-accordion-icon elementor-accordion-icon-left\" aria-hidden=\"true\">\n\t\t\t\t\t\t\t\t\t\t\t\t\t\t\t<span class=\"elementor-accordion-icon-closed\"><i class=\"fas fa-plus\"><\/i><\/span>\n\t\t\t\t\t\t\t\t<span class=\"elementor-accordion-icon-opened\"><i class=\"fas fa-minus\"><\/i><\/span>\n\t\t\t\t\t\t\t\t\t\t\t\t\t\t<\/span>\n\t\t\t\t\t\t\t\t\t\t\t\t<a class=\"elementor-accordion-title\" tabindex=\"0\">Gest\u00e3o em Sa\u00fade, Pol\u00edticas P\u00fablicas e Avalia\u00e7\u00e3o de Servi\u00e7os<\/a>\n\t\t\t\t\t<\/div>\n\t\t\t\t\t<div id=\"elementor-tab-content-6343\" class=\"elementor-tab-content elementor-clearfix\" data-tab=\"3\" role=\"region\" aria-labelledby=\"elementor-tab-title-6343\"><p><\/p><ul><li><strong>Objetiva a an\u00e1lise cr\u00edtica das pr\u00e1ticas assistenciais e de gerenciamento de servi\u00e7os de sa\u00fade, proposi\u00e7\u00e3o de novas formas de organiza\u00e7\u00e3o de servi\u00e7os, verifica\u00e7\u00e3o da qualidade da assist\u00eancia prestada e investiga\u00e7\u00f5es epidemiol\u00f3gicas. S\u00e3o inclu\u00eddos nesta LACT, a verifica\u00e7\u00e3o da resolutividade dos servi\u00e7os, elabora\u00e7\u00e3o de protocolos regulat\u00f3rios, estudo de estrutura, processos e resultados, estabelecimento de indicadores de sa\u00fade, avalia\u00e7\u00e3o de tratamentos com medica\u00e7\u00f5es especiais de alto custo e estudos de farmacovigil\u00e2ncia e farmacoeconomia.<\/strong><\/li><\/ul><p><\/p><\/div>\n\t\t\t\t<\/div>\n\t\t\t\t\t\t\t<div class=\"elementor-accordion-item\">\n\t\t\t\t\t<div id=\"elementor-tab-title-6344\" class=\"elementor-tab-title\" data-tab=\"4\" role=\"button\" aria-controls=\"elementor-tab-content-6344\" aria-expanded=\"false\">\n\t\t\t\t\t\t\t\t\t\t\t\t\t<span class=\"elementor-accordion-icon elementor-accordion-icon-left\" aria-hidden=\"true\">\n\t\t\t\t\t\t\t\t\t\t\t\t\t\t\t<span class=\"elementor-accordion-icon-closed\"><i class=\"fas fa-plus\"><\/i><\/span>\n\t\t\t\t\t\t\t\t<span class=\"elementor-accordion-icon-opened\"><i class=\"fas fa-minus\"><\/i><\/span>\n\t\t\t\t\t\t\t\t\t\t\t\t\t\t<\/span>\n\t\t\t\t\t\t\t\t\t\t\t\t<a class=\"elementor-accordion-title\" tabindex=\"0\">Ensino e Aprendizagem em Sa\u00fade<\/a>\n\t\t\t\t\t<\/div>\n\t\t\t\t\t<div id=\"elementor-tab-content-6344\" class=\"elementor-tab-content elementor-clearfix\" data-tab=\"4\" role=\"region\" aria-labelledby=\"elementor-tab-title-6344\"><p><\/p><ul><li><strong>Objetiva o estudo dos diversos processos de aprendizado em Sa\u00fade e seus resultados. S\u00e3o inclu\u00eddos nesta LACT estudos relativos \u00e0 implanta\u00e7\u00e3o, caracteriza\u00e7\u00e3o e avalia\u00e7\u00e3o da efetividade de estrat\u00e9gias inovadoras de ensino e aprendizagem, avalia\u00e7\u00e3o formativa e somativa dos alunos, estimativa de resultados, defini\u00e7\u00e3o do perfil do egresso, inser\u00e7\u00e3o no mercado de trabalho e detec\u00e7\u00e3o de demandas locais.<\/strong><\/li><\/ul><p><\/p><\/div>\n\t\t\t\t<\/div>\n\t\t\t\t\t\t\t\t<\/div>\n\t\t\t\t<\/div>\n\t\t\t\t<\/div>\n\t\t\t\t\t<\/div>\n\t\t<\/div>\n\t\t\t\t\t<\/div>\n\t\t<\/section>\n\t\t\t\t<section class=\"elementor-section elementor-top-section elementor-element elementor-element-42750f9 elementor-section-boxed elementor-section-height-default elementor-section-height-default\" data-id=\"42750f9\" data-element_type=\"section\">\n\t\t\t\t\t\t<div class=\"elementor-container elementor-column-gap-default\">\n\t\t\t\t\t<div class=\"elementor-column elementor-col-100 elementor-top-column elementor-element elementor-element-a1674ea\" data-id=\"a1674ea\" data-element_type=\"column\">\n\t\t\t<div class=\"elementor-widget-wrap elementor-element-populated\">\n\t\t\t\t\t\t<div class=\"elementor-element elementor-element-987e479 elementor-skin-slideshow elementor-arrows-yes elementor-widget elementor-widget-media-carousel\" data-id=\"987e479\" data-element_type=\"widget\" data-settings=\"{&quot;skin&quot;:&quot;slideshow&quot;,&quot;space_between&quot;:{&quot;unit&quot;:&quot;px&quot;,&quot;size&quot;:0,&quot;sizes&quot;:[]},&quot;effect&quot;:&quot;slide&quot;,&quot;show_arrows&quot;:&quot;yes&quot;,&quot;speed&quot;:500,&quot;autoplay&quot;:&quot;yes&quot;,&quot;autoplay_speed&quot;:5000,&quot;loop&quot;:&quot;yes&quot;,&quot;pause_on_hover&quot;:&quot;yes&quot;,&quot;pause_on_interaction&quot;:&quot;yes&quot;,&quot;space_between_tablet&quot;:{&quot;unit&quot;:&quot;px&quot;,&quot;size&quot;:10,&quot;sizes&quot;:[]},&quot;space_between_mobile&quot;:{&quot;unit&quot;:&quot;px&quot;,&quot;size&quot;:10,&quot;sizes&quot;:[]}}\" data-widget_type=\"media-carousel.default\">\n\t\t\t\t<div class=\"elementor-widget-container\">\n\t\t\t\t\t<div class=\"elementor-swiper\">\n\t\t\t<div class=\"elementor-main-swiper swiper\">\n\t\t\t\t<div class=\"swiper-wrapper\">\n\t\t\t\t\t\t\t\t\t\t\t<div class=\"swiper-slide\">\n\t\t\t\t\t\t\t\t\t<div class=\"elementor-carousel-image\" role=\"img\" aria-label=\"PicsArt_10-20-12.36.23\" style=\"background-image: url(&#039;https:\/\/sites.usp.br\/mpmed\/wp-content\/uploads\/sites\/478\/2020\/10\/PicsArt_10-20-12.36.23-1.jpg&#039;)\">\n\n\t\t\t\n\t\t\t\t\t<\/div>\n\t\t\t\t\t\t\t\t<\/div>\n\t\t\t\t\t\t\t\t\t\t\t<div class=\"swiper-slide\">\n\t\t\t\t\t\t\t\t\t<div class=\"elementor-carousel-image\" role=\"img\" aria-label=\"PicsArt_10-20-12.39.10\" style=\"background-image: url(&#039;https:\/\/sites.usp.br\/mpmed\/wp-content\/uploads\/sites\/478\/2020\/10\/PicsArt_10-20-12.39.10.jpg&#039;)\">\n\n\t\t\t\n\t\t\t\t\t<\/div>\n\t\t\t\t\t\t\t\t<\/div>\n\t\t\t\t\t\t\t\t\t\t\t<div class=\"swiper-slide\">\n\t\t\t\t\t\t\t\t\t<div class=\"elementor-carousel-image\" role=\"img\" aria-label=\"PicsArt_10-20-12.35.21\" style=\"background-image: url(&#039;https:\/\/sites.usp.br\/mpmed\/wp-content\/uploads\/sites\/478\/2020\/10\/PicsArt_10-20-12.35.21.jpg&#039;)\">\n\n\t\t\t\n\t\t\t\t\t<\/div>\n\t\t\t\t\t\t\t\t<\/div>\n\t\t\t\t\t\t\t\t\t\t\t<div class=\"swiper-slide\">\n\t\t\t\t\t\t\t\t\t<div class=\"elementor-carousel-image\" role=\"img\" aria-label=\"PicsArt_10-20-12.38.08\" style=\"background-image: url(&#039;https:\/\/sites.usp.br\/mpmed\/wp-content\/uploads\/sites\/478\/2020\/10\/PicsArt_10-20-12.38.08.jpg&#039;)\">\n\n\t\t\t\n\t\t\t\t\t<\/div>\n\t\t\t\t\t\t\t\t<\/div>\n\t\t\t\t\t\t\t\t\t<\/div>\n\t\t\t\t\t\t\t\t\t\t\t\t\t\t\t\t\t\t\t\t<div class=\"elementor-swiper-button elementor-swiper-button-prev\" role=\"button\" tabindex=\"0\">\n\t\t\t\t\t\t\t<i aria-hidden=\"true\" class=\"eicon-chevron-left\"><\/i>\t\t\t\t\t\t\t<span class=\"elementor-screen-only\">Anterior<\/span>\n\t\t\t\t\t\t<\/div>\n\t\t\t\t\t\t<div class=\"elementor-swiper-button elementor-swiper-button-next\" role=\"button\" tabindex=\"0\">\n\t\t\t\t\t\t\t<i aria-hidden=\"true\" class=\"eicon-chevron-right\"><\/i>\t\t\t\t\t\t\t<span class=\"elementor-screen-only\">Pr\u00f3ximo<\/span>\n\t\t\t\t\t\t<\/div>\n\t\t\t\t\t\t\t\t\t\t\t\t<\/div>\n\t\t<\/div>\n\t\t\t\t<div class=\"elementor-swiper\">\n\t\t\t<div class=\"elementor-thumbnails-swiper swiper\">\n\t\t\t\t<div class=\"swiper-wrapper\">\n\t\t\t\t\t\t\t\t\t\t\t<div class=\"swiper-slide\">\n\t\t\t\t\t\t\t\t\t<div class=\"elementor-carousel-image\" role=\"img\" aria-label=\"PicsArt_10-20-12.36.23\" style=\"background-image: url(&#039;https:\/\/sites.usp.br\/mpmed\/wp-content\/uploads\/sites\/478\/2020\/10\/PicsArt_10-20-12.36.23-1.jpg&#039;)\">\n\n\t\t\t\n\t\t\t\t\t<\/div>\n\t\t\t\t\t\t\t\t<\/div>\n\t\t\t\t\t\t\t\t\t\t\t<div class=\"swiper-slide\">\n\t\t\t\t\t\t\t\t\t<div class=\"elementor-carousel-image\" role=\"img\" aria-label=\"PicsArt_10-20-12.39.10\" style=\"background-image: url(&#039;https:\/\/sites.usp.br\/mpmed\/wp-content\/uploads\/sites\/478\/2020\/10\/PicsArt_10-20-12.39.10.jpg&#039;)\">\n\n\t\t\t\n\t\t\t\t\t<\/div>\n\t\t\t\t\t\t\t\t<\/div>\n\t\t\t\t\t\t\t\t\t\t\t<div class=\"swiper-slide\">\n\t\t\t\t\t\t\t\t\t<div class=\"elementor-carousel-image\" role=\"img\" aria-label=\"PicsArt_10-20-12.35.21\" style=\"background-image: url(&#039;https:\/\/sites.usp.br\/mpmed\/wp-content\/uploads\/sites\/478\/2020\/10\/PicsArt_10-20-12.35.21.jpg&#039;)\">\n\n\t\t\t\n\t\t\t\t\t<\/div>\n\t\t\t\t\t\t\t\t<\/div>\n\t\t\t\t\t\t\t\t\t\t\t<div class=\"swiper-slide\">\n\t\t\t\t\t\t\t\t\t<div class=\"elementor-carousel-image\" role=\"img\" aria-label=\"PicsArt_10-20-12.38.08\" style=\"background-image: url(&#039;https:\/\/sites.usp.br\/mpmed\/wp-content\/uploads\/sites\/478\/2020\/10\/PicsArt_10-20-12.38.08.jpg&#039;)\">\n\n\t\t\t\n\t\t\t\t\t<\/div>\n\t\t\t\t\t\t\t\t<\/div>\n\t\t\t\t\t\t\t\t\t<\/div>\n\t\t\t\t\t\t\t\t\t\t\t\t\t\t\t\t\t\t\t\t\t<\/div>\n\t\t<\/div>\n\t\t\t\t<\/div>\n\t\t\t\t<\/div>\n\t\t\t\t\t<\/div>\n\t\t<\/div>\n\t\t\t\t\t<\/div>\n\t\t<\/section>\n\t\t\t\t<\/div>\n\t\t","protected":false},"excerpt":{"rendered":"<p>Docentes permanentes e Linhas de Pesquisa Docentes Permanentes Descri\u00e7\u00e3o linhas de pesquisa Considerando-se a diversidade de especialidades m\u00e9dicas envolvidas no Programa de Mestrado Profissional em Medicina, as Linhas de atua\u00e7\u00e3o cient\u00edfica e tecnol\u00f3gica\u00a0 (LACTs) foram definidas de maneira a abranger os diferentes saberes e promover a articula\u00e7\u00e3o e integra\u00e7\u00e3o entre m\u00e9dicos de diferentes especialidades, visando [&hellip;]<\/p>\n","protected":false},"author":894,"featured_media":0,"parent":0,"menu_order":0,"comment_status":"closed","ping_status":"closed","template":"","meta":{"ocean_post_layout":"","ocean_both_sidebars_style":"","ocean_both_sidebars_content_width":0,"ocean_both_sidebars_sidebars_width":0,"ocean_sidebar":"0","ocean_second_sidebar":"0","ocean_disable_margins":"enable","ocean_add_body_class":"","ocean_shortcode_before_top_bar":"","ocean_shortcode_after_top_bar":"","ocean_shortcode_before_header":"","ocean_shortcode_after_header":"","ocean_has_shortcode":"","ocean_shortcode_after_title":"","ocean_shortcode_before_footer_widgets":"","ocean_shortcode_after_footer_widgets":"","ocean_shortcode_before_footer_bottom":"","ocean_shortcode_after_footer_bottom":"","ocean_display_top_bar":"default","ocean_display_header":"default","ocean_header_style":"","ocean_center_header_left_menu":"0","ocean_custom_header_template":"0","ocean_custom_logo":0,"ocean_custom_retina_logo":0,"ocean_custom_logo_max_width":0,"ocean_custom_logo_tablet_max_width":0,"ocean_custom_logo_mobile_max_width":0,"ocean_custom_logo_max_height":0,"ocean_custom_logo_tablet_max_height":0,"ocean_custom_logo_mobile_max_height":0,"ocean_header_custom_menu":"0","ocean_menu_typo_font_family":"0","ocean_menu_typo_font_subset":"","ocean_menu_typo_font_size":0,"ocean_menu_typo_font_size_tablet":0,"ocean_menu_typo_font_size_mobile":0,"ocean_menu_typo_font_size_unit":"px","ocean_menu_typo_font_weight":"","ocean_menu_typo_font_weight_tablet":"","ocean_menu_typo_font_weight_mobile":"","ocean_menu_typo_transform":"","ocean_menu_typo_transform_tablet":"","ocean_menu_typo_transform_mobile":"","ocean_menu_typo_line_height":0,"ocean_menu_typo_line_height_tablet":0,"ocean_menu_typo_line_height_mobile":0,"ocean_menu_typo_line_height_unit":"","ocean_menu_typo_spacing":0,"ocean_menu_typo_spacing_tablet":0,"ocean_menu_typo_spacing_mobile":0,"ocean_menu_typo_spacing_unit":"","ocean_menu_link_color":"","ocean_menu_link_color_hover":"","ocean_menu_link_color_active":"","ocean_menu_link_background":"","ocean_menu_link_hover_background":"","ocean_menu_link_active_background":"","ocean_menu_social_links_bg":"","ocean_menu_social_hover_links_bg":"","ocean_menu_social_links_color":"","ocean_menu_social_hover_links_color":"","ocean_disable_title":"default","ocean_disable_heading":"default","ocean_post_title":"","ocean_post_subheading":"","ocean_post_title_style":"","ocean_post_title_background_color":"","ocean_post_title_background":0,"ocean_post_title_bg_image_position":"","ocean_post_title_bg_image_attachment":"","ocean_post_title_bg_image_repeat":"","ocean_post_title_bg_image_size":"","ocean_post_title_height":0,"ocean_post_title_bg_overlay":0.5,"ocean_post_title_bg_overlay_color":"","ocean_disable_breadcrumbs":"default","ocean_breadcrumbs_color":"","ocean_breadcrumbs_separator_color":"","ocean_breadcrumbs_links_color":"","ocean_breadcrumbs_links_hover_color":"","ocean_display_footer_widgets":"default","ocean_display_footer_bottom":"default","ocean_custom_footer_template":"0","footnotes":"","_links_to":"","_links_to_target":""},"class_list":["post-1199","page","type-page","status-publish","hentry","entry"],"_links":{"self":[{"href":"https:\/\/sites.usp.br\/mpmed\/wp-json\/wp\/v2\/pages\/1199","targetHints":{"allow":["GET"]}}],"collection":[{"href":"https:\/\/sites.usp.br\/mpmed\/wp-json\/wp\/v2\/pages"}],"about":[{"href":"https:\/\/sites.usp.br\/mpmed\/wp-json\/wp\/v2\/types\/page"}],"author":[{"embeddable":true,"href":"https:\/\/sites.usp.br\/mpmed\/wp-json\/wp\/v2\/users\/894"}],"replies":[{"embeddable":true,"href":"https:\/\/sites.usp.br\/mpmed\/wp-json\/wp\/v2\/comments?post=1199"}],"version-history":[{"count":4,"href":"https:\/\/sites.usp.br\/mpmed\/wp-json\/wp\/v2\/pages\/1199\/revisions"}],"predecessor-version":[{"id":3113,"href":"https:\/\/sites.usp.br\/mpmed\/wp-json\/wp\/v2\/pages\/1199\/revisions\/3113"}],"wp:attachment":[{"href":"https:\/\/sites.usp.br\/mpmed\/wp-json\/wp\/v2\/media?parent=1199"}],"curies":[{"name":"wp","href":"https:\/\/api.w.org\/{rel}","templated":true}]}}