{"id":811,"date":"2019-05-07T15:06:11","date_gmt":"2019-05-07T18:06:11","guid":{"rendered":"http:\/\/sites.usp.br\/mpmed\/?page_id=811"},"modified":"2022-12-20T10:03:00","modified_gmt":"2022-12-20T13:03:00","slug":"apresentacao","status":"publish","type":"page","link":"https:\/\/sites.usp.br\/mpmed\/apresentacao\/","title":{"rendered":"Apresenta\u00e7\u00e3o"},"content":{"rendered":"\t\t<div data-elementor-type=\"wp-post\" data-elementor-id=\"811\" class=\"elementor elementor-811\" data-elementor-post-type=\"page\">\n\t\t\t\t\t\t<section class=\"elementor-section elementor-top-section elementor-element elementor-element-a7824b8 elementor-section-boxed elementor-section-height-default elementor-section-height-default\" data-id=\"a7824b8\" data-element_type=\"section\">\n\t\t\t\t\t\t<div class=\"elementor-container elementor-column-gap-default\">\n\t\t\t\t\t<div class=\"elementor-column elementor-col-100 elementor-top-column elementor-element elementor-element-ca43b5b\" data-id=\"ca43b5b\" data-element_type=\"column\">\n\t\t\t<div class=\"elementor-widget-wrap elementor-element-populated\">\n\t\t\t\t\t\t<section class=\"elementor-section elementor-inner-section elementor-element elementor-element-310e18a elementor-section-boxed elementor-section-height-default elementor-section-height-default\" data-id=\"310e18a\" data-element_type=\"section\">\n\t\t\t\t\t\t<div class=\"elementor-container elementor-column-gap-default\">\n\t\t\t\t\t<div class=\"elementor-column elementor-col-50 elementor-inner-column elementor-element elementor-element-97d5593\" data-id=\"97d5593\" data-element_type=\"column\">\n\t\t\t<div class=\"elementor-widget-wrap elementor-element-populated\">\n\t\t\t\t\t\t<div class=\"elementor-element elementor-element-bed3ff3 elementor-widget elementor-widget-text-editor\" data-id=\"bed3ff3\" data-element_type=\"widget\" data-widget_type=\"text-editor.default\">\n\t\t\t\t<div class=\"elementor-widget-container\">\n\t\t\t\t\t\t\t<p><strong>Programa de Mestrado Profissional em Medicina &#8211; Informa\u00e7\u00f5es Gerais<\/strong><\/p>\t\t\t\t\t\t<\/div>\n\t\t\t\t<\/div>\n\t\t\t\t<div class=\"elementor-element elementor-element-7715c0f elementor-view-default elementor-widget elementor-widget-icon\" data-id=\"7715c0f\" data-element_type=\"widget\" data-widget_type=\"icon.default\">\n\t\t\t\t<div class=\"elementor-widget-container\">\n\t\t\t\t\t<div class=\"elementor-icon-wrapper\">\n\t\t\t<div class=\"elementor-icon\">\n\t\t\t<i aria-hidden=\"true\" class=\"far fa-hand-point-down\"><\/i>\t\t\t<\/div>\n\t\t<\/div>\n\t\t\t\t<\/div>\n\t\t\t\t<\/div>\n\t\t\t\t<div class=\"elementor-element elementor-element-b01e663 elementor-widget elementor-widget-video\" data-id=\"b01e663\" data-element_type=\"widget\" data-settings=\"{&quot;video_type&quot;:&quot;hosted&quot;,&quot;controls&quot;:&quot;yes&quot;}\" data-widget_type=\"video.default\">\n\t\t\t\t<div class=\"elementor-widget-container\">\n\t\t\t\t\t<div class=\"e-hosted-video elementor-wrapper elementor-open-inline\">\n\t\t\t\t\t<video class=\"elementor-video\" src=\"https:\/\/sites.usp.br\/mpmed\/wp-content\/uploads\/sites\/478\/2020\/10\/MP-PROFISSIONAL-INFORMACOES-GERAIS-RENDERIZADO-2.mp4\" controls=\"\" preload=\"metadata\" controlsList=\"nodownload\"><\/video>\n\t\t\t\t<\/div>\n\t\t\t\t<\/div>\n\t\t\t\t<\/div>\n\t\t\t\t\t<\/div>\n\t\t<\/div>\n\t\t\t\t<div class=\"elementor-column elementor-col-50 elementor-inner-column elementor-element elementor-element-3c574b5\" data-id=\"3c574b5\" data-element_type=\"column\">\n\t\t\t<div class=\"elementor-widget-wrap elementor-element-populated\">\n\t\t\t\t\t\t<div class=\"elementor-element elementor-element-94950af elementor-widget elementor-widget-text-editor\" data-id=\"94950af\" data-element_type=\"widget\" data-widget_type=\"text-editor.default\">\n\t\t\t\t<div class=\"elementor-widget-container\">\n\t\t\t\t\t\t\t<p><strong>Programa de Mestrado Profissional em Medicina &#8211; Prazos e Compromissos<\/strong><\/p>\t\t\t\t\t\t<\/div>\n\t\t\t\t<\/div>\n\t\t\t\t<div class=\"elementor-element elementor-element-3c36a40 elementor-view-default elementor-widget elementor-widget-icon\" data-id=\"3c36a40\" data-element_type=\"widget\" data-widget_type=\"icon.default\">\n\t\t\t\t<div class=\"elementor-widget-container\">\n\t\t\t\t\t<div class=\"elementor-icon-wrapper\">\n\t\t\t<div class=\"elementor-icon\">\n\t\t\t<i aria-hidden=\"true\" class=\"far fa-hand-point-down\"><\/i>\t\t\t<\/div>\n\t\t<\/div>\n\t\t\t\t<\/div>\n\t\t\t\t<\/div>\n\t\t\t\t<div class=\"elementor-element elementor-element-7c4981a elementor-widget elementor-widget-video\" data-id=\"7c4981a\" data-element_type=\"widget\" data-settings=\"{&quot;video_type&quot;:&quot;hosted&quot;,&quot;controls&quot;:&quot;yes&quot;}\" data-widget_type=\"video.default\">\n\t\t\t\t<div class=\"elementor-widget-container\">\n\t\t\t\t\t<div class=\"e-hosted-video elementor-wrapper elementor-open-inline\">\n\t\t\t\t\t<video class=\"elementor-video\" src=\"https:\/\/sites.usp.br\/mpmed\/wp-content\/uploads\/sites\/478\/2020\/10\/MP-MEDICINA-PRAZOS-E-COMPROMISSOS-2-RENDERIZADOS.mp4\" controls=\"\" preload=\"metadata\" controlsList=\"nodownload\"><\/video>\n\t\t\t\t<\/div>\n\t\t\t\t<\/div>\n\t\t\t\t<\/div>\n\t\t\t\t\t<\/div>\n\t\t<\/div>\n\t\t\t\t\t<\/div>\n\t\t<\/section>\n\t\t\t\t<div class=\"elementor-element elementor-element-39db9ea elementor-widget elementor-widget-text-editor\" data-id=\"39db9ea\" data-element_type=\"widget\" data-widget_type=\"text-editor.default\">\n\t\t\t\t<div class=\"elementor-widget-container\">\n\t\t\t\t\t\t\t<p><span style=\"color: #666666; font-family: Titillium, Arial, sans-serif; font-size: 18px; font-style: normal; font-variant-ligatures: normal; font-variant-caps: normal; font-weight: 400;\">A implanta\u00e7\u00e3o do Mestrado Profissional em Medicina foi motivada pela necessidade de aprimoramento da forma\u00e7\u00e3o <\/span><span style=\"font-style: normal; font-variant-ligatures: normal; font-variant-caps: normal; font-weight: 400; font-size: 18px; font-family: Titillium, Arial, sans-serif; color: #666666;\">dos m\u00e9dicos residentes, de maneira a atender \u00e0s demandas do mercado de trabalho atual de profissionais com capacidade de an\u00e1lise cr\u00edtica da produ\u00e7\u00e3o cient\u00edfica e tecnol\u00f3gica da sua \u00e1rea, conhecimento de pol\u00edticas p\u00fablicas de sa\u00fade, e autonomia no gerenciamento da sua atua\u00e7\u00e3o profissional. Resumidamente, tem como objetivo geral o desenvolvimento de habilidades e compet\u00eancias que capacitem o m\u00e9dico para a modifica\u00e7\u00e3o e aprimoramento das pr\u00e1ticas em sa\u00fade.<br>\nO Mestrado Profissional em Medicina,&nbsp;<\/span><span style=\"color: #666666; font-family: Titillium, Arial, sans-serif; font-size: 18px; font-style: normal; font-variant-ligatures: normal; font-variant-caps: normal; font-weight: 400;\">programa de p\u00f3s-gradua\u00e7\u00e3o recentemente aprovado pela CAPES,<\/span><span style=\"color: #666666; font-family: Titillium, Arial, sans-serif; font-size: 18px; font-style: normal; font-variant-ligatures: normal; font-variant-caps: normal; font-weight: 400;\"> destina-se a m\u00e9dicos que tenham cursado ou estejam regularmente matriculados em Programas de Resid\u00eancia M\u00e9dica reconhecidos pela Comiss\u00e3o Nacional de Resid\u00eancia M\u00e9dica. O corpo docente \u00e9 composto por m\u00e9dicos de diferentes \u00e1reas da Medicina \u2013 Anestesiologia, Cl\u00ednica M\u00e9dica, Cirurgia, Fisiatria, Ginecologia e Obstetr\u00edcia, Medicina da Sa\u00fade e da Fam\u00edlia, Oftalmologia, Ortopedia, Otorrinolaringologia, Pediatria e Psiquiatria. Os docentes possuem s\u00f3lida forma\u00e7\u00e3o t\u00e9cnico-cient\u00edfica, associada \u00e0 pratica assistencial em sa\u00fade, com experi\u00eancia na organiza\u00e7\u00e3o de servi\u00e7os, estabelecimento de protocolos cl\u00ednicos e desenvolvimento de novas tecnologias em Sa\u00fade.<\/span><\/p>\n<h5 style=\"text-align: center;\">&nbsp; &nbsp; &nbsp; &nbsp; &nbsp; &nbsp; &nbsp; &nbsp; &nbsp; &nbsp; &nbsp; &nbsp; &nbsp; &nbsp; &nbsp; &nbsp; &nbsp; &nbsp; &nbsp; &nbsp; &nbsp;&nbsp;<i>Profa. Dra. Cristina Marta Del Ben&nbsp;<\/i> &nbsp; &nbsp; &nbsp; &nbsp; &nbsp; &nbsp; &nbsp; &nbsp; &nbsp; &nbsp; &nbsp; &nbsp; &nbsp; &nbsp; &nbsp; &nbsp; &nbsp; &nbsp; &nbsp; &nbsp; &nbsp; &nbsp; &nbsp; &nbsp; &nbsp; &nbsp; &nbsp; &nbsp; &nbsp; &nbsp; &nbsp; <span style=\"font-weight: normal;\">&nbsp; &nbsp;&nbsp;<\/span><\/h5>\n<p><\/p>\t\t\t\t\t\t<\/div>\n\t\t\t\t<\/div>\n\t\t\t\t\t<\/div>\n\t\t<\/div>\n\t\t\t\t\t<\/div>\n\t\t<\/section>\n\t\t\t\t<\/div>\n\t\t","protected":false},"excerpt":{"rendered":"<p>Programa de Mestrado Profissional em Medicina &#8211; Informa\u00e7\u00f5es Gerais https:\/\/sites.usp.br\/mpmed\/wp-content\/uploads\/sites\/478\/2020\/10\/MP-PROFISSIONAL-INFORMACOES-GERAIS-RENDERIZADO-2.mp4 Programa de Mestrado Profissional em Medicina &#8211; Prazos e Compromissos https:\/\/sites.usp.br\/mpmed\/wp-content\/uploads\/sites\/478\/2020\/10\/MP-MEDICINA-PRAZOS-E-COMPROMISSOS-2-RENDERIZADOS.mp4 A implanta\u00e7\u00e3o do Mestrado Profissional em Medicina foi motivada pela necessidade de aprimoramento da forma\u00e7\u00e3o dos m\u00e9dicos residentes, de maneira a atender \u00e0s demandas do mercado de trabalho atual de profissionais com capacidade de [&hellip;]<\/p>\n","protected":false},"author":894,"featured_media":0,"parent":0,"menu_order":0,"comment_status":"closed","ping_status":"closed","template":"","meta":{"ocean_post_layout":"","ocean_both_sidebars_style":"","ocean_both_sidebars_content_width":0,"ocean_both_sidebars_sidebars_width":0,"ocean_sidebar":"0","ocean_second_sidebar":"0","ocean_disable_margins":"enable","ocean_add_body_class":"","ocean_shortcode_before_top_bar":"","ocean_shortcode_after_top_bar":"","ocean_shortcode_before_header":"","ocean_shortcode_after_header":"","ocean_has_shortcode":"","ocean_shortcode_after_title":"","ocean_shortcode_before_footer_widgets":"","ocean_shortcode_after_footer_widgets":"","ocean_shortcode_before_footer_bottom":"","ocean_shortcode_after_footer_bottom":"","ocean_display_top_bar":"default","ocean_display_header":"default","ocean_header_style":"","ocean_center_header_left_menu":"0","ocean_custom_header_template":"0","ocean_custom_logo":0,"ocean_custom_retina_logo":0,"ocean_custom_logo_max_width":0,"ocean_custom_logo_tablet_max_width":0,"ocean_custom_logo_mobile_max_width":0,"ocean_custom_logo_max_height":0,"ocean_custom_logo_tablet_max_height":0,"ocean_custom_logo_mobile_max_height":0,"ocean_header_custom_menu":"0","ocean_menu_typo_font_family":"0","ocean_menu_typo_font_subset":"","ocean_menu_typo_font_size":0,"ocean_menu_typo_font_size_tablet":0,"ocean_menu_typo_font_size_mobile":0,"ocean_menu_typo_font_size_unit":"px","ocean_menu_typo_font_weight":"","ocean_menu_typo_font_weight_tablet":"","ocean_menu_typo_font_weight_mobile":"","ocean_menu_typo_transform":"","ocean_menu_typo_transform_tablet":"","ocean_menu_typo_transform_mobile":"","ocean_menu_typo_line_height":0,"ocean_menu_typo_line_height_tablet":0,"ocean_menu_typo_line_height_mobile":0,"ocean_menu_typo_line_height_unit":"","ocean_menu_typo_spacing":0,"ocean_menu_typo_spacing_tablet":0,"ocean_menu_typo_spacing_mobile":0,"ocean_menu_typo_spacing_unit":"","ocean_menu_link_color":"","ocean_menu_link_color_hover":"","ocean_menu_link_color_active":"","ocean_menu_link_background":"","ocean_menu_link_hover_background":"","ocean_menu_link_active_background":"","ocean_menu_social_links_bg":"","ocean_menu_social_hover_links_bg":"","ocean_menu_social_links_color":"","ocean_menu_social_hover_links_color":"","ocean_disable_title":"default","ocean_disable_heading":"default","ocean_post_title":"","ocean_post_subheading":"","ocean_post_title_style":"","ocean_post_title_background_color":"","ocean_post_title_background":0,"ocean_post_title_bg_image_position":"","ocean_post_title_bg_image_attachment":"","ocean_post_title_bg_image_repeat":"","ocean_post_title_bg_image_size":"","ocean_post_title_height":0,"ocean_post_title_bg_overlay":0.5,"ocean_post_title_bg_overlay_color":"","ocean_disable_breadcrumbs":"default","ocean_breadcrumbs_color":"","ocean_breadcrumbs_separator_color":"","ocean_breadcrumbs_links_color":"","ocean_breadcrumbs_links_hover_color":"","ocean_display_footer_widgets":"default","ocean_display_footer_bottom":"default","ocean_custom_footer_template":"0","footnotes":"","_links_to":"","_links_to_target":""},"class_list":["post-811","page","type-page","status-publish","hentry","entry"],"_links":{"self":[{"href":"https:\/\/sites.usp.br\/mpmed\/wp-json\/wp\/v2\/pages\/811","targetHints":{"allow":["GET"]}}],"collection":[{"href":"https:\/\/sites.usp.br\/mpmed\/wp-json\/wp\/v2\/pages"}],"about":[{"href":"https:\/\/sites.usp.br\/mpmed\/wp-json\/wp\/v2\/types\/page"}],"author":[{"embeddable":true,"href":"https:\/\/sites.usp.br\/mpmed\/wp-json\/wp\/v2\/users\/894"}],"replies":[{"embeddable":true,"href":"https:\/\/sites.usp.br\/mpmed\/wp-json\/wp\/v2\/comments?post=811"}],"version-history":[{"count":4,"href":"https:\/\/sites.usp.br\/mpmed\/wp-json\/wp\/v2\/pages\/811\/revisions"}],"predecessor-version":[{"id":4169,"href":"https:\/\/sites.usp.br\/mpmed\/wp-json\/wp\/v2\/pages\/811\/revisions\/4169"}],"wp:attachment":[{"href":"https:\/\/sites.usp.br\/mpmed\/wp-json\/wp\/v2\/media?parent=811"}],"curies":[{"name":"wp","href":"https:\/\/api.w.org\/{rel}","templated":true}]}}