{"id":812,"date":"2019-05-07T15:06:11","date_gmt":"2019-05-07T18:06:11","guid":{"rendered":"http:\/\/sites.usp.br\/mpmed\/?page_id=812"},"modified":"2024-12-09T09:44:52","modified_gmt":"2024-12-09T12:44:52","slug":"ccp","status":"publish","type":"page","link":"https:\/\/sites.usp.br\/mpmed\/en\/ccp\/","title":{"rendered":"Comiss\u00e3o Coordenadora"},"content":{"rendered":"\t\t<div data-elementor-type=\"wp-post\" data-elementor-id=\"812\" class=\"elementor elementor-812\" data-elementor-post-type=\"page\">\n\t\t\t\t\t\t<section class=\"elementor-section elementor-top-section elementor-element elementor-element-6e1ecb6 elementor-section-boxed elementor-section-height-default elementor-section-height-default\" data-id=\"6e1ecb6\" data-element_type=\"section\">\n\t\t\t\t\t\t<div class=\"elementor-container elementor-column-gap-default\">\n\t\t\t\t\t<div class=\"elementor-column elementor-col-100 elementor-top-column elementor-element elementor-element-0546432\" data-id=\"0546432\" data-element_type=\"column\">\n\t\t\t<div class=\"elementor-widget-wrap elementor-element-populated\">\n\t\t\t\t\t\t<div class=\"elementor-element elementor-element-88349dd elementor-widget elementor-widget-heading\" data-id=\"88349dd\" data-element_type=\"widget\" data-widget_type=\"heading.default\">\n\t\t\t\t<div class=\"elementor-widget-container\">\n\t\t\t<h2 class=\"elementor-heading-title elementor-size-default\">Comiss\u00e3o Coordenadora do Programa<\/h2>\t\t<\/div>\n\t\t\t\t<\/div>\n\t\t\t\t\t<\/div>\n\t\t<\/div>\n\t\t\t\t\t<\/div>\n\t\t<\/section>\n\t\t\t\t<section class=\"elementor-section elementor-top-section elementor-element elementor-element-8789517 elementor-section-boxed elementor-section-height-default elementor-section-height-default\" data-id=\"8789517\" data-element_type=\"section\">\n\t\t\t\t\t\t<div class=\"elementor-container elementor-column-gap-default\">\n\t\t\t\t\t<div class=\"elementor-column elementor-col-100 elementor-top-column elementor-element elementor-element-cec3b1b\" data-id=\"cec3b1b\" data-element_type=\"column\">\n\t\t\t<div class=\"elementor-widget-wrap elementor-element-populated\">\n\t\t\t\t\t\t<div class=\"elementor-element elementor-element-d71fc77 elementor-position-left elementor-vertical-align-top elementor-invisible elementor-widget elementor-widget-image-box\" data-id=\"d71fc77\" data-element_type=\"widget\" data-settings=\"{&quot;_animation&quot;:&quot;fadeInDown&quot;}\" data-widget_type=\"image-box.default\">\n\t\t\t\t<div class=\"elementor-widget-container\">\n\t\t\t<div class=\"elementor-image-box-wrapper\"><figure class=\"elementor-image-box-img\"><img decoding=\"async\" width=\"154\" height=\"227\" src=\"https:\/\/sites.usp.br\/mpmed\/wp-content\/uploads\/sites\/478\/2024\/12\/Profa.-Ana-Paula.jpg\" class=\"attachment-full size-full wp-image-4780\" alt=\"\" \/><\/figure><div class=\"elementor-image-box-content\"><h3 class=\"elementor-image-box-title\">Ana Paula Carvalho Panzeri Carlotti<\/h3><p class=\"elementor-image-box-description\">Pediatric Intensive Care Medicine<br>\napcarlotti@fmrp.usp.br<br>\n<span style=\"text-decoration: underline;\"><em><a href=\"http:\/\/lattes.cnpq.br\/5222198751257271\" target=\"_blank\" rel=\"noopener\">Curr\u00edculo Lattes<\/a><\/em><\/span><\/p><\/div><\/div>\t\t<\/div>\n\t\t\t\t<\/div>\n\t\t\t\t<div class=\"elementor-element elementor-element-81f1959 elementor-position-left elementor-vertical-align-top elementor-invisible elementor-widget elementor-widget-image-box\" data-id=\"81f1959\" data-element_type=\"widget\" data-settings=\"{&quot;_animation&quot;:&quot;fadeInDown&quot;}\" data-widget_type=\"image-box.default\">\n\t\t\t\t<div class=\"elementor-widget-container\">\n\t\t\t<div class=\"elementor-image-box-wrapper\"><figure class=\"elementor-image-box-img\"><img decoding=\"async\" width=\"140\" height=\"211\" src=\"https:\/\/sites.usp.br\/mpmed\/wp-content\/uploads\/sites\/478\/2023\/01\/Carlos-Fernandes-Molina.png\" class=\"attachment-full size-full wp-image-4531\" alt=\"\" \/><\/figure><div class=\"elementor-image-box-content\"><h3 class=\"elementor-image-box-title\">Carlos Augusto Fernandes Molina<\/h3><p class=\"elementor-image-box-description\">Urology<br>\nmolina@fmrp.usp.br <br>\n<\/span><span style=\"text-decoration: underline;\"><em><a href=\"http:\/\/lattes.cnpq.br\/0552255479344959\" target=\"_blank\" rel=\"noopener\">Curr\u00edculo Lattes<\/a><\/em><\/span><\/p><\/div><\/div>\t\t<\/div>\n\t\t\t\t<\/div>\n\t\t\t\t\t<\/div>\n\t\t<\/div>\n\t\t\t\t\t<\/div>\n\t\t<\/section>\n\t\t\t\t<section class=\"elementor-section elementor-top-section elementor-element elementor-element-cb1e114 elementor-section-boxed elementor-section-height-default elementor-section-height-default\" data-id=\"cb1e114\" data-element_type=\"section\">\n\t\t\t\t\t\t<div class=\"elementor-container elementor-column-gap-default\">\n\t\t\t\t\t<div class=\"elementor-column elementor-col-100 elementor-top-column elementor-element elementor-element-eb94286\" data-id=\"eb94286\" data-element_type=\"column\">\n\t\t\t<div class=\"elementor-widget-wrap elementor-element-populated\">\n\t\t\t\t\t\t<div class=\"elementor-element elementor-element-383fe07 elementor-position-left elementor-vertical-align-top elementor-invisible elementor-widget elementor-widget-image-box\" data-id=\"383fe07\" data-element_type=\"widget\" data-settings=\"{&quot;_animation&quot;:&quot;fadeInDown&quot;}\" data-widget_type=\"image-box.default\">\n\t\t\t\t<div class=\"elementor-widget-container\">\n\t\t\t<div class=\"elementor-image-box-wrapper\"><figure class=\"elementor-image-box-img\"><img decoding=\"async\" width=\"124\" height=\"131\" src=\"https:\/\/sites.usp.br\/mpmed\/wp-content\/uploads\/sites\/478\/2019\/05\/Cristina-Marta-Del-Ben-3-e1558032098949.jpg\" class=\"attachment-full size-full wp-image-1114\" alt=\"\" \/><\/figure><div class=\"elementor-image-box-content\"><h3 class=\"elementor-image-box-title\">Cristina Marta Del Ben<\/h3><p class=\"elementor-image-box-description\">Psychiatry<br>\ndelben@fmrp.usp.br<br>\n<\/span><span style=\"text-decoration: underline;\"><em><a href=\"http:\/\/lattes.cnpq.br\/1985180219976217\" target=\"_blank\" rel=\"noopener\">Curr\u00edculo Lattes<\/a><\/em><\/span><\/p><\/div><\/div>\t\t<\/div>\n\t\t\t\t<\/div>\n\t\t\t\t\t<\/div>\n\t\t<\/div>\n\t\t\t\t\t<\/div>\n\t\t<\/section>\n\t\t\t\t<section class=\"elementor-section elementor-top-section elementor-element elementor-element-eb313bc elementor-section-boxed elementor-section-height-default elementor-section-height-default\" data-id=\"eb313bc\" data-element_type=\"section\">\n\t\t\t\t\t\t<div class=\"elementor-container elementor-column-gap-default\">\n\t\t\t\t\t<div class=\"elementor-column elementor-col-100 elementor-top-column elementor-element elementor-element-796bf4a\" data-id=\"796bf4a\" data-element_type=\"column\">\n\t\t\t<div class=\"elementor-widget-wrap elementor-element-populated\">\n\t\t\t\t\t\t<div class=\"elementor-element elementor-element-521e1d7 elementor-position-left elementor-vertical-align-top elementor-invisible elementor-widget elementor-widget-image-box\" data-id=\"521e1d7\" data-element_type=\"widget\" data-settings=\"{&quot;_animation&quot;:&quot;fadeInDown&quot;}\" data-widget_type=\"image-box.default\">\n\t\t\t\t<div class=\"elementor-widget-container\">\n\t\t\t<div class=\"elementor-image-box-wrapper\"><figure class=\"elementor-image-box-img\"><img loading=\"lazy\" decoding=\"async\" width=\"124\" height=\"172\" src=\"https:\/\/sites.usp.br\/mpmed\/wp-content\/uploads\/sites\/478\/2019\/05\/Edgard-Eduard-Engel-e1558034611250.png\" class=\"attachment-full size-full wp-image-1136\" alt=\"\" \/><\/figure><div class=\"elementor-image-box-content\"><h3 class=\"elementor-image-box-title\">Edgard Eduard Engel<\/h3><p class=\"elementor-image-box-description\">Orthopedic Oncology<br>\nengel@fmrp.usp.br<br>\n<\/span><span style=\"text-decoration: underline;\"><em><a href=\"http:\/\/lattes.cnpq.br\/0225211040559640\" target=\"_blank\" rel=\"noopener\">Curr\u00edculo Lattes<\/a><\/em><\/span><\/p><\/div><\/div>\t\t<\/div>\n\t\t\t\t<\/div>\n\t\t\t\t\t<\/div>\n\t\t<\/div>\n\t\t\t\t\t<\/div>\n\t\t<\/section>\n\t\t\t\t<section class=\"elementor-section elementor-top-section elementor-element elementor-element-ff90d2a elementor-section-boxed elementor-section-height-default elementor-section-height-default\" data-id=\"ff90d2a\" data-element_type=\"section\">\n\t\t\t\t\t\t<div class=\"elementor-container elementor-column-gap-default\">\n\t\t\t\t\t<div class=\"elementor-column elementor-col-100 elementor-top-column elementor-element elementor-element-c73f66c\" data-id=\"c73f66c\" data-element_type=\"column\">\n\t\t\t<div class=\"elementor-widget-wrap elementor-element-populated\">\n\t\t\t\t\t\t<div class=\"elementor-element elementor-element-1caa753 elementor-position-left elementor-vertical-align-top elementor-invisible elementor-widget elementor-widget-image-box\" data-id=\"1caa753\" data-element_type=\"widget\" data-settings=\"{&quot;_animation&quot;:&quot;fadeInDown&quot;}\" data-widget_type=\"image-box.default\">\n\t\t\t\t<div class=\"elementor-widget-container\">\n\t\t\t<div class=\"elementor-image-box-wrapper\"><figure class=\"elementor-image-box-img\"><img loading=\"lazy\" decoding=\"async\" width=\"156\" height=\"214\" src=\"https:\/\/sites.usp.br\/mpmed\/wp-content\/uploads\/sites\/478\/2024\/12\/Prof.-Edwaldo.jpg\" class=\"attachment-full size-full wp-image-4790\" alt=\"\" \/><\/figure><div class=\"elementor-image-box-content\"><h3 class=\"elementor-image-box-title\">Edwaldo Edner Joviliano<\/h3><p class=\"elementor-image-box-description\">Vascular and Endovascular Surgery<br>\neejov@fmrp.usp.br<br>\n<\/span><span style=\"text-decoration: underline;\"><em><a href=\"http:\/\/lattes.cnpq.br\/3774502080794040\" target=\"_blank\" rel=\"noopener\">Curr\u00edculo Lattes<\/a><\/em><\/span><\/p><\/div><\/div>\t\t<\/div>\n\t\t\t\t<\/div>\n\t\t\t\t\t<\/div>\n\t\t<\/div>\n\t\t\t\t\t<\/div>\n\t\t<\/section>\n\t\t\t\t<section class=\"elementor-section elementor-top-section elementor-element elementor-element-b7b2ad2 elementor-section-boxed elementor-section-height-default elementor-section-height-default\" data-id=\"b7b2ad2\" data-element_type=\"section\">\n\t\t\t\t\t\t<div class=\"elementor-container elementor-column-gap-default\">\n\t\t\t\t\t<div class=\"elementor-column elementor-col-100 elementor-top-column elementor-element elementor-element-fd31383\" data-id=\"fd31383\" data-element_type=\"column\">\n\t\t\t<div class=\"elementor-widget-wrap elementor-element-populated\">\n\t\t\t\t\t\t<div class=\"elementor-element elementor-element-3a68c00 elementor-position-left elementor-vertical-align-top elementor-invisible elementor-widget elementor-widget-image-box\" data-id=\"3a68c00\" data-element_type=\"widget\" data-settings=\"{&quot;_animation&quot;:&quot;fadeInDown&quot;}\" data-widget_type=\"image-box.default\">\n\t\t\t\t<div class=\"elementor-widget-container\">\n\t\t\t<div class=\"elementor-image-box-wrapper\"><figure class=\"elementor-image-box-img\"><img loading=\"lazy\" decoding=\"async\" width=\"140\" height=\"153\" src=\"https:\/\/sites.usp.br\/mpmed\/wp-content\/uploads\/sites\/478\/2023\/01\/Fabio-Carmona2.jpg\" class=\"attachment-full size-full wp-image-4544\" alt=\"\" \/><\/figure><div class=\"elementor-image-box-content\"><h3 class=\"elementor-image-box-title\">Fabio Carmona<\/h3><p class=\"elementor-image-box-description\">Pediatrics<br>\ncarmona@usp.br <br>\n<\/span><span style=\"text-decoration: underline;\"><em><a href=\"http:\/\/lattes.cnpq.br\/0681372450236315\" target=\"_blank\" rel=\"noopener\">Curr\u00edculo Lattes<\/a><\/em><\/span><\/p><\/div><\/div>\t\t<\/div>\n\t\t\t\t<\/div>\n\t\t\t\t\t<\/div>\n\t\t<\/div>\n\t\t\t\t\t<\/div>\n\t\t<\/section>\n\t\t\t\t<section class=\"elementor-section elementor-top-section elementor-element elementor-element-d0f2b96 elementor-section-boxed elementor-section-height-default elementor-section-height-default\" data-id=\"d0f2b96\" data-element_type=\"section\">\n\t\t\t\t\t\t<div class=\"elementor-container elementor-column-gap-default\">\n\t\t\t\t\t<div class=\"elementor-column elementor-col-100 elementor-top-column elementor-element elementor-element-9cf9b03\" data-id=\"9cf9b03\" data-element_type=\"column\">\n\t\t\t<div class=\"elementor-widget-wrap elementor-element-populated\">\n\t\t\t\t\t\t<div class=\"elementor-element elementor-element-7a4e0b2 elementor-position-left elementor-vertical-align-top elementor-invisible elementor-widget elementor-widget-image-box\" data-id=\"7a4e0b2\" data-element_type=\"widget\" data-settings=\"{&quot;_animation&quot;:&quot;fadeInDown&quot;}\" data-widget_type=\"image-box.default\">\n\t\t\t\t<div class=\"elementor-widget-container\">\n\t\t\t<div class=\"elementor-image-box-wrapper\"><figure class=\"elementor-image-box-img\"><img loading=\"lazy\" decoding=\"async\" width=\"124\" height=\"177\" src=\"https:\/\/sites.usp.br\/mpmed\/wp-content\/uploads\/sites\/478\/2019\/05\/J\u00falio-C\u00e9sar-Rosa-e-Silva-3-e1558036343715.png\" class=\"attachment-full size-full wp-image-1151\" alt=\"\" \/><\/figure><div class=\"elementor-image-box-content\"><h3 class=\"elementor-image-box-title\">J\u00falio C\u00e9sar Rosa e Silva<\/h3><p class=\"elementor-image-box-description\">Gynecology Surgery<br>\njuliocrs@usp.br<br>\n<span style=\"text-decoration: underline;\"><em><a href=\"http:\/\/lattes.cnpq.br\/7819653999314901\" target=\"_blank\" rel=\"noopener\">Curr\u00edculo Lattes<\/a><\/em><\/span><\/p><\/div><\/div>\t\t<\/div>\n\t\t\t\t<\/div>\n\t\t\t\t\t<\/div>\n\t\t<\/div>\n\t\t\t\t\t<\/div>\n\t\t<\/section>\n\t\t\t\t<section class=\"elementor-section elementor-top-section elementor-element elementor-element-aff77d5 elementor-section-boxed elementor-section-height-default elementor-section-height-default\" data-id=\"aff77d5\" data-element_type=\"section\">\n\t\t\t\t\t\t<div class=\"elementor-container elementor-column-gap-default\">\n\t\t\t\t\t<div class=\"elementor-column elementor-col-100 elementor-top-column elementor-element elementor-element-7d5109c\" data-id=\"7d5109c\" data-element_type=\"column\">\n\t\t\t<div class=\"elementor-widget-wrap elementor-element-populated\">\n\t\t\t\t\t\t<div class=\"elementor-element elementor-element-c13aec2 elementor-position-left elementor-vertical-align-top elementor-invisible elementor-widget elementor-widget-image-box\" data-id=\"c13aec2\" data-element_type=\"widget\" data-settings=\"{&quot;_animation&quot;:&quot;fadeInDown&quot;}\" data-widget_type=\"image-box.default\">\n\t\t\t\t<div class=\"elementor-widget-container\">\n\t\t\t<div class=\"elementor-image-box-wrapper\"><figure class=\"elementor-image-box-img\"><img loading=\"lazy\" decoding=\"async\" width=\"140\" height=\"187\" src=\"https:\/\/sites.usp.br\/mpmed\/wp-content\/uploads\/sites\/478\/2020\/10\/RODRIGO-DE-CARVALHO.jpg\" class=\"attachment-full size-full wp-image-2197\" alt=\"\" \/><\/figure><div class=\"elementor-image-box-content\"><h3 class=\"elementor-image-box-title\">Rodrigo Carvalho Santana<\/h3><p class=\"elementor-image-box-description\">Infectious Diseases<br>\nsantanacrod@fmrp.usp.br<br>\n<\/span><span style=\"text-decoration: underline;\"><em><a href=\"http:\/\/lattes.cnpq.br\/5042025654371772\" target=\"_blank\" rel=\"noopener\">Curr\u00edculo Lattes<\/a><\/em><\/span><\/p><\/div><\/div>\t\t<\/div>\n\t\t\t\t<\/div>\n\t\t\t\t\t<\/div>\n\t\t<\/div>\n\t\t\t\t\t<\/div>\n\t\t<\/section>\n\t\t\t\t<\/div>\n\t\t","protected":false},"excerpt":{"rendered":"<p>Comiss\u00e3o Coordenadora do Programa Ana Paula Carvalho Panzeri Carlotti Pediatric Intensive Care Medicine apcarlotti@fmrp.usp.br Curr\u00edculo Lattes Carlos Augusto Fernandes Molina Urology molina@fmrp.usp.br Curr\u00edculo Lattes Cristina Marta Del Ben Psychiatry delben@fmrp.usp.br Curr\u00edculo Lattes Edgard Eduard Engel Orthopedic Oncology engel@fmrp.usp.br Curr\u00edculo Lattes Edwaldo Edner Joviliano Vascular and Endovascular Surgery eejov@fmrp.usp.br Curr\u00edculo Lattes Fabio Carmona Pediatrics carmona@usp.br Curr\u00edculo [&hellip;]<\/p>\n","protected":false},"author":894,"featured_media":0,"parent":0,"menu_order":0,"comment_status":"closed","ping_status":"closed","template":"","meta":{"ocean_post_layout":"","ocean_both_sidebars_style":"","ocean_both_sidebars_content_width":0,"ocean_both_sidebars_sidebars_width":0,"ocean_sidebar":"","ocean_second_sidebar":"","ocean_disable_margins":"enable","ocean_add_body_class":"","ocean_shortcode_before_top_bar":"","ocean_shortcode_after_top_bar":"","ocean_shortcode_before_header":"","ocean_shortcode_after_header":"","ocean_has_shortcode":"","ocean_shortcode_after_title":"","ocean_shortcode_before_footer_widgets":"","ocean_shortcode_after_footer_widgets":"","ocean_shortcode_before_footer_bottom":"","ocean_shortcode_after_footer_bottom":"","ocean_display_top_bar":"default","ocean_display_header":"default","ocean_header_style":"","ocean_center_header_left_menu":"","ocean_custom_header_template":"","ocean_custom_logo":0,"ocean_custom_retina_logo":0,"ocean_custom_logo_max_width":0,"ocean_custom_logo_tablet_max_width":0,"ocean_custom_logo_mobile_max_width":0,"ocean_custom_logo_max_height":0,"ocean_custom_logo_tablet_max_height":0,"ocean_custom_logo_mobile_max_height":0,"ocean_header_custom_menu":"","ocean_menu_typo_font_family":"","ocean_menu_typo_font_subset":"","ocean_menu_typo_font_size":0,"ocean_menu_typo_font_size_tablet":0,"ocean_menu_typo_font_size_mobile":0,"ocean_menu_typo_font_size_unit":"px","ocean_menu_typo_font_weight":"","ocean_menu_typo_font_weight_tablet":"","ocean_menu_typo_font_weight_mobile":"","ocean_menu_typo_transform":"","ocean_menu_typo_transform_tablet":"","ocean_menu_typo_transform_mobile":"","ocean_menu_typo_line_height":0,"ocean_menu_typo_line_height_tablet":0,"ocean_menu_typo_line_height_mobile":0,"ocean_menu_typo_line_height_unit":"","ocean_menu_typo_spacing":0,"ocean_menu_typo_spacing_tablet":0,"ocean_menu_typo_spacing_mobile":0,"ocean_menu_typo_spacing_unit":"","ocean_menu_link_color":"","ocean_menu_link_color_hover":"","ocean_menu_link_color_active":"","ocean_menu_link_background":"","ocean_menu_link_hover_background":"","ocean_menu_link_active_background":"","ocean_menu_social_links_bg":"","ocean_menu_social_hover_links_bg":"","ocean_menu_social_links_color":"","ocean_menu_social_hover_links_color":"","ocean_disable_title":"default","ocean_disable_heading":"default","ocean_post_title":"","ocean_post_subheading":"","ocean_post_title_style":"","ocean_post_title_background_color":"","ocean_post_title_background":0,"ocean_post_title_bg_image_position":"","ocean_post_title_bg_image_attachment":"","ocean_post_title_bg_image_repeat":"","ocean_post_title_bg_image_size":"","ocean_post_title_height":0,"ocean_post_title_bg_overlay":0.5,"ocean_post_title_bg_overlay_color":"","ocean_disable_breadcrumbs":"default","ocean_breadcrumbs_color":"","ocean_breadcrumbs_separator_color":"","ocean_breadcrumbs_links_color":"","ocean_breadcrumbs_links_hover_color":"","ocean_display_footer_widgets":"default","ocean_display_footer_bottom":"default","ocean_custom_footer_template":"","footnotes":"","_links_to":"","_links_to_target":""},"class_list":["post-812","page","type-page","status-publish","hentry","entry"],"_links":{"self":[{"href":"https:\/\/sites.usp.br\/mpmed\/en\/wp-json\/wp\/v2\/pages\/812","targetHints":{"allow":["GET"]}}],"collection":[{"href":"https:\/\/sites.usp.br\/mpmed\/en\/wp-json\/wp\/v2\/pages"}],"about":[{"href":"https:\/\/sites.usp.br\/mpmed\/en\/wp-json\/wp\/v2\/types\/page"}],"author":[{"embeddable":true,"href":"https:\/\/sites.usp.br\/mpmed\/en\/wp-json\/wp\/v2\/users\/894"}],"replies":[{"embeddable":true,"href":"https:\/\/sites.usp.br\/mpmed\/en\/wp-json\/wp\/v2\/comments?post=812"}],"version-history":[{"count":4,"href":"https:\/\/sites.usp.br\/mpmed\/en\/wp-json\/wp\/v2\/pages\/812\/revisions"}],"predecessor-version":[{"id":4793,"href":"https:\/\/sites.usp.br\/mpmed\/en\/wp-json\/wp\/v2\/pages\/812\/revisions\/4793"}],"wp:attachment":[{"href":"https:\/\/sites.usp.br\/mpmed\/en\/wp-json\/wp\/v2\/media?parent=812"}],"curies":[{"name":"wp","href":"https:\/\/api.w.org\/{rel}","templated":true}]}}