{"id":128,"date":"2020-01-30T16:57:36","date_gmt":"2020-01-30T18:57:36","guid":{"rendered":"https:\/\/sites.usp.br\/msol\/?page_id=128"},"modified":"2020-02-06T21:10:07","modified_gmt":"2020-02-06T23:10:07","slug":"localizacao","status":"publish","type":"page","link":"https:\/\/sites.usp.br\/msol\/localizacao\/","title":{"rendered":"Location"},"content":{"rendered":"<p>Laborat\u00f3rio de Otimiza\u00e7\u00e3o de Sistemas Multif\u00edsicos (sala MZ14)<br \/>\nEscola Polit\u00e9cnica da Universidade de S\u00e3o Paulo<br \/>\nAv. Prof. Mello Moraes, 2231 &#8211; Cidade Universit\u00e1ria<br \/>\nCEP 05508-030 &#8211; S\u00e3o Paulo &#8211; SP &#8211; Brasil<\/p>\n<p><!--<a href=\"https:\/\/www.google.com.br\/maps\/search\/Av.+Prof.+Mello+Moraes,+2231+-+Cidade+Universit%C3%A1ria\/@-23.5551588,-46.7318831,15z\"><img loading=\"lazy\" decoding=\"async\" class=\"wp-image-202 size-full aligncenter\" style=\"box-shadow: 0 4px 8px 0 rgba(0, 0, 0, 0.2), 0 6px 20px 0 rgba(0, 0, 0, 0.19);\" title=\"Abrir no Google Maps\" src=\"https:\/\/sites.usp.br\/msol\/wp-content\/uploads\/sites\/686\/2020\/01\/location-map.png\" alt=\"\" width=\"612\" height=\"385\" srcset=\"https:\/\/sites.usp.br\/msol\/wp-content\/uploads\/sites\/686\/2020\/01\/location-map.png 612w, https:\/\/sites.usp.br\/msol\/wp-content\/uploads\/sites\/686\/2020\/01\/location-map-300x189.png 300w, https:\/\/sites.usp.br\/msol\/wp-content\/uploads\/sites\/686\/2020\/01\/location-map-400x252.png 400w\" sizes=\"auto, (max-width: 612px) 100vw, 612px\" \/><\/a><span style=\"display: inline-block; width: 0px; overflow: hidden; line-height: 0;\" data-mce-type=\"bookmark\" class=\"mce_SELRES_start\"><\/span>more--><\/p>\n<div class=\"su-gmap su-u-responsive-media-yes\"><iframe loading=\"lazy\" width=\"600\" height=\"400\" src=\"\/\/maps.google.com\/maps?q=%20Av.%20Prof.%20Mello%20Moraes%2C%202231&amp;output=embed\" title=\"\"><\/iframe><\/div>\n","protected":false},"excerpt":{"rendered":"<p>Laborat\u00f3rio de Otimiza\u00e7\u00e3o de Sistemas Multif\u00edsicos (sala MZ14) Escola Polit\u00e9cnica da Universidade de S\u00e3o Paulo Av. Prof. Mello Moraes, 2231 &#8211; Cidade Universit\u00e1ria CEP 05508-030 &#8211; S\u00e3o Paulo &#8211; SP &#8211; Brasil<\/p>\n","protected":false},"author":1323,"featured_media":0,"parent":0,"menu_order":0,"comment_status":"closed","ping_status":"closed","template":"","meta":{"footnotes":"","_links_to":"","_links_to_target":""},"class_list":["post-128","page","type-page","status-publish","hentry"],"_links":{"self":[{"href":"https:\/\/sites.usp.br\/msol\/wp-json\/wp\/v2\/pages\/128","targetHints":{"allow":["GET"]}}],"collection":[{"href":"https:\/\/sites.usp.br\/msol\/wp-json\/wp\/v2\/pages"}],"about":[{"href":"https:\/\/sites.usp.br\/msol\/wp-json\/wp\/v2\/types\/page"}],"author":[{"embeddable":true,"href":"https:\/\/sites.usp.br\/msol\/wp-json\/wp\/v2\/users\/1323"}],"replies":[{"embeddable":true,"href":"https:\/\/sites.usp.br\/msol\/wp-json\/wp\/v2\/comments?post=128"}],"version-history":[{"count":5,"href":"https:\/\/sites.usp.br\/msol\/wp-json\/wp\/v2\/pages\/128\/revisions"}],"predecessor-version":[{"id":313,"href":"https:\/\/sites.usp.br\/msol\/wp-json\/wp\/v2\/pages\/128\/revisions\/313"}],"wp:attachment":[{"href":"https:\/\/sites.usp.br\/msol\/wp-json\/wp\/v2\/media?parent=128"}],"curies":[{"name":"wp","href":"https:\/\/api.w.org\/{rel}","templated":true}]}}