{"id":64,"date":"2014-02-12T11:28:54","date_gmt":"2014-02-12T13:28:54","guid":{"rendered":"http:\/\/sites.usp.br\/msol\/?page_id=64"},"modified":"2026-04-29T19:36:59","modified_gmt":"2026-04-29T21:36:59","slug":"members","status":"publish","type":"page","link":"https:\/\/sites.usp.br\/msol\/members\/","title":{"rendered":"Members"},"content":{"rendered":"<p><span style=\"font-size: 18pt;\"><strong>Professor<\/strong> <\/span><\/p>\n<table style=\"height: 63px; width: 100%; border-collapse: collapse; border-style: hidden;\">\n<tbody>\n<tr style=\"height: 63px; border-style: hidden;\">\n<td style=\"width: 21.3576%; border-style: none; height: 63px;\"><img loading=\"lazy\" decoding=\"async\" class=\"alignleft wp-image-361 size-thumbnail\" src=\"https:\/\/sites.usp.br\/msol\/wp-content\/uploads\/sites\/686\/2021\/01\/Emilio_Carlos_Nelli_Silva-150x150.jpg\" alt=\"\" width=\"150\" height=\"150\" srcset=\"https:\/\/sites.usp.br\/msol\/wp-content\/uploads\/sites\/686\/2021\/01\/Emilio_Carlos_Nelli_Silva-150x150.jpg 150w, https:\/\/sites.usp.br\/msol\/wp-content\/uploads\/sites\/686\/2021\/01\/Emilio_Carlos_Nelli_Silva-45x45.jpg 45w, https:\/\/sites.usp.br\/msol\/wp-content\/uploads\/sites\/686\/2021\/01\/Emilio_Carlos_Nelli_Silva-200x200.jpg 200w\" sizes=\"auto, (max-width: 150px) 100vw, 150px\" \/><\/td>\n<td style=\"width: 78.6424%; border-style: none; height: 63px;\"><span style=\"font-size: 12pt;\">Em\u00edlio Carlos Nelli Silva <a href=\"https:\/\/orcid.org\/0000-0003-1715-1713\"><img loading=\"lazy\" decoding=\"async\" class=\"alignnone wp-image-252\" title=\"ORCID\" src=\"https:\/\/sites.usp.br\/msol\/wp-content\/uploads\/sites\/686\/2020\/01\/icon-orcid.png\" alt=\"\" width=\"20\" height=\"20\" \/><\/a> <a href=\"https:\/\/www.webofscience.com\/wos\/author\/record\/D-8626-2012\"><img loading=\"lazy\" decoding=\"async\" class=\"alignnone wp-image-253\" title=\"Web of Science ResearcherID\" src=\"https:\/\/sites.usp.br\/msol\/wp-content\/uploads\/sites\/686\/2022\/12\/icon-researcherid-webofscience2022.png\" alt=\"\" width=\"20\" height=\"20\" \/><\/a> <a href=\"http:\/\/lattes.cnpq.br\/4065779842533056\"><img loading=\"lazy\" decoding=\"async\" class=\"alignnone wp-image-251\" title=\"Curr\u00edculo Lattes\" src=\"https:\/\/sites.usp.br\/msol\/wp-content\/uploads\/sites\/686\/2020\/01\/icon-lattes.png\" alt=\"\" width=\"20\" height=\"20\" srcset=\"https:\/\/sites.usp.br\/msol\/wp-content\/uploads\/sites\/686\/2020\/01\/icon-lattes.png 48w, https:\/\/sites.usp.br\/msol\/wp-content\/uploads\/sites\/686\/2020\/01\/icon-lattes-45x45.png 45w\" sizes=\"auto, (max-width: 20px) 100vw, 20px\" \/><\/a><\/span><\/td>\n<\/tr>\n<\/tbody>\n<\/table>\n<p><span style=\"font-size: 18pt;\"><strong>Researcher in additive manufacturing<\/strong> <\/span><\/p>\n<p>Gustavo Oliveira<\/p>\n<p><span style=\"font-size: 18pt;\"><strong>Researchers in topology optimization<\/strong> <\/span><\/p>\n<p>Prof. Lu\u00eds Fernando Nogueira de S\u00e1<br \/>\nDiego Hayashi Alonso, DSc.<br \/>\nDiego Silva Prado, DSc.<br \/>\nJuliano Fagundes Gon\u00e7alves, DSc.<br \/>\nLucas Neves Braga Soares Ribeiro, MSc.<\/p>\n<p><span style=\"font-size: 18pt;\"><strong>Postdocs<\/strong> <\/span><\/p>\n<p>Andr\u00e9 Lu\u00eds Ferreira da Silva<br \/>\nHassan Imran<br \/>\nIcaro Amorim de Carvalho<br \/>\nLuis Fernando Garcia Rodriguez<\/p>\n<p><span style=\"font-size: 18pt;\"><strong>DSc. students<\/strong> <\/span><\/p>\n<p>Alberto Lemos Dur\u00e1n<br \/>\nCarlos Eduardo Lino<br \/>\nFelipe Silva Maffei<br \/>\nThomaz Garcia Faccioli<br \/>\nUsama Bin Qasim<br \/>\nVictor Hugo Santiago Peron<\/p>\n<p><span style=\"font-size: 18pt;\"><strong>MSc. students<\/strong> <\/span><\/p>\n<p>Camilo Andres Plata Uribe<\/p>\n<p><span style=\"font-size: 18pt;\"><strong>Undergraduate research students<\/strong> (Scientific Initiation) <\/span><\/p>\n<p>Bruno Henrique Fiorindo Paschoal<br \/>\nLuis Otavio Trotti Martins Guedes de Souza<\/p>\n<p><span style=\"font-size: 18pt;\"><strong>Alumni<\/strong> <\/span><\/p>\n<p>Adriano Akio Koga<br \/>\nAlessandro Barbosa Shirahige<br \/>\nAnderson Luis Pereira<br \/>\nAndre Conrado Luis Mecchi<br \/>\nAndr\u00e9 da Costa Teves<br \/>\nAndres Choi<br \/>\nBernardo Reis Dreyer de Souza<br \/>\nBruno Caldas de Souza<br \/>\nCarlos Massaiti Okubo J\u00fanior<br \/>\nC\u00e9sar Yukishigue Kiyono<br \/>\nC\u00edcero Ribeiro de Lima<br \/>\nDaniel Gaspari Cirne de Toledo<br \/>\nDouglas de Aquino Castro<br \/>\nEduardo Tadashi Katsuno<br \/>\nEduardo Moscatelli de Souza<br \/>\nF\u00e1bio Brescia Miracca<br \/>\nFelipe Langellotti Silva<br \/>\nFernando Viegas Stump<br \/>\nFl\u00e1vio de Moraes<br \/>\nFl\u00e1vio Marinho Vasconcelos<br \/>\nFrancisco H\u00e9lio Alencar Oliveira<br \/>\nGabriel Akira Sato<br \/>\nGilder Nader<br \/>\nGilles Pierre Lo\u00efc Thomas<br \/>\nGuilherme Aires Loberto<br \/>\nGuilherme Vin\u00edcius Fran\u00e7a dos Santos<br \/>\nGustavo R Alves<br \/>\nGustavo Rocha da Silva Santos<br \/>\nHaroldo Dalazoana Afonso<br \/>\nH\u00e9lio Emmendoerfer Junior<br \/>\nHumberto Ferreira Vinhais<br \/>\nJacqueline de Miranda Kian<br \/>\nJandro L. Abot<br \/>\nJo\u00e3o Baptista Dias Moreira<br \/>\nJuan Sergio Romero Saenz<br \/>\nLuis Augusto Motta Mello<br \/>\nLuiz Henrique Maiorino Barbarini<br \/>\nLuiz Henrique Souza Caldas<br \/>\nMarcelo Colpas da Silva<br \/>\nMariana Moretti<br \/>\nMauro Gomes Ornellas<br \/>\nMohammad Mehdi Ghorbani<br \/>\nNelson Kenzo Tamashiro<br \/>\nPaulo Henrique de Godoy<br \/>\nPaulo Henrique Nakasone<br \/>\nPaulo Vin\u00edcius Miyuki Yamabe<br \/>\nRafael Acedo Lopes<br \/>\nRafael Mattar Machiaverni<br \/>\nRicardo Cesare Rom\u00e1n Amigo<br \/>\nRicardo Doll Lahuerta<br \/>\nRonny Calixto Carbonari<br \/>\nRuben Andr\u00e9s Salas Varela<br \/>\nSandro Luis Vatanabe<br \/>\nS\u00e9rgio E M Rezende<br \/>\nShahin Ranjbarzadeh<br \/>\nTiago Naviskas Lippi<br \/>\nTommy Kenzo Miura<br \/>\nVinicius Cleves de Oliveira Carmo<br \/>\nVin\u00edcius Michelan Demarque<br \/>\nWagner Shin Nishitani<br \/>\nWilfredo Montealegre Rubio<\/p>\n","protected":false},"excerpt":{"rendered":"<p>Professor Em\u00edlio Carlos Nelli Silva Researcher in additive manufacturing Gustavo Oliveira Researchers in topology optimization Prof. Lu\u00eds Fernando Nogueira de S\u00e1 Diego Hayashi Alonso, DSc. Diego Silva Prado, DSc. Juliano Fagundes Gon\u00e7alves, DSc. Lucas Neves Braga Soares Ribeiro, MSc. Postdocs Andr\u00e9 Lu\u00eds Ferreira da Silva Hassan Imran Icaro Amorim de Carvalho Luis Fernando Garcia Rodriguez [&hellip;]<\/p>\n","protected":false},"author":1,"featured_media":0,"parent":0,"menu_order":0,"comment_status":"closed","ping_status":"closed","template":"","meta":{"footnotes":"","_links_to":"","_links_to_target":""},"class_list":["post-64","page","type-page","status-publish","hentry"],"_links":{"self":[{"href":"https:\/\/sites.usp.br\/msol\/wp-json\/wp\/v2\/pages\/64","targetHints":{"allow":["GET"]}}],"collection":[{"href":"https:\/\/sites.usp.br\/msol\/wp-json\/wp\/v2\/pages"}],"about":[{"href":"https:\/\/sites.usp.br\/msol\/wp-json\/wp\/v2\/types\/page"}],"author":[{"embeddable":true,"href":"https:\/\/sites.usp.br\/msol\/wp-json\/wp\/v2\/users\/1"}],"replies":[{"embeddable":true,"href":"https:\/\/sites.usp.br\/msol\/wp-json\/wp\/v2\/comments?post=64"}],"version-history":[{"count":4,"href":"https:\/\/sites.usp.br\/msol\/wp-json\/wp\/v2\/pages\/64\/revisions"}],"predecessor-version":[{"id":460,"href":"https:\/\/sites.usp.br\/msol\/wp-json\/wp\/v2\/pages\/64\/revisions\/460"}],"wp:attachment":[{"href":"https:\/\/sites.usp.br\/msol\/wp-json\/wp\/v2\/media?parent=64"}],"curies":[{"name":"wp","href":"https:\/\/api.w.org\/{rel}","templated":true}]}}